{"id":107,"date":"2021-01-13T13:09:40","date_gmt":"2021-01-13T12:09:40","guid":{"rendered":"http:\/\/www.malerreka.es\/?page_id=107"},"modified":"2021-01-15T09:18:53","modified_gmt":"2021-01-15T08:18:53","slug":"reconocer-un-buen-compost","status":"publish","type":"page","link":"http:\/\/www.malerrekakomankomunitatea.eus\/es\/servicios\/residuos-urbanos\/compostaje\/reconocer-un-buen-compost\/","title":{"rendered":"Reconocer un buen compost"},"content":{"rendered":"<p><strong>Olor:<\/strong>\u00a0Si huele a tierra de bosque, est\u00e1 bien compostado y se puede utilizar sin problemas. Si huele a podrido o a amoniaco, hay que \u201crecompostar\u201d, aportando materiales secos y ricos en nitr\u00f3geno y aireando la pila. Si no huele o huele a tierra seca, est\u00e1 demasiado descompuesto.<\/p>\n<p><strong>Humedad y textura:<\/strong>\u00a0Un buen compost tiene una textura suelta y granulosa. Si al coger un pu\u00f1ado y apretarlo con la mano, el compost no gotea ni se desmenuza, es bueno. Si el compost se desmenuza, est\u00e1 demasiado seco. Si al apretar gotea agua, est\u00e1 demasiado h\u00famedo.<\/p>\n<p><strong>Color y aspecto:<\/strong>\u00a0Un compost bien hecho es de color oscuro y no se reconocen los componentes originales. Si reconocemos los componentes, el compost est\u00e1 demasiado fresco. Una coloraci\u00f3n blanquecina o gris\u00e1cea, indica sequedad u hongos.<\/p>\n","protected":false},"excerpt":{"rendered":"<p>Olor:\u00a0Si huele a tierra de bosque, est\u00e1 bien compostado y se puede utilizar sin problemas. Si huele a podrido o a amoniaco, hay que \u201crecompostar\u201d, aportando materiales secos y ricos en nitr\u00f3geno y aireando la pila. Si no huele o huele a tierra seca, est\u00e1 demasiado descompuesto. Humedad y textura:\u00a0Un buen compost tiene una textura [&hellip;]<\/p>\n","protected":false},"author":2,"featured_media":0,"parent":93,"menu_order":60,"comment_status":"closed","ping_status":"closed","template":"","meta":{"footnotes":""},"class_list":["post-107","page","type-page","status-publish","hentry"],"yoast_head":"<!-- This site is optimized with the Yoast SEO plugin v22.3 - https:\/\/yoast.com\/wordpress\/plugins\/seo\/ -->\r\n<title>Reconocer un buen compost - Mancomunidad de Malerreka<\/title>\r\n<meta name=\"robots\" content=\"index, follow, max-snippet:-1, max-image-preview:large, max-video-preview:-1\" \/>\r\n<link rel=\"canonical\" href=\"http:\/\/www.malerrekakomankomunitatea.eus\/es\/servicios\/residuos-urbanos\/compostaje\/reconocer-un-buen-compost\/\" \/>\r\n<meta property=\"og:locale\" content=\"es_ES\" \/>\r\n<meta property=\"og:type\" content=\"article\" \/>\r\n<meta property=\"og:title\" content=\"Reconocer un buen compost - Mancomunidad de Malerreka\" \/>\r\n<meta property=\"og:description\" content=\"Olor:\u00a0Si huele a tierra de bosque, est\u00e1 bien compostado y se puede utilizar sin problemas. Si huele a podrido o a amoniaco, hay que \u201crecompostar\u201d, aportando materiales secos y ricos en nitr\u00f3geno y aireando la pila. Si no huele o huele a tierra seca, est\u00e1 demasiado descompuesto. Humedad y textura:\u00a0Un buen compost tiene una textura [&hellip;]\" \/>\r\n<meta property=\"og:url\" content=\"http:\/\/www.malerrekakomankomunitatea.eus\/es\/servicios\/residuos-urbanos\/compostaje\/reconocer-un-buen-compost\/\" \/>\r\n<meta property=\"og:site_name\" content=\"Mancomunidad de Malerreka\" \/>\r\n<meta property=\"article:modified_time\" content=\"2021-01-15T08:18:53+00:00\" \/>\r\n<meta name=\"twitter:card\" content=\"summary_large_image\" \/>\r\n<meta name=\"twitter:label1\" content=\"Tiempo de lectura\" \/>\n\t<meta name=\"twitter:data1\" content=\"1 minuto\" \/>\r\n<script type=\"application\/ld+json\" class=\"yoast-schema-graph\">{\"@context\":\"https:\/\/schema.org\",\"@graph\":[{\"@type\":\"WebPage\",\"@id\":\"http:\/\/www.malerrekakomankomunitatea.eus\/es\/servicios\/residuos-urbanos\/compostaje\/reconocer-un-buen-compost\/\",\"url\":\"http:\/\/www.malerrekakomankomunitatea.eus\/es\/servicios\/residuos-urbanos\/compostaje\/reconocer-un-buen-compost\/\",\"name\":\"Reconocer un buen compost - Mancomunidad de Malerreka\",\"isPartOf\":{\"@id\":\"http:\/\/www.malerrekakomankomunitatea.eus\/es\/#website\"},\"datePublished\":\"2021-01-13T12:09:40+00:00\",\"dateModified\":\"2021-01-15T08:18:53+00:00\",\"breadcrumb\":{\"@id\":\"http:\/\/www.malerrekakomankomunitatea.eus\/es\/servicios\/residuos-urbanos\/compostaje\/reconocer-un-buen-compost\/#breadcrumb\"},\"inLanguage\":\"es\",\"potentialAction\":[{\"@type\":\"ReadAction\",\"target\":[\"http:\/\/www.malerrekakomankomunitatea.eus\/es\/servicios\/residuos-urbanos\/compostaje\/reconocer-un-buen-compost\/\"]}]},{\"@type\":\"BreadcrumbList\",\"@id\":\"http:\/\/www.malerrekakomankomunitatea.eus\/es\/servicios\/residuos-urbanos\/compostaje\/reconocer-un-buen-compost\/#breadcrumb\",\"itemListElement\":[{\"@type\":\"ListItem\",\"position\":1,\"name\":\"Home\",\"item\":\"http:\/\/www.malerrekakomankomunitatea.eus\/es\/\"},{\"@type\":\"ListItem\",\"position\":2,\"name\":\"Servicios\",\"item\":\"http:\/\/www.malerrekakomankomunitatea.eus\/es\/servicios\/\"},{\"@type\":\"ListItem\",\"position\":3,\"name\":\"Residuos urbanos\",\"item\":\"http:\/\/www.malerrekakomankomunitatea.eus\/es\/servicios\/residuos-urbanos\/\"},{\"@type\":\"ListItem\",\"position\":4,\"name\":\"Compostaje\",\"item\":\"http:\/\/www.malerrekakomankomunitatea.eus\/es\/servicios\/residuos-urbanos\/compostaje\/\"},{\"@type\":\"ListItem\",\"position\":5,\"name\":\"Reconocer un buen compost\"}]},{\"@type\":\"WebSite\",\"@id\":\"http:\/\/www.malerrekakomankomunitatea.eus\/es\/#website\",\"url\":\"http:\/\/www.malerrekakomankomunitatea.eus\/es\/\",\"name\":\"Mancomunidad de Malerreka\",\"description\":\"P\u00e1gina principal de la Mancomunidad de Servicios Generales de Malerreka\",\"potentialAction\":[{\"@type\":\"SearchAction\",\"target\":{\"@type\":\"EntryPoint\",\"urlTemplate\":\"http:\/\/www.malerrekakomankomunitatea.eus\/es\/?s={search_term_string}\"},\"query-input\":\"required name=search_term_string\"}],\"inLanguage\":\"es\"}]}<\/script>\r\n<!-- \/ Yoast SEO plugin. -->","yoast_head_json":{"title":"Reconocer un buen compost - Mancomunidad de Malerreka","robots":{"index":"index","follow":"follow","max-snippet":"max-snippet:-1","max-image-preview":"max-image-preview:large","max-video-preview":"max-video-preview:-1"},"canonical":"http:\/\/www.malerrekakomankomunitatea.eus\/es\/servicios\/residuos-urbanos\/compostaje\/reconocer-un-buen-compost\/","og_locale":"es_ES","og_type":"article","og_title":"Reconocer un buen compost - Mancomunidad de Malerreka","og_description":"Olor:\u00a0Si huele a tierra de bosque, est\u00e1 bien compostado y se puede utilizar sin problemas. Si huele a podrido o a amoniaco, hay que \u201crecompostar\u201d, aportando materiales secos y ricos en nitr\u00f3geno y aireando la pila. Si no huele o huele a tierra seca, est\u00e1 demasiado descompuesto. Humedad y textura:\u00a0Un buen compost tiene una textura [&hellip;]","og_url":"http:\/\/www.malerrekakomankomunitatea.eus\/es\/servicios\/residuos-urbanos\/compostaje\/reconocer-un-buen-compost\/","og_site_name":"Mancomunidad de Malerreka","article_modified_time":"2021-01-15T08:18:53+00:00","twitter_card":"summary_large_image","twitter_misc":{"Tiempo de lectura":"1 minuto"},"schema":{"@context":"https:\/\/schema.org","@graph":[{"@type":"WebPage","@id":"http:\/\/www.malerrekakomankomunitatea.eus\/es\/servicios\/residuos-urbanos\/compostaje\/reconocer-un-buen-compost\/","url":"http:\/\/www.malerrekakomankomunitatea.eus\/es\/servicios\/residuos-urbanos\/compostaje\/reconocer-un-buen-compost\/","name":"Reconocer un buen compost - Mancomunidad de Malerreka","isPartOf":{"@id":"http:\/\/www.malerrekakomankomunitatea.eus\/es\/#website"},"datePublished":"2021-01-13T12:09:40+00:00","dateModified":"2021-01-15T08:18:53+00:00","breadcrumb":{"@id":"http:\/\/www.malerrekakomankomunitatea.eus\/es\/servicios\/residuos-urbanos\/compostaje\/reconocer-un-buen-compost\/#breadcrumb"},"inLanguage":"es","potentialAction":[{"@type":"ReadAction","target":["http:\/\/www.malerrekakomankomunitatea.eus\/es\/servicios\/residuos-urbanos\/compostaje\/reconocer-un-buen-compost\/"]}]},{"@type":"BreadcrumbList","@id":"http:\/\/www.malerrekakomankomunitatea.eus\/es\/servicios\/residuos-urbanos\/compostaje\/reconocer-un-buen-compost\/#breadcrumb","itemListElement":[{"@type":"ListItem","position":1,"name":"Home","item":"http:\/\/www.malerrekakomankomunitatea.eus\/es\/"},{"@type":"ListItem","position":2,"name":"Servicios","item":"http:\/\/www.malerrekakomankomunitatea.eus\/es\/servicios\/"},{"@type":"ListItem","position":3,"name":"Residuos urbanos","item":"http:\/\/www.malerrekakomankomunitatea.eus\/es\/servicios\/residuos-urbanos\/"},{"@type":"ListItem","position":4,"name":"Compostaje","item":"http:\/\/www.malerrekakomankomunitatea.eus\/es\/servicios\/residuos-urbanos\/compostaje\/"},{"@type":"ListItem","position":5,"name":"Reconocer un buen compost"}]},{"@type":"WebSite","@id":"http:\/\/www.malerrekakomankomunitatea.eus\/es\/#website","url":"http:\/\/www.malerrekakomankomunitatea.eus\/es\/","name":"Mancomunidad de Malerreka","description":"P\u00e1gina principal de la Mancomunidad de Servicios Generales de Malerreka","potentialAction":[{"@type":"SearchAction","target":{"@type":"EntryPoint","urlTemplate":"http:\/\/www.malerrekakomankomunitatea.eus\/es\/?s={search_term_string}"},"query-input":"required name=search_term_string"}],"inLanguage":"es"}]}},"_links":{"self":[{"href":"http:\/\/www.malerrekakomankomunitatea.eus\/es\/wp-json\/wp\/v2\/pages\/107","targetHints":{"allow":["GET"]}}],"collection":[{"href":"http:\/\/www.malerrekakomankomunitatea.eus\/es\/wp-json\/wp\/v2\/pages"}],"about":[{"href":"http:\/\/www.malerrekakomankomunitatea.eus\/es\/wp-json\/wp\/v2\/types\/page"}],"author":[{"embeddable":true,"href":"http:\/\/www.malerrekakomankomunitatea.eus\/es\/wp-json\/wp\/v2\/users\/2"}],"replies":[{"embeddable":true,"href":"http:\/\/www.malerrekakomankomunitatea.eus\/es\/wp-json\/wp\/v2\/comments?post=107"}],"version-history":[{"count":2,"href":"http:\/\/www.malerrekakomankomunitatea.eus\/es\/wp-json\/wp\/v2\/pages\/107\/revisions"}],"predecessor-version":[{"id":680,"href":"http:\/\/www.malerrekakomankomunitatea.eus\/es\/wp-json\/wp\/v2\/pages\/107\/revisions\/680"}],"up":[{"embeddable":true,"href":"http:\/\/www.malerrekakomankomunitatea.eus\/es\/wp-json\/wp\/v2\/pages\/93"}],"wp:attachment":[{"href":"http:\/\/www.malerrekakomankomunitatea.eus\/es\/wp-json\/wp\/v2\/media?parent=107"}],"curies":[{"name":"wp","href":"https:\/\/api.w.org\/{rel}","templated":true}]}}