{"id":109,"date":"2021-01-13T13:09:55","date_gmt":"2021-01-13T12:09:55","guid":{"rendered":"http:\/\/www.malerreka.es\/?page_id=109"},"modified":"2021-01-15T09:25:48","modified_gmt":"2021-01-15T08:25:48","slug":"incidencias-y-soluciones","status":"publish","type":"page","link":"http:\/\/www.malerrekakomankomunitatea.eus\/es\/servicios\/residuos-urbanos\/compostaje\/incidencias-y-soluciones\/","title":{"rendered":"Incidencias y soluciones"},"content":{"rendered":"<table border=\"1\" width=\"100%\" cellspacing=\"0\" cellpadding=\"0\">\n<thead>\n<tr>\n<td>Incidencia<\/td>\n<td>Raz\u00f3n<\/td>\n<td>Soluci\u00f3n<\/td>\n<\/tr>\n<\/thead>\n<tbody>\n<tr>\n<td>\n<p class=\"rteleft\"><strong>Mal olor<\/strong><\/p>\n<\/td>\n<td>\n<ul>\n<li class=\"rteleft\">Exceso de agua<\/li>\n<li class=\"rteleft\">Mala ventilaci\u00f3n<\/li>\n<li class=\"rteleft\">Exceso de materiales ricos en nitr\u00f3geno.<\/li>\n<\/ul>\n<\/td>\n<td>\n<p class=\"rteleft\">A\u00f1ada materiales secos y mezcle bien la pila.<\/p>\n<\/td>\n<\/tr>\n<tr>\n<td>\n<p class=\"rteleft\"><strong>Presencia de mosquitos<\/strong><br \/>\n<strong>(moscas del vinagre)<\/strong><\/p>\n<\/td>\n<td>\n<ul>\n<li class=\"rteleft\">Es normal pero se puede evitar su presencia<\/li>\n<li class=\"rteleft\">Hay demasiados materiales ricos en nitr\u00f3geno restos de comida).<\/li>\n<\/ul>\n<\/td>\n<td>\n<p class=\"rteleft\">No utilice pesticidas. Tape los restos de comida con materiales secos o mezcle bien los materiales\u00a0 dentro de la pila.<\/p>\n<\/td>\n<\/tr>\n<tr>\n<td>\n<p class=\"rteleft\"><strong>La mezcla est\u00e1 demasiado<\/strong><br \/>\n<strong>h\u00fameda<\/strong><\/p>\n<\/td>\n<td>\n<ul>\n<li class=\"rteleft\">Hay demasiados materiales frescos.<\/li>\n<li class=\"rteleft\">No se ha tapado el compost durante el tiempo de lluvia.<\/li>\n<\/ul>\n<\/td>\n<td>\n<p class=\"rteleft\">A\u00f1ada materiales secos y mezcle bien la pila hasta que la humedad y los materiales sean uniformes.<\/p>\n<\/td>\n<\/tr>\n<tr>\n<td>\n<p class=\"rteleft\"><strong>El compost tiene un color<\/strong><br \/>\n<strong>blanquecino<\/strong><\/p>\n<\/td>\n<td>\n<ul>\n<li class=\"rteleft\">Los materiales est\u00e1n demasiado secos.<\/li>\n<li class=\"rteleft\">Hay presencia de hongos<\/li>\n<\/ul>\n<\/td>\n<td>\n<p class=\"rteleft\">Si la materia est\u00e1 muy seca, a\u00f1ada materiales frescos y mezcle bien. Riegue el compostador hasta que rezume agua por la base. Ponga el compostador a la sombra. Si hay hongos, airee la pila. Realice esta acci\u00f3n varios d\u00edas seguidos.<\/p>\n<\/td>\n<\/tr>\n<tr>\n<td>\n<p class=\"rteleft\"><strong>No est\u00e1 alcanzando<\/strong><br \/>\n<strong>temperaturas altas<\/strong><\/p>\n<\/td>\n<td>\n<ul>\n<li class=\"rteleft\">La pila es demasiado peque\u00f1a.<\/li>\n<li class=\"rteleft\">Faltan materiales ricos en nitr\u00f3geno.<\/li>\n<li class=\"rteleft\">Los materiales est\u00e1n demasiado secos.<\/li>\n<\/ul>\n<\/td>\n<td>\n<p class=\"rteleft\">A\u00f1ada materiales ricos en nitr\u00f3geno y asegurese que haya humedad suficiente. Si est\u00e1 seca ri\u00e9guela. El compostador debe estar al menos a la mitad de su capacidad, para alcanzar tempreaturas altas.<\/p>\n<\/td>\n<\/tr>\n<\/tbody>\n<\/table>\n<p><\/p>\n","protected":false},"excerpt":{"rendered":"<p>Incidencia Raz\u00f3n Soluci\u00f3n Mal olor Exceso de agua Mala ventilaci\u00f3n Exceso de materiales ricos en nitr\u00f3geno. A\u00f1ada materiales secos y mezcle bien la pila. Presencia de mosquitos (moscas del vinagre) Es normal pero se puede evitar su presencia Hay demasiados materiales ricos en nitr\u00f3geno restos de comida). No utilice pesticidas. Tape los restos de comida [&hellip;]<\/p>\n","protected":false},"author":2,"featured_media":0,"parent":93,"menu_order":70,"comment_status":"closed","ping_status":"closed","template":"","meta":{"footnotes":""},"class_list":["post-109","page","type-page","status-publish","hentry"],"yoast_head":"<!-- This site is optimized with the Yoast SEO plugin v22.3 - https:\/\/yoast.com\/wordpress\/plugins\/seo\/ -->\r\n<title>Incidencias y soluciones - Mancomunidad de Malerreka<\/title>\r\n<meta name=\"robots\" content=\"index, follow, max-snippet:-1, max-image-preview:large, max-video-preview:-1\" \/>\r\n<link rel=\"canonical\" href=\"http:\/\/www.malerrekakomankomunitatea.eus\/es\/servicios\/residuos-urbanos\/compostaje\/incidencias-y-soluciones\/\" \/>\r\n<meta property=\"og:locale\" content=\"es_ES\" \/>\r\n<meta property=\"og:type\" content=\"article\" \/>\r\n<meta property=\"og:title\" content=\"Incidencias y soluciones - Mancomunidad de Malerreka\" \/>\r\n<meta property=\"og:description\" content=\"Incidencia Raz\u00f3n Soluci\u00f3n Mal olor Exceso de agua Mala ventilaci\u00f3n Exceso de materiales ricos en nitr\u00f3geno. A\u00f1ada materiales secos y mezcle bien la pila. Presencia de mosquitos (moscas del vinagre) Es normal pero se puede evitar su presencia Hay demasiados materiales ricos en nitr\u00f3geno restos de comida). No utilice pesticidas. Tape los restos de comida [&hellip;]\" \/>\r\n<meta property=\"og:url\" content=\"http:\/\/www.malerrekakomankomunitatea.eus\/es\/servicios\/residuos-urbanos\/compostaje\/incidencias-y-soluciones\/\" \/>\r\n<meta property=\"og:site_name\" content=\"Mancomunidad de Malerreka\" \/>\r\n<meta property=\"article:modified_time\" content=\"2021-01-15T08:25:48+00:00\" \/>\r\n<meta name=\"twitter:card\" content=\"summary_large_image\" \/>\r\n<meta name=\"twitter:label1\" content=\"Tiempo de lectura\" \/>\n\t<meta name=\"twitter:data1\" content=\"1 minuto\" \/>\r\n<script type=\"application\/ld+json\" class=\"yoast-schema-graph\">{\"@context\":\"https:\/\/schema.org\",\"@graph\":[{\"@type\":\"WebPage\",\"@id\":\"http:\/\/www.malerrekakomankomunitatea.eus\/es\/servicios\/residuos-urbanos\/compostaje\/incidencias-y-soluciones\/\",\"url\":\"http:\/\/www.malerrekakomankomunitatea.eus\/es\/servicios\/residuos-urbanos\/compostaje\/incidencias-y-soluciones\/\",\"name\":\"Incidencias y soluciones - Mancomunidad de Malerreka\",\"isPartOf\":{\"@id\":\"http:\/\/www.malerrekakomankomunitatea.eus\/es\/#website\"},\"datePublished\":\"2021-01-13T12:09:55+00:00\",\"dateModified\":\"2021-01-15T08:25:48+00:00\",\"breadcrumb\":{\"@id\":\"http:\/\/www.malerrekakomankomunitatea.eus\/es\/servicios\/residuos-urbanos\/compostaje\/incidencias-y-soluciones\/#breadcrumb\"},\"inLanguage\":\"es\",\"potentialAction\":[{\"@type\":\"ReadAction\",\"target\":[\"http:\/\/www.malerrekakomankomunitatea.eus\/es\/servicios\/residuos-urbanos\/compostaje\/incidencias-y-soluciones\/\"]}]},{\"@type\":\"BreadcrumbList\",\"@id\":\"http:\/\/www.malerrekakomankomunitatea.eus\/es\/servicios\/residuos-urbanos\/compostaje\/incidencias-y-soluciones\/#breadcrumb\",\"itemListElement\":[{\"@type\":\"ListItem\",\"position\":1,\"name\":\"Home\",\"item\":\"http:\/\/www.malerrekakomankomunitatea.eus\/es\/\"},{\"@type\":\"ListItem\",\"position\":2,\"name\":\"Servicios\",\"item\":\"http:\/\/www.malerrekakomankomunitatea.eus\/es\/servicios\/\"},{\"@type\":\"ListItem\",\"position\":3,\"name\":\"Residuos urbanos\",\"item\":\"http:\/\/www.malerrekakomankomunitatea.eus\/es\/servicios\/residuos-urbanos\/\"},{\"@type\":\"ListItem\",\"position\":4,\"name\":\"Compostaje\",\"item\":\"http:\/\/www.malerrekakomankomunitatea.eus\/es\/servicios\/residuos-urbanos\/compostaje\/\"},{\"@type\":\"ListItem\",\"position\":5,\"name\":\"Incidencias y soluciones\"}]},{\"@type\":\"WebSite\",\"@id\":\"http:\/\/www.malerrekakomankomunitatea.eus\/es\/#website\",\"url\":\"http:\/\/www.malerrekakomankomunitatea.eus\/es\/\",\"name\":\"Mancomunidad de Malerreka\",\"description\":\"P\u00e1gina principal de la Mancomunidad de Servicios Generales de Malerreka\",\"potentialAction\":[{\"@type\":\"SearchAction\",\"target\":{\"@type\":\"EntryPoint\",\"urlTemplate\":\"http:\/\/www.malerrekakomankomunitatea.eus\/es\/?s={search_term_string}\"},\"query-input\":\"required name=search_term_string\"}],\"inLanguage\":\"es\"}]}<\/script>\r\n<!-- \/ Yoast SEO plugin. -->","yoast_head_json":{"title":"Incidencias y soluciones - Mancomunidad de Malerreka","robots":{"index":"index","follow":"follow","max-snippet":"max-snippet:-1","max-image-preview":"max-image-preview:large","max-video-preview":"max-video-preview:-1"},"canonical":"http:\/\/www.malerrekakomankomunitatea.eus\/es\/servicios\/residuos-urbanos\/compostaje\/incidencias-y-soluciones\/","og_locale":"es_ES","og_type":"article","og_title":"Incidencias y soluciones - Mancomunidad de Malerreka","og_description":"Incidencia Raz\u00f3n Soluci\u00f3n Mal olor Exceso de agua Mala ventilaci\u00f3n Exceso de materiales ricos en nitr\u00f3geno. A\u00f1ada materiales secos y mezcle bien la pila. Presencia de mosquitos (moscas del vinagre) Es normal pero se puede evitar su presencia Hay demasiados materiales ricos en nitr\u00f3geno restos de comida). No utilice pesticidas. Tape los restos de comida [&hellip;]","og_url":"http:\/\/www.malerrekakomankomunitatea.eus\/es\/servicios\/residuos-urbanos\/compostaje\/incidencias-y-soluciones\/","og_site_name":"Mancomunidad de Malerreka","article_modified_time":"2021-01-15T08:25:48+00:00","twitter_card":"summary_large_image","twitter_misc":{"Tiempo de lectura":"1 minuto"},"schema":{"@context":"https:\/\/schema.org","@graph":[{"@type":"WebPage","@id":"http:\/\/www.malerrekakomankomunitatea.eus\/es\/servicios\/residuos-urbanos\/compostaje\/incidencias-y-soluciones\/","url":"http:\/\/www.malerrekakomankomunitatea.eus\/es\/servicios\/residuos-urbanos\/compostaje\/incidencias-y-soluciones\/","name":"Incidencias y soluciones - Mancomunidad de Malerreka","isPartOf":{"@id":"http:\/\/www.malerrekakomankomunitatea.eus\/es\/#website"},"datePublished":"2021-01-13T12:09:55+00:00","dateModified":"2021-01-15T08:25:48+00:00","breadcrumb":{"@id":"http:\/\/www.malerrekakomankomunitatea.eus\/es\/servicios\/residuos-urbanos\/compostaje\/incidencias-y-soluciones\/#breadcrumb"},"inLanguage":"es","potentialAction":[{"@type":"ReadAction","target":["http:\/\/www.malerrekakomankomunitatea.eus\/es\/servicios\/residuos-urbanos\/compostaje\/incidencias-y-soluciones\/"]}]},{"@type":"BreadcrumbList","@id":"http:\/\/www.malerrekakomankomunitatea.eus\/es\/servicios\/residuos-urbanos\/compostaje\/incidencias-y-soluciones\/#breadcrumb","itemListElement":[{"@type":"ListItem","position":1,"name":"Home","item":"http:\/\/www.malerrekakomankomunitatea.eus\/es\/"},{"@type":"ListItem","position":2,"name":"Servicios","item":"http:\/\/www.malerrekakomankomunitatea.eus\/es\/servicios\/"},{"@type":"ListItem","position":3,"name":"Residuos urbanos","item":"http:\/\/www.malerrekakomankomunitatea.eus\/es\/servicios\/residuos-urbanos\/"},{"@type":"ListItem","position":4,"name":"Compostaje","item":"http:\/\/www.malerrekakomankomunitatea.eus\/es\/servicios\/residuos-urbanos\/compostaje\/"},{"@type":"ListItem","position":5,"name":"Incidencias y soluciones"}]},{"@type":"WebSite","@id":"http:\/\/www.malerrekakomankomunitatea.eus\/es\/#website","url":"http:\/\/www.malerrekakomankomunitatea.eus\/es\/","name":"Mancomunidad de Malerreka","description":"P\u00e1gina principal de la Mancomunidad de Servicios Generales de Malerreka","potentialAction":[{"@type":"SearchAction","target":{"@type":"EntryPoint","urlTemplate":"http:\/\/www.malerrekakomankomunitatea.eus\/es\/?s={search_term_string}"},"query-input":"required name=search_term_string"}],"inLanguage":"es"}]}},"_links":{"self":[{"href":"http:\/\/www.malerrekakomankomunitatea.eus\/es\/wp-json\/wp\/v2\/pages\/109","targetHints":{"allow":["GET"]}}],"collection":[{"href":"http:\/\/www.malerrekakomankomunitatea.eus\/es\/wp-json\/wp\/v2\/pages"}],"about":[{"href":"http:\/\/www.malerrekakomankomunitatea.eus\/es\/wp-json\/wp\/v2\/types\/page"}],"author":[{"embeddable":true,"href":"http:\/\/www.malerrekakomankomunitatea.eus\/es\/wp-json\/wp\/v2\/users\/2"}],"replies":[{"embeddable":true,"href":"http:\/\/www.malerrekakomankomunitatea.eus\/es\/wp-json\/wp\/v2\/comments?post=109"}],"version-history":[{"count":7,"href":"http:\/\/www.malerrekakomankomunitatea.eus\/es\/wp-json\/wp\/v2\/pages\/109\/revisions"}],"predecessor-version":[{"id":689,"href":"http:\/\/www.malerrekakomankomunitatea.eus\/es\/wp-json\/wp\/v2\/pages\/109\/revisions\/689"}],"up":[{"embeddable":true,"href":"http:\/\/www.malerrekakomankomunitatea.eus\/es\/wp-json\/wp\/v2\/pages\/93"}],"wp:attachment":[{"href":"http:\/\/www.malerrekakomankomunitatea.eus\/es\/wp-json\/wp\/v2\/media?parent=109"}],"curies":[{"name":"wp","href":"https:\/\/api.w.org\/{rel}","templated":true}]}}