{"id":1208,"date":"2021-07-08T13:15:40","date_gmt":"2021-07-08T11:15:40","guid":{"rendered":"http:\/\/www.malerreka.eus\/transparencia\/"},"modified":"2021-07-08T13:15:40","modified_gmt":"2021-07-08T11:15:40","slug":"transparencia","status":"publish","type":"page","link":"http:\/\/www.malerrekakomankomunitatea.eus\/es\/transparencia\/","title":{"rendered":"Transparencia"},"content":{"rendered":"<h3 class='text-center titulo-transparencia'>Indicadores de transparencia<\/h3><div class='t-container d-block'><div class='t-item'><a href='http:\/\/www.malerrekakomankomunitatea.eus\/es\/transparencia\/derecho-de-acceso-a-informacion-publica\/'><span class='icon-info-circle-solid'><\/span><h4>1.- Derecho de acceso a informaci\u00f3n p\u00fablica<\/h4><\/a><\/div><div class='t-item'><a href='http:\/\/www.malerrekakomankomunitatea.eus\/es\/transparencia\/informacion-institucional-organizativa-y-de-planificacion\/'><span class='icon-sitemap-solid'><\/span><h4>2.- Informaci\u00f3n institucional, organizativa y de planificaci\u00f3n<\/h4><\/a><\/div><div class='t-item'><a href='http:\/\/www.malerrekakomankomunitatea.eus\/es\/transparencia\/informacion-sobre-altos-cargos-y-personal-directivo\/'><span class='icon-users-solid'><\/span><h4>3.- Informaci\u00f3n sobre altos cargos y personal directivo<\/h4><\/a><\/div><div class='t-item'><a href='http:\/\/www.malerrekakomankomunitatea.eus\/es\/transparencia\/informacion-de-relevancia-juridica\/'><span class='icon-balance-scale-solid'><\/span><h4>4.- Informaci\u00f3n de relevancia jur\u00eddica<\/h4><\/a><\/div><div class='t-item'><a href='http:\/\/www.malerrekakomankomunitatea.eus\/es\/transparencia\/informacion-economica-presupuestaria-y-financiera\/'><span class='icon-euro-sign-solid'><\/span><h4>5.- Informaci\u00f3n econ\u00f3mica, presupuestaria y financiera<\/h4><\/a><\/div><div class='t-item'><a href='http:\/\/www.malerrekakomankomunitatea.eus\/es\/transparencia\/informacion-sobre-contratacion-publica-y-concesion-de-servicios\/'><span class='icon-file-signature-solid'><\/span><h4>6.- Informaci\u00f3n sobre contrataci\u00f3n p\u00fablica y concesi\u00f3n de servicios<\/h4><\/a><\/div><div class='t-item'><a href='http:\/\/www.malerrekakomankomunitatea.eus\/es\/transparencia\/informacion-sobre-convenios-de-colaboracion-contratos-programas-encomiendas-y-encargos-a-medios-propios\/'><span class='icon-handshake-solid'><\/span><h4>7.- Informaci\u00f3n sobre convenios de colaboraci\u00f3n, contratos-programas, encomiendas y encargos a medios propios<\/h4><\/a><\/div><div class='t-item'><a href='http:\/\/www.malerrekakomankomunitatea.eus\/es\/transparencia\/informacion-sobre-la-actividad-subvencional\/'><span class='icon-hand-holding-usd-solid'><\/span><h4>8.- Informaci\u00f3n sobre la actividad subvencional<\/h4><\/a><\/div><div class='t-item'><a href='http:\/\/www.malerrekakomankomunitatea.eus\/es\/transparencia\/informacion-patrimonial-y-estadistica\/'><span class='icon-chart-pie-solid'><\/span><h4>9.- Informaci\u00f3n patrimonial y estad\u00edstica<\/h4><\/a><\/div><div class='t-item'><a href='http:\/\/www.malerrekakomankomunitatea.eus\/es\/transparencia\/otros-contenidos-objeto-de-publicidad\/'><span class='icon-bullhorn-solid'><\/span><h4>10.- Otros contenidos objeto de publicidad<\/h4><\/a><\/div><div class='t-item'><a href='http:\/\/www.malerrekakomankomunitatea.eus\/es\/transparencia\/servicios\/'><span class='icon-servicios'><\/span><h4>11.- Servicios<\/h4><\/a><\/div><\/div>\n","protected":false},"excerpt":{"rendered":"","protected":false},"author":2,"featured_media":0,"parent":0,"menu_order":0,"comment_status":"closed","ping_status":"closed","template":"","meta":{"footnotes":""},"class_list":["post-1208","page","type-page","status-publish","hentry"],"yoast_head":"<!-- This site is optimized with the Yoast SEO plugin v22.3 - https:\/\/yoast.com\/wordpress\/plugins\/seo\/ -->\r\n<title>Transparencia - Mancomunidad de Malerreka<\/title>\r\n<meta name=\"robots\" content=\"index, follow, max-snippet:-1, max-image-preview:large, max-video-preview:-1\" \/>\r\n<link rel=\"canonical\" href=\"http:\/\/www.malerrekakomankomunitatea.eus\/es\/transparencia\/\" \/>\r\n<meta property=\"og:locale\" content=\"es_ES\" \/>\r\n<meta property=\"og:type\" content=\"article\" \/>\r\n<meta property=\"og:title\" content=\"Transparencia - Mancomunidad de Malerreka\" \/>\r\n<meta property=\"og:url\" content=\"http:\/\/www.malerrekakomankomunitatea.eus\/es\/transparencia\/\" \/>\r\n<meta property=\"og:site_name\" content=\"Mancomunidad de Malerreka\" \/>\r\n<meta name=\"twitter:card\" content=\"summary_large_image\" \/>\r\n<script type=\"application\/ld+json\" class=\"yoast-schema-graph\">{\"@context\":\"https:\/\/schema.org\",\"@graph\":[{\"@type\":\"WebPage\",\"@id\":\"http:\/\/www.malerrekakomankomunitatea.eus\/es\/transparencia\/\",\"url\":\"http:\/\/www.malerrekakomankomunitatea.eus\/es\/transparencia\/\",\"name\":\"Transparencia - Mancomunidad de Malerreka\",\"isPartOf\":{\"@id\":\"http:\/\/www.malerrekakomankomunitatea.eus\/es\/#website\"},\"datePublished\":\"2021-07-08T11:15:40+00:00\",\"dateModified\":\"2021-07-08T11:15:40+00:00\",\"breadcrumb\":{\"@id\":\"http:\/\/www.malerrekakomankomunitatea.eus\/es\/transparencia\/#breadcrumb\"},\"inLanguage\":\"es\",\"potentialAction\":[{\"@type\":\"ReadAction\",\"target\":[\"http:\/\/www.malerrekakomankomunitatea.eus\/es\/transparencia\/\"]}]},{\"@type\":\"BreadcrumbList\",\"@id\":\"http:\/\/www.malerrekakomankomunitatea.eus\/es\/transparencia\/#breadcrumb\",\"itemListElement\":[{\"@type\":\"ListItem\",\"position\":1,\"name\":\"Home\",\"item\":\"http:\/\/www.malerrekakomankomunitatea.eus\/es\/\"},{\"@type\":\"ListItem\",\"position\":2,\"name\":\"Transparencia\"}]},{\"@type\":\"WebSite\",\"@id\":\"http:\/\/www.malerrekakomankomunitatea.eus\/es\/#website\",\"url\":\"http:\/\/www.malerrekakomankomunitatea.eus\/es\/\",\"name\":\"Mancomunidad de Malerreka\",\"description\":\"P\u00e1gina principal de la Mancomunidad de Servicios Generales de Malerreka\",\"potentialAction\":[{\"@type\":\"SearchAction\",\"target\":{\"@type\":\"EntryPoint\",\"urlTemplate\":\"http:\/\/www.malerrekakomankomunitatea.eus\/es\/?s={search_term_string}\"},\"query-input\":\"required name=search_term_string\"}],\"inLanguage\":\"es\"}]}<\/script>\r\n<!-- \/ Yoast SEO plugin. -->","yoast_head_json":{"title":"Transparencia - Mancomunidad de Malerreka","robots":{"index":"index","follow":"follow","max-snippet":"max-snippet:-1","max-image-preview":"max-image-preview:large","max-video-preview":"max-video-preview:-1"},"canonical":"http:\/\/www.malerrekakomankomunitatea.eus\/es\/transparencia\/","og_locale":"es_ES","og_type":"article","og_title":"Transparencia - Mancomunidad de Malerreka","og_url":"http:\/\/www.malerrekakomankomunitatea.eus\/es\/transparencia\/","og_site_name":"Mancomunidad de Malerreka","twitter_card":"summary_large_image","schema":{"@context":"https:\/\/schema.org","@graph":[{"@type":"WebPage","@id":"http:\/\/www.malerrekakomankomunitatea.eus\/es\/transparencia\/","url":"http:\/\/www.malerrekakomankomunitatea.eus\/es\/transparencia\/","name":"Transparencia - Mancomunidad de Malerreka","isPartOf":{"@id":"http:\/\/www.malerrekakomankomunitatea.eus\/es\/#website"},"datePublished":"2021-07-08T11:15:40+00:00","dateModified":"2021-07-08T11:15:40+00:00","breadcrumb":{"@id":"http:\/\/www.malerrekakomankomunitatea.eus\/es\/transparencia\/#breadcrumb"},"inLanguage":"es","potentialAction":[{"@type":"ReadAction","target":["http:\/\/www.malerrekakomankomunitatea.eus\/es\/transparencia\/"]}]},{"@type":"BreadcrumbList","@id":"http:\/\/www.malerrekakomankomunitatea.eus\/es\/transparencia\/#breadcrumb","itemListElement":[{"@type":"ListItem","position":1,"name":"Home","item":"http:\/\/www.malerrekakomankomunitatea.eus\/es\/"},{"@type":"ListItem","position":2,"name":"Transparencia"}]},{"@type":"WebSite","@id":"http:\/\/www.malerrekakomankomunitatea.eus\/es\/#website","url":"http:\/\/www.malerrekakomankomunitatea.eus\/es\/","name":"Mancomunidad de Malerreka","description":"P\u00e1gina principal de la Mancomunidad de Servicios Generales de Malerreka","potentialAction":[{"@type":"SearchAction","target":{"@type":"EntryPoint","urlTemplate":"http:\/\/www.malerrekakomankomunitatea.eus\/es\/?s={search_term_string}"},"query-input":"required name=search_term_string"}],"inLanguage":"es"}]}},"_links":{"self":[{"href":"http:\/\/www.malerrekakomankomunitatea.eus\/es\/wp-json\/wp\/v2\/pages\/1208","targetHints":{"allow":["GET"]}}],"collection":[{"href":"http:\/\/www.malerrekakomankomunitatea.eus\/es\/wp-json\/wp\/v2\/pages"}],"about":[{"href":"http:\/\/www.malerrekakomankomunitatea.eus\/es\/wp-json\/wp\/v2\/types\/page"}],"author":[{"embeddable":true,"href":"http:\/\/www.malerrekakomankomunitatea.eus\/es\/wp-json\/wp\/v2\/users\/2"}],"replies":[{"embeddable":true,"href":"http:\/\/www.malerrekakomankomunitatea.eus\/es\/wp-json\/wp\/v2\/comments?post=1208"}],"version-history":[{"count":0,"href":"http:\/\/www.malerrekakomankomunitatea.eus\/es\/wp-json\/wp\/v2\/pages\/1208\/revisions"}],"wp:attachment":[{"href":"http:\/\/www.malerrekakomankomunitatea.eus\/es\/wp-json\/wp\/v2\/media?parent=1208"}],"curies":[{"name":"wp","href":"https:\/\/api.w.org\/{rel}","templated":true}]}}