{"id":1210,"date":"2021-07-08T13:15:40","date_gmt":"2021-07-08T11:15:40","guid":{"rendered":"http:\/\/www.malerreka.eus\/transparencia\/derecho-de-acceso-a-informacion-publica\/"},"modified":"2021-07-08T13:15:40","modified_gmt":"2021-07-08T11:15:40","slug":"derecho-de-acceso-a-informacion-publica","status":"publish","type":"page","link":"http:\/\/www.malerrekakomankomunitatea.eus\/es\/transparencia\/derecho-de-acceso-a-informacion-publica\/","title":{"rendered":"Derecho de acceso a informaci\u00f3n p\u00fablica"},"content":{"rendered":"<p>El derecho de acceso a la informaci\u00f3n p\u00fablica consiste en el derecho de cualquier persona, f\u00edsica o jur\u00eddica, ya sea a t\u00edtulo individual y en su propio nombre, ya sea en representaci\u00f3n y en el nombre de las organizaciones legalmente constituidas en las que se agrupen o que los representen, a acceder a la informaci\u00f3n p\u00fablica, sin m\u00e1s limitaciones que las contempladas en la Ley y sin necesidad de motivar su solicitud.<\/p>\n<p>Se entiende como informaci\u00f3n p\u00fablica los contenidos o documentos, cualquiera que sea su formato o soporte, que obren en poder de los sujetos sometidos a la Ley Foral 5\/2018, de 17 de mayo de Transparencia, Acceso a la Informaci\u00f3n P\u00fablica y Buen Gobierno, y que hayan sido elaborados o adquiridos en el ejercicio de sus funciones.<\/p>\n<p>El acceso a la informaci\u00f3n ser\u00e1 gratuito con car\u00e1cter general, y esta se pondr\u00e1 a disposici\u00f3n en la forma o formato solicitado, siempre que sea posible.<\/p>\n<div class=\"bloque class-col-xs-12\"><a href=\"#que-es-la-informaci\u00f3n-publica\" class=\"bloque-tab\">\u00bfQu\u00e9 es la informaci\u00f3n p\u00fablica?<\/a><div class=\"contenido-bloque\" id=\"que-es-la-informaci\u00f3n-publica\" style=\"display: none;\">\n<p>De conformidad al art\u00edculo 4 de la Ley Foral de Transparencia informaci\u00f3n p\u00fablica es:<br \/>\n            Aquella informaci\u00f3n, cualquiera que sea su soporte y forma de expresi\u00f3n, generada por las Administraciones P\u00fablicas a las que se refiere esta ley foral o que estas posean.<\/p>\n<p>Se considera, asimismo, informaci\u00f3n p\u00fablica aquella cuya autor\u00eda o propiedad se atribuye a otras entidades o sujetos que presten servicios p\u00fablicos o ejerzan potestades administrativas o funciones p\u00fablicas, siempre que haya sido generada u obtenida en el ejercicio de una actividad p\u00fablica.<\/p>\n<p>Mucha de esta informaci\u00f3n se encuentra ya publicada en esta p\u00e1gina web y en el Portal del Gobierno Abierto. Si no la encuentra puede <strong>solicitar ayuda<\/strong> <span style=\"color: blue\">(email de contacto de la entidad)<\/span> para buscarla y\/o formalizar la solicitud de acceso a la informaci\u00f3n p\u00fablica.<\/p>\n<p>El derecho de acceso a la informaci\u00f3n p\u00fablica no es universal y est\u00e1 sujeto a los l\u00edmites establecidos en los art\u00edculos 14 de la <a href=\"https:\/\/www.boe.es\/boe\/dias\/2013\/12\/10\/pdfs\/BOE-A-2013-12887.pdf\" class=\"mtli_attachment mtli_pdf\" target=\"_blank\" rel=\"noopener\">Ley 19\/2013<\/a>, de 9 de diciembre, de transparencia, acceso a la informaci\u00f3n p\u00fablica y buen gobierno y 31 de la <a href=\"http:\/\/www.lexnavarra.navarra.es\/detalle.asp?r=50152\" target=\"_blank\" rel=\"noopener\">Ley Foral 5\/2018<\/a>, de 17 de mayo, de la Transparencia, Acceso a la Informaci\u00f3n P\u00fablica y Buen Gobierno.<\/p>\n<p><\/div><\/div><br \/>\n            <div class=\"bloque class-col-xs-12\"><a href=\"#organo-competente\" class=\"bloque-tab\">\u00d3rgano competente<\/a><div class=\"contenido-bloque\" id=\"organo-competente\" style=\"display: none;\">El \u00f3rgano competente para resolver las solicitudes de acceso a la informaci\u00f3n p\u00fablica es la persona designada como responsable del Portal de transparencia <span style=\"color: red\">(email de contacto)<\/span>.<\/div><\/div><br \/>\n            <div class=\"bloque class-col-xs-12\"><a href=\"#plazos\" class=\"bloque-tab\">Plazos<\/a><div class=\"contenido-bloque\" id=\"plazos\" style=\"display: none;\"><\/p>\n<p>Con car\u00e1cter general, la solicitud de informaci\u00f3n p\u00fablica deber\u00e1 ser respondida en el <strong>plazo m\u00e1ximo de un mes desde<\/strong> la fecha de entrada en el registro correspondiente.<\/p>\n<p>Este plazo podr\u00e1 ampliarse por otro mes m\u00e1s, si el volumen y la complejidad de la informaci\u00f3n son tales que resulta imposible emitirla en el plazo antes indicado. En este supuesto, deber\u00e1 informarse a la persona solicitante, dentro del plazo m\u00e1ximo de diez d\u00edas, de las razones que justifican la emisi\u00f3n de la resoluci\u00f3n en dicho plazo.<\/p>\n<p><\/div><\/div><br \/>\n            <div class=\"bloque class-col-xs-12\"><a href=\"#limites\" class=\"bloque-tab\">L\u00edmites<\/a><div class=\"contenido-bloque\" id=\"limites\" style=\"display: none;\"><\/p>\n<p>El derecho de acceso est\u00e1 sujeto a ciertos l\u00edmites, recogidos en el art\u00edculo 31 de la Ley Foral 5\/2018, de 17 de mayo, de la Transparencia, Acceso a la Informaci\u00f3n P\u00fablica y Buen Gobierno cuando suponga un perjuicio para:<\/p>\n<ul>\n<li>La seguridad p\u00fablica.<\/li>\n<li>La garant\u00eda de la confidencialidad o el secreto requerido en procesos de toma de decisi\u00f3n.<\/li>\n<li>La prevenci\u00f3n, investigaci\u00f3n y sanci\u00f3n de los il\u00edcitos penales, administrativos o disciplinarios.<\/li>\n<li>La igualdad de las partes en los procesos judiciales y la tutela judicial efectiva.<\/li>\n<li>Las funciones administrativas de vigilancia, inspecci\u00f3n y control.<\/li>\n<li>Los intereses econ\u00f3micos y comerciales leg\u00edtimos, sin perjuicio de la publicidad de los convenios, contratos y otros actos administrativos conforme a esta ley foral.<\/li>\n<li>El secreto profesional y la propiedad intelectual e industrial.<\/li>\n<li>La protecci\u00f3n del medio ambiente.<\/li>\n<li>La informaci\u00f3n declarada reservada o protegida por normas con rango de ley.<\/li>\n<li>La aplicaci\u00f3n de estas limitaciones ser\u00e1, en todo caso, proporcionada atendiendo a su objeto y su finalidad de protecci\u00f3n y deber\u00e1 interpretarse de manera restrictiva y justificada.<\/li>\n<\/ul>\n<p>Estas limitaciones solo ser\u00e1n de aplicaci\u00f3n durante el periodo de tiempo determinado por las leyes o en tanto se mantenga la raz\u00f3n que las justifique.<\/p>\n<p><\/div><\/div><br \/>\n            <div class=\"bloque class-col-xs-12\"><a href=\"#causas-de-inadmision\" class=\"bloque-tab\">Causas de inadmisi\u00f3n<\/a><div class=\"contenido-bloque\" id=\"causas-de-inadmision\" style=\"display: none;\"><\/p>\n<p>Ser\u00e1n inadmitidas a tr\u00e1mite, mediante resoluci\u00f3n motivada, las solicitudes que:<\/p>\n<ul>\n<li>Se refieran a informaci\u00f3n que la ley excluya del derecho de acceso.<\/li>\n<li>Se refieran a informaci\u00f3n que no obre en poder de la entidad a la que se dirijan y se desconozca el competente.<\/li>\n<li>Se correspondan con peticiones de respuestas a consultas jur\u00eddicas o peticiones de elaboraci\u00f3n de informes o dict\u00e1menes.<\/li>\n<li>Se consideren abusivas por su car\u00e1cter manifiestamente irrazonable, repetitivo o por conllevar un desmedido abuso del derecho.<\/li>\n<li>Se refieran a documentaci\u00f3n preparatoria, material en curso de elaboraci\u00f3n o documentos o datos inconclusos y que no formen parte del expediente administrativo.\n<ul>\n<li>Inconclusos: Aquellos sobre los que se est\u00e9 todav\u00eda trabajando internamente y no se haya emitido ning\u00fan dictamen, informe o aprobaci\u00f3n.<\/li>\n<li>En este caso, el \u00f3rgano competente para resolver deber\u00e1 informar a la persona solicitante acerca del tiempo previsto para terminar su elaboraci\u00f3n.<\/li>\n<\/ul>\n<\/li>\n<li>Se refieran a informaci\u00f3n que tenga car\u00e1cter auxiliar o de apoyo, as\u00ed:\n<ul>\n<li>Anotaciones, borradores, opiniones, res\u00famenes de uso interno o comunicaciones internas que carezcan de relevancia p\u00fablica o inter\u00e9s p\u00fablico.<\/li>\n<li><strong>No tienen esta consideraci\u00f3n<\/strong>: informes jur\u00eddicos, t\u00e9cnicos, econ\u00f3micos y de otro orden que formen parte del expediente o guarden relaci\u00f3n con las resoluciones y otros actos administrativos.<\/li>\n<\/ul>\n<\/li>\n<li>Se refieran a informaci\u00f3n que para su divulgaci\u00f3n sea necesaria una acci\u00f3n previa de reelaboraci\u00f3n.<\/li>\n<li>No se estima como reelaboraci\u00f3n la informaci\u00f3n que pueda obtenerse mediante un tratamiento informatizado de uso corriente, ni aquella acci\u00f3n que requiera aglutinar la informaci\u00f3n dispersa en varios documentos existentes.<\/li>\n<\/ul>\n<p><\/div><\/div><br \/>\n            <div class=\"bloque class-col-xs-12\"><a href=\"#solicitudes-de-informacion-publica\" class=\"bloque-tab\">Solicitudes de informaci\u00f3n p\u00fablica<\/a><div class=\"contenido-bloque\" id=\"solicitudes-de-informacion-publica\" style=\"display: none;\"><a href='http:\/\/www.malerrekakomankomunitatea.eus\/es\/transparencia\/derecho-de-acceso-a-informacion-publica\/'>Tramitar una solicitud<\/a><\/div><\/div><br \/>\n            <div class=\"bloque class-col-xs-12\"><a href=\"#unidad-responsable-de-informaci\u00f3n-publica\" class=\"bloque-tab\">Unidad Responsable de Informaci\u00f3n P\u00fablica<\/a><div class=\"contenido-bloque\" id=\"unidad-responsable-de-informaci\u00f3n-publica\" style=\"display: none;\"><\/p>\n<p>Con objeto de hacer efectivo el derecho a la informaci\u00f3n p\u00fablica de la ciudadan\u00eda, esta entidad ha designado una Unidad Responsable de Informaci\u00f3n P\u00fablica (URIP) encargada de la tramitaci\u00f3n en tiempo y en forma de las obligaciones establecidas en la Ley Foral 5\/2018. La URIP es la funci\u00f3n de comunicaci\u00f3n, con quien puedes contactar a trav\u00e9s de transparencia@dominio.es o en el <span style=\"color: red\">948 XXX XXX.<\/span><\/p>\n<p><\/div><\/div><\/p>\n","protected":false},"excerpt":{"rendered":"<p>El derecho de acceso a la informaci\u00f3n p\u00fablica consiste en el derecho de cualquier persona, f\u00edsica o jur\u00eddica, ya sea a t\u00edtulo individual y en su propio nombre, ya sea en representaci\u00f3n y en el nombre de las organizaciones legalmente constituidas en las que se agrupen o que los representen, a acceder a la informaci\u00f3n [&hellip;]<\/p>\n","protected":false},"author":2,"featured_media":0,"parent":1208,"menu_order":0,"comment_status":"closed","ping_status":"closed","template":"","meta":{"footnotes":""},"class_list":["post-1210","page","type-page","status-publish","hentry"],"yoast_head":"<!-- This site is optimized with the Yoast SEO plugin v22.3 - https:\/\/yoast.com\/wordpress\/plugins\/seo\/ -->\r\n<title>Derecho de acceso a informaci\u00f3n p\u00fablica - Mancomunidad de Malerreka<\/title>\r\n<meta name=\"robots\" content=\"index, follow, max-snippet:-1, max-image-preview:large, max-video-preview:-1\" \/>\r\n<link rel=\"canonical\" href=\"http:\/\/www.malerrekakomankomunitatea.eus\/es\/transparencia\/derecho-de-acceso-a-informacion-publica\/\" \/>\r\n<meta property=\"og:locale\" content=\"es_ES\" \/>\r\n<meta property=\"og:type\" content=\"article\" \/>\r\n<meta property=\"og:title\" content=\"Derecho de acceso a informaci\u00f3n p\u00fablica - Mancomunidad de Malerreka\" \/>\r\n<meta property=\"og:description\" content=\"El derecho de acceso a la informaci\u00f3n p\u00fablica consiste en el derecho de cualquier persona, f\u00edsica o jur\u00eddica, ya sea a t\u00edtulo individual y en su propio nombre, ya sea en representaci\u00f3n y en el nombre de las organizaciones legalmente constituidas en las que se agrupen o que los representen, a acceder a la informaci\u00f3n [&hellip;]\" \/>\r\n<meta property=\"og:url\" content=\"http:\/\/www.malerrekakomankomunitatea.eus\/es\/transparencia\/derecho-de-acceso-a-informacion-publica\/\" \/>\r\n<meta property=\"og:site_name\" content=\"Mancomunidad de Malerreka\" \/>\r\n<meta name=\"twitter:card\" content=\"summary_large_image\" \/>\r\n<meta name=\"twitter:label1\" content=\"Tiempo de lectura\" \/>\n\t<meta name=\"twitter:data1\" content=\"6 minutos\" \/>\r\n<script type=\"application\/ld+json\" class=\"yoast-schema-graph\">{\"@context\":\"https:\/\/schema.org\",\"@graph\":[{\"@type\":\"WebPage\",\"@id\":\"http:\/\/www.malerrekakomankomunitatea.eus\/es\/transparencia\/derecho-de-acceso-a-informacion-publica\/\",\"url\":\"http:\/\/www.malerrekakomankomunitatea.eus\/es\/transparencia\/derecho-de-acceso-a-informacion-publica\/\",\"name\":\"Derecho de acceso a informaci\u00f3n p\u00fablica - Mancomunidad de Malerreka\",\"isPartOf\":{\"@id\":\"http:\/\/www.malerrekakomankomunitatea.eus\/es\/#website\"},\"datePublished\":\"2021-07-08T11:15:40+00:00\",\"dateModified\":\"2021-07-08T11:15:40+00:00\",\"breadcrumb\":{\"@id\":\"http:\/\/www.malerrekakomankomunitatea.eus\/es\/transparencia\/derecho-de-acceso-a-informacion-publica\/#breadcrumb\"},\"inLanguage\":\"es\",\"potentialAction\":[{\"@type\":\"ReadAction\",\"target\":[\"http:\/\/www.malerrekakomankomunitatea.eus\/es\/transparencia\/derecho-de-acceso-a-informacion-publica\/\"]}]},{\"@type\":\"BreadcrumbList\",\"@id\":\"http:\/\/www.malerrekakomankomunitatea.eus\/es\/transparencia\/derecho-de-acceso-a-informacion-publica\/#breadcrumb\",\"itemListElement\":[{\"@type\":\"ListItem\",\"position\":1,\"name\":\"Home\",\"item\":\"http:\/\/www.malerrekakomankomunitatea.eus\/es\/\"},{\"@type\":\"ListItem\",\"position\":2,\"name\":\"Transparencia\",\"item\":\"http:\/\/www.malerrekakomankomunitatea.eus\/es\/transparencia\/\"},{\"@type\":\"ListItem\",\"position\":3,\"name\":\"Derecho de acceso a informaci\u00f3n p\u00fablica\"}]},{\"@type\":\"WebSite\",\"@id\":\"http:\/\/www.malerrekakomankomunitatea.eus\/es\/#website\",\"url\":\"http:\/\/www.malerrekakomankomunitatea.eus\/es\/\",\"name\":\"Mancomunidad de Malerreka\",\"description\":\"P\u00e1gina principal de la Mancomunidad de Servicios Generales de Malerreka\",\"potentialAction\":[{\"@type\":\"SearchAction\",\"target\":{\"@type\":\"EntryPoint\",\"urlTemplate\":\"http:\/\/www.malerrekakomankomunitatea.eus\/es\/?s={search_term_string}\"},\"query-input\":\"required name=search_term_string\"}],\"inLanguage\":\"es\"}]}<\/script>\r\n<!-- \/ Yoast SEO plugin. -->","yoast_head_json":{"title":"Derecho de acceso a informaci\u00f3n p\u00fablica - Mancomunidad de Malerreka","robots":{"index":"index","follow":"follow","max-snippet":"max-snippet:-1","max-image-preview":"max-image-preview:large","max-video-preview":"max-video-preview:-1"},"canonical":"http:\/\/www.malerrekakomankomunitatea.eus\/es\/transparencia\/derecho-de-acceso-a-informacion-publica\/","og_locale":"es_ES","og_type":"article","og_title":"Derecho de acceso a informaci\u00f3n p\u00fablica - Mancomunidad de Malerreka","og_description":"El derecho de acceso a la informaci\u00f3n p\u00fablica consiste en el derecho de cualquier persona, f\u00edsica o jur\u00eddica, ya sea a t\u00edtulo individual y en su propio nombre, ya sea en representaci\u00f3n y en el nombre de las organizaciones legalmente constituidas en las que se agrupen o que los representen, a acceder a la informaci\u00f3n [&hellip;]","og_url":"http:\/\/www.malerrekakomankomunitatea.eus\/es\/transparencia\/derecho-de-acceso-a-informacion-publica\/","og_site_name":"Mancomunidad de Malerreka","twitter_card":"summary_large_image","twitter_misc":{"Tiempo de lectura":"6 minutos"},"schema":{"@context":"https:\/\/schema.org","@graph":[{"@type":"WebPage","@id":"http:\/\/www.malerrekakomankomunitatea.eus\/es\/transparencia\/derecho-de-acceso-a-informacion-publica\/","url":"http:\/\/www.malerrekakomankomunitatea.eus\/es\/transparencia\/derecho-de-acceso-a-informacion-publica\/","name":"Derecho de acceso a informaci\u00f3n p\u00fablica - Mancomunidad de Malerreka","isPartOf":{"@id":"http:\/\/www.malerrekakomankomunitatea.eus\/es\/#website"},"datePublished":"2021-07-08T11:15:40+00:00","dateModified":"2021-07-08T11:15:40+00:00","breadcrumb":{"@id":"http:\/\/www.malerrekakomankomunitatea.eus\/es\/transparencia\/derecho-de-acceso-a-informacion-publica\/#breadcrumb"},"inLanguage":"es","potentialAction":[{"@type":"ReadAction","target":["http:\/\/www.malerrekakomankomunitatea.eus\/es\/transparencia\/derecho-de-acceso-a-informacion-publica\/"]}]},{"@type":"BreadcrumbList","@id":"http:\/\/www.malerrekakomankomunitatea.eus\/es\/transparencia\/derecho-de-acceso-a-informacion-publica\/#breadcrumb","itemListElement":[{"@type":"ListItem","position":1,"name":"Home","item":"http:\/\/www.malerrekakomankomunitatea.eus\/es\/"},{"@type":"ListItem","position":2,"name":"Transparencia","item":"http:\/\/www.malerrekakomankomunitatea.eus\/es\/transparencia\/"},{"@type":"ListItem","position":3,"name":"Derecho de acceso a informaci\u00f3n p\u00fablica"}]},{"@type":"WebSite","@id":"http:\/\/www.malerrekakomankomunitatea.eus\/es\/#website","url":"http:\/\/www.malerrekakomankomunitatea.eus\/es\/","name":"Mancomunidad de Malerreka","description":"P\u00e1gina principal de la Mancomunidad de Servicios Generales de Malerreka","potentialAction":[{"@type":"SearchAction","target":{"@type":"EntryPoint","urlTemplate":"http:\/\/www.malerrekakomankomunitatea.eus\/es\/?s={search_term_string}"},"query-input":"required name=search_term_string"}],"inLanguage":"es"}]}},"_links":{"self":[{"href":"http:\/\/www.malerrekakomankomunitatea.eus\/es\/wp-json\/wp\/v2\/pages\/1210","targetHints":{"allow":["GET"]}}],"collection":[{"href":"http:\/\/www.malerrekakomankomunitatea.eus\/es\/wp-json\/wp\/v2\/pages"}],"about":[{"href":"http:\/\/www.malerrekakomankomunitatea.eus\/es\/wp-json\/wp\/v2\/types\/page"}],"author":[{"embeddable":true,"href":"http:\/\/www.malerrekakomankomunitatea.eus\/es\/wp-json\/wp\/v2\/users\/2"}],"replies":[{"embeddable":true,"href":"http:\/\/www.malerrekakomankomunitatea.eus\/es\/wp-json\/wp\/v2\/comments?post=1210"}],"version-history":[{"count":0,"href":"http:\/\/www.malerrekakomankomunitatea.eus\/es\/wp-json\/wp\/v2\/pages\/1210\/revisions"}],"up":[{"embeddable":true,"href":"http:\/\/www.malerrekakomankomunitatea.eus\/es\/wp-json\/wp\/v2\/pages\/1208"}],"wp:attachment":[{"href":"http:\/\/www.malerrekakomankomunitatea.eus\/es\/wp-json\/wp\/v2\/media?parent=1210"}],"curies":[{"name":"wp","href":"https:\/\/api.w.org\/{rel}","templated":true}]}}