{"id":1214,"date":"2021-07-08T13:15:41","date_gmt":"2021-07-08T11:15:41","guid":{"rendered":"http:\/\/www.malerreka.eus\/transparencia\/informacion-sobre-altos-cargos-y-personal-directivo\/"},"modified":"2021-07-08T13:15:41","modified_gmt":"2021-07-08T11:15:41","slug":"informacion-sobre-altos-cargos-y-personal-directivo","status":"publish","type":"page","link":"http:\/\/www.malerrekakomankomunitatea.eus\/es\/transparencia\/informacion-sobre-altos-cargos-y-personal-directivo\/","title":{"rendered":"Informaci\u00f3n sobre altos cargos y personal directivo"},"content":{"rendered":"<div class=\"bloque class-col-xs-12\"><a href=\"#informacion-sobre-altos-cargos-y-personal-directivo\" class=\"bloque-tab\">Informaci\u00f3n sobre altos cargos y personal directivo<\/a><div class=\"contenido-bloque\" id=\"informacion-sobre-altos-cargos-y-personal-directivo\" style=\"display: none;\"><\/p>\n<p>Informaci\u00f3n relativa a cumplimentar sobre altos cargos y del resto de personal con funciones directivas:<\/p>\n<ul>\n<li>Identificaci\u00f3n y nombramiento.<\/li>\n<li>Datos biogr\u00e1ficos profesionales.<\/li>\n<li>Tel\u00e9fono y direcciones electr\u00f3nicas para su interacci\u00f3n.<\/li>\n<li>Funciones.<\/li>\n<li>\u00d3rganos colegiados y consejos de direcci\u00f3n y administraci\u00f3n de organismos p\u00fablicos y sociedades mercantiles en los que participe o haya participado en los \u00faltimos cuatro a\u00f1os, as\u00ed como asociaciones, fundaciones y entidades privadas de cuyos \u00f3rganos directivos forme parte o haya formado parte en los \u00faltimos cuatro a\u00f1os.<\/li>\n<li>Actividades p\u00fablicas y privadas para las que se haya autorizado o reconocido la compatibilidad.<\/li>\n<\/ul>\n<p>Datos biogr\u00e1ficos de alcald\u00eda y concejal\u00edas, incluyendo la direcci\u00f3n de email.<\/p>\n<p>Registro de intereses de actividades y de bienes de los altos cargos.<\/p>\n<p>Indemnizaciones percibidas por altos cargos con ocasi\u00f3n del abandono de los cargos.<\/p>\n<p>Retribuciones de altos cargos y m\u00e1ximos responsables de entidades participadas.<\/p>\n<p>Agenda institucional de las personas miembro del Ayuntamiento: alcald\u00eda y altos cargos.<\/p>\n<p>Respecto a los representantes locales, las retribuciones, las declaraciones anuales de bienes y actividades se publicar\u00e1n en los t\u00e9rminos previstos en la <a href=\"https:\/\/www.boe.es\/buscar\/doc.php?id=BOE-A-1985-5392\" target=\"_blank\" rel=\"noopener\">Ley 7\/1975, de 2 de abril, Reguladora de las Bases del R\u00e9gimen Local<\/a>. En todo caso, se omitir\u00e1n los datos relativos a la localizaci\u00f3n concreta de los bienes inmuebles y se garantizar\u00e1 la privacidad y seguridad de sus titulares.<\/p>\n<p><\/div><\/div>\n","protected":false},"excerpt":{"rendered":"","protected":false},"author":2,"featured_media":0,"parent":1208,"menu_order":0,"comment_status":"closed","ping_status":"closed","template":"","meta":{"footnotes":""},"class_list":["post-1214","page","type-page","status-publish","hentry"],"yoast_head":"<!-- This site is optimized with the Yoast SEO plugin v22.3 - https:\/\/yoast.com\/wordpress\/plugins\/seo\/ -->\r\n<title>Informaci\u00f3n sobre altos cargos y personal directivo - Mancomunidad de Malerreka<\/title>\r\n<meta name=\"robots\" content=\"index, follow, max-snippet:-1, max-image-preview:large, max-video-preview:-1\" \/>\r\n<link rel=\"canonical\" href=\"http:\/\/www.malerrekakomankomunitatea.eus\/es\/transparencia\/informacion-sobre-altos-cargos-y-personal-directivo\/\" \/>\r\n<meta property=\"og:locale\" content=\"es_ES\" \/>\r\n<meta property=\"og:type\" content=\"article\" \/>\r\n<meta property=\"og:title\" content=\"Informaci\u00f3n sobre altos cargos y personal directivo - Mancomunidad de Malerreka\" \/>\r\n<meta property=\"og:url\" content=\"http:\/\/www.malerrekakomankomunitatea.eus\/es\/transparencia\/informacion-sobre-altos-cargos-y-personal-directivo\/\" \/>\r\n<meta property=\"og:site_name\" content=\"Mancomunidad de Malerreka\" \/>\r\n<meta name=\"twitter:card\" content=\"summary_large_image\" \/>\r\n<meta name=\"twitter:label1\" content=\"Tiempo de lectura\" \/>\n\t<meta name=\"twitter:data1\" content=\"1 minuto\" \/>\r\n<script type=\"application\/ld+json\" class=\"yoast-schema-graph\">{\"@context\":\"https:\/\/schema.org\",\"@graph\":[{\"@type\":\"WebPage\",\"@id\":\"http:\/\/www.malerrekakomankomunitatea.eus\/es\/transparencia\/informacion-sobre-altos-cargos-y-personal-directivo\/\",\"url\":\"http:\/\/www.malerrekakomankomunitatea.eus\/es\/transparencia\/informacion-sobre-altos-cargos-y-personal-directivo\/\",\"name\":\"Informaci\u00f3n sobre altos cargos y personal directivo - Mancomunidad de Malerreka\",\"isPartOf\":{\"@id\":\"http:\/\/www.malerrekakomankomunitatea.eus\/es\/#website\"},\"datePublished\":\"2021-07-08T11:15:41+00:00\",\"dateModified\":\"2021-07-08T11:15:41+00:00\",\"breadcrumb\":{\"@id\":\"http:\/\/www.malerrekakomankomunitatea.eus\/es\/transparencia\/informacion-sobre-altos-cargos-y-personal-directivo\/#breadcrumb\"},\"inLanguage\":\"es\",\"potentialAction\":[{\"@type\":\"ReadAction\",\"target\":[\"http:\/\/www.malerrekakomankomunitatea.eus\/es\/transparencia\/informacion-sobre-altos-cargos-y-personal-directivo\/\"]}]},{\"@type\":\"BreadcrumbList\",\"@id\":\"http:\/\/www.malerrekakomankomunitatea.eus\/es\/transparencia\/informacion-sobre-altos-cargos-y-personal-directivo\/#breadcrumb\",\"itemListElement\":[{\"@type\":\"ListItem\",\"position\":1,\"name\":\"Home\",\"item\":\"http:\/\/www.malerrekakomankomunitatea.eus\/es\/\"},{\"@type\":\"ListItem\",\"position\":2,\"name\":\"Transparencia\",\"item\":\"http:\/\/www.malerrekakomankomunitatea.eus\/es\/transparencia\/\"},{\"@type\":\"ListItem\",\"position\":3,\"name\":\"Informaci\u00f3n sobre altos cargos y personal directivo\"}]},{\"@type\":\"WebSite\",\"@id\":\"http:\/\/www.malerrekakomankomunitatea.eus\/es\/#website\",\"url\":\"http:\/\/www.malerrekakomankomunitatea.eus\/es\/\",\"name\":\"Mancomunidad de Malerreka\",\"description\":\"P\u00e1gina principal de la Mancomunidad de Servicios Generales de Malerreka\",\"potentialAction\":[{\"@type\":\"SearchAction\",\"target\":{\"@type\":\"EntryPoint\",\"urlTemplate\":\"http:\/\/www.malerrekakomankomunitatea.eus\/es\/?s={search_term_string}\"},\"query-input\":\"required name=search_term_string\"}],\"inLanguage\":\"es\"}]}<\/script>\r\n<!-- \/ Yoast SEO plugin. -->","yoast_head_json":{"title":"Informaci\u00f3n sobre altos cargos y personal directivo - Mancomunidad de Malerreka","robots":{"index":"index","follow":"follow","max-snippet":"max-snippet:-1","max-image-preview":"max-image-preview:large","max-video-preview":"max-video-preview:-1"},"canonical":"http:\/\/www.malerrekakomankomunitatea.eus\/es\/transparencia\/informacion-sobre-altos-cargos-y-personal-directivo\/","og_locale":"es_ES","og_type":"article","og_title":"Informaci\u00f3n sobre altos cargos y personal directivo - Mancomunidad de Malerreka","og_url":"http:\/\/www.malerrekakomankomunitatea.eus\/es\/transparencia\/informacion-sobre-altos-cargos-y-personal-directivo\/","og_site_name":"Mancomunidad de Malerreka","twitter_card":"summary_large_image","twitter_misc":{"Tiempo de lectura":"1 minuto"},"schema":{"@context":"https:\/\/schema.org","@graph":[{"@type":"WebPage","@id":"http:\/\/www.malerrekakomankomunitatea.eus\/es\/transparencia\/informacion-sobre-altos-cargos-y-personal-directivo\/","url":"http:\/\/www.malerrekakomankomunitatea.eus\/es\/transparencia\/informacion-sobre-altos-cargos-y-personal-directivo\/","name":"Informaci\u00f3n sobre altos cargos y personal directivo - Mancomunidad de Malerreka","isPartOf":{"@id":"http:\/\/www.malerrekakomankomunitatea.eus\/es\/#website"},"datePublished":"2021-07-08T11:15:41+00:00","dateModified":"2021-07-08T11:15:41+00:00","breadcrumb":{"@id":"http:\/\/www.malerrekakomankomunitatea.eus\/es\/transparencia\/informacion-sobre-altos-cargos-y-personal-directivo\/#breadcrumb"},"inLanguage":"es","potentialAction":[{"@type":"ReadAction","target":["http:\/\/www.malerrekakomankomunitatea.eus\/es\/transparencia\/informacion-sobre-altos-cargos-y-personal-directivo\/"]}]},{"@type":"BreadcrumbList","@id":"http:\/\/www.malerrekakomankomunitatea.eus\/es\/transparencia\/informacion-sobre-altos-cargos-y-personal-directivo\/#breadcrumb","itemListElement":[{"@type":"ListItem","position":1,"name":"Home","item":"http:\/\/www.malerrekakomankomunitatea.eus\/es\/"},{"@type":"ListItem","position":2,"name":"Transparencia","item":"http:\/\/www.malerrekakomankomunitatea.eus\/es\/transparencia\/"},{"@type":"ListItem","position":3,"name":"Informaci\u00f3n sobre altos cargos y personal directivo"}]},{"@type":"WebSite","@id":"http:\/\/www.malerrekakomankomunitatea.eus\/es\/#website","url":"http:\/\/www.malerrekakomankomunitatea.eus\/es\/","name":"Mancomunidad de Malerreka","description":"P\u00e1gina principal de la Mancomunidad de Servicios Generales de Malerreka","potentialAction":[{"@type":"SearchAction","target":{"@type":"EntryPoint","urlTemplate":"http:\/\/www.malerrekakomankomunitatea.eus\/es\/?s={search_term_string}"},"query-input":"required name=search_term_string"}],"inLanguage":"es"}]}},"_links":{"self":[{"href":"http:\/\/www.malerrekakomankomunitatea.eus\/es\/wp-json\/wp\/v2\/pages\/1214","targetHints":{"allow":["GET"]}}],"collection":[{"href":"http:\/\/www.malerrekakomankomunitatea.eus\/es\/wp-json\/wp\/v2\/pages"}],"about":[{"href":"http:\/\/www.malerrekakomankomunitatea.eus\/es\/wp-json\/wp\/v2\/types\/page"}],"author":[{"embeddable":true,"href":"http:\/\/www.malerrekakomankomunitatea.eus\/es\/wp-json\/wp\/v2\/users\/2"}],"replies":[{"embeddable":true,"href":"http:\/\/www.malerrekakomankomunitatea.eus\/es\/wp-json\/wp\/v2\/comments?post=1214"}],"version-history":[{"count":0,"href":"http:\/\/www.malerrekakomankomunitatea.eus\/es\/wp-json\/wp\/v2\/pages\/1214\/revisions"}],"up":[{"embeddable":true,"href":"http:\/\/www.malerrekakomankomunitatea.eus\/es\/wp-json\/wp\/v2\/pages\/1208"}],"wp:attachment":[{"href":"http:\/\/www.malerrekakomankomunitatea.eus\/es\/wp-json\/wp\/v2\/media?parent=1214"}],"curies":[{"name":"wp","href":"https:\/\/api.w.org\/{rel}","templated":true}]}}