{"id":1218,"date":"2021-07-08T13:15:41","date_gmt":"2021-07-08T11:15:41","guid":{"rendered":"http:\/\/www.malerreka.eus\/transparencia\/informacion-economica-presupuestaria-y-financiera\/"},"modified":"2021-07-08T13:15:41","modified_gmt":"2021-07-08T11:15:41","slug":"informacion-economica-presupuestaria-y-financiera","status":"publish","type":"page","link":"http:\/\/www.malerrekakomankomunitatea.eus\/es\/transparencia\/informacion-economica-presupuestaria-y-financiera\/","title":{"rendered":"Informaci\u00f3n econ\u00f3mica, presupuestaria y financiera"},"content":{"rendered":"<p><strong>En esta secci\u00f3n podr\u00e1s encontrar toda la informaci\u00f3n referente a presupuestos, \u00faltimas cuentas anuales aprobadas, informes de auditor\u00eda y cuentas abiertas de la sociedad.<\/strong><\/p>\n<div class=\"bloque class-col-xs-12\"><a href=\"#informacion-economica-presupuestaria-y-contable\" class=\"bloque-tab\">Informaci\u00f3n econ\u00f3mica, presupuestaria y contable<\/a><div class=\"contenido-bloque\" id=\"informacion-economica-presupuestaria-y-contable\" style=\"display: none;\">\n<p>Presupuesto municipal.<\/p>\n<p>Modificaciones presupuestarias realizadas.<\/p>\n<p>Presupuestos de las sociedades municipales.<\/p>\n<p>Cuenta general del ayuntamiento (Balance, cuenta de resultados, memoria y liquidaci\u00f3n presupuestaria.).<\/p>\n<p>Informes de estabilidad presupuestaria.<\/p>\n<p>Informes de auditor\u00eda presupuestaria.<\/p>\n<p>Autonom\u00eda fiscal.<\/p>\n<p>Capacidad o necesidad de financiaci\u00f3n en t\u00e9rminos de estabilidad presupuestaria.<\/p>\n<p>Programas anuales de actuaci\u00f3n, inversiones y financiaci\u00f3n.<\/p>\n<p><\/div><\/div><br \/>\n            <div class=\"bloque class-col-xs-12\"><a href=\"#informacion-sobre-ingresos-gastos-y-pagos\" class=\"bloque-tab\">Informaci\u00f3n sobre ingresos, gastos y pagos<\/a><div class=\"contenido-bloque\" id=\"informacion-sobre-ingresos-gastos-y-pagos\" style=\"display: none;\"><\/p>\n<p>Estado de ejecuci\u00f3n del presupuesto de gastos e ingresos.<\/p>\n<p>Ingresos fiscales por habitante.<\/p>\n<p>Gastos por habitante.<\/p>\n<p>Inversi\u00f3n por habitante.<\/p>\n<p>Periodo medio de pago\/cobro.<\/p>\n<p><\/div><\/div><br \/>\n            <div class=\"bloque class-col-xs-12\"><a href=\"#informacion-sobre-el-endeudamiento\" class=\"bloque-tab\">Informaci\u00f3n sobre el endeudamiento<\/a><div class=\"contenido-bloque\" id=\"informacion-sobre-el-endeudamiento\" style=\"display: none;\"><\/p>\n<p>Informes trimestrales relativos a las medidas de lucha contra la morosidad en las operaciones comerciales de pago a proveedores.<\/p>\n<p>Importe de la deuda municipal consolidada. Comparaci\u00f3n con ejercicios anteriores.<\/p>\n<p><\/div><\/div><\/p>\n","protected":false},"excerpt":{"rendered":"<p>En esta secci\u00f3n podr\u00e1s encontrar toda la informaci\u00f3n referente a presupuestos, \u00faltimas cuentas anuales aprobadas, informes de auditor\u00eda y cuentas abiertas de la sociedad.<\/p>\n","protected":false},"author":2,"featured_media":0,"parent":1208,"menu_order":0,"comment_status":"closed","ping_status":"closed","template":"","meta":{"footnotes":""},"class_list":["post-1218","page","type-page","status-publish","hentry"],"yoast_head":"<!-- This site is optimized with the Yoast SEO plugin v22.3 - https:\/\/yoast.com\/wordpress\/plugins\/seo\/ -->\r\n<title>Informaci\u00f3n econ\u00f3mica, presupuestaria y financiera - Mancomunidad de Malerreka<\/title>\r\n<meta name=\"robots\" content=\"index, follow, max-snippet:-1, max-image-preview:large, max-video-preview:-1\" \/>\r\n<link rel=\"canonical\" href=\"http:\/\/www.malerrekakomankomunitatea.eus\/es\/transparencia\/informacion-economica-presupuestaria-y-financiera\/\" \/>\r\n<meta property=\"og:locale\" content=\"es_ES\" \/>\r\n<meta property=\"og:type\" content=\"article\" \/>\r\n<meta property=\"og:title\" content=\"Informaci\u00f3n econ\u00f3mica, presupuestaria y financiera - Mancomunidad de Malerreka\" \/>\r\n<meta property=\"og:description\" content=\"En esta secci\u00f3n podr\u00e1s encontrar toda la informaci\u00f3n referente a presupuestos, \u00faltimas cuentas anuales aprobadas, informes de auditor\u00eda y cuentas abiertas de la sociedad.\" \/>\r\n<meta property=\"og:url\" content=\"http:\/\/www.malerrekakomankomunitatea.eus\/es\/transparencia\/informacion-economica-presupuestaria-y-financiera\/\" \/>\r\n<meta property=\"og:site_name\" content=\"Mancomunidad de Malerreka\" \/>\r\n<meta name=\"twitter:card\" content=\"summary_large_image\" \/>\r\n<meta name=\"twitter:label1\" content=\"Tiempo de lectura\" \/>\n\t<meta name=\"twitter:data1\" content=\"1 minuto\" \/>\r\n<script type=\"application\/ld+json\" class=\"yoast-schema-graph\">{\"@context\":\"https:\/\/schema.org\",\"@graph\":[{\"@type\":\"WebPage\",\"@id\":\"http:\/\/www.malerrekakomankomunitatea.eus\/es\/transparencia\/informacion-economica-presupuestaria-y-financiera\/\",\"url\":\"http:\/\/www.malerrekakomankomunitatea.eus\/es\/transparencia\/informacion-economica-presupuestaria-y-financiera\/\",\"name\":\"Informaci\u00f3n econ\u00f3mica, presupuestaria y financiera - Mancomunidad de Malerreka\",\"isPartOf\":{\"@id\":\"http:\/\/www.malerrekakomankomunitatea.eus\/es\/#website\"},\"datePublished\":\"2021-07-08T11:15:41+00:00\",\"dateModified\":\"2021-07-08T11:15:41+00:00\",\"breadcrumb\":{\"@id\":\"http:\/\/www.malerrekakomankomunitatea.eus\/es\/transparencia\/informacion-economica-presupuestaria-y-financiera\/#breadcrumb\"},\"inLanguage\":\"es\",\"potentialAction\":[{\"@type\":\"ReadAction\",\"target\":[\"http:\/\/www.malerrekakomankomunitatea.eus\/es\/transparencia\/informacion-economica-presupuestaria-y-financiera\/\"]}]},{\"@type\":\"BreadcrumbList\",\"@id\":\"http:\/\/www.malerrekakomankomunitatea.eus\/es\/transparencia\/informacion-economica-presupuestaria-y-financiera\/#breadcrumb\",\"itemListElement\":[{\"@type\":\"ListItem\",\"position\":1,\"name\":\"Home\",\"item\":\"http:\/\/www.malerrekakomankomunitatea.eus\/es\/\"},{\"@type\":\"ListItem\",\"position\":2,\"name\":\"Transparencia\",\"item\":\"http:\/\/www.malerrekakomankomunitatea.eus\/es\/transparencia\/\"},{\"@type\":\"ListItem\",\"position\":3,\"name\":\"Informaci\u00f3n econ\u00f3mica, presupuestaria y financiera\"}]},{\"@type\":\"WebSite\",\"@id\":\"http:\/\/www.malerrekakomankomunitatea.eus\/es\/#website\",\"url\":\"http:\/\/www.malerrekakomankomunitatea.eus\/es\/\",\"name\":\"Mancomunidad de Malerreka\",\"description\":\"P\u00e1gina principal de la Mancomunidad de Servicios Generales de Malerreka\",\"potentialAction\":[{\"@type\":\"SearchAction\",\"target\":{\"@type\":\"EntryPoint\",\"urlTemplate\":\"http:\/\/www.malerrekakomankomunitatea.eus\/es\/?s={search_term_string}\"},\"query-input\":\"required name=search_term_string\"}],\"inLanguage\":\"es\"}]}<\/script>\r\n<!-- \/ Yoast SEO plugin. -->","yoast_head_json":{"title":"Informaci\u00f3n econ\u00f3mica, presupuestaria y financiera - Mancomunidad de Malerreka","robots":{"index":"index","follow":"follow","max-snippet":"max-snippet:-1","max-image-preview":"max-image-preview:large","max-video-preview":"max-video-preview:-1"},"canonical":"http:\/\/www.malerrekakomankomunitatea.eus\/es\/transparencia\/informacion-economica-presupuestaria-y-financiera\/","og_locale":"es_ES","og_type":"article","og_title":"Informaci\u00f3n econ\u00f3mica, presupuestaria y financiera - Mancomunidad de Malerreka","og_description":"En esta secci\u00f3n podr\u00e1s encontrar toda la informaci\u00f3n referente a presupuestos, \u00faltimas cuentas anuales aprobadas, informes de auditor\u00eda y cuentas abiertas de la sociedad.","og_url":"http:\/\/www.malerrekakomankomunitatea.eus\/es\/transparencia\/informacion-economica-presupuestaria-y-financiera\/","og_site_name":"Mancomunidad de Malerreka","twitter_card":"summary_large_image","twitter_misc":{"Tiempo de lectura":"1 minuto"},"schema":{"@context":"https:\/\/schema.org","@graph":[{"@type":"WebPage","@id":"http:\/\/www.malerrekakomankomunitatea.eus\/es\/transparencia\/informacion-economica-presupuestaria-y-financiera\/","url":"http:\/\/www.malerrekakomankomunitatea.eus\/es\/transparencia\/informacion-economica-presupuestaria-y-financiera\/","name":"Informaci\u00f3n econ\u00f3mica, presupuestaria y financiera - Mancomunidad de Malerreka","isPartOf":{"@id":"http:\/\/www.malerrekakomankomunitatea.eus\/es\/#website"},"datePublished":"2021-07-08T11:15:41+00:00","dateModified":"2021-07-08T11:15:41+00:00","breadcrumb":{"@id":"http:\/\/www.malerrekakomankomunitatea.eus\/es\/transparencia\/informacion-economica-presupuestaria-y-financiera\/#breadcrumb"},"inLanguage":"es","potentialAction":[{"@type":"ReadAction","target":["http:\/\/www.malerrekakomankomunitatea.eus\/es\/transparencia\/informacion-economica-presupuestaria-y-financiera\/"]}]},{"@type":"BreadcrumbList","@id":"http:\/\/www.malerrekakomankomunitatea.eus\/es\/transparencia\/informacion-economica-presupuestaria-y-financiera\/#breadcrumb","itemListElement":[{"@type":"ListItem","position":1,"name":"Home","item":"http:\/\/www.malerrekakomankomunitatea.eus\/es\/"},{"@type":"ListItem","position":2,"name":"Transparencia","item":"http:\/\/www.malerrekakomankomunitatea.eus\/es\/transparencia\/"},{"@type":"ListItem","position":3,"name":"Informaci\u00f3n econ\u00f3mica, presupuestaria y financiera"}]},{"@type":"WebSite","@id":"http:\/\/www.malerrekakomankomunitatea.eus\/es\/#website","url":"http:\/\/www.malerrekakomankomunitatea.eus\/es\/","name":"Mancomunidad de Malerreka","description":"P\u00e1gina principal de la Mancomunidad de Servicios Generales de Malerreka","potentialAction":[{"@type":"SearchAction","target":{"@type":"EntryPoint","urlTemplate":"http:\/\/www.malerrekakomankomunitatea.eus\/es\/?s={search_term_string}"},"query-input":"required name=search_term_string"}],"inLanguage":"es"}]}},"_links":{"self":[{"href":"http:\/\/www.malerrekakomankomunitatea.eus\/es\/wp-json\/wp\/v2\/pages\/1218","targetHints":{"allow":["GET"]}}],"collection":[{"href":"http:\/\/www.malerrekakomankomunitatea.eus\/es\/wp-json\/wp\/v2\/pages"}],"about":[{"href":"http:\/\/www.malerrekakomankomunitatea.eus\/es\/wp-json\/wp\/v2\/types\/page"}],"author":[{"embeddable":true,"href":"http:\/\/www.malerrekakomankomunitatea.eus\/es\/wp-json\/wp\/v2\/users\/2"}],"replies":[{"embeddable":true,"href":"http:\/\/www.malerrekakomankomunitatea.eus\/es\/wp-json\/wp\/v2\/comments?post=1218"}],"version-history":[{"count":0,"href":"http:\/\/www.malerrekakomankomunitatea.eus\/es\/wp-json\/wp\/v2\/pages\/1218\/revisions"}],"up":[{"embeddable":true,"href":"http:\/\/www.malerrekakomankomunitatea.eus\/es\/wp-json\/wp\/v2\/pages\/1208"}],"wp:attachment":[{"href":"http:\/\/www.malerrekakomankomunitatea.eus\/es\/wp-json\/wp\/v2\/media?parent=1218"}],"curies":[{"name":"wp","href":"https:\/\/api.w.org\/{rel}","templated":true}]}}