{"id":1226,"date":"2021-07-08T13:15:42","date_gmt":"2021-07-08T11:15:42","guid":{"rendered":"http:\/\/www.malerreka.eus\/transparencia\/informacion-patrimonial-y-estadistica\/"},"modified":"2021-07-08T13:15:42","modified_gmt":"2021-07-08T11:15:42","slug":"informacion-patrimonial-y-estadistica","status":"publish","type":"page","link":"http:\/\/www.malerrekakomankomunitatea.eus\/es\/transparencia\/informacion-patrimonial-y-estadistica\/","title":{"rendered":"Informaci\u00f3n patrimonial y estad\u00edstica"},"content":{"rendered":"<p><strong>Relaci\u00f3n de bienes inmuebles propiedad de esta entidad o sobre los que ostenta alg\u00fan derecho real.<\/strong><\/p>\n<p>Veh\u00edculos oficiales adscritos al ayuntamiento.<\/p>\n<p>Inventario de inmuebles, bienes y derechos municipales.<\/p>\n","protected":false},"excerpt":{"rendered":"<p>Relaci\u00f3n de bienes inmuebles propiedad de esta entidad o sobre los que ostenta alg\u00fan derecho real. Veh\u00edculos oficiales adscritos al ayuntamiento. Inventario de inmuebles, bienes y derechos municipales.<\/p>\n","protected":false},"author":2,"featured_media":0,"parent":1208,"menu_order":0,"comment_status":"closed","ping_status":"closed","template":"","meta":{"footnotes":""},"class_list":["post-1226","page","type-page","status-publish","hentry"],"yoast_head":"<!-- This site is optimized with the Yoast SEO plugin v22.3 - https:\/\/yoast.com\/wordpress\/plugins\/seo\/ -->\r\n<title>Informaci\u00f3n patrimonial y estad\u00edstica - Mancomunidad de Malerreka<\/title>\r\n<meta name=\"robots\" content=\"index, follow, max-snippet:-1, max-image-preview:large, max-video-preview:-1\" \/>\r\n<link rel=\"canonical\" href=\"http:\/\/www.malerrekakomankomunitatea.eus\/es\/transparencia\/informacion-patrimonial-y-estadistica\/\" \/>\r\n<meta property=\"og:locale\" content=\"es_ES\" \/>\r\n<meta property=\"og:type\" content=\"article\" \/>\r\n<meta property=\"og:title\" content=\"Informaci\u00f3n patrimonial y estad\u00edstica - Mancomunidad de Malerreka\" \/>\r\n<meta property=\"og:description\" content=\"Relaci\u00f3n de bienes inmuebles propiedad de esta entidad o sobre los que ostenta alg\u00fan derecho real. Veh\u00edculos oficiales adscritos al ayuntamiento. Inventario de inmuebles, bienes y derechos municipales.\" \/>\r\n<meta property=\"og:url\" content=\"http:\/\/www.malerrekakomankomunitatea.eus\/es\/transparencia\/informacion-patrimonial-y-estadistica\/\" \/>\r\n<meta property=\"og:site_name\" content=\"Mancomunidad de Malerreka\" \/>\r\n<meta name=\"twitter:card\" content=\"summary_large_image\" \/>\r\n<script type=\"application\/ld+json\" class=\"yoast-schema-graph\">{\"@context\":\"https:\/\/schema.org\",\"@graph\":[{\"@type\":\"WebPage\",\"@id\":\"http:\/\/www.malerrekakomankomunitatea.eus\/es\/transparencia\/informacion-patrimonial-y-estadistica\/\",\"url\":\"http:\/\/www.malerrekakomankomunitatea.eus\/es\/transparencia\/informacion-patrimonial-y-estadistica\/\",\"name\":\"Informaci\u00f3n patrimonial y estad\u00edstica - Mancomunidad de Malerreka\",\"isPartOf\":{\"@id\":\"http:\/\/www.malerrekakomankomunitatea.eus\/es\/#website\"},\"datePublished\":\"2021-07-08T11:15:42+00:00\",\"dateModified\":\"2021-07-08T11:15:42+00:00\",\"breadcrumb\":{\"@id\":\"http:\/\/www.malerrekakomankomunitatea.eus\/es\/transparencia\/informacion-patrimonial-y-estadistica\/#breadcrumb\"},\"inLanguage\":\"es\",\"potentialAction\":[{\"@type\":\"ReadAction\",\"target\":[\"http:\/\/www.malerrekakomankomunitatea.eus\/es\/transparencia\/informacion-patrimonial-y-estadistica\/\"]}]},{\"@type\":\"BreadcrumbList\",\"@id\":\"http:\/\/www.malerrekakomankomunitatea.eus\/es\/transparencia\/informacion-patrimonial-y-estadistica\/#breadcrumb\",\"itemListElement\":[{\"@type\":\"ListItem\",\"position\":1,\"name\":\"Home\",\"item\":\"http:\/\/www.malerrekakomankomunitatea.eus\/es\/\"},{\"@type\":\"ListItem\",\"position\":2,\"name\":\"Transparencia\",\"item\":\"http:\/\/www.malerrekakomankomunitatea.eus\/es\/transparencia\/\"},{\"@type\":\"ListItem\",\"position\":3,\"name\":\"Informaci\u00f3n patrimonial y estad\u00edstica\"}]},{\"@type\":\"WebSite\",\"@id\":\"http:\/\/www.malerrekakomankomunitatea.eus\/es\/#website\",\"url\":\"http:\/\/www.malerrekakomankomunitatea.eus\/es\/\",\"name\":\"Mancomunidad de Malerreka\",\"description\":\"P\u00e1gina principal de la Mancomunidad de Servicios Generales de Malerreka\",\"potentialAction\":[{\"@type\":\"SearchAction\",\"target\":{\"@type\":\"EntryPoint\",\"urlTemplate\":\"http:\/\/www.malerrekakomankomunitatea.eus\/es\/?s={search_term_string}\"},\"query-input\":\"required name=search_term_string\"}],\"inLanguage\":\"es\"}]}<\/script>\r\n<!-- \/ Yoast SEO plugin. -->","yoast_head_json":{"title":"Informaci\u00f3n patrimonial y estad\u00edstica - Mancomunidad de Malerreka","robots":{"index":"index","follow":"follow","max-snippet":"max-snippet:-1","max-image-preview":"max-image-preview:large","max-video-preview":"max-video-preview:-1"},"canonical":"http:\/\/www.malerrekakomankomunitatea.eus\/es\/transparencia\/informacion-patrimonial-y-estadistica\/","og_locale":"es_ES","og_type":"article","og_title":"Informaci\u00f3n patrimonial y estad\u00edstica - Mancomunidad de Malerreka","og_description":"Relaci\u00f3n de bienes inmuebles propiedad de esta entidad o sobre los que ostenta alg\u00fan derecho real. Veh\u00edculos oficiales adscritos al ayuntamiento. Inventario de inmuebles, bienes y derechos municipales.","og_url":"http:\/\/www.malerrekakomankomunitatea.eus\/es\/transparencia\/informacion-patrimonial-y-estadistica\/","og_site_name":"Mancomunidad de Malerreka","twitter_card":"summary_large_image","schema":{"@context":"https:\/\/schema.org","@graph":[{"@type":"WebPage","@id":"http:\/\/www.malerrekakomankomunitatea.eus\/es\/transparencia\/informacion-patrimonial-y-estadistica\/","url":"http:\/\/www.malerrekakomankomunitatea.eus\/es\/transparencia\/informacion-patrimonial-y-estadistica\/","name":"Informaci\u00f3n patrimonial y estad\u00edstica - Mancomunidad de Malerreka","isPartOf":{"@id":"http:\/\/www.malerrekakomankomunitatea.eus\/es\/#website"},"datePublished":"2021-07-08T11:15:42+00:00","dateModified":"2021-07-08T11:15:42+00:00","breadcrumb":{"@id":"http:\/\/www.malerrekakomankomunitatea.eus\/es\/transparencia\/informacion-patrimonial-y-estadistica\/#breadcrumb"},"inLanguage":"es","potentialAction":[{"@type":"ReadAction","target":["http:\/\/www.malerrekakomankomunitatea.eus\/es\/transparencia\/informacion-patrimonial-y-estadistica\/"]}]},{"@type":"BreadcrumbList","@id":"http:\/\/www.malerrekakomankomunitatea.eus\/es\/transparencia\/informacion-patrimonial-y-estadistica\/#breadcrumb","itemListElement":[{"@type":"ListItem","position":1,"name":"Home","item":"http:\/\/www.malerrekakomankomunitatea.eus\/es\/"},{"@type":"ListItem","position":2,"name":"Transparencia","item":"http:\/\/www.malerrekakomankomunitatea.eus\/es\/transparencia\/"},{"@type":"ListItem","position":3,"name":"Informaci\u00f3n patrimonial y estad\u00edstica"}]},{"@type":"WebSite","@id":"http:\/\/www.malerrekakomankomunitatea.eus\/es\/#website","url":"http:\/\/www.malerrekakomankomunitatea.eus\/es\/","name":"Mancomunidad de Malerreka","description":"P\u00e1gina principal de la Mancomunidad de Servicios Generales de Malerreka","potentialAction":[{"@type":"SearchAction","target":{"@type":"EntryPoint","urlTemplate":"http:\/\/www.malerrekakomankomunitatea.eus\/es\/?s={search_term_string}"},"query-input":"required name=search_term_string"}],"inLanguage":"es"}]}},"_links":{"self":[{"href":"http:\/\/www.malerrekakomankomunitatea.eus\/es\/wp-json\/wp\/v2\/pages\/1226","targetHints":{"allow":["GET"]}}],"collection":[{"href":"http:\/\/www.malerrekakomankomunitatea.eus\/es\/wp-json\/wp\/v2\/pages"}],"about":[{"href":"http:\/\/www.malerrekakomankomunitatea.eus\/es\/wp-json\/wp\/v2\/types\/page"}],"author":[{"embeddable":true,"href":"http:\/\/www.malerrekakomankomunitatea.eus\/es\/wp-json\/wp\/v2\/users\/2"}],"replies":[{"embeddable":true,"href":"http:\/\/www.malerrekakomankomunitatea.eus\/es\/wp-json\/wp\/v2\/comments?post=1226"}],"version-history":[{"count":0,"href":"http:\/\/www.malerrekakomankomunitatea.eus\/es\/wp-json\/wp\/v2\/pages\/1226\/revisions"}],"up":[{"embeddable":true,"href":"http:\/\/www.malerrekakomankomunitatea.eus\/es\/wp-json\/wp\/v2\/pages\/1208"}],"wp:attachment":[{"href":"http:\/\/www.malerrekakomankomunitatea.eus\/es\/wp-json\/wp\/v2\/media?parent=1226"}],"curies":[{"name":"wp","href":"https:\/\/api.w.org\/{rel}","templated":true}]}}