{"id":1228,"date":"2021-07-08T13:15:42","date_gmt":"2021-07-08T11:15:42","guid":{"rendered":"http:\/\/www.malerreka.eus\/transparencia\/otros-contenidos-objeto-de-publicidad\/"},"modified":"2023-12-06T10:42:41","modified_gmt":"2023-12-06T09:42:41","slug":"otros-contenidos-objeto-de-publicidad","status":"publish","type":"page","link":"http:\/\/www.malerrekakomankomunitatea.eus\/es\/transparencia\/otros-contenidos-objeto-de-publicidad\/","title":{"rendered":"Otros contenidos objeto de publicidad"},"content":{"rendered":"<p><strong>Inversi\u00f3n publicitaria anual y las solicitudes de informaci\u00f3n p\u00fablica que m\u00e1s se repiten.<\/strong><\/p>\n<ul>\n<li>Inversi\u00f3n Publicitaria.<\/li>\n<li>Anuncios Oficiales.<\/li>\n<li>Participaci\u00f3n Ciudadana.<\/li>\n<li>\u2026<\/li>\n<li><a href=\"https:\/\/gobiernoabierto.navarra.es\/es\/transparencia\/solicitud-informacion-publica\/que-es\/como-acceder\/formulario\" target=\"_blank\" rel=\"noopener\">Solicitud de informaci\u00f3n p\u00fablica.<\/a><\/li>\n<\/ul>\n<p>&nbsp;<\/p>\n<p>PLAN DE MEDIDAS ANTIFRAUDE PARA LA GESTI\u00d3N DE LOS FONDOS NEXT GENERATION UE:<\/p>\n<p><a href=\"http:\/\/www.malerrekakomankomunitatea.eus\/wp-content\/uploads\/2023\/12\/PLAN_DE_MEDIDAS_ANTIFRAUDE_PARA_LA_GETION_DE_LOS_FONDOS_NEXT_GENERATION_UE_-_SEFYCU_25447.pdf\" class=\"mtli_attachment mtli_pdf\">PLAN_DE_MEDIDAS_ANTIFRAUDE_PARA_LA_GETION_DE_LOS_FONDOS_NEXT_GENERATION_UE_-_SEFYCU_25447<\/a><\/p>\n","protected":false},"excerpt":{"rendered":"<p>Inversi\u00f3n publicitaria anual y las solicitudes de informaci\u00f3n p\u00fablica que m\u00e1s se repiten. Inversi\u00f3n Publicitaria. Anuncios Oficiales. Participaci\u00f3n Ciudadana. \u2026 Solicitud de informaci\u00f3n p\u00fablica. &nbsp; PLAN DE MEDIDAS ANTIFRAUDE PARA LA GESTI\u00d3N DE LOS FONDOS NEXT GENERATION UE: PLAN_DE_MEDIDAS_ANTIFRAUDE_PARA_LA_GETION_DE_LOS_FONDOS_NEXT_GENERATION_UE_-_SEFYCU_25447<\/p>\n","protected":false},"author":2,"featured_media":0,"parent":1208,"menu_order":0,"comment_status":"closed","ping_status":"closed","template":"","meta":{"footnotes":""},"class_list":["post-1228","page","type-page","status-publish","hentry"],"yoast_head":"<!-- This site is optimized with the Yoast SEO plugin v22.3 - https:\/\/yoast.com\/wordpress\/plugins\/seo\/ -->\r\n<title>Otros contenidos objeto de publicidad - Mancomunidad de Malerreka<\/title>\r\n<meta name=\"robots\" content=\"index, follow, max-snippet:-1, max-image-preview:large, max-video-preview:-1\" \/>\r\n<link rel=\"canonical\" href=\"http:\/\/www.malerrekakomankomunitatea.eus\/es\/transparencia\/otros-contenidos-objeto-de-publicidad\/\" \/>\r\n<meta property=\"og:locale\" content=\"es_ES\" \/>\r\n<meta property=\"og:type\" content=\"article\" \/>\r\n<meta property=\"og:title\" content=\"Otros contenidos objeto de publicidad - Mancomunidad de Malerreka\" \/>\r\n<meta property=\"og:description\" content=\"Inversi\u00f3n publicitaria anual y las solicitudes de informaci\u00f3n p\u00fablica que m\u00e1s se repiten. Inversi\u00f3n Publicitaria. Anuncios Oficiales. Participaci\u00f3n Ciudadana. \u2026 Solicitud de informaci\u00f3n p\u00fablica. &nbsp; PLAN DE MEDIDAS ANTIFRAUDE PARA LA GESTI\u00d3N DE LOS FONDOS NEXT GENERATION UE: PLAN_DE_MEDIDAS_ANTIFRAUDE_PARA_LA_GETION_DE_LOS_FONDOS_NEXT_GENERATION_UE_-_SEFYCU_25447\" \/>\r\n<meta property=\"og:url\" content=\"http:\/\/www.malerrekakomankomunitatea.eus\/es\/transparencia\/otros-contenidos-objeto-de-publicidad\/\" \/>\r\n<meta property=\"og:site_name\" content=\"Mancomunidad de Malerreka\" \/>\r\n<meta property=\"article:modified_time\" content=\"2023-12-06T09:42:41+00:00\" \/>\r\n<meta name=\"twitter:card\" content=\"summary_large_image\" \/>\r\n<meta name=\"twitter:label1\" content=\"Tiempo de lectura\" \/>\n\t<meta name=\"twitter:data1\" content=\"1 minuto\" \/>\r\n<script type=\"application\/ld+json\" class=\"yoast-schema-graph\">{\"@context\":\"https:\/\/schema.org\",\"@graph\":[{\"@type\":\"WebPage\",\"@id\":\"http:\/\/www.malerrekakomankomunitatea.eus\/es\/transparencia\/otros-contenidos-objeto-de-publicidad\/\",\"url\":\"http:\/\/www.malerrekakomankomunitatea.eus\/es\/transparencia\/otros-contenidos-objeto-de-publicidad\/\",\"name\":\"Otros contenidos objeto de publicidad - Mancomunidad de Malerreka\",\"isPartOf\":{\"@id\":\"http:\/\/www.malerrekakomankomunitatea.eus\/es\/#website\"},\"datePublished\":\"2021-07-08T11:15:42+00:00\",\"dateModified\":\"2023-12-06T09:42:41+00:00\",\"breadcrumb\":{\"@id\":\"http:\/\/www.malerrekakomankomunitatea.eus\/es\/transparencia\/otros-contenidos-objeto-de-publicidad\/#breadcrumb\"},\"inLanguage\":\"es\",\"potentialAction\":[{\"@type\":\"ReadAction\",\"target\":[\"http:\/\/www.malerrekakomankomunitatea.eus\/es\/transparencia\/otros-contenidos-objeto-de-publicidad\/\"]}]},{\"@type\":\"BreadcrumbList\",\"@id\":\"http:\/\/www.malerrekakomankomunitatea.eus\/es\/transparencia\/otros-contenidos-objeto-de-publicidad\/#breadcrumb\",\"itemListElement\":[{\"@type\":\"ListItem\",\"position\":1,\"name\":\"Home\",\"item\":\"http:\/\/www.malerrekakomankomunitatea.eus\/es\/\"},{\"@type\":\"ListItem\",\"position\":2,\"name\":\"Transparencia\",\"item\":\"http:\/\/www.malerrekakomankomunitatea.eus\/es\/transparencia\/\"},{\"@type\":\"ListItem\",\"position\":3,\"name\":\"Otros contenidos objeto de publicidad\"}]},{\"@type\":\"WebSite\",\"@id\":\"http:\/\/www.malerrekakomankomunitatea.eus\/es\/#website\",\"url\":\"http:\/\/www.malerrekakomankomunitatea.eus\/es\/\",\"name\":\"Mancomunidad de Malerreka\",\"description\":\"P\u00e1gina principal de la Mancomunidad de Servicios Generales de Malerreka\",\"potentialAction\":[{\"@type\":\"SearchAction\",\"target\":{\"@type\":\"EntryPoint\",\"urlTemplate\":\"http:\/\/www.malerrekakomankomunitatea.eus\/es\/?s={search_term_string}\"},\"query-input\":\"required name=search_term_string\"}],\"inLanguage\":\"es\"}]}<\/script>\r\n<!-- \/ Yoast SEO plugin. -->","yoast_head_json":{"title":"Otros contenidos objeto de publicidad - Mancomunidad de Malerreka","robots":{"index":"index","follow":"follow","max-snippet":"max-snippet:-1","max-image-preview":"max-image-preview:large","max-video-preview":"max-video-preview:-1"},"canonical":"http:\/\/www.malerrekakomankomunitatea.eus\/es\/transparencia\/otros-contenidos-objeto-de-publicidad\/","og_locale":"es_ES","og_type":"article","og_title":"Otros contenidos objeto de publicidad - Mancomunidad de Malerreka","og_description":"Inversi\u00f3n publicitaria anual y las solicitudes de informaci\u00f3n p\u00fablica que m\u00e1s se repiten. Inversi\u00f3n Publicitaria. Anuncios Oficiales. Participaci\u00f3n Ciudadana. \u2026 Solicitud de informaci\u00f3n p\u00fablica. &nbsp; PLAN DE MEDIDAS ANTIFRAUDE PARA LA GESTI\u00d3N DE LOS FONDOS NEXT GENERATION UE: PLAN_DE_MEDIDAS_ANTIFRAUDE_PARA_LA_GETION_DE_LOS_FONDOS_NEXT_GENERATION_UE_-_SEFYCU_25447","og_url":"http:\/\/www.malerrekakomankomunitatea.eus\/es\/transparencia\/otros-contenidos-objeto-de-publicidad\/","og_site_name":"Mancomunidad de Malerreka","article_modified_time":"2023-12-06T09:42:41+00:00","twitter_card":"summary_large_image","twitter_misc":{"Tiempo de lectura":"1 minuto"},"schema":{"@context":"https:\/\/schema.org","@graph":[{"@type":"WebPage","@id":"http:\/\/www.malerrekakomankomunitatea.eus\/es\/transparencia\/otros-contenidos-objeto-de-publicidad\/","url":"http:\/\/www.malerrekakomankomunitatea.eus\/es\/transparencia\/otros-contenidos-objeto-de-publicidad\/","name":"Otros contenidos objeto de publicidad - Mancomunidad de Malerreka","isPartOf":{"@id":"http:\/\/www.malerrekakomankomunitatea.eus\/es\/#website"},"datePublished":"2021-07-08T11:15:42+00:00","dateModified":"2023-12-06T09:42:41+00:00","breadcrumb":{"@id":"http:\/\/www.malerrekakomankomunitatea.eus\/es\/transparencia\/otros-contenidos-objeto-de-publicidad\/#breadcrumb"},"inLanguage":"es","potentialAction":[{"@type":"ReadAction","target":["http:\/\/www.malerrekakomankomunitatea.eus\/es\/transparencia\/otros-contenidos-objeto-de-publicidad\/"]}]},{"@type":"BreadcrumbList","@id":"http:\/\/www.malerrekakomankomunitatea.eus\/es\/transparencia\/otros-contenidos-objeto-de-publicidad\/#breadcrumb","itemListElement":[{"@type":"ListItem","position":1,"name":"Home","item":"http:\/\/www.malerrekakomankomunitatea.eus\/es\/"},{"@type":"ListItem","position":2,"name":"Transparencia","item":"http:\/\/www.malerrekakomankomunitatea.eus\/es\/transparencia\/"},{"@type":"ListItem","position":3,"name":"Otros contenidos objeto de publicidad"}]},{"@type":"WebSite","@id":"http:\/\/www.malerrekakomankomunitatea.eus\/es\/#website","url":"http:\/\/www.malerrekakomankomunitatea.eus\/es\/","name":"Mancomunidad de Malerreka","description":"P\u00e1gina principal de la Mancomunidad de Servicios Generales de Malerreka","potentialAction":[{"@type":"SearchAction","target":{"@type":"EntryPoint","urlTemplate":"http:\/\/www.malerrekakomankomunitatea.eus\/es\/?s={search_term_string}"},"query-input":"required name=search_term_string"}],"inLanguage":"es"}]}},"_links":{"self":[{"href":"http:\/\/www.malerrekakomankomunitatea.eus\/es\/wp-json\/wp\/v2\/pages\/1228","targetHints":{"allow":["GET"]}}],"collection":[{"href":"http:\/\/www.malerrekakomankomunitatea.eus\/es\/wp-json\/wp\/v2\/pages"}],"about":[{"href":"http:\/\/www.malerrekakomankomunitatea.eus\/es\/wp-json\/wp\/v2\/types\/page"}],"author":[{"embeddable":true,"href":"http:\/\/www.malerrekakomankomunitatea.eus\/es\/wp-json\/wp\/v2\/users\/2"}],"replies":[{"embeddable":true,"href":"http:\/\/www.malerrekakomankomunitatea.eus\/es\/wp-json\/wp\/v2\/comments?post=1228"}],"version-history":[{"count":2,"href":"http:\/\/www.malerrekakomankomunitatea.eus\/es\/wp-json\/wp\/v2\/pages\/1228\/revisions"}],"predecessor-version":[{"id":1989,"href":"http:\/\/www.malerrekakomankomunitatea.eus\/es\/wp-json\/wp\/v2\/pages\/1228\/revisions\/1989"}],"up":[{"embeddable":true,"href":"http:\/\/www.malerrekakomankomunitatea.eus\/es\/wp-json\/wp\/v2\/pages\/1208"}],"wp:attachment":[{"href":"http:\/\/www.malerrekakomankomunitatea.eus\/es\/wp-json\/wp\/v2\/media?parent=1228"}],"curies":[{"name":"wp","href":"https:\/\/api.w.org\/{rel}","templated":true}]}}