{"id":125,"date":"2021-01-13T13:12:19","date_gmt":"2021-01-13T12:12:19","guid":{"rendered":"http:\/\/www.malerreka.es\/?page_id=125"},"modified":"2021-01-15T12:44:55","modified_gmt":"2021-01-15T11:44:55","slug":"agua","status":"publish","type":"page","link":"http:\/\/www.malerrekakomankomunitatea.eus\/es\/servicios\/agua\/","title":{"rendered":"Agua"},"content":{"rendered":"<h3>Servicio de abastecimiento de agua en\u00a0alta<\/h3>\n<p>La Mancomunidad de Servicios Generales de Malerreka gestiona el abastecimiento en alta del agua a los municipios de\u00a0 Doneztebe, Elgorriaga, Ituren, Sunbilla y Zubieta. La gesti\u00f3n puede ser desarrollada bien empleando los medios y personal propio de la Mancomunidad de Servicios Generales de Malerreka, o bien mediante la contrataci\u00f3n de terceras empresas, grupos o asociaciones que ejercen estas funciones por mandato de la Mancomunidad.<\/p>\n<p>Como entidad gestora de la parte inicial del ciclo del agua, la actividad de la Mancomunidad de Servicios Generales de Malerreka abarca los procesos de:<\/p>\n<ul>\n<li>Captaci\u00f3n de agua para abastecimiento<\/li>\n<li>Tratamiento de potabilizaci\u00f3n<\/li>\n<li>Distribuci\u00f3n en alta<\/li>\n<\/ul>\n<p>Para ello la mancomunidad dispone de la estaci\u00f3n potabilizadora \u201cMendaur\u201d ubicado en la localidad de Aurtiz.<\/p>\n<p>Los cometidos b\u00e1sicos que se llevan a cabo desde la mancomunidad se complementan con la realizaci\u00f3n de las dem\u00e1s actividades que sean adecuadas para una adecuada gesti\u00f3n del servicio aguas.<\/p>\n","protected":false},"excerpt":{"rendered":"<p>Servicio de abastecimiento de agua en\u00a0alta La Mancomunidad de Servicios Generales de Malerreka gestiona el abastecimiento en alta del agua a los municipios de\u00a0 Doneztebe, Elgorriaga, Ituren, Sunbilla y Zubieta. La gesti\u00f3n puede ser desarrollada bien empleando los medios y personal propio de la Mancomunidad de Servicios Generales de Malerreka, o bien mediante la contrataci\u00f3n [&hellip;]<\/p>\n","protected":false},"author":2,"featured_media":0,"parent":215,"menu_order":22,"comment_status":"closed","ping_status":"closed","template":"","meta":{"footnotes":""},"class_list":["post-125","page","type-page","status-publish","hentry"],"yoast_head":"<!-- This site is optimized with the Yoast SEO plugin v22.3 - https:\/\/yoast.com\/wordpress\/plugins\/seo\/ -->\r\n<title>Agua - Mancomunidad de Malerreka<\/title>\r\n<meta name=\"robots\" content=\"index, follow, max-snippet:-1, max-image-preview:large, max-video-preview:-1\" \/>\r\n<link rel=\"canonical\" href=\"http:\/\/www.malerrekakomankomunitatea.eus\/es\/servicios\/agua\/\" \/>\r\n<meta property=\"og:locale\" content=\"es_ES\" \/>\r\n<meta property=\"og:type\" content=\"article\" \/>\r\n<meta property=\"og:title\" content=\"Agua - Mancomunidad de Malerreka\" \/>\r\n<meta property=\"og:description\" content=\"Servicio de abastecimiento de agua en\u00a0alta La Mancomunidad de Servicios Generales de Malerreka gestiona el abastecimiento en alta del agua a los municipios de\u00a0 Doneztebe, Elgorriaga, Ituren, Sunbilla y Zubieta. La gesti\u00f3n puede ser desarrollada bien empleando los medios y personal propio de la Mancomunidad de Servicios Generales de Malerreka, o bien mediante la contrataci\u00f3n [&hellip;]\" \/>\r\n<meta property=\"og:url\" content=\"http:\/\/www.malerrekakomankomunitatea.eus\/es\/servicios\/agua\/\" \/>\r\n<meta property=\"og:site_name\" content=\"Mancomunidad de Malerreka\" \/>\r\n<meta property=\"article:modified_time\" content=\"2021-01-15T11:44:55+00:00\" \/>\r\n<meta name=\"twitter:card\" content=\"summary_large_image\" \/>\r\n<meta name=\"twitter:label1\" content=\"Tiempo de lectura\" \/>\n\t<meta name=\"twitter:data1\" content=\"1 minuto\" \/>\r\n<script type=\"application\/ld+json\" class=\"yoast-schema-graph\">{\"@context\":\"https:\/\/schema.org\",\"@graph\":[{\"@type\":\"WebPage\",\"@id\":\"http:\/\/www.malerrekakomankomunitatea.eus\/es\/servicios\/agua\/\",\"url\":\"http:\/\/www.malerrekakomankomunitatea.eus\/es\/servicios\/agua\/\",\"name\":\"Agua - Mancomunidad de Malerreka\",\"isPartOf\":{\"@id\":\"http:\/\/www.malerrekakomankomunitatea.eus\/es\/#website\"},\"datePublished\":\"2021-01-13T12:12:19+00:00\",\"dateModified\":\"2021-01-15T11:44:55+00:00\",\"breadcrumb\":{\"@id\":\"http:\/\/www.malerrekakomankomunitatea.eus\/es\/servicios\/agua\/#breadcrumb\"},\"inLanguage\":\"es\",\"potentialAction\":[{\"@type\":\"ReadAction\",\"target\":[\"http:\/\/www.malerrekakomankomunitatea.eus\/es\/servicios\/agua\/\"]}]},{\"@type\":\"BreadcrumbList\",\"@id\":\"http:\/\/www.malerrekakomankomunitatea.eus\/es\/servicios\/agua\/#breadcrumb\",\"itemListElement\":[{\"@type\":\"ListItem\",\"position\":1,\"name\":\"Home\",\"item\":\"http:\/\/www.malerrekakomankomunitatea.eus\/es\/\"},{\"@type\":\"ListItem\",\"position\":2,\"name\":\"Servicios\",\"item\":\"http:\/\/www.malerrekakomankomunitatea.eus\/es\/servicios\/\"},{\"@type\":\"ListItem\",\"position\":3,\"name\":\"Agua\"}]},{\"@type\":\"WebSite\",\"@id\":\"http:\/\/www.malerrekakomankomunitatea.eus\/es\/#website\",\"url\":\"http:\/\/www.malerrekakomankomunitatea.eus\/es\/\",\"name\":\"Mancomunidad de Malerreka\",\"description\":\"P\u00e1gina principal de la Mancomunidad de Servicios Generales de Malerreka\",\"potentialAction\":[{\"@type\":\"SearchAction\",\"target\":{\"@type\":\"EntryPoint\",\"urlTemplate\":\"http:\/\/www.malerrekakomankomunitatea.eus\/es\/?s={search_term_string}\"},\"query-input\":\"required name=search_term_string\"}],\"inLanguage\":\"es\"}]}<\/script>\r\n<!-- \/ Yoast SEO plugin. -->","yoast_head_json":{"title":"Agua - Mancomunidad de Malerreka","robots":{"index":"index","follow":"follow","max-snippet":"max-snippet:-1","max-image-preview":"max-image-preview:large","max-video-preview":"max-video-preview:-1"},"canonical":"http:\/\/www.malerrekakomankomunitatea.eus\/es\/servicios\/agua\/","og_locale":"es_ES","og_type":"article","og_title":"Agua - Mancomunidad de Malerreka","og_description":"Servicio de abastecimiento de agua en\u00a0alta La Mancomunidad de Servicios Generales de Malerreka gestiona el abastecimiento en alta del agua a los municipios de\u00a0 Doneztebe, Elgorriaga, Ituren, Sunbilla y Zubieta. La gesti\u00f3n puede ser desarrollada bien empleando los medios y personal propio de la Mancomunidad de Servicios Generales de Malerreka, o bien mediante la contrataci\u00f3n [&hellip;]","og_url":"http:\/\/www.malerrekakomankomunitatea.eus\/es\/servicios\/agua\/","og_site_name":"Mancomunidad de Malerreka","article_modified_time":"2021-01-15T11:44:55+00:00","twitter_card":"summary_large_image","twitter_misc":{"Tiempo de lectura":"1 minuto"},"schema":{"@context":"https:\/\/schema.org","@graph":[{"@type":"WebPage","@id":"http:\/\/www.malerrekakomankomunitatea.eus\/es\/servicios\/agua\/","url":"http:\/\/www.malerrekakomankomunitatea.eus\/es\/servicios\/agua\/","name":"Agua - Mancomunidad de Malerreka","isPartOf":{"@id":"http:\/\/www.malerrekakomankomunitatea.eus\/es\/#website"},"datePublished":"2021-01-13T12:12:19+00:00","dateModified":"2021-01-15T11:44:55+00:00","breadcrumb":{"@id":"http:\/\/www.malerrekakomankomunitatea.eus\/es\/servicios\/agua\/#breadcrumb"},"inLanguage":"es","potentialAction":[{"@type":"ReadAction","target":["http:\/\/www.malerrekakomankomunitatea.eus\/es\/servicios\/agua\/"]}]},{"@type":"BreadcrumbList","@id":"http:\/\/www.malerrekakomankomunitatea.eus\/es\/servicios\/agua\/#breadcrumb","itemListElement":[{"@type":"ListItem","position":1,"name":"Home","item":"http:\/\/www.malerrekakomankomunitatea.eus\/es\/"},{"@type":"ListItem","position":2,"name":"Servicios","item":"http:\/\/www.malerrekakomankomunitatea.eus\/es\/servicios\/"},{"@type":"ListItem","position":3,"name":"Agua"}]},{"@type":"WebSite","@id":"http:\/\/www.malerrekakomankomunitatea.eus\/es\/#website","url":"http:\/\/www.malerrekakomankomunitatea.eus\/es\/","name":"Mancomunidad de Malerreka","description":"P\u00e1gina principal de la Mancomunidad de Servicios Generales de Malerreka","potentialAction":[{"@type":"SearchAction","target":{"@type":"EntryPoint","urlTemplate":"http:\/\/www.malerrekakomankomunitatea.eus\/es\/?s={search_term_string}"},"query-input":"required name=search_term_string"}],"inLanguage":"es"}]}},"_links":{"self":[{"href":"http:\/\/www.malerrekakomankomunitatea.eus\/es\/wp-json\/wp\/v2\/pages\/125","targetHints":{"allow":["GET"]}}],"collection":[{"href":"http:\/\/www.malerrekakomankomunitatea.eus\/es\/wp-json\/wp\/v2\/pages"}],"about":[{"href":"http:\/\/www.malerrekakomankomunitatea.eus\/es\/wp-json\/wp\/v2\/types\/page"}],"author":[{"embeddable":true,"href":"http:\/\/www.malerrekakomankomunitatea.eus\/es\/wp-json\/wp\/v2\/users\/2"}],"replies":[{"embeddable":true,"href":"http:\/\/www.malerrekakomankomunitatea.eus\/es\/wp-json\/wp\/v2\/comments?post=125"}],"version-history":[{"count":2,"href":"http:\/\/www.malerrekakomankomunitatea.eus\/es\/wp-json\/wp\/v2\/pages\/125\/revisions"}],"predecessor-version":[{"id":761,"href":"http:\/\/www.malerrekakomankomunitatea.eus\/es\/wp-json\/wp\/v2\/pages\/125\/revisions\/761"}],"up":[{"embeddable":true,"href":"http:\/\/www.malerrekakomankomunitatea.eus\/es\/wp-json\/wp\/v2\/pages\/215"}],"wp:attachment":[{"href":"http:\/\/www.malerrekakomankomunitatea.eus\/es\/wp-json\/wp\/v2\/media?parent=125"}],"curies":[{"name":"wp","href":"https:\/\/api.w.org\/{rel}","templated":true}]}}