{"id":13,"date":"2021-01-13T12:59:16","date_gmt":"2021-01-13T11:59:16","guid":{"rendered":"http:\/\/www.malerreka.es\/?page_id=13"},"modified":"2021-01-14T12:25:14","modified_gmt":"2021-01-14T11:25:14","slug":"mancomunidad","status":"publish","type":"page","link":"http:\/\/www.malerrekakomankomunitatea.eus\/es\/mancomunidad\/","title":{"rendered":"Mancomunidad"},"content":{"rendered":"<p>En Julio de 1993 mediante acuerdo de los ayuntamientos que conforman la comarca, se constituy\u00f3 la Mancomunidad de Servicios Generales de Malerreka para convertirla en lugar de encuentro de los Ayuntamientos y la organizaci\u00f3n y prestaci\u00f3n en forma asociada de cinco servicios p\u00fablicos: abastecimiento de agua en alta para los pueblos de Sunbilla, Doneztebe, Elgorriada, Ituren y Zubieta; recogida y tratamiento de residuos urbanos; Euskara; Servicios sociales; y la gesti\u00f3n de los Apartamentos Sociales de Malerreka.<\/p>\n<p>Adem\u00e1s de los servicios mencionados, es una objetivo transversal de la Mancomunidad de Malerreka la de ejercer como foro de encuentro para los ayuntamientos de la comarca con el fin de desarrollar proyectos y buscar soluciones a problemas que afecten a intereses comunes de los ayuntamientos mancomunados.<\/p>\n<p>En la actualidad, la Mancomunidad de Servicios Generales de Malerreka est\u00e1 integrada por todos los ayuntamientos de los valles de Malerreka y Bertizarana. Estos son los ayuntamientos que la conforman: Beintza-Labaien, Bertizarana, Donamaria, Doneztebe, Elgorriaga, Eratsun, Ezkurra, Ituren, Oitz, Saldias, Sunbilla, Urrotz y Zubieta. En total la comarca de Malerreka abarca una superficie de 305.5 km2, y viven m\u00e1s de 5.700 personas.<\/p>\n<p>A trav\u00e9s de esta p\u00e1gina queremos mantenerle permanentemente informado sobre cada uno de los programas, servicios y actuaciones que desarrolla esta entidad supra-municipal, adem\u00e1s de dar a conocer la estructura y organizaci\u00f3n interna de la Mancomunidad. Es esencial para el \u00f3ptimo funcionamiento de los servicios ofrecidos el esfuerzo en la transparencia y en la difusi\u00f3n de los servicios que esta Mancomunidad presta a sus usuarios.<\/p>\n<p>Queremos reafirmar una vez m\u00e1s la ilusi\u00f3n y empe\u00f1o que tanto el personal que trabaja en la Mancomunidad como los representantes municipales que formamos parte de esta instituci\u00f3n ponemos en la tarea cotidiana de mejorar los servicios que se prestan al conjunto de la poblaci\u00f3n de Malerreka.<\/p>\n<div class=\"art-content-layout\">\n<div class=\"art-content-layout-row\">\n<div class=\"art-layout-cell art-content\">\n<div id=\"node-3\" class=\"node\">\n<div class=\"art-post\">\n<div class=\"art-post-body\">\n<div class=\"art-post-inner\">\n<div class=\"art-postcontent\">\n<div class=\"art-article\">\n<p class=\"rtecenter\" style=\"text-align: center;\"><span style=\"color: #000000;\"><span lang=\"EU\">Jon Telletxea Juanenea<\/span><\/span><\/p>\n<p class=\"rtecenter\" style=\"text-align: center;\"><span style=\"color: #000000;\"><span lang=\"EU\">Presidente de la Mancomunidad de Servicios Generales de Malerreka<\/span><\/span><\/p>\n<\/div>\n<\/div>\n<div class=\"cleared\"><\/div>\n<\/div>\n<\/div>\n<\/div>\n<\/div>\n<\/div>\n<\/div>\n<\/div>\n<div class=\"cleared\"><\/div>\n<div id=\"banner6\">\n<div id=\"banner6-block-6\">\n<div class=\"content\"><\/div>\n<\/div>\n<\/div>\n","protected":false},"excerpt":{"rendered":"<p>En Julio de 1993 mediante acuerdo de los ayuntamientos que conforman la comarca, se constituy\u00f3 la Mancomunidad de Servicios Generales de Malerreka para convertirla en lugar de encuentro de los Ayuntamientos y la organizaci\u00f3n y prestaci\u00f3n en forma asociada de cinco servicios p\u00fablicos: abastecimiento de agua en alta para los pueblos de Sunbilla, Doneztebe, Elgorriada, [&hellip;]<\/p>\n","protected":false},"author":2,"featured_media":0,"parent":0,"menu_order":2,"comment_status":"closed","ping_status":"closed","template":"","meta":{"footnotes":""},"class_list":["post-13","page","type-page","status-publish","hentry"],"yoast_head":"<!-- This site is optimized with the Yoast SEO plugin v22.3 - https:\/\/yoast.com\/wordpress\/plugins\/seo\/ -->\r\n<title>Mancomunidad - Mancomunidad de Malerreka<\/title>\r\n<meta name=\"robots\" content=\"index, follow, max-snippet:-1, max-image-preview:large, max-video-preview:-1\" \/>\r\n<link rel=\"canonical\" href=\"http:\/\/www.malerrekakomankomunitatea.eus\/es\/mancomunidad\/\" \/>\r\n<meta property=\"og:locale\" content=\"es_ES\" \/>\r\n<meta property=\"og:type\" content=\"article\" \/>\r\n<meta property=\"og:title\" content=\"Mancomunidad - Mancomunidad de Malerreka\" \/>\r\n<meta property=\"og:description\" content=\"En Julio de 1993 mediante acuerdo de los ayuntamientos que conforman la comarca, se constituy\u00f3 la Mancomunidad de Servicios Generales de Malerreka para convertirla en lugar de encuentro de los Ayuntamientos y la organizaci\u00f3n y prestaci\u00f3n en forma asociada de cinco servicios p\u00fablicos: abastecimiento de agua en alta para los pueblos de Sunbilla, Doneztebe, Elgorriada, [&hellip;]\" \/>\r\n<meta property=\"og:url\" content=\"http:\/\/www.malerrekakomankomunitatea.eus\/es\/mancomunidad\/\" \/>\r\n<meta property=\"og:site_name\" content=\"Mancomunidad de Malerreka\" \/>\r\n<meta property=\"article:modified_time\" content=\"2021-01-14T11:25:14+00:00\" \/>\r\n<meta name=\"twitter:card\" content=\"summary_large_image\" \/>\r\n<meta name=\"twitter:label1\" content=\"Tiempo de lectura\" \/>\n\t<meta name=\"twitter:data1\" content=\"2 minutos\" \/>\r\n<script type=\"application\/ld+json\" class=\"yoast-schema-graph\">{\"@context\":\"https:\/\/schema.org\",\"@graph\":[{\"@type\":\"WebPage\",\"@id\":\"http:\/\/www.malerrekakomankomunitatea.eus\/es\/mancomunidad\/\",\"url\":\"http:\/\/www.malerrekakomankomunitatea.eus\/es\/mancomunidad\/\",\"name\":\"Mancomunidad - Mancomunidad de Malerreka\",\"isPartOf\":{\"@id\":\"http:\/\/www.malerrekakomankomunitatea.eus\/es\/#website\"},\"datePublished\":\"2021-01-13T11:59:16+00:00\",\"dateModified\":\"2021-01-14T11:25:14+00:00\",\"breadcrumb\":{\"@id\":\"http:\/\/www.malerrekakomankomunitatea.eus\/es\/mancomunidad\/#breadcrumb\"},\"inLanguage\":\"es\",\"potentialAction\":[{\"@type\":\"ReadAction\",\"target\":[\"http:\/\/www.malerrekakomankomunitatea.eus\/es\/mancomunidad\/\"]}]},{\"@type\":\"BreadcrumbList\",\"@id\":\"http:\/\/www.malerrekakomankomunitatea.eus\/es\/mancomunidad\/#breadcrumb\",\"itemListElement\":[{\"@type\":\"ListItem\",\"position\":1,\"name\":\"Home\",\"item\":\"http:\/\/www.malerrekakomankomunitatea.eus\/es\/\"},{\"@type\":\"ListItem\",\"position\":2,\"name\":\"Mancomunidad\"}]},{\"@type\":\"WebSite\",\"@id\":\"http:\/\/www.malerrekakomankomunitatea.eus\/es\/#website\",\"url\":\"http:\/\/www.malerrekakomankomunitatea.eus\/es\/\",\"name\":\"Mancomunidad de Malerreka\",\"description\":\"P\u00e1gina principal de la Mancomunidad de Servicios Generales de Malerreka\",\"potentialAction\":[{\"@type\":\"SearchAction\",\"target\":{\"@type\":\"EntryPoint\",\"urlTemplate\":\"http:\/\/www.malerrekakomankomunitatea.eus\/es\/?s={search_term_string}\"},\"query-input\":\"required name=search_term_string\"}],\"inLanguage\":\"es\"}]}<\/script>\r\n<!-- \/ Yoast SEO plugin. -->","yoast_head_json":{"title":"Mancomunidad - Mancomunidad de Malerreka","robots":{"index":"index","follow":"follow","max-snippet":"max-snippet:-1","max-image-preview":"max-image-preview:large","max-video-preview":"max-video-preview:-1"},"canonical":"http:\/\/www.malerrekakomankomunitatea.eus\/es\/mancomunidad\/","og_locale":"es_ES","og_type":"article","og_title":"Mancomunidad - Mancomunidad de Malerreka","og_description":"En Julio de 1993 mediante acuerdo de los ayuntamientos que conforman la comarca, se constituy\u00f3 la Mancomunidad de Servicios Generales de Malerreka para convertirla en lugar de encuentro de los Ayuntamientos y la organizaci\u00f3n y prestaci\u00f3n en forma asociada de cinco servicios p\u00fablicos: abastecimiento de agua en alta para los pueblos de Sunbilla, Doneztebe, Elgorriada, [&hellip;]","og_url":"http:\/\/www.malerrekakomankomunitatea.eus\/es\/mancomunidad\/","og_site_name":"Mancomunidad de Malerreka","article_modified_time":"2021-01-14T11:25:14+00:00","twitter_card":"summary_large_image","twitter_misc":{"Tiempo de lectura":"2 minutos"},"schema":{"@context":"https:\/\/schema.org","@graph":[{"@type":"WebPage","@id":"http:\/\/www.malerrekakomankomunitatea.eus\/es\/mancomunidad\/","url":"http:\/\/www.malerrekakomankomunitatea.eus\/es\/mancomunidad\/","name":"Mancomunidad - Mancomunidad de Malerreka","isPartOf":{"@id":"http:\/\/www.malerrekakomankomunitatea.eus\/es\/#website"},"datePublished":"2021-01-13T11:59:16+00:00","dateModified":"2021-01-14T11:25:14+00:00","breadcrumb":{"@id":"http:\/\/www.malerrekakomankomunitatea.eus\/es\/mancomunidad\/#breadcrumb"},"inLanguage":"es","potentialAction":[{"@type":"ReadAction","target":["http:\/\/www.malerrekakomankomunitatea.eus\/es\/mancomunidad\/"]}]},{"@type":"BreadcrumbList","@id":"http:\/\/www.malerrekakomankomunitatea.eus\/es\/mancomunidad\/#breadcrumb","itemListElement":[{"@type":"ListItem","position":1,"name":"Home","item":"http:\/\/www.malerrekakomankomunitatea.eus\/es\/"},{"@type":"ListItem","position":2,"name":"Mancomunidad"}]},{"@type":"WebSite","@id":"http:\/\/www.malerrekakomankomunitatea.eus\/es\/#website","url":"http:\/\/www.malerrekakomankomunitatea.eus\/es\/","name":"Mancomunidad de Malerreka","description":"P\u00e1gina principal de la Mancomunidad de Servicios Generales de Malerreka","potentialAction":[{"@type":"SearchAction","target":{"@type":"EntryPoint","urlTemplate":"http:\/\/www.malerrekakomankomunitatea.eus\/es\/?s={search_term_string}"},"query-input":"required name=search_term_string"}],"inLanguage":"es"}]}},"_links":{"self":[{"href":"http:\/\/www.malerrekakomankomunitatea.eus\/es\/wp-json\/wp\/v2\/pages\/13","targetHints":{"allow":["GET"]}}],"collection":[{"href":"http:\/\/www.malerrekakomankomunitatea.eus\/es\/wp-json\/wp\/v2\/pages"}],"about":[{"href":"http:\/\/www.malerrekakomankomunitatea.eus\/es\/wp-json\/wp\/v2\/types\/page"}],"author":[{"embeddable":true,"href":"http:\/\/www.malerrekakomankomunitatea.eus\/es\/wp-json\/wp\/v2\/users\/2"}],"replies":[{"embeddable":true,"href":"http:\/\/www.malerrekakomankomunitatea.eus\/es\/wp-json\/wp\/v2\/comments?post=13"}],"version-history":[{"count":2,"href":"http:\/\/www.malerrekakomankomunitatea.eus\/es\/wp-json\/wp\/v2\/pages\/13\/revisions"}],"predecessor-version":[{"id":225,"href":"http:\/\/www.malerrekakomankomunitatea.eus\/es\/wp-json\/wp\/v2\/pages\/13\/revisions\/225"}],"wp:attachment":[{"href":"http:\/\/www.malerrekakomankomunitatea.eus\/es\/wp-json\/wp\/v2\/media?parent=13"}],"curies":[{"name":"wp","href":"https:\/\/api.w.org\/{rel}","templated":true}]}}