{"id":1480,"date":"2022-07-22T09:49:41","date_gmt":"2022-07-22T07:49:41","guid":{"rendered":"http:\/\/www.malerrekakomankomunitatea.eus\/?page_id=1480"},"modified":"2024-04-05T13:54:54","modified_gmt":"2024-04-05T11:54:54","slug":"las-lenguas-de-malerreka","status":"publish","type":"page","link":"http:\/\/www.malerrekakomankomunitatea.eus\/es\/euskera\/las-lenguas-de-malerreka\/","title":{"rendered":"Las lenguas de Malerreka"},"content":{"rendered":"<p><img loading=\"lazy\" decoding=\"async\" class=\"alignright\" src=\"http:\/\/www.malerrekakomankomunitatea.eus\/wp-content\/uploads\/2022\/07\/azala-214x300.png\" alt=\"\" width=\"253\" height=\"355\" \/><\/p>\n<p lang=\"es-ES\" align=\"JUSTIFY\">Tal y como nos da a conocer el t\u00edtulo de la gu\u00eda, en Malerreka hay m\u00e1s de una forma de hablar. Por eso, cuando hablemos sobre el euskera de la zona, lo haremos en plural: las lenguas de Malerreka.<\/p>\n<p lang=\"es-ES\" align=\"JUSTIFY\">La muga de los dialectos del euskera est\u00e1 situado en nuestras tierras: por un lado, <i>esan, <\/i>y, por otro lado, <i>erran (<\/i>las dos palabras significan<i> decir<\/i>). <i>Asko<\/i> en Saldias, pero <i>aunitz<\/i> en Sunbilla (quieren decir <i>mucho<\/i>). Al oeste de la muga de los dialectos <i>bost,<\/i> y al este, en cambio,<i> bortz <\/i>(quiere decir<i> cinco<\/i>). Esta gu\u00eda adem\u00e1s de recoger toda esa riqueza del euskera, tambi\u00e9n pretende dar ciertos consejos a la hora de utilizar el euskera propio en contextos formales o al escribir. No es extra\u00f1o que la gente deje su dialecto a un lado a la hora de escribir y que utilice otras formas m\u00e1s empleadas en el euskera batua. Pero muchas de las palabras que se utilizan al hablar tambi\u00e9n se pueden escribir, siempre y cuando se respeten las normas de Euskaltzaindia.<\/p>\n<p lang=\"es-ES\" align=\"JUSTIFY\">Por lo tanto, para aclarar dudas, aqu\u00ed ten\u00e9is la gu\u00eda para utilizar las lenguas de Malerreka en los formatos pdf y doc. De esa manera, cada uno puede usar el documento y adaptarlo como mejor le convenga:<\/p>\n<p>&nbsp;<\/p>\n<div style=\"height: 100px;\">\n<div style=\"float: left; width: 45%; text-align: right;\"><a class=\"class\" href=\"http:\/\/www.malerrekakomankomunitatea.eus\/euskara\/malerreka-aldeko-mintzoak\/malerrekaaldekomintzoa_interaktiboa\/\" target=\"_blank\" rel=\"noopener\"><img decoding=\"async\" src=\"http:\/\/www.malerrekakomankomunitatea.eus\/wp-content\/uploads\/2022\/07\/pdf-file-symbol-300x300.png\" alt=\"\" width=\"70\" \/><\/a><\/div>\n<div style=\"float: right; width: 45%; text-align: left;\"><a href=\"http:\/\/www.malerrekakomankomunitatea.eus\/malerrekaaldekomintzoa_idekia\/\"><img decoding=\"async\" src=\"http:\/\/www.malerrekakomankomunitatea.eus\/wp-content\/uploads\/2022\/07\/doc-symbol-300x300.png\" alt=\"\" width=\"70\" \/><\/a><\/div>\n<\/div>\n<p align=\"JUSTIFY\">Gidako zenbait kontzeptu erranguratsu ikus-entzunezko didaktikoen bidez ere azaldu ditugu. Hementxe harrapatuko dituzue bideo horiek:<\/p>\n<p><a href=\"https:\/\/www.youtube.com\/playlist?list=PLR_zj4ZnxD_sUZfbmKV7GPU7wF9bS06qM\"><img loading=\"lazy\" decoding=\"async\" class=\" wp-image-1474 aligncenter\" src=\"http:\/\/www.malerrekakomankomunitatea.eus\/wp-content\/uploads\/2022\/07\/toppng.com-youtube-icon-youtube-icon-logo-white-transparent-1230x1229-1-300x300.png\" alt=\"\" width=\"100\" height=\"100\" srcset=\"http:\/\/www.malerrekakomankomunitatea.eus\/wp-content\/uploads\/2022\/07\/toppng.com-youtube-icon-youtube-icon-logo-white-transparent-1230x1229-1-300x300.png 300w, http:\/\/www.malerrekakomankomunitatea.eus\/wp-content\/uploads\/2022\/07\/toppng.com-youtube-icon-youtube-icon-logo-white-transparent-1230x1229-1-150x150.png 150w, http:\/\/www.malerrekakomankomunitatea.eus\/wp-content\/uploads\/2022\/07\/toppng.com-youtube-icon-youtube-icon-logo-white-transparent-1230x1229-1-768x767.png 768w, http:\/\/www.malerrekakomankomunitatea.eus\/wp-content\/uploads\/2022\/07\/toppng.com-youtube-icon-youtube-icon-logo-white-transparent-1230x1229-1-780x779.png 780w, http:\/\/www.malerrekakomankomunitatea.eus\/wp-content\/uploads\/2022\/07\/toppng.com-youtube-icon-youtube-icon-logo-white-transparent-1230x1229-1-180x180.png 180w, http:\/\/www.malerrekakomankomunitatea.eus\/wp-content\/uploads\/2022\/07\/toppng.com-youtube-icon-youtube-icon-logo-white-transparent-1230x1229-1.png 835w\" sizes=\"auto, (max-width: 100px) 100vw, 100px\" \/><\/a><\/p>\n","protected":false},"excerpt":{"rendered":"<p>Tal y como nos da a conocer el t\u00edtulo de la gu\u00eda, en Malerreka hay m\u00e1s de una forma de hablar. Por eso, cuando hablemos sobre el euskera de la zona, lo haremos en plural: las lenguas de Malerreka. La muga de los dialectos del euskera est\u00e1 situado en nuestras tierras: por un lado, esan, [&hellip;]<\/p>\n","protected":false},"author":6,"featured_media":0,"parent":50,"menu_order":2,"comment_status":"closed","ping_status":"closed","template":"","meta":{"footnotes":""},"class_list":["post-1480","page","type-page","status-publish","hentry"],"yoast_head":"<!-- This site is optimized with the Yoast SEO plugin v22.3 - https:\/\/yoast.com\/wordpress\/plugins\/seo\/ -->\r\n<title>Las lenguas de Malerreka - Mancomunidad de Malerreka<\/title>\r\n<meta name=\"robots\" content=\"index, follow, max-snippet:-1, max-image-preview:large, max-video-preview:-1\" \/>\r\n<link rel=\"canonical\" href=\"http:\/\/www.malerrekakomankomunitatea.eus\/es\/euskera\/las-lenguas-de-malerreka\/\" \/>\r\n<meta property=\"og:locale\" content=\"es_ES\" \/>\r\n<meta property=\"og:type\" content=\"article\" \/>\r\n<meta property=\"og:title\" content=\"Las lenguas de Malerreka - Mancomunidad de Malerreka\" \/>\r\n<meta property=\"og:description\" content=\"Tal y como nos da a conocer el t\u00edtulo de la gu\u00eda, en Malerreka hay m\u00e1s de una forma de hablar. Por eso, cuando hablemos sobre el euskera de la zona, lo haremos en plural: las lenguas de Malerreka. La muga de los dialectos del euskera est\u00e1 situado en nuestras tierras: por un lado, esan, [&hellip;]\" \/>\r\n<meta property=\"og:url\" content=\"http:\/\/www.malerrekakomankomunitatea.eus\/es\/euskera\/las-lenguas-de-malerreka\/\" \/>\r\n<meta property=\"og:site_name\" content=\"Mancomunidad de Malerreka\" \/>\r\n<meta property=\"article:modified_time\" content=\"2024-04-05T11:54:54+00:00\" \/>\r\n<meta property=\"og:image\" content=\"http:\/\/www.malerrekakomankomunitatea.eus\/wp-content\/uploads\/2022\/07\/azala-214x300.png\" \/>\r\n<meta name=\"twitter:card\" content=\"summary_large_image\" \/>\r\n<meta name=\"twitter:label1\" content=\"Tiempo de lectura\" \/>\n\t<meta name=\"twitter:data1\" content=\"3 minutos\" \/>\r\n<script type=\"application\/ld+json\" class=\"yoast-schema-graph\">{\"@context\":\"https:\/\/schema.org\",\"@graph\":[{\"@type\":\"WebPage\",\"@id\":\"http:\/\/www.malerrekakomankomunitatea.eus\/es\/euskera\/las-lenguas-de-malerreka\/\",\"url\":\"http:\/\/www.malerrekakomankomunitatea.eus\/es\/euskera\/las-lenguas-de-malerreka\/\",\"name\":\"Las lenguas de Malerreka - Mancomunidad de Malerreka\",\"isPartOf\":{\"@id\":\"http:\/\/www.malerrekakomankomunitatea.eus\/es\/#website\"},\"primaryImageOfPage\":{\"@id\":\"http:\/\/www.malerrekakomankomunitatea.eus\/es\/euskera\/las-lenguas-de-malerreka\/#primaryimage\"},\"image\":{\"@id\":\"http:\/\/www.malerrekakomankomunitatea.eus\/es\/euskera\/las-lenguas-de-malerreka\/#primaryimage\"},\"thumbnailUrl\":\"http:\/\/www.malerrekakomankomunitatea.eus\/wp-content\/uploads\/2022\/07\/azala-214x300.png\",\"datePublished\":\"2022-07-22T07:49:41+00:00\",\"dateModified\":\"2024-04-05T11:54:54+00:00\",\"breadcrumb\":{\"@id\":\"http:\/\/www.malerrekakomankomunitatea.eus\/es\/euskera\/las-lenguas-de-malerreka\/#breadcrumb\"},\"inLanguage\":\"es\",\"potentialAction\":[{\"@type\":\"ReadAction\",\"target\":[\"http:\/\/www.malerrekakomankomunitatea.eus\/es\/euskera\/las-lenguas-de-malerreka\/\"]}]},{\"@type\":\"ImageObject\",\"inLanguage\":\"es\",\"@id\":\"http:\/\/www.malerrekakomankomunitatea.eus\/es\/euskera\/las-lenguas-de-malerreka\/#primaryimage\",\"url\":\"http:\/\/www.malerrekakomankomunitatea.eus\/wp-content\/uploads\/2022\/07\/azala.png\",\"contentUrl\":\"http:\/\/www.malerrekakomankomunitatea.eus\/wp-content\/uploads\/2022\/07\/azala.png\",\"width\":1277,\"height\":1790},{\"@type\":\"BreadcrumbList\",\"@id\":\"http:\/\/www.malerrekakomankomunitatea.eus\/es\/euskera\/las-lenguas-de-malerreka\/#breadcrumb\",\"itemListElement\":[{\"@type\":\"ListItem\",\"position\":1,\"name\":\"Home\",\"item\":\"http:\/\/www.malerrekakomankomunitatea.eus\/es\/\"},{\"@type\":\"ListItem\",\"position\":2,\"name\":\"Euskera\",\"item\":\"http:\/\/www.malerrekakomankomunitatea.eus\/es\/euskera\/\"},{\"@type\":\"ListItem\",\"position\":3,\"name\":\"Las lenguas de Malerreka\"}]},{\"@type\":\"WebSite\",\"@id\":\"http:\/\/www.malerrekakomankomunitatea.eus\/es\/#website\",\"url\":\"http:\/\/www.malerrekakomankomunitatea.eus\/es\/\",\"name\":\"Mancomunidad de Malerreka\",\"description\":\"P\u00e1gina principal de la Mancomunidad de Servicios Generales de Malerreka\",\"potentialAction\":[{\"@type\":\"SearchAction\",\"target\":{\"@type\":\"EntryPoint\",\"urlTemplate\":\"http:\/\/www.malerrekakomankomunitatea.eus\/es\/?s={search_term_string}\"},\"query-input\":\"required name=search_term_string\"}],\"inLanguage\":\"es\"}]}<\/script>\r\n<!-- \/ Yoast SEO plugin. -->","yoast_head_json":{"title":"Las lenguas de Malerreka - Mancomunidad de Malerreka","robots":{"index":"index","follow":"follow","max-snippet":"max-snippet:-1","max-image-preview":"max-image-preview:large","max-video-preview":"max-video-preview:-1"},"canonical":"http:\/\/www.malerrekakomankomunitatea.eus\/es\/euskera\/las-lenguas-de-malerreka\/","og_locale":"es_ES","og_type":"article","og_title":"Las lenguas de Malerreka - Mancomunidad de Malerreka","og_description":"Tal y como nos da a conocer el t\u00edtulo de la gu\u00eda, en Malerreka hay m\u00e1s de una forma de hablar. Por eso, cuando hablemos sobre el euskera de la zona, lo haremos en plural: las lenguas de Malerreka. La muga de los dialectos del euskera est\u00e1 situado en nuestras tierras: por un lado, esan, [&hellip;]","og_url":"http:\/\/www.malerrekakomankomunitatea.eus\/es\/euskera\/las-lenguas-de-malerreka\/","og_site_name":"Mancomunidad de Malerreka","article_modified_time":"2024-04-05T11:54:54+00:00","og_image":[{"url":"http:\/\/www.malerrekakomankomunitatea.eus\/wp-content\/uploads\/2022\/07\/azala-214x300.png"}],"twitter_card":"summary_large_image","twitter_misc":{"Tiempo de lectura":"3 minutos"},"schema":{"@context":"https:\/\/schema.org","@graph":[{"@type":"WebPage","@id":"http:\/\/www.malerrekakomankomunitatea.eus\/es\/euskera\/las-lenguas-de-malerreka\/","url":"http:\/\/www.malerrekakomankomunitatea.eus\/es\/euskera\/las-lenguas-de-malerreka\/","name":"Las lenguas de Malerreka - Mancomunidad de Malerreka","isPartOf":{"@id":"http:\/\/www.malerrekakomankomunitatea.eus\/es\/#website"},"primaryImageOfPage":{"@id":"http:\/\/www.malerrekakomankomunitatea.eus\/es\/euskera\/las-lenguas-de-malerreka\/#primaryimage"},"image":{"@id":"http:\/\/www.malerrekakomankomunitatea.eus\/es\/euskera\/las-lenguas-de-malerreka\/#primaryimage"},"thumbnailUrl":"http:\/\/www.malerrekakomankomunitatea.eus\/wp-content\/uploads\/2022\/07\/azala-214x300.png","datePublished":"2022-07-22T07:49:41+00:00","dateModified":"2024-04-05T11:54:54+00:00","breadcrumb":{"@id":"http:\/\/www.malerrekakomankomunitatea.eus\/es\/euskera\/las-lenguas-de-malerreka\/#breadcrumb"},"inLanguage":"es","potentialAction":[{"@type":"ReadAction","target":["http:\/\/www.malerrekakomankomunitatea.eus\/es\/euskera\/las-lenguas-de-malerreka\/"]}]},{"@type":"ImageObject","inLanguage":"es","@id":"http:\/\/www.malerrekakomankomunitatea.eus\/es\/euskera\/las-lenguas-de-malerreka\/#primaryimage","url":"http:\/\/www.malerrekakomankomunitatea.eus\/wp-content\/uploads\/2022\/07\/azala.png","contentUrl":"http:\/\/www.malerrekakomankomunitatea.eus\/wp-content\/uploads\/2022\/07\/azala.png","width":1277,"height":1790},{"@type":"BreadcrumbList","@id":"http:\/\/www.malerrekakomankomunitatea.eus\/es\/euskera\/las-lenguas-de-malerreka\/#breadcrumb","itemListElement":[{"@type":"ListItem","position":1,"name":"Home","item":"http:\/\/www.malerrekakomankomunitatea.eus\/es\/"},{"@type":"ListItem","position":2,"name":"Euskera","item":"http:\/\/www.malerrekakomankomunitatea.eus\/es\/euskera\/"},{"@type":"ListItem","position":3,"name":"Las lenguas de Malerreka"}]},{"@type":"WebSite","@id":"http:\/\/www.malerrekakomankomunitatea.eus\/es\/#website","url":"http:\/\/www.malerrekakomankomunitatea.eus\/es\/","name":"Mancomunidad de Malerreka","description":"P\u00e1gina principal de la Mancomunidad de Servicios Generales de Malerreka","potentialAction":[{"@type":"SearchAction","target":{"@type":"EntryPoint","urlTemplate":"http:\/\/www.malerrekakomankomunitatea.eus\/es\/?s={search_term_string}"},"query-input":"required name=search_term_string"}],"inLanguage":"es"}]}},"_links":{"self":[{"href":"http:\/\/www.malerrekakomankomunitatea.eus\/es\/wp-json\/wp\/v2\/pages\/1480","targetHints":{"allow":["GET"]}}],"collection":[{"href":"http:\/\/www.malerrekakomankomunitatea.eus\/es\/wp-json\/wp\/v2\/pages"}],"about":[{"href":"http:\/\/www.malerrekakomankomunitatea.eus\/es\/wp-json\/wp\/v2\/types\/page"}],"author":[{"embeddable":true,"href":"http:\/\/www.malerrekakomankomunitatea.eus\/es\/wp-json\/wp\/v2\/users\/6"}],"replies":[{"embeddable":true,"href":"http:\/\/www.malerrekakomankomunitatea.eus\/es\/wp-json\/wp\/v2\/comments?post=1480"}],"version-history":[{"count":7,"href":"http:\/\/www.malerrekakomankomunitatea.eus\/es\/wp-json\/wp\/v2\/pages\/1480\/revisions"}],"predecessor-version":[{"id":2094,"href":"http:\/\/www.malerrekakomankomunitatea.eus\/es\/wp-json\/wp\/v2\/pages\/1480\/revisions\/2094"}],"up":[{"embeddable":true,"href":"http:\/\/www.malerrekakomankomunitatea.eus\/es\/wp-json\/wp\/v2\/pages\/50"}],"wp:attachment":[{"href":"http:\/\/www.malerrekakomankomunitatea.eus\/es\/wp-json\/wp\/v2\/media?parent=1480"}],"curies":[{"name":"wp","href":"https:\/\/api.w.org\/{rel}","templated":true}]}}