{"id":1698,"date":"2023-03-09T11:53:54","date_gmt":"2023-03-09T10:53:54","guid":{"rendered":"http:\/\/www.malerrekakomankomunitatea.eus\/?page_id=1698"},"modified":"2025-04-11T10:42:10","modified_gmt":"2025-04-11T08:42:10","slug":"proceso-de-estabilizacion","status":"publish","type":"page","link":"http:\/\/www.malerrekakomankomunitatea.eus\/es\/proceso-de-estabilizacion\/","title":{"rendered":"Proceso de estabilizaci\u00f3n"},"content":{"rendered":"<p><a href=\"http:\/\/www.malerrekakomankomunitatea.eus\/wp-content\/uploads\/2023\/03\/Convocatoria.pdf\" class=\"mtli_attachment mtli_pdf\">Convocatoria<\/a><\/p>\n<p><a href=\"http:\/\/www.malerrekakomankomunitatea.eus\/wp-content\/uploads\/2023\/03\/2-2023-Ebazpena.-Epai-mahaiaren-izendapena-1.pdf\" class=\"mtli_attachment mtli_pdf\">2-2023 Ebazpena. Epai-mahaiaren izendapena<\/a><\/p>\n<p><a href=\"http:\/\/www.malerrekakomankomunitatea.eus\/wp-content\/uploads\/2023\/03\/5-2023-Ebazpena.-Onartuen-zerrenda-administrari-laguntzailea.pdf\" class=\"mtli_attachment mtli_pdf\">5-2023 Ebazpena. Onartuen zerrenda administrari laguntzailea<\/a><\/p>\n<p><a href=\"http:\/\/www.malerrekakomankomunitatea.eus\/wp-content\/uploads\/2023\/03\/6-2023-Ebazpena.-Onartuen-zerrenda-gizarte-langilea.pdf\" class=\"mtli_attachment mtli_pdf\">6-2023 Ebazpena. Onartuen zerrenda gizarte langilea<\/a><\/p>\n<p><a href=\"http:\/\/www.malerrekakomankomunitatea.eus\/wp-content\/uploads\/2023\/04\/7-2023-Ebazpena.-Onartuen-zerrenda-famili-langilea.pdf\" class=\"mtli_attachment mtli_pdf\">7-2023 Ebazpena. Onartuen zerrenda famili langilea<\/a><\/p>\n<p><a href=\"http:\/\/www.malerrekakomankomunitatea.eus\/wp-content\/uploads\/2023\/05\/Valoracion-provisional-Trabajador-social.pdf\" class=\"mtli_attachment mtli_pdf\">Valoraci\u00f3n provisional &#8211; Trabajador social<\/a><\/p>\n<p><a href=\"http:\/\/www.malerrekakomankomunitatea.eus\/wp-content\/uploads\/2023\/05\/Valoracion-provisional-Auxiliar-administrativo.pdf\" class=\"mtli_attachment mtli_pdf\">Valoraci\u00f3n provisional &#8211; Auxiliar administrativo<\/a><\/p>\n<p><a href=\"http:\/\/www.malerrekakomankomunitatea.eus\/wp-content\/uploads\/2023\/06\/Valoracion-definitiva-Trabajador-social.pdf\" class=\"mtli_attachment mtli_pdf\">Valoraci\u00f3n definitiva &#8211; Trabajador social<\/a><\/p>\n<p><a href=\"http:\/\/www.malerrekakomankomunitatea.eus\/wp-content\/uploads\/2023\/06\/Valoracion-definitiva-Auxiliar-administrativo.pdf\" class=\"mtli_attachment mtli_pdf\">Valoraci\u00f3n definitiva &#8211; Auxiliar administrativo<\/a><\/p>\n<p><a href=\"http:\/\/www.malerrekakomankomunitatea.eus\/wp-content\/uploads\/2023\/06\/Propuesta-de-nombramiento-Trabajador-social.pdf\" class=\"mtli_attachment mtli_pdf\">Propuesta de nombramiento &#8211; Trabajador social<\/a><\/p>\n<p><a href=\"http:\/\/www.malerrekakomankomunitatea.eus\/wp-content\/uploads\/2023\/06\/Propuesta-de-nombramiento-Auxiliar-administrativo.pdf\" class=\"mtli_attachment mtli_pdf\">Propuesta de nombramiento &#8211; Auxiliar administrativo<\/a><\/p>\n<p><a href=\"http:\/\/www.malerrekakomankomunitatea.eus\/wp-content\/uploads\/2024\/09\/Izendapena-Administrari-laguntzailea-eta-gizarte-langilea.pdf\" class=\"mtli_attachment mtli_pdf\">Nombramiento &#8211; Auxiliar administrativo y trabajador social <\/a><\/p>\n<p><a href=\"http:\/\/www.malerrekakomankomunitatea.eus\/wp-content\/uploads\/2024\/09\/Decreto_N_10_de_25092024_EGONKORTZE_PROZESU_BEREZITIK_BAZTERTZEAEXCLUSION_DEL_PROCEDIMIENTO_EXTRAORD.pdf\" class=\"mtli_attachment mtli_pdf\">Resoluci\u00f3n 10-2024. Exclusi\u00f3n del proceso de estabilizaci\u00f3n <\/a><\/p>\n<p><a href=\"http:\/\/www.malerrekakomankomunitatea.eus\/wp-content\/uploads\/2024\/10\/FAMILI-LANGILE-MEREZIMEND.BEHIN-BEHINEKO-BALORAZ-AKTA_signed-1.pdf\" class=\"mtli_attachment mtli_pdf\">Valoraci\u00f3n provisional &#8211; Trabajador familiar <\/a><\/p>\n<p><a href=\"http:\/\/www.malerrekakomankomunitatea.eus\/wp-content\/uploads\/2024\/10\/BEHIN-BETIKO-BALORAZIOA-AKTA-FAMILI-LANGILEAK_signed.pdf\" class=\"mtli_attachment mtli_pdf\">Resultado de la valoraci\u00f3n definitiva de m\u00e9ritos y plazo para acreditar requisitos (hasta el <strong>07-11-2024<\/strong>)<\/a><\/p>\n<p><a href=\"http:\/\/www.malerrekakomankomunitatea.eus\/wp-content\/uploads\/2024\/11\/FAMILI-LANGILE-LANPOSTU-HUTSAK-HAUTATZEA_signed.pdf\" class=\"mtli_attachment mtli_pdf\">Elecci\u00f3n de vacantes &#8211; Trabajador familiar<\/a><\/p>\n<p><a href=\"http:\/\/www.malerrekakomankomunitatea.eus\/wp-content\/uploads\/2024\/11\/FAMILIA-LANGILE-IZENDAPEN-PROPOSAMENA_signed.pdf\" class=\"mtli_attachment mtli_pdf\">Propuesta de nombramiento &#8211; Trabajador familiar<\/a><\/p>\n<p><a href=\"http:\/\/www.malerrekakomankomunitatea.eus\/wp-content\/uploads\/2024\/12\/NOMBRAMIENTOS-TRABAJADOR-FAMILIAR-Anuncio-Boletin-Oficial-de-Navarra.pdf\" class=\"mtli_attachment mtli_pdf\">Nombramientos &#8211; Trabajador familiar <\/a><\/p>\n<p><a href=\"http:\/\/www.malerrekakomankomunitatea.eus\/wp-content\/uploads\/2024\/12\/Acreditacion-requisitos-y-vacantes-complementario_signed.pdf\" class=\"mtli_attachment mtli_pdf\">Acreditaci\u00f3n de requisitos y elecci\u00f3n de vacantes &#8211; Acta complementaria &#8211; Trabajador familiar<\/a><\/p>\n<p><a href=\"http:\/\/www.malerrekakomankomunitatea.eus\/wp-content\/uploads\/2025\/01\/ALDI-BATERAKO-ESTAB.PROZESUA-EZ-OHIKO_signed.pdf\" class=\"mtli_attachment mtli_pdf\">Propuesta de nombramiento &#8211; Acta complementaria &#8211; Trabajador familiar<\/a><\/p>\n<p><a href=\"http:\/\/www.malerrekakomankomunitatea.eus\/wp-content\/uploads\/2025\/04\/Anuncio-BON-Nombramientos-complementarios.pdf\" class=\"mtli_attachment mtli_pdf\">Nombramientos complementarios &#8211; Trabajador familiar<\/a><\/p>\n","protected":false},"excerpt":{"rendered":"<p>Convocatoria 2-2023 Ebazpena. Epai-mahaiaren izendapena 5-2023 Ebazpena. Onartuen zerrenda administrari laguntzailea 6-2023 Ebazpena. Onartuen zerrenda gizarte langilea 7-2023 Ebazpena. Onartuen zerrenda famili langilea Valoraci\u00f3n provisional &#8211; Trabajador social Valoraci\u00f3n provisional &#8211; Auxiliar administrativo Valoraci\u00f3n definitiva &#8211; Trabajador social Valoraci\u00f3n definitiva &#8211; Auxiliar administrativo Propuesta de nombramiento &#8211; Trabajador social Propuesta de nombramiento &#8211; Auxiliar administrativo [&hellip;]<\/p>\n","protected":false},"author":3,"featured_media":0,"parent":0,"menu_order":2,"comment_status":"closed","ping_status":"closed","template":"","meta":{"footnotes":""},"class_list":["post-1698","page","type-page","status-publish","hentry"],"yoast_head":"<!-- This site is optimized with the Yoast SEO plugin v22.3 - https:\/\/yoast.com\/wordpress\/plugins\/seo\/ -->\r\n<title>Proceso de estabilizaci\u00f3n - Mancomunidad de Malerreka<\/title>\r\n<meta name=\"robots\" content=\"index, follow, max-snippet:-1, max-image-preview:large, max-video-preview:-1\" \/>\r\n<link rel=\"canonical\" href=\"http:\/\/www.malerrekakomankomunitatea.eus\/es\/proceso-de-estabilizacion\/\" \/>\r\n<meta property=\"og:locale\" content=\"es_ES\" \/>\r\n<meta property=\"og:type\" content=\"article\" \/>\r\n<meta property=\"og:title\" content=\"Proceso de estabilizaci\u00f3n - Mancomunidad de Malerreka\" \/>\r\n<meta property=\"og:description\" content=\"Convocatoria 2-2023 Ebazpena. Epai-mahaiaren izendapena 5-2023 Ebazpena. Onartuen zerrenda administrari laguntzailea 6-2023 Ebazpena. Onartuen zerrenda gizarte langilea 7-2023 Ebazpena. Onartuen zerrenda famili langilea Valoraci\u00f3n provisional &#8211; Trabajador social Valoraci\u00f3n provisional &#8211; Auxiliar administrativo Valoraci\u00f3n definitiva &#8211; Trabajador social Valoraci\u00f3n definitiva &#8211; Auxiliar administrativo Propuesta de nombramiento &#8211; Trabajador social Propuesta de nombramiento &#8211; Auxiliar administrativo [&hellip;]\" \/>\r\n<meta property=\"og:url\" content=\"http:\/\/www.malerrekakomankomunitatea.eus\/es\/proceso-de-estabilizacion\/\" \/>\r\n<meta property=\"og:site_name\" content=\"Mancomunidad de Malerreka\" \/>\r\n<meta property=\"article:modified_time\" content=\"2025-04-11T08:42:10+00:00\" \/>\r\n<meta name=\"twitter:card\" content=\"summary_large_image\" \/>\r\n<meta name=\"twitter:label1\" content=\"Tiempo de lectura\" \/>\n\t<meta name=\"twitter:data1\" content=\"1 minuto\" \/>\r\n<script type=\"application\/ld+json\" class=\"yoast-schema-graph\">{\"@context\":\"https:\/\/schema.org\",\"@graph\":[{\"@type\":\"WebPage\",\"@id\":\"http:\/\/www.malerrekakomankomunitatea.eus\/es\/proceso-de-estabilizacion\/\",\"url\":\"http:\/\/www.malerrekakomankomunitatea.eus\/es\/proceso-de-estabilizacion\/\",\"name\":\"Proceso de estabilizaci\u00f3n - Mancomunidad de Malerreka\",\"isPartOf\":{\"@id\":\"http:\/\/www.malerrekakomankomunitatea.eus\/es\/#website\"},\"datePublished\":\"2023-03-09T10:53:54+00:00\",\"dateModified\":\"2025-04-11T08:42:10+00:00\",\"breadcrumb\":{\"@id\":\"http:\/\/www.malerrekakomankomunitatea.eus\/es\/proceso-de-estabilizacion\/#breadcrumb\"},\"inLanguage\":\"es\",\"potentialAction\":[{\"@type\":\"ReadAction\",\"target\":[\"http:\/\/www.malerrekakomankomunitatea.eus\/es\/proceso-de-estabilizacion\/\"]}]},{\"@type\":\"BreadcrumbList\",\"@id\":\"http:\/\/www.malerrekakomankomunitatea.eus\/es\/proceso-de-estabilizacion\/#breadcrumb\",\"itemListElement\":[{\"@type\":\"ListItem\",\"position\":1,\"name\":\"Home\",\"item\":\"http:\/\/www.malerrekakomankomunitatea.eus\/es\/\"},{\"@type\":\"ListItem\",\"position\":2,\"name\":\"Proceso de estabilizaci\u00f3n\"}]},{\"@type\":\"WebSite\",\"@id\":\"http:\/\/www.malerrekakomankomunitatea.eus\/es\/#website\",\"url\":\"http:\/\/www.malerrekakomankomunitatea.eus\/es\/\",\"name\":\"Mancomunidad de Malerreka\",\"description\":\"P\u00e1gina principal de la Mancomunidad de Servicios Generales de Malerreka\",\"potentialAction\":[{\"@type\":\"SearchAction\",\"target\":{\"@type\":\"EntryPoint\",\"urlTemplate\":\"http:\/\/www.malerrekakomankomunitatea.eus\/es\/?s={search_term_string}\"},\"query-input\":\"required name=search_term_string\"}],\"inLanguage\":\"es\"}]}<\/script>\r\n<!-- \/ Yoast SEO plugin. -->","yoast_head_json":{"title":"Proceso de estabilizaci\u00f3n - Mancomunidad de Malerreka","robots":{"index":"index","follow":"follow","max-snippet":"max-snippet:-1","max-image-preview":"max-image-preview:large","max-video-preview":"max-video-preview:-1"},"canonical":"http:\/\/www.malerrekakomankomunitatea.eus\/es\/proceso-de-estabilizacion\/","og_locale":"es_ES","og_type":"article","og_title":"Proceso de estabilizaci\u00f3n - Mancomunidad de Malerreka","og_description":"Convocatoria 2-2023 Ebazpena. Epai-mahaiaren izendapena 5-2023 Ebazpena. Onartuen zerrenda administrari laguntzailea 6-2023 Ebazpena. Onartuen zerrenda gizarte langilea 7-2023 Ebazpena. Onartuen zerrenda famili langilea Valoraci\u00f3n provisional &#8211; Trabajador social Valoraci\u00f3n provisional &#8211; Auxiliar administrativo Valoraci\u00f3n definitiva &#8211; Trabajador social Valoraci\u00f3n definitiva &#8211; Auxiliar administrativo Propuesta de nombramiento &#8211; Trabajador social Propuesta de nombramiento &#8211; Auxiliar administrativo [&hellip;]","og_url":"http:\/\/www.malerrekakomankomunitatea.eus\/es\/proceso-de-estabilizacion\/","og_site_name":"Mancomunidad de Malerreka","article_modified_time":"2025-04-11T08:42:10+00:00","twitter_card":"summary_large_image","twitter_misc":{"Tiempo de lectura":"1 minuto"},"schema":{"@context":"https:\/\/schema.org","@graph":[{"@type":"WebPage","@id":"http:\/\/www.malerrekakomankomunitatea.eus\/es\/proceso-de-estabilizacion\/","url":"http:\/\/www.malerrekakomankomunitatea.eus\/es\/proceso-de-estabilizacion\/","name":"Proceso de estabilizaci\u00f3n - Mancomunidad de Malerreka","isPartOf":{"@id":"http:\/\/www.malerrekakomankomunitatea.eus\/es\/#website"},"datePublished":"2023-03-09T10:53:54+00:00","dateModified":"2025-04-11T08:42:10+00:00","breadcrumb":{"@id":"http:\/\/www.malerrekakomankomunitatea.eus\/es\/proceso-de-estabilizacion\/#breadcrumb"},"inLanguage":"es","potentialAction":[{"@type":"ReadAction","target":["http:\/\/www.malerrekakomankomunitatea.eus\/es\/proceso-de-estabilizacion\/"]}]},{"@type":"BreadcrumbList","@id":"http:\/\/www.malerrekakomankomunitatea.eus\/es\/proceso-de-estabilizacion\/#breadcrumb","itemListElement":[{"@type":"ListItem","position":1,"name":"Home","item":"http:\/\/www.malerrekakomankomunitatea.eus\/es\/"},{"@type":"ListItem","position":2,"name":"Proceso de estabilizaci\u00f3n"}]},{"@type":"WebSite","@id":"http:\/\/www.malerrekakomankomunitatea.eus\/es\/#website","url":"http:\/\/www.malerrekakomankomunitatea.eus\/es\/","name":"Mancomunidad de Malerreka","description":"P\u00e1gina principal de la Mancomunidad de Servicios Generales de Malerreka","potentialAction":[{"@type":"SearchAction","target":{"@type":"EntryPoint","urlTemplate":"http:\/\/www.malerrekakomankomunitatea.eus\/es\/?s={search_term_string}"},"query-input":"required name=search_term_string"}],"inLanguage":"es"}]}},"_links":{"self":[{"href":"http:\/\/www.malerrekakomankomunitatea.eus\/es\/wp-json\/wp\/v2\/pages\/1698","targetHints":{"allow":["GET"]}}],"collection":[{"href":"http:\/\/www.malerrekakomankomunitatea.eus\/es\/wp-json\/wp\/v2\/pages"}],"about":[{"href":"http:\/\/www.malerrekakomankomunitatea.eus\/es\/wp-json\/wp\/v2\/types\/page"}],"author":[{"embeddable":true,"href":"http:\/\/www.malerrekakomankomunitatea.eus\/es\/wp-json\/wp\/v2\/users\/3"}],"replies":[{"embeddable":true,"href":"http:\/\/www.malerrekakomankomunitatea.eus\/es\/wp-json\/wp\/v2\/comments?post=1698"}],"version-history":[{"count":28,"href":"http:\/\/www.malerrekakomankomunitatea.eus\/es\/wp-json\/wp\/v2\/pages\/1698\/revisions"}],"predecessor-version":[{"id":2425,"href":"http:\/\/www.malerrekakomankomunitatea.eus\/es\/wp-json\/wp\/v2\/pages\/1698\/revisions\/2425"}],"wp:attachment":[{"href":"http:\/\/www.malerrekakomankomunitatea.eus\/es\/wp-json\/wp\/v2\/media?parent=1698"}],"curies":[{"name":"wp","href":"https:\/\/api.w.org\/{rel}","templated":true}]}}