{"id":19,"date":"2021-01-13T12:59:59","date_gmt":"2021-01-13T11:59:59","guid":{"rendered":"http:\/\/www.malerreka.es\/?page_id=19"},"modified":"2021-01-14T12:39:38","modified_gmt":"2021-01-14T11:39:38","slug":"pueblos","status":"publish","type":"page","link":"http:\/\/www.malerrekakomankomunitatea.eus\/es\/mancomunidad\/pueblos\/","title":{"rendered":"Pueblos"},"content":{"rendered":"<p><strong>Mapa de malerreka<\/strong><\/p>\n<p>(Para obtener informaci\u00f3n de cada pueblo, selecci\u00f3nelo en el men\u00fa de la derecha)<\/p>\n<p><img loading=\"lazy\" decoding=\"async\" class=\"aligncenter wp-image-233 size-full\" src=\"http:\/\/www.malerreka.es\/wp-content\/uploads\/2021\/01\/mapa_malerreka_0.png\" alt=\"\" width=\"500\" height=\"361\" srcset=\"http:\/\/www.malerrekakomankomunitatea.eus\/wp-content\/uploads\/2021\/01\/mapa_malerreka_0.png 500w, http:\/\/www.malerrekakomankomunitatea.eus\/wp-content\/uploads\/2021\/01\/mapa_malerreka_0-300x217.png 300w, http:\/\/www.malerrekakomankomunitatea.eus\/wp-content\/uploads\/2021\/01\/mapa_malerreka_0-180x130.png 180w\" sizes=\"auto, (max-width: 500px) 100vw, 500px\" \/><\/p>\n","protected":false},"excerpt":{"rendered":"<p>Mapa de malerreka (Para obtener informaci\u00f3n de cada pueblo, selecci\u00f3nelo en el men\u00fa de la derecha)<\/p>\n","protected":false},"author":2,"featured_media":0,"parent":13,"menu_order":20,"comment_status":"closed","ping_status":"closed","template":"","meta":{"footnotes":""},"class_list":["post-19","page","type-page","status-publish","hentry"],"yoast_head":"<!-- This site is optimized with the Yoast SEO plugin v22.3 - https:\/\/yoast.com\/wordpress\/plugins\/seo\/ -->\r\n<title>Pueblos - Mancomunidad de Malerreka<\/title>\r\n<meta name=\"robots\" content=\"index, follow, max-snippet:-1, max-image-preview:large, max-video-preview:-1\" \/>\r\n<link rel=\"canonical\" href=\"http:\/\/www.malerrekakomankomunitatea.eus\/es\/mancomunidad\/pueblos\/\" \/>\r\n<meta property=\"og:locale\" content=\"es_ES\" \/>\r\n<meta property=\"og:type\" content=\"article\" \/>\r\n<meta property=\"og:title\" content=\"Pueblos - Mancomunidad de Malerreka\" \/>\r\n<meta property=\"og:description\" content=\"Mapa de malerreka (Para obtener informaci\u00f3n de cada pueblo, selecci\u00f3nelo en el men\u00fa de la derecha)\" \/>\r\n<meta property=\"og:url\" content=\"http:\/\/www.malerrekakomankomunitatea.eus\/es\/mancomunidad\/pueblos\/\" \/>\r\n<meta property=\"og:site_name\" content=\"Mancomunidad de Malerreka\" \/>\r\n<meta property=\"article:modified_time\" content=\"2021-01-14T11:39:38+00:00\" \/>\r\n<meta property=\"og:image\" content=\"http:\/\/www.malerreka.es\/wp-content\/uploads\/2021\/01\/mapa_malerreka_0.png\" \/>\r\n<meta name=\"twitter:card\" content=\"summary_large_image\" \/>\r\n<script type=\"application\/ld+json\" class=\"yoast-schema-graph\">{\"@context\":\"https:\/\/schema.org\",\"@graph\":[{\"@type\":\"WebPage\",\"@id\":\"http:\/\/www.malerrekakomankomunitatea.eus\/es\/mancomunidad\/pueblos\/\",\"url\":\"http:\/\/www.malerrekakomankomunitatea.eus\/es\/mancomunidad\/pueblos\/\",\"name\":\"Pueblos - Mancomunidad de Malerreka\",\"isPartOf\":{\"@id\":\"http:\/\/www.malerrekakomankomunitatea.eus\/es\/#website\"},\"primaryImageOfPage\":{\"@id\":\"http:\/\/www.malerrekakomankomunitatea.eus\/es\/mancomunidad\/pueblos\/#primaryimage\"},\"image\":{\"@id\":\"http:\/\/www.malerrekakomankomunitatea.eus\/es\/mancomunidad\/pueblos\/#primaryimage\"},\"thumbnailUrl\":\"http:\/\/www.malerreka.es\/wp-content\/uploads\/2021\/01\/mapa_malerreka_0.png\",\"datePublished\":\"2021-01-13T11:59:59+00:00\",\"dateModified\":\"2021-01-14T11:39:38+00:00\",\"breadcrumb\":{\"@id\":\"http:\/\/www.malerrekakomankomunitatea.eus\/es\/mancomunidad\/pueblos\/#breadcrumb\"},\"inLanguage\":\"es\",\"potentialAction\":[{\"@type\":\"ReadAction\",\"target\":[\"http:\/\/www.malerrekakomankomunitatea.eus\/es\/mancomunidad\/pueblos\/\"]}]},{\"@type\":\"ImageObject\",\"inLanguage\":\"es\",\"@id\":\"http:\/\/www.malerrekakomankomunitatea.eus\/es\/mancomunidad\/pueblos\/#primaryimage\",\"url\":\"http:\/\/www.malerrekakomankomunitatea.eus\/wp-content\/uploads\/2021\/01\/mapa_malerreka_0.png\",\"contentUrl\":\"http:\/\/www.malerrekakomankomunitatea.eus\/wp-content\/uploads\/2021\/01\/mapa_malerreka_0.png\",\"width\":500,\"height\":361},{\"@type\":\"BreadcrumbList\",\"@id\":\"http:\/\/www.malerrekakomankomunitatea.eus\/es\/mancomunidad\/pueblos\/#breadcrumb\",\"itemListElement\":[{\"@type\":\"ListItem\",\"position\":1,\"name\":\"Home\",\"item\":\"http:\/\/www.malerrekakomankomunitatea.eus\/es\/\"},{\"@type\":\"ListItem\",\"position\":2,\"name\":\"Mancomunidad\",\"item\":\"http:\/\/www.malerrekakomankomunitatea.eus\/es\/mancomunidad\/\"},{\"@type\":\"ListItem\",\"position\":3,\"name\":\"Pueblos\"}]},{\"@type\":\"WebSite\",\"@id\":\"http:\/\/www.malerrekakomankomunitatea.eus\/es\/#website\",\"url\":\"http:\/\/www.malerrekakomankomunitatea.eus\/es\/\",\"name\":\"Mancomunidad de Malerreka\",\"description\":\"P\u00e1gina principal de la Mancomunidad de Servicios Generales de Malerreka\",\"potentialAction\":[{\"@type\":\"SearchAction\",\"target\":{\"@type\":\"EntryPoint\",\"urlTemplate\":\"http:\/\/www.malerrekakomankomunitatea.eus\/es\/?s={search_term_string}\"},\"query-input\":\"required name=search_term_string\"}],\"inLanguage\":\"es\"}]}<\/script>\r\n<!-- \/ Yoast SEO plugin. -->","yoast_head_json":{"title":"Pueblos - Mancomunidad de Malerreka","robots":{"index":"index","follow":"follow","max-snippet":"max-snippet:-1","max-image-preview":"max-image-preview:large","max-video-preview":"max-video-preview:-1"},"canonical":"http:\/\/www.malerrekakomankomunitatea.eus\/es\/mancomunidad\/pueblos\/","og_locale":"es_ES","og_type":"article","og_title":"Pueblos - Mancomunidad de Malerreka","og_description":"Mapa de malerreka (Para obtener informaci\u00f3n de cada pueblo, selecci\u00f3nelo en el men\u00fa de la derecha)","og_url":"http:\/\/www.malerrekakomankomunitatea.eus\/es\/mancomunidad\/pueblos\/","og_site_name":"Mancomunidad de Malerreka","article_modified_time":"2021-01-14T11:39:38+00:00","og_image":[{"url":"http:\/\/www.malerreka.es\/wp-content\/uploads\/2021\/01\/mapa_malerreka_0.png"}],"twitter_card":"summary_large_image","schema":{"@context":"https:\/\/schema.org","@graph":[{"@type":"WebPage","@id":"http:\/\/www.malerrekakomankomunitatea.eus\/es\/mancomunidad\/pueblos\/","url":"http:\/\/www.malerrekakomankomunitatea.eus\/es\/mancomunidad\/pueblos\/","name":"Pueblos - Mancomunidad de Malerreka","isPartOf":{"@id":"http:\/\/www.malerrekakomankomunitatea.eus\/es\/#website"},"primaryImageOfPage":{"@id":"http:\/\/www.malerrekakomankomunitatea.eus\/es\/mancomunidad\/pueblos\/#primaryimage"},"image":{"@id":"http:\/\/www.malerrekakomankomunitatea.eus\/es\/mancomunidad\/pueblos\/#primaryimage"},"thumbnailUrl":"http:\/\/www.malerreka.es\/wp-content\/uploads\/2021\/01\/mapa_malerreka_0.png","datePublished":"2021-01-13T11:59:59+00:00","dateModified":"2021-01-14T11:39:38+00:00","breadcrumb":{"@id":"http:\/\/www.malerrekakomankomunitatea.eus\/es\/mancomunidad\/pueblos\/#breadcrumb"},"inLanguage":"es","potentialAction":[{"@type":"ReadAction","target":["http:\/\/www.malerrekakomankomunitatea.eus\/es\/mancomunidad\/pueblos\/"]}]},{"@type":"ImageObject","inLanguage":"es","@id":"http:\/\/www.malerrekakomankomunitatea.eus\/es\/mancomunidad\/pueblos\/#primaryimage","url":"http:\/\/www.malerrekakomankomunitatea.eus\/wp-content\/uploads\/2021\/01\/mapa_malerreka_0.png","contentUrl":"http:\/\/www.malerrekakomankomunitatea.eus\/wp-content\/uploads\/2021\/01\/mapa_malerreka_0.png","width":500,"height":361},{"@type":"BreadcrumbList","@id":"http:\/\/www.malerrekakomankomunitatea.eus\/es\/mancomunidad\/pueblos\/#breadcrumb","itemListElement":[{"@type":"ListItem","position":1,"name":"Home","item":"http:\/\/www.malerrekakomankomunitatea.eus\/es\/"},{"@type":"ListItem","position":2,"name":"Mancomunidad","item":"http:\/\/www.malerrekakomankomunitatea.eus\/es\/mancomunidad\/"},{"@type":"ListItem","position":3,"name":"Pueblos"}]},{"@type":"WebSite","@id":"http:\/\/www.malerrekakomankomunitatea.eus\/es\/#website","url":"http:\/\/www.malerrekakomankomunitatea.eus\/es\/","name":"Mancomunidad de Malerreka","description":"P\u00e1gina principal de la Mancomunidad de Servicios Generales de Malerreka","potentialAction":[{"@type":"SearchAction","target":{"@type":"EntryPoint","urlTemplate":"http:\/\/www.malerrekakomankomunitatea.eus\/es\/?s={search_term_string}"},"query-input":"required name=search_term_string"}],"inLanguage":"es"}]}},"_links":{"self":[{"href":"http:\/\/www.malerrekakomankomunitatea.eus\/es\/wp-json\/wp\/v2\/pages\/19","targetHints":{"allow":["GET"]}}],"collection":[{"href":"http:\/\/www.malerrekakomankomunitatea.eus\/es\/wp-json\/wp\/v2\/pages"}],"about":[{"href":"http:\/\/www.malerrekakomankomunitatea.eus\/es\/wp-json\/wp\/v2\/types\/page"}],"author":[{"embeddable":true,"href":"http:\/\/www.malerrekakomankomunitatea.eus\/es\/wp-json\/wp\/v2\/users\/2"}],"replies":[{"embeddable":true,"href":"http:\/\/www.malerrekakomankomunitatea.eus\/es\/wp-json\/wp\/v2\/comments?post=19"}],"version-history":[{"count":2,"href":"http:\/\/www.malerrekakomankomunitatea.eus\/es\/wp-json\/wp\/v2\/pages\/19\/revisions"}],"predecessor-version":[{"id":235,"href":"http:\/\/www.malerrekakomankomunitatea.eus\/es\/wp-json\/wp\/v2\/pages\/19\/revisions\/235"}],"up":[{"embeddable":true,"href":"http:\/\/www.malerrekakomankomunitatea.eus\/es\/wp-json\/wp\/v2\/pages\/13"}],"wp:attachment":[{"href":"http:\/\/www.malerrekakomankomunitatea.eus\/es\/wp-json\/wp\/v2\/media?parent=19"}],"curies":[{"name":"wp","href":"https:\/\/api.w.org\/{rel}","templated":true}]}}