{"id":2442,"date":"2025-05-27T11:23:30","date_gmt":"2025-05-27T09:23:30","guid":{"rendered":"http:\/\/www.malerrekakomankomunitatea.eus\/?page_id=2442"},"modified":"2025-08-18T15:05:36","modified_gmt":"2025-08-18T13:05:36","slug":"agente-de-igualdad-concurso-oposicion","status":"publish","type":"page","link":"http:\/\/www.malerrekakomankomunitatea.eus\/es\/agente-de-igualdad-concurso-oposicion\/","title":{"rendered":"Agente de Igualdad, Concurso-oposici\u00f3n"},"content":{"rendered":"<p>&nbsp;<\/p>\n<p><a href=\"http:\/\/www.malerrekakomankomunitatea.eus\/wp-content\/uploads\/2025\/05\/Anuncio-Boletin-Oficial-de-Navarra.pdf\" class=\"mtli_attachment mtli_pdf\">Anuncio &#8211; Bolet\u00edn Oficial de Navarra<\/a><\/p>\n<p><a href=\"http:\/\/www.malerrekakomankomunitatea.eus\/wp-content\/uploads\/2025\/05\/BERDINTASUN_AGENTEA_KONTRATATZEKO_DEIALDIA__CONVOCATORIA_PARA_LA_CONTRATACION_DE_AGENTE_DE_IGUALDAD_.pdf\" class=\"mtli_attachment mtli_pdf\">Bases de la convocatoria para la constituci\u00f3n, a trav\u00e9s de pruebas selectivas, de una lista de aspirantes a la contrataci\u00f3n temporal para la cobertura del puesto de trabajo de agente de igualdad<\/a><\/p>\n<p><a href=\"http:\/\/www.malerrekakomankomunitatea.eus\/wp-content\/uploads\/2025\/05\/Instancia-participacion.pdf\" class=\"mtli_attachment mtli_pdf\">Instancia participaci\u00f3n<\/a><\/p>\n<p><a href=\"http:\/\/www.malerrekakomankomunitatea.eus\/wp-content\/uploads\/2025\/06\/Decreto_N_8_de_24062025_ONARTU_ETA_BAZTERTUEN_BEHIN_BEHINEKO_ZERRENDAREN_ONESPENA__-_SEGRA_82205.pdf\" class=\"mtli_attachment mtli_pdf\">Lista provisional de personas admitidas y excluidas <\/a><\/p>\n<p><a href=\"http:\/\/www.malerrekakomankomunitatea.eus\/wp-content\/uploads\/2025\/07\/Decreto_N_9_de_08072025_ONARTU_ETA_BAZTERTUEN_BEHIN_BETIKO_ZERRENDAREN_ONESPENA__-_SEGRA_84123.pdf\" class=\"mtli_attachment mtli_pdf\">Lista definitiva de personas admitidas y excluidas <\/a><\/p>\n<p><a href=\"http:\/\/www.malerrekakomankomunitatea.eus\/wp-content\/uploads\/2025\/07\/BERDINTASUN_AGENTEA_KONTRATATZEKO_DEIALDIA__ARGIBIDEAK_-_SEFYCU_198654.pdf\" class=\"mtli_attachment mtli_pdf\">Aclaraciones sobre el temario <\/a><\/p>\n<p><a href=\"http:\/\/www.malerrekakomankomunitatea.eus\/wp-content\/uploads\/2025\/07\/LEHIAKETALDIKO_BEHIN_BEHINEKO_EMAITZAK__RESULTADOS_PROVISIONALES_DE_LA_FASE_DE_CONCURSO__-_SEFYCU_20.pdf\" class=\"mtli_attachment mtli_pdf\">Resultados provisionales de la fase de concurso<\/a><\/p>\n<p><a href=\"http:\/\/www.malerrekakomankomunitatea.eus\/wp-content\/uploads\/2025\/07\/BERDINTASUN_AGENTEA__AGENTE_DE_IGUADAD_Plika_zenbakiak_emaitzekin__Numero_de_plica_y_resultado_-_SEF.pdf\" class=\"mtli_attachment mtli_pdf\">N\u00famero de plica y resultados<\/a><\/p>\n<p><a href=\"http:\/\/www.malerrekakomankomunitatea.eus\/wp-content\/uploads\/2025\/07\/BERDINTASUN_AGENTEA__AGENTE_DE_IGUADAD_Lehiaketaldiko_emaitzak__Resultados_concurso_-_SEFYCU_202344.pdf\" class=\"mtli_attachment mtli_pdf\">Resultados definitivos de la fase de concurso<\/a><\/p>\n<p><a href=\"http:\/\/www.malerrekakomankomunitatea.eus\/wp-content\/uploads\/2025\/07\/BERDINTASUN_AGENTEA__AGENTE_DE_IGUADAD_Proben_behin_behineko_emaitzak__Resultados_provisionales_-_SE.pdf\" class=\"mtli_attachment mtli_pdf\">Resultados provisionales de la fase de oposici\u00f3n<\/a><\/p>\n<p><a href=\"http:\/\/www.malerrekakomankomunitatea.eus\/wp-content\/uploads\/2025\/08\/Oposizioaldiko_behin_betiko_emaitzak_eta_gainditutakoen_zerrenda__-_SEFYCU_207007.pdf\" class=\"mtli_attachment mtli_pdf\">Resultados definitivos de la fase de oposici\u00f3n y relaci\u00f3n de aspirantes aprobados<\/a><\/p>\n<p><a href=\"http:\/\/www.malerrekakomankomunitatea.eus\/wp-content\/uploads\/2025\/08\/Decreto_N_11_de_18082025_BERDINTASUN_AGENTEA_ALDI_BATERAKO_KONTRATAZIOETARAKO_ZERRENDA__LISTA_DE_CON.pdf\" class=\"mtli_attachment mtli_pdf\">Aprobaci\u00f3n de las listas de personas aspirantes a la contrataci\u00f3n temporal para la cobertura del puesto de trabajo de agente de igualdad<\/a><\/p>\n","protected":false},"excerpt":{"rendered":"<p>&nbsp; Anuncio &#8211; Bolet\u00edn Oficial de Navarra Bases de la convocatoria para la constituci\u00f3n, a trav\u00e9s de pruebas selectivas, de una lista de aspirantes a la contrataci\u00f3n temporal para la cobertura del puesto de trabajo de agente de igualdad Instancia participaci\u00f3n Lista provisional de personas admitidas y excluidas Lista definitiva de personas admitidas y excluidas [&hellip;]<\/p>\n","protected":false},"author":8,"featured_media":0,"parent":0,"menu_order":0,"comment_status":"closed","ping_status":"closed","template":"","meta":{"footnotes":""},"class_list":["post-2442","page","type-page","status-publish","hentry"],"yoast_head":"<!-- This site is optimized with the Yoast SEO plugin v22.3 - https:\/\/yoast.com\/wordpress\/plugins\/seo\/ -->\r\n<title>Agente de Igualdad, Concurso-oposici\u00f3n - Mancomunidad de Malerreka<\/title>\r\n<meta name=\"robots\" content=\"index, follow, max-snippet:-1, max-image-preview:large, max-video-preview:-1\" \/>\r\n<link rel=\"canonical\" href=\"http:\/\/www.malerrekakomankomunitatea.eus\/es\/agente-de-igualdad-concurso-oposicion\/\" \/>\r\n<meta property=\"og:locale\" content=\"es_ES\" \/>\r\n<meta property=\"og:type\" content=\"article\" \/>\r\n<meta property=\"og:title\" content=\"Agente de Igualdad, Concurso-oposici\u00f3n - Mancomunidad de Malerreka\" \/>\r\n<meta property=\"og:description\" content=\"&nbsp; Anuncio &#8211; Bolet\u00edn Oficial de Navarra Bases de la convocatoria para la constituci\u00f3n, a trav\u00e9s de pruebas selectivas, de una lista de aspirantes a la contrataci\u00f3n temporal para la cobertura del puesto de trabajo de agente de igualdad Instancia participaci\u00f3n Lista provisional de personas admitidas y excluidas Lista definitiva de personas admitidas y excluidas [&hellip;]\" \/>\r\n<meta property=\"og:url\" content=\"http:\/\/www.malerrekakomankomunitatea.eus\/es\/agente-de-igualdad-concurso-oposicion\/\" \/>\r\n<meta property=\"og:site_name\" content=\"Mancomunidad de Malerreka\" \/>\r\n<meta property=\"article:modified_time\" content=\"2025-08-18T13:05:36+00:00\" \/>\r\n<meta name=\"twitter:card\" content=\"summary_large_image\" \/>\r\n<meta name=\"twitter:label1\" content=\"Tiempo de lectura\" \/>\n\t<meta name=\"twitter:data1\" content=\"1 minuto\" \/>\r\n<script type=\"application\/ld+json\" class=\"yoast-schema-graph\">{\"@context\":\"https:\/\/schema.org\",\"@graph\":[{\"@type\":\"WebPage\",\"@id\":\"http:\/\/www.malerrekakomankomunitatea.eus\/es\/agente-de-igualdad-concurso-oposicion\/\",\"url\":\"http:\/\/www.malerrekakomankomunitatea.eus\/es\/agente-de-igualdad-concurso-oposicion\/\",\"name\":\"Agente de Igualdad, Concurso-oposici\u00f3n - Mancomunidad de Malerreka\",\"isPartOf\":{\"@id\":\"http:\/\/www.malerrekakomankomunitatea.eus\/es\/#website\"},\"datePublished\":\"2025-05-27T09:23:30+00:00\",\"dateModified\":\"2025-08-18T13:05:36+00:00\",\"breadcrumb\":{\"@id\":\"http:\/\/www.malerrekakomankomunitatea.eus\/es\/agente-de-igualdad-concurso-oposicion\/#breadcrumb\"},\"inLanguage\":\"es\",\"potentialAction\":[{\"@type\":\"ReadAction\",\"target\":[\"http:\/\/www.malerrekakomankomunitatea.eus\/es\/agente-de-igualdad-concurso-oposicion\/\"]}]},{\"@type\":\"BreadcrumbList\",\"@id\":\"http:\/\/www.malerrekakomankomunitatea.eus\/es\/agente-de-igualdad-concurso-oposicion\/#breadcrumb\",\"itemListElement\":[{\"@type\":\"ListItem\",\"position\":1,\"name\":\"Home\",\"item\":\"http:\/\/www.malerrekakomankomunitatea.eus\/es\/\"},{\"@type\":\"ListItem\",\"position\":2,\"name\":\"Agente de Igualdad, Concurso-oposici\u00f3n\"}]},{\"@type\":\"WebSite\",\"@id\":\"http:\/\/www.malerrekakomankomunitatea.eus\/es\/#website\",\"url\":\"http:\/\/www.malerrekakomankomunitatea.eus\/es\/\",\"name\":\"Mancomunidad de Malerreka\",\"description\":\"P\u00e1gina principal de la Mancomunidad de Servicios Generales de Malerreka\",\"potentialAction\":[{\"@type\":\"SearchAction\",\"target\":{\"@type\":\"EntryPoint\",\"urlTemplate\":\"http:\/\/www.malerrekakomankomunitatea.eus\/es\/?s={search_term_string}\"},\"query-input\":\"required name=search_term_string\"}],\"inLanguage\":\"es\"}]}<\/script>\r\n<!-- \/ Yoast SEO plugin. -->","yoast_head_json":{"title":"Agente de Igualdad, Concurso-oposici\u00f3n - Mancomunidad de Malerreka","robots":{"index":"index","follow":"follow","max-snippet":"max-snippet:-1","max-image-preview":"max-image-preview:large","max-video-preview":"max-video-preview:-1"},"canonical":"http:\/\/www.malerrekakomankomunitatea.eus\/es\/agente-de-igualdad-concurso-oposicion\/","og_locale":"es_ES","og_type":"article","og_title":"Agente de Igualdad, Concurso-oposici\u00f3n - Mancomunidad de Malerreka","og_description":"&nbsp; Anuncio &#8211; Bolet\u00edn Oficial de Navarra Bases de la convocatoria para la constituci\u00f3n, a trav\u00e9s de pruebas selectivas, de una lista de aspirantes a la contrataci\u00f3n temporal para la cobertura del puesto de trabajo de agente de igualdad Instancia participaci\u00f3n Lista provisional de personas admitidas y excluidas Lista definitiva de personas admitidas y excluidas [&hellip;]","og_url":"http:\/\/www.malerrekakomankomunitatea.eus\/es\/agente-de-igualdad-concurso-oposicion\/","og_site_name":"Mancomunidad de Malerreka","article_modified_time":"2025-08-18T13:05:36+00:00","twitter_card":"summary_large_image","twitter_misc":{"Tiempo de lectura":"1 minuto"},"schema":{"@context":"https:\/\/schema.org","@graph":[{"@type":"WebPage","@id":"http:\/\/www.malerrekakomankomunitatea.eus\/es\/agente-de-igualdad-concurso-oposicion\/","url":"http:\/\/www.malerrekakomankomunitatea.eus\/es\/agente-de-igualdad-concurso-oposicion\/","name":"Agente de Igualdad, Concurso-oposici\u00f3n - Mancomunidad de Malerreka","isPartOf":{"@id":"http:\/\/www.malerrekakomankomunitatea.eus\/es\/#website"},"datePublished":"2025-05-27T09:23:30+00:00","dateModified":"2025-08-18T13:05:36+00:00","breadcrumb":{"@id":"http:\/\/www.malerrekakomankomunitatea.eus\/es\/agente-de-igualdad-concurso-oposicion\/#breadcrumb"},"inLanguage":"es","potentialAction":[{"@type":"ReadAction","target":["http:\/\/www.malerrekakomankomunitatea.eus\/es\/agente-de-igualdad-concurso-oposicion\/"]}]},{"@type":"BreadcrumbList","@id":"http:\/\/www.malerrekakomankomunitatea.eus\/es\/agente-de-igualdad-concurso-oposicion\/#breadcrumb","itemListElement":[{"@type":"ListItem","position":1,"name":"Home","item":"http:\/\/www.malerrekakomankomunitatea.eus\/es\/"},{"@type":"ListItem","position":2,"name":"Agente de Igualdad, Concurso-oposici\u00f3n"}]},{"@type":"WebSite","@id":"http:\/\/www.malerrekakomankomunitatea.eus\/es\/#website","url":"http:\/\/www.malerrekakomankomunitatea.eus\/es\/","name":"Mancomunidad de Malerreka","description":"P\u00e1gina principal de la Mancomunidad de Servicios Generales de Malerreka","potentialAction":[{"@type":"SearchAction","target":{"@type":"EntryPoint","urlTemplate":"http:\/\/www.malerrekakomankomunitatea.eus\/es\/?s={search_term_string}"},"query-input":"required name=search_term_string"}],"inLanguage":"es"}]}},"_links":{"self":[{"href":"http:\/\/www.malerrekakomankomunitatea.eus\/es\/wp-json\/wp\/v2\/pages\/2442","targetHints":{"allow":["GET"]}}],"collection":[{"href":"http:\/\/www.malerrekakomankomunitatea.eus\/es\/wp-json\/wp\/v2\/pages"}],"about":[{"href":"http:\/\/www.malerrekakomankomunitatea.eus\/es\/wp-json\/wp\/v2\/types\/page"}],"author":[{"embeddable":true,"href":"http:\/\/www.malerrekakomankomunitatea.eus\/es\/wp-json\/wp\/v2\/users\/8"}],"replies":[{"embeddable":true,"href":"http:\/\/www.malerrekakomankomunitatea.eus\/es\/wp-json\/wp\/v2\/comments?post=2442"}],"version-history":[{"count":15,"href":"http:\/\/www.malerrekakomankomunitatea.eus\/es\/wp-json\/wp\/v2\/pages\/2442\/revisions"}],"predecessor-version":[{"id":2544,"href":"http:\/\/www.malerrekakomankomunitatea.eus\/es\/wp-json\/wp\/v2\/pages\/2442\/revisions\/2544"}],"wp:attachment":[{"href":"http:\/\/www.malerrekakomankomunitatea.eus\/es\/wp-json\/wp\/v2\/media?parent=2442"}],"curies":[{"name":"wp","href":"https:\/\/api.w.org\/{rel}","templated":true}]}}