{"id":2586,"date":"2025-10-07T10:49:59","date_gmt":"2025-10-07T08:49:59","guid":{"rendered":"http:\/\/www.malerrekakomankomunitatea.eus\/?page_id=2586"},"modified":"2026-03-20T14:42:49","modified_gmt":"2026-03-20T13:42:49","slug":"berdintasuna-2","status":"publish","type":"page","link":"http:\/\/www.malerrekakomankomunitatea.eus\/es\/berdintasuna-2\/","title":{"rendered":"Igualdad"},"content":{"rendered":"<p>El Servicio de Igualdad dise\u00f1a, planifica, gestiona y eval\u00faa las pol\u00edticas p\u00fablicas municipales de Igualdad de la mancomunidad.<\/p>\n<p>La misi\u00f3n de un \u00e1rea de igualdad en el \u00e1mbito local es el desarrollo de pol\u00edticas de igualdad para poner fin a las desigualdades y discriminaciones entre mujeres y hombres en todos los \u00e1mbitos de la vida, tanto p\u00fablicos, como privados.<\/p>\n<p>Tambi\u00e9n, sensibiliza, informa y asesora tanto a nivel interno (el propio personal de la Mancomunidad como municipal), como externo (ciudadan\u00eda, asociaciones y colectivos), en materia de igualdad de oportunidades.<\/p>\n<p><strong>T\u00e9cnica de Igualdad<\/strong>: Maite Elizondo San Martin<\/p>\n<p><u>Contacto:<\/u><\/p>\n<p><strong>Tel\u00e9fono<\/strong>:\u00a0 948 451 746 | 621 120 620<\/p>\n<p><strong>Email<\/strong>: <a href=\"mailto:berdintasuna@malerreka.eus\">berdintasuna@malerreka.eus<\/a><\/p>\n","protected":false},"excerpt":{"rendered":"<p>El Servicio de Igualdad dise\u00f1a, planifica, gestiona y eval\u00faa las pol\u00edticas p\u00fablicas municipales de Igualdad de la mancomunidad. La misi\u00f3n de un \u00e1rea de igualdad en el \u00e1mbito local es el desarrollo de pol\u00edticas de igualdad para poner fin a las desigualdades y discriminaciones entre mujeres y hombres en todos los \u00e1mbitos de la vida, [&hellip;]<\/p>\n","protected":false},"author":9,"featured_media":0,"parent":0,"menu_order":0,"comment_status":"closed","ping_status":"closed","template":"","meta":{"footnotes":""},"class_list":["post-2586","page","type-page","status-publish","hentry"],"yoast_head":"<!-- This site is optimized with the Yoast SEO plugin v22.3 - https:\/\/yoast.com\/wordpress\/plugins\/seo\/ -->\r\n<title>Igualdad - Mancomunidad de Malerreka<\/title>\r\n<meta name=\"robots\" content=\"index, follow, max-snippet:-1, max-image-preview:large, max-video-preview:-1\" \/>\r\n<link rel=\"canonical\" href=\"http:\/\/www.malerrekakomankomunitatea.eus\/es\/berdintasuna-2\/\" \/>\r\n<meta property=\"og:locale\" content=\"es_ES\" \/>\r\n<meta property=\"og:type\" content=\"article\" \/>\r\n<meta property=\"og:title\" content=\"Igualdad - Mancomunidad de Malerreka\" \/>\r\n<meta property=\"og:description\" content=\"El Servicio de Igualdad dise\u00f1a, planifica, gestiona y eval\u00faa las pol\u00edticas p\u00fablicas municipales de Igualdad de la mancomunidad. La misi\u00f3n de un \u00e1rea de igualdad en el \u00e1mbito local es el desarrollo de pol\u00edticas de igualdad para poner fin a las desigualdades y discriminaciones entre mujeres y hombres en todos los \u00e1mbitos de la vida, [&hellip;]\" \/>\r\n<meta property=\"og:url\" content=\"http:\/\/www.malerrekakomankomunitatea.eus\/es\/berdintasuna-2\/\" \/>\r\n<meta property=\"og:site_name\" content=\"Mancomunidad de Malerreka\" \/>\r\n<meta property=\"article:modified_time\" content=\"2026-03-20T13:42:49+00:00\" \/>\r\n<meta name=\"twitter:card\" content=\"summary_large_image\" \/>\r\n<meta name=\"twitter:label1\" content=\"Tiempo de lectura\" \/>\n\t<meta name=\"twitter:data1\" content=\"1 minuto\" \/>\r\n<script type=\"application\/ld+json\" class=\"yoast-schema-graph\">{\"@context\":\"https:\/\/schema.org\",\"@graph\":[{\"@type\":\"WebPage\",\"@id\":\"http:\/\/www.malerrekakomankomunitatea.eus\/es\/berdintasuna-2\/\",\"url\":\"http:\/\/www.malerrekakomankomunitatea.eus\/es\/berdintasuna-2\/\",\"name\":\"Igualdad - Mancomunidad de Malerreka\",\"isPartOf\":{\"@id\":\"http:\/\/www.malerrekakomankomunitatea.eus\/es\/#website\"},\"datePublished\":\"2025-10-07T08:49:59+00:00\",\"dateModified\":\"2026-03-20T13:42:49+00:00\",\"breadcrumb\":{\"@id\":\"http:\/\/www.malerrekakomankomunitatea.eus\/es\/berdintasuna-2\/#breadcrumb\"},\"inLanguage\":\"es\",\"potentialAction\":[{\"@type\":\"ReadAction\",\"target\":[\"http:\/\/www.malerrekakomankomunitatea.eus\/es\/berdintasuna-2\/\"]}]},{\"@type\":\"BreadcrumbList\",\"@id\":\"http:\/\/www.malerrekakomankomunitatea.eus\/es\/berdintasuna-2\/#breadcrumb\",\"itemListElement\":[{\"@type\":\"ListItem\",\"position\":1,\"name\":\"Home\",\"item\":\"http:\/\/www.malerrekakomankomunitatea.eus\/es\/\"},{\"@type\":\"ListItem\",\"position\":2,\"name\":\"Igualdad\"}]},{\"@type\":\"WebSite\",\"@id\":\"http:\/\/www.malerrekakomankomunitatea.eus\/es\/#website\",\"url\":\"http:\/\/www.malerrekakomankomunitatea.eus\/es\/\",\"name\":\"Mancomunidad de Malerreka\",\"description\":\"P\u00e1gina principal de la Mancomunidad de Servicios Generales de Malerreka\",\"potentialAction\":[{\"@type\":\"SearchAction\",\"target\":{\"@type\":\"EntryPoint\",\"urlTemplate\":\"http:\/\/www.malerrekakomankomunitatea.eus\/es\/?s={search_term_string}\"},\"query-input\":\"required name=search_term_string\"}],\"inLanguage\":\"es\"}]}<\/script>\r\n<!-- \/ Yoast SEO plugin. -->","yoast_head_json":{"title":"Igualdad - Mancomunidad de Malerreka","robots":{"index":"index","follow":"follow","max-snippet":"max-snippet:-1","max-image-preview":"max-image-preview:large","max-video-preview":"max-video-preview:-1"},"canonical":"http:\/\/www.malerrekakomankomunitatea.eus\/es\/berdintasuna-2\/","og_locale":"es_ES","og_type":"article","og_title":"Igualdad - Mancomunidad de Malerreka","og_description":"El Servicio de Igualdad dise\u00f1a, planifica, gestiona y eval\u00faa las pol\u00edticas p\u00fablicas municipales de Igualdad de la mancomunidad. La misi\u00f3n de un \u00e1rea de igualdad en el \u00e1mbito local es el desarrollo de pol\u00edticas de igualdad para poner fin a las desigualdades y discriminaciones entre mujeres y hombres en todos los \u00e1mbitos de la vida, [&hellip;]","og_url":"http:\/\/www.malerrekakomankomunitatea.eus\/es\/berdintasuna-2\/","og_site_name":"Mancomunidad de Malerreka","article_modified_time":"2026-03-20T13:42:49+00:00","twitter_card":"summary_large_image","twitter_misc":{"Tiempo de lectura":"1 minuto"},"schema":{"@context":"https:\/\/schema.org","@graph":[{"@type":"WebPage","@id":"http:\/\/www.malerrekakomankomunitatea.eus\/es\/berdintasuna-2\/","url":"http:\/\/www.malerrekakomankomunitatea.eus\/es\/berdintasuna-2\/","name":"Igualdad - Mancomunidad de Malerreka","isPartOf":{"@id":"http:\/\/www.malerrekakomankomunitatea.eus\/es\/#website"},"datePublished":"2025-10-07T08:49:59+00:00","dateModified":"2026-03-20T13:42:49+00:00","breadcrumb":{"@id":"http:\/\/www.malerrekakomankomunitatea.eus\/es\/berdintasuna-2\/#breadcrumb"},"inLanguage":"es","potentialAction":[{"@type":"ReadAction","target":["http:\/\/www.malerrekakomankomunitatea.eus\/es\/berdintasuna-2\/"]}]},{"@type":"BreadcrumbList","@id":"http:\/\/www.malerrekakomankomunitatea.eus\/es\/berdintasuna-2\/#breadcrumb","itemListElement":[{"@type":"ListItem","position":1,"name":"Home","item":"http:\/\/www.malerrekakomankomunitatea.eus\/es\/"},{"@type":"ListItem","position":2,"name":"Igualdad"}]},{"@type":"WebSite","@id":"http:\/\/www.malerrekakomankomunitatea.eus\/es\/#website","url":"http:\/\/www.malerrekakomankomunitatea.eus\/es\/","name":"Mancomunidad de Malerreka","description":"P\u00e1gina principal de la Mancomunidad de Servicios Generales de Malerreka","potentialAction":[{"@type":"SearchAction","target":{"@type":"EntryPoint","urlTemplate":"http:\/\/www.malerrekakomankomunitatea.eus\/es\/?s={search_term_string}"},"query-input":"required name=search_term_string"}],"inLanguage":"es"}]}},"_links":{"self":[{"href":"http:\/\/www.malerrekakomankomunitatea.eus\/es\/wp-json\/wp\/v2\/pages\/2586","targetHints":{"allow":["GET"]}}],"collection":[{"href":"http:\/\/www.malerrekakomankomunitatea.eus\/es\/wp-json\/wp\/v2\/pages"}],"about":[{"href":"http:\/\/www.malerrekakomankomunitatea.eus\/es\/wp-json\/wp\/v2\/types\/page"}],"author":[{"embeddable":true,"href":"http:\/\/www.malerrekakomankomunitatea.eus\/es\/wp-json\/wp\/v2\/users\/9"}],"replies":[{"embeddable":true,"href":"http:\/\/www.malerrekakomankomunitatea.eus\/es\/wp-json\/wp\/v2\/comments?post=2586"}],"version-history":[{"count":5,"href":"http:\/\/www.malerrekakomankomunitatea.eus\/es\/wp-json\/wp\/v2\/pages\/2586\/revisions"}],"predecessor-version":[{"id":2864,"href":"http:\/\/www.malerrekakomankomunitatea.eus\/es\/wp-json\/wp\/v2\/pages\/2586\/revisions\/2864"}],"wp:attachment":[{"href":"http:\/\/www.malerrekakomankomunitatea.eus\/es\/wp-json\/wp\/v2\/media?parent=2586"}],"curies":[{"name":"wp","href":"https:\/\/api.w.org\/{rel}","templated":true}]}}