{"id":2589,"date":"2025-10-07T10:51:27","date_gmt":"2025-10-07T08:51:27","guid":{"rendered":"http:\/\/www.malerrekakomankomunitatea.eus\/?page_id=2589"},"modified":"2025-10-08T09:09:35","modified_gmt":"2025-10-08T07:09:35","slug":"esparru-juridikoa","status":"publish","type":"page","link":"http:\/\/www.malerrekakomankomunitatea.eus\/es\/berdintasuna-2\/esparru-juridikoa\/","title":{"rendered":"Marco jur\u00eddico"},"content":{"rendered":"<h2><strong>Leyes<\/strong><\/h2>\n<p><strong>\u00c1mbito estatal<\/strong><\/p>\n<ol>\n<li>Ley Org\u00e1nica 1\/2004, de 28 de diciembre, de Medidas de Protecci\u00f3n Integral contra la Violencia contra las Mujeres: <a href=\"https:\/\/www.boe.es\/buscar\/pdf\/2004\/BOE-A-2004-21760-consolidado.pdf\" class=\"mtli_attachment mtli_pdf\" target=\"_blank\" rel=\"noopener\">https:\/\/www.boe.es\/buscar\/pdf\/2004\/BOE-A-2004-21760-consolidado.pdf<\/a><\/li>\n<li>Ley Org\u00e1nica 3\/2007, de 22 de marzo, para la igualdad efectiva de mujeres y hombres: <a href=\"https:\/\/www.boe.es\/diario_boe\/txt.php?id=BOE-A-2007-6115\" target=\"_blank\" rel=\"noopener\">https:\/\/www.boe.es\/diario_boe\/txt.php?id=BOE-A-2007-6115<\/a><\/li>\n<li>Ley Org\u00e1nica 10\/2022, de 6 de septiembre, de garant\u00eda integral de la libertad sexual: <a href=\"https:\/\/www.boe.es\/buscar\/act.php?id=BOE-A-2022-14630\" target=\"_blank\" rel=\"noopener\">BOE-A-2022-14630 Ley Org\u00e1nica 10\/2022, de 6 de septiembre, de garant\u00eda integral de la libertad sexual.<\/a><\/li>\n<li>Ley 4\/2023, de 28 de febrero, para la igualdad real y efectiva de las personas trans y para la garant\u00eda de los derechos de las personas LGTBI:<a href=\"https:\/\/www.boe.es\/buscar\/doc.php?id=BOE-A-2023-5366\" target=\"_blank\" rel=\"noopener\">BOE-A-2023-5366 Ley 4\/2023, de 28 de febrero, para la igualdad real y efectiva de las personas trans y para la garant\u00eda de los derechos de las personas LGTBI.<\/a><\/li>\n<\/ol>\n<p><strong>\u00c1mbito de la Comunidad Foral de Navarra<\/strong><\/p>\n<ol>\n<li>Ley Foral 14\/2015, de 10 de abril, para actuar contra la violencia hacia las mujeres: <a href=\"http:\/\/www.lexnavarra.navarra.es\/detalle.asp?r=35670\" target=\"_blank\" rel=\"noopener\">http:\/\/www.lexnavarra.navarra.es\/detalle.asp?r=35670<\/a><\/li>\n<li>Ley Foral 8\/2017, de 19 de junio, para la igualdad social de las personas LGTBI+: <a href=\"http:\/\/www.navarra.es\/home_es\/Actualidad\/BON\/Boletines\/2017\/124\/Anuncio-0\" target=\"_blank\" rel=\"noopener\">http:\/\/www.navarra.es\/home_es\/Actualidad\/BON\/Boletines\/2017\/124\/Anuncio-0<\/a><\/li>\n<li>Ley Foral 17\/2019, de 4 de abril, de igualdad entre Mujeres y hombres: <a href=\"https:\/\/www.lexnavarra.navarra.es\/detalle.asp?r=51447\" target=\"_blank\" rel=\"noopener\">Lexnavarra<\/a><\/li>\n<\/ol>\n<p><a href=\"https:\/\/www.igualdadnavarra.es\/uploads\/files\/ItinerarioInteractivoWebCast.pdf\" class=\"mtli_attachment mtli_pdf\" target=\"_blank\" rel=\"noopener\"><strong>Itinerario para la planificaci\u00f3n de la igualdad de las entidades locales de Navarra<\/strong><\/a><\/p>\n<h2><strong>Efem\u00e9rides<\/strong><\/h2>\n<p>&nbsp;<\/p>\n<p style=\"text-align: center;\">11 de febrero, <strong>D\u00eda Internacional de la Ni\u00f1a y la Mujer en la Ciencia<\/strong>.<\/p>\n<p style=\"text-align: center;\">8 de marzo, <strong>D\u00eda Internacional de las Mujeres<\/strong>.<\/p>\n<p style=\"text-align: center;\">31 de marzo, <strong>D\u00eda Internacional de la Visibilidad Trans.<\/strong><\/p>\n<p style=\"text-align: center;\">26 de abril, <strong>D\u00eda de la Visibilidad L\u00e9sbica.<\/strong><\/p>\n<p style=\"text-align: center;\">17 de mayo, <strong>D\u00eda Internacional contra la LGTBIQ+fobia.<\/strong><\/p>\n<p style=\"text-align: center;\">28 de junio,<strong> D\u00eda Internacional del Orgullo LGTBIQ+.<\/strong><\/p>\n<p style=\"text-align: center;\">15 de octubre, <strong>D\u00eda Internacional de las Mujeres Rurales.<\/strong><\/p>\n<p style=\"text-align: center;\">25 de noviembre, <strong>D\u00eda Internacional para la Eliminaci\u00f3n de la Violencia contra las Mujeres.<\/strong><\/p>\n<p>&nbsp;<\/p>\n","protected":false},"excerpt":{"rendered":"<p>Leyes \u00c1mbito estatal Ley Org\u00e1nica 1\/2004, de 28 de diciembre, de Medidas de Protecci\u00f3n Integral contra la Violencia contra las Mujeres: https:\/\/www.boe.es\/buscar\/pdf\/2004\/BOE-A-2004-21760-consolidado.pdf Ley Org\u00e1nica 3\/2007, de 22 de marzo, para la igualdad efectiva de mujeres y hombres: https:\/\/www.boe.es\/diario_boe\/txt.php?id=BOE-A-2007-6115 Ley Org\u00e1nica 10\/2022, de 6 de septiembre, de garant\u00eda integral de la libertad sexual: BOE-A-2022-14630 Ley Org\u00e1nica [&hellip;]<\/p>\n","protected":false},"author":9,"featured_media":0,"parent":2586,"menu_order":0,"comment_status":"closed","ping_status":"closed","template":"","meta":{"footnotes":""},"class_list":["post-2589","page","type-page","status-publish","hentry"],"yoast_head":"<!-- This site is optimized with the Yoast SEO plugin v22.3 - https:\/\/yoast.com\/wordpress\/plugins\/seo\/ -->\r\n<title>Marco jur\u00eddico - Mancomunidad de Malerreka<\/title>\r\n<meta name=\"robots\" content=\"index, follow, max-snippet:-1, max-image-preview:large, max-video-preview:-1\" \/>\r\n<link rel=\"canonical\" href=\"http:\/\/www.malerrekakomankomunitatea.eus\/es\/berdintasuna-2\/esparru-juridikoa\/\" \/>\r\n<meta property=\"og:locale\" content=\"es_ES\" \/>\r\n<meta property=\"og:type\" content=\"article\" \/>\r\n<meta property=\"og:title\" content=\"Marco jur\u00eddico - Mancomunidad de Malerreka\" \/>\r\n<meta property=\"og:description\" content=\"Leyes \u00c1mbito estatal Ley Org\u00e1nica 1\/2004, de 28 de diciembre, de Medidas de Protecci\u00f3n Integral contra la Violencia contra las Mujeres: https:\/\/www.boe.es\/buscar\/pdf\/2004\/BOE-A-2004-21760-consolidado.pdf Ley Org\u00e1nica 3\/2007, de 22 de marzo, para la igualdad efectiva de mujeres y hombres: https:\/\/www.boe.es\/diario_boe\/txt.php?id=BOE-A-2007-6115 Ley Org\u00e1nica 10\/2022, de 6 de septiembre, de garant\u00eda integral de la libertad sexual: BOE-A-2022-14630 Ley Org\u00e1nica [&hellip;]\" \/>\r\n<meta property=\"og:url\" content=\"http:\/\/www.malerrekakomankomunitatea.eus\/es\/berdintasuna-2\/esparru-juridikoa\/\" \/>\r\n<meta property=\"og:site_name\" content=\"Mancomunidad de Malerreka\" \/>\r\n<meta property=\"article:modified_time\" content=\"2025-10-08T07:09:35+00:00\" \/>\r\n<meta name=\"twitter:card\" content=\"summary_large_image\" \/>\r\n<meta name=\"twitter:label1\" content=\"Tiempo de lectura\" \/>\n\t<meta name=\"twitter:data1\" content=\"2 minutos\" \/>\r\n<script type=\"application\/ld+json\" class=\"yoast-schema-graph\">{\"@context\":\"https:\/\/schema.org\",\"@graph\":[{\"@type\":\"WebPage\",\"@id\":\"http:\/\/www.malerrekakomankomunitatea.eus\/es\/berdintasuna-2\/esparru-juridikoa\/\",\"url\":\"http:\/\/www.malerrekakomankomunitatea.eus\/es\/berdintasuna-2\/esparru-juridikoa\/\",\"name\":\"Marco jur\u00eddico - Mancomunidad de Malerreka\",\"isPartOf\":{\"@id\":\"http:\/\/www.malerrekakomankomunitatea.eus\/es\/#website\"},\"datePublished\":\"2025-10-07T08:51:27+00:00\",\"dateModified\":\"2025-10-08T07:09:35+00:00\",\"breadcrumb\":{\"@id\":\"http:\/\/www.malerrekakomankomunitatea.eus\/es\/berdintasuna-2\/esparru-juridikoa\/#breadcrumb\"},\"inLanguage\":\"es\",\"potentialAction\":[{\"@type\":\"ReadAction\",\"target\":[\"http:\/\/www.malerrekakomankomunitatea.eus\/es\/berdintasuna-2\/esparru-juridikoa\/\"]}]},{\"@type\":\"BreadcrumbList\",\"@id\":\"http:\/\/www.malerrekakomankomunitatea.eus\/es\/berdintasuna-2\/esparru-juridikoa\/#breadcrumb\",\"itemListElement\":[{\"@type\":\"ListItem\",\"position\":1,\"name\":\"Home\",\"item\":\"http:\/\/www.malerrekakomankomunitatea.eus\/es\/\"},{\"@type\":\"ListItem\",\"position\":2,\"name\":\"Igualdad\",\"item\":\"http:\/\/www.malerrekakomankomunitatea.eus\/es\/berdintasuna-2\/\"},{\"@type\":\"ListItem\",\"position\":3,\"name\":\"Marco jur\u00eddico\"}]},{\"@type\":\"WebSite\",\"@id\":\"http:\/\/www.malerrekakomankomunitatea.eus\/es\/#website\",\"url\":\"http:\/\/www.malerrekakomankomunitatea.eus\/es\/\",\"name\":\"Mancomunidad de Malerreka\",\"description\":\"P\u00e1gina principal de la Mancomunidad de Servicios Generales de Malerreka\",\"potentialAction\":[{\"@type\":\"SearchAction\",\"target\":{\"@type\":\"EntryPoint\",\"urlTemplate\":\"http:\/\/www.malerrekakomankomunitatea.eus\/es\/?s={search_term_string}\"},\"query-input\":\"required name=search_term_string\"}],\"inLanguage\":\"es\"}]}<\/script>\r\n<!-- \/ Yoast SEO plugin. -->","yoast_head_json":{"title":"Marco jur\u00eddico - Mancomunidad de Malerreka","robots":{"index":"index","follow":"follow","max-snippet":"max-snippet:-1","max-image-preview":"max-image-preview:large","max-video-preview":"max-video-preview:-1"},"canonical":"http:\/\/www.malerrekakomankomunitatea.eus\/es\/berdintasuna-2\/esparru-juridikoa\/","og_locale":"es_ES","og_type":"article","og_title":"Marco jur\u00eddico - Mancomunidad de Malerreka","og_description":"Leyes \u00c1mbito estatal Ley Org\u00e1nica 1\/2004, de 28 de diciembre, de Medidas de Protecci\u00f3n Integral contra la Violencia contra las Mujeres: https:\/\/www.boe.es\/buscar\/pdf\/2004\/BOE-A-2004-21760-consolidado.pdf Ley Org\u00e1nica 3\/2007, de 22 de marzo, para la igualdad efectiva de mujeres y hombres: https:\/\/www.boe.es\/diario_boe\/txt.php?id=BOE-A-2007-6115 Ley Org\u00e1nica 10\/2022, de 6 de septiembre, de garant\u00eda integral de la libertad sexual: BOE-A-2022-14630 Ley Org\u00e1nica [&hellip;]","og_url":"http:\/\/www.malerrekakomankomunitatea.eus\/es\/berdintasuna-2\/esparru-juridikoa\/","og_site_name":"Mancomunidad de Malerreka","article_modified_time":"2025-10-08T07:09:35+00:00","twitter_card":"summary_large_image","twitter_misc":{"Tiempo de lectura":"2 minutos"},"schema":{"@context":"https:\/\/schema.org","@graph":[{"@type":"WebPage","@id":"http:\/\/www.malerrekakomankomunitatea.eus\/es\/berdintasuna-2\/esparru-juridikoa\/","url":"http:\/\/www.malerrekakomankomunitatea.eus\/es\/berdintasuna-2\/esparru-juridikoa\/","name":"Marco jur\u00eddico - Mancomunidad de Malerreka","isPartOf":{"@id":"http:\/\/www.malerrekakomankomunitatea.eus\/es\/#website"},"datePublished":"2025-10-07T08:51:27+00:00","dateModified":"2025-10-08T07:09:35+00:00","breadcrumb":{"@id":"http:\/\/www.malerrekakomankomunitatea.eus\/es\/berdintasuna-2\/esparru-juridikoa\/#breadcrumb"},"inLanguage":"es","potentialAction":[{"@type":"ReadAction","target":["http:\/\/www.malerrekakomankomunitatea.eus\/es\/berdintasuna-2\/esparru-juridikoa\/"]}]},{"@type":"BreadcrumbList","@id":"http:\/\/www.malerrekakomankomunitatea.eus\/es\/berdintasuna-2\/esparru-juridikoa\/#breadcrumb","itemListElement":[{"@type":"ListItem","position":1,"name":"Home","item":"http:\/\/www.malerrekakomankomunitatea.eus\/es\/"},{"@type":"ListItem","position":2,"name":"Igualdad","item":"http:\/\/www.malerrekakomankomunitatea.eus\/es\/berdintasuna-2\/"},{"@type":"ListItem","position":3,"name":"Marco jur\u00eddico"}]},{"@type":"WebSite","@id":"http:\/\/www.malerrekakomankomunitatea.eus\/es\/#website","url":"http:\/\/www.malerrekakomankomunitatea.eus\/es\/","name":"Mancomunidad de Malerreka","description":"P\u00e1gina principal de la Mancomunidad de Servicios Generales de Malerreka","potentialAction":[{"@type":"SearchAction","target":{"@type":"EntryPoint","urlTemplate":"http:\/\/www.malerrekakomankomunitatea.eus\/es\/?s={search_term_string}"},"query-input":"required name=search_term_string"}],"inLanguage":"es"}]}},"_links":{"self":[{"href":"http:\/\/www.malerrekakomankomunitatea.eus\/es\/wp-json\/wp\/v2\/pages\/2589","targetHints":{"allow":["GET"]}}],"collection":[{"href":"http:\/\/www.malerrekakomankomunitatea.eus\/es\/wp-json\/wp\/v2\/pages"}],"about":[{"href":"http:\/\/www.malerrekakomankomunitatea.eus\/es\/wp-json\/wp\/v2\/types\/page"}],"author":[{"embeddable":true,"href":"http:\/\/www.malerrekakomankomunitatea.eus\/es\/wp-json\/wp\/v2\/users\/9"}],"replies":[{"embeddable":true,"href":"http:\/\/www.malerrekakomankomunitatea.eus\/es\/wp-json\/wp\/v2\/comments?post=2589"}],"version-history":[{"count":7,"href":"http:\/\/www.malerrekakomankomunitatea.eus\/es\/wp-json\/wp\/v2\/pages\/2589\/revisions"}],"predecessor-version":[{"id":2704,"href":"http:\/\/www.malerrekakomankomunitatea.eus\/es\/wp-json\/wp\/v2\/pages\/2589\/revisions\/2704"}],"up":[{"embeddable":true,"href":"http:\/\/www.malerrekakomankomunitatea.eus\/es\/wp-json\/wp\/v2\/pages\/2586"}],"wp:attachment":[{"href":"http:\/\/www.malerrekakomankomunitatea.eus\/es\/wp-json\/wp\/v2\/media?parent=2589"}],"curies":[{"name":"wp","href":"https:\/\/api.w.org\/{rel}","templated":true}]}}