{"id":2613,"date":"2025-10-07T10:56:59","date_gmt":"2025-10-07T08:56:59","guid":{"rendered":"http:\/\/www.malerrekakomankomunitatea.eus\/?page_id=2613"},"modified":"2026-02-25T13:34:29","modified_gmt":"2026-02-25T12:34:29","slug":"agenda-2","status":"publish","type":"page","link":"http:\/\/www.malerrekakomankomunitatea.eus\/es\/berdintasuna-2\/agenda-2\/","title":{"rendered":"Agenda"},"content":{"rendered":"<h4><strong><u>8 DE MARZO, D\u00cdA INTERNACIONAL DE LAS MUJERES<\/u><\/strong><\/h4>\n<p><strong>Actividades organizadas:\u00a0<\/strong><\/p>\n<p><img loading=\"lazy\" decoding=\"async\" class=\"alignnone size-medium wp-image-2836 aligncenter\" src=\"http:\/\/www.malerrekakomankomunitatea.eus\/wp-content\/uploads\/2026\/02\/M8_jarduerak-212x300.jpg\" alt=\"\" width=\"212\" height=\"300\" srcset=\"http:\/\/www.malerrekakomankomunitatea.eus\/wp-content\/uploads\/2026\/02\/M8_jarduerak-212x300.jpg 212w, http:\/\/www.malerrekakomankomunitatea.eus\/wp-content\/uploads\/2026\/02\/M8_jarduerak-180x255.jpg 180w, http:\/\/www.malerrekakomankomunitatea.eus\/wp-content\/uploads\/2026\/02\/M8_jarduerak-400x566.jpg 400w, http:\/\/www.malerrekakomankomunitatea.eus\/wp-content\/uploads\/2026\/02\/M8_jarduerak.jpg 596w\" sizes=\"auto, (max-width: 212px) 100vw, 212px\" \/><\/p>\n<h4><\/h4>\n<table style=\"border-collapse: collapse; width: 100%;\" border=\"1\">\n<tbody>\n<tr>\n<td style=\"width: 100%;\"><strong>27 de febrero, viernes<\/strong><\/td>\n<\/tr>\n<\/tbody>\n<\/table>\n<p>&nbsp;<\/p>\n<p><strong>Taller STEAM en homenaje a las mujeres cient\u00edficas \u2013 Ola Arafat.<\/strong><\/p>\n<div class=\"row\">\n<div class=\"col-md-12 col-xs-12\"><em>El taller est\u00e1 dirigido a ni\u00f1os y ni\u00f1as de entre 10 y 12 a\u00f1os con el objetivo de hacer visible la aportaci\u00f3n de las mujeres en el \u00e1mbito de la ciencia y la tecnolog\u00eda y romper con los estereotipos de g\u00e9nero. El taller, adem\u00e1s de fomentar el inter\u00e9s por la ciencia, pretende difundir los referentes de las mujeres cient\u00edficas entre los m\u00e1s j\u00f3venes<\/em>.<\/div>\n<div><\/div>\n<div class=\"col-md-12 col-xs-12\">\ud83d\udd5b Hora<strong>: 16:30-18:00<\/strong><\/div>\n<div><\/div>\n<div class=\"col-md-12 col-xs-12\">\ud83d\udccd Lugar: <strong>Biblioteca de Doneztebe\/Santesteban.\u00a0<\/strong><\/div>\n<\/div>\n<p>&nbsp;<\/p>\n<table style=\"border-collapse: collapse; width: 100%;\" border=\"1\">\n<tbody>\n<tr>\n<td style=\"width: 100%;\"><strong>3 de marzo, martes<\/strong><\/td>\n<\/tr>\n<\/tbody>\n<\/table>\n<p>&nbsp;<\/p>\n<p><strong>MESA REDONDA &#8211; Sesi\u00f3n de inspiraci\u00f3n y reflexi\u00f3n para la elaboraci\u00f3n del I Plan de Igualdad de la Mancomunidad de Malerreka.<\/strong><\/p>\n<div class=\"row\">\n<div class=\"col-md-12 col-xs-12\"><em>\u00bfQu\u00e9 han aprendido de las pol\u00edticas de igualdad en territorios de alrededor? Charla con las t\u00e9cnicas de igualdad de Baztan y Bortziriak.<\/em><\/div>\n<div><\/div>\n<div class=\"col-md-12 col-xs-12\">\ud83d\udd5b Hora<strong>: 19:00<\/strong><\/div>\n<div><\/div>\n<div class=\"col-md-12 col-xs-12\">\ud83d\udccd Lugar: <strong>Edificio del Servicio Navarro de Empleo.\u00a0<\/strong><\/div>\n<\/div>\n<p>&nbsp;<\/p>\n<p>&nbsp;<\/p>\n<table style=\"border-collapse: collapse; width: 100%;\" border=\"1\">\n<tbody>\n<tr>\n<td style=\"width: 100%;\"><strong>6 de marzo, viernes<\/strong><\/td>\n<\/tr>\n<\/tbody>\n<\/table>\n<p>&nbsp;<\/p>\n<p><strong>CONCENTRACI\u00d3N INSTITUCIONAL<\/strong><\/p>\n<p>El 8 de marzo es un d\u00eda para reivindicar la igualdad de mujeres y hombres y un modelo de sociedad igualitario. AC\u00c9RCATE Y MUESTRA TU COMPROMISO!!<\/p>\n<p>\ud83d\udd5b Hora: <strong>12:00<\/strong><\/p>\n<p>\ud83d\udccd Lugar: <strong>En la rotonda situada frente a la escuela San Miguel y el instituto Mendaur, Santesteban.<\/strong><\/p>\n<p>&nbsp;<\/p>\n<table style=\"border-collapse: collapse; width: 100%;\" border=\"1\">\n<tbody>\n<tr>\n<td style=\"width: 100%;\"><strong>8 de marzo, domingo<\/strong><\/td>\n<\/tr>\n<\/tbody>\n<\/table>\n<p>&nbsp;<\/p>\n<p><strong>Actividades en Ezkurra:\u00a0<\/strong><\/p>\n<p>\ud83d\udd5b Hora:<\/p>\n<ul>\n<li><strong>11:00 &#8211; Marcha por el monte.<\/strong><\/li>\n<li><strong>14:00 &#8211; Comida.\u00a0<\/strong><\/li>\n<li><strong>17:00 &#8211; <\/strong>Documental <strong>\u201cBularretik ehundutako aitortzak\u201d: <\/strong><em>Documental que recoge los testimonios de 5 mujeres que han sido diagnosticadas de c\u00e1ncer de mama.<\/em><\/li>\n<li><strong>18:30- Merienda y coloquio con las protagonistas<\/strong><\/li>\n<\/ul>\n<p>\ud83d\udccd Lugar: Ezkurra.<\/p>\n<p>&nbsp;<\/p>\n<p>&nbsp;<\/p>\n<h4><strong><u>25 DE NOVIEMBRE, D\u00cdA INTERNACIONAL PARA LA ELIMINACI\u00d3N DE LA VIOLENCIA HACIA LAS MUJERES<\/u><\/strong><\/h4>\n<p><strong>Actividades organizadas:\u00a0<\/strong><\/p>\n<p><img loading=\"lazy\" decoding=\"async\" class=\"alignnone size-medium wp-image-2766 aligncenter\" src=\"http:\/\/www.malerrekakomankomunitatea.eus\/wp-content\/uploads\/2025\/11\/A25_2025_JARDUERAK-212x300.jpg\" alt=\"\" width=\"212\" height=\"300\" srcset=\"http:\/\/www.malerrekakomankomunitatea.eus\/wp-content\/uploads\/2025\/11\/A25_2025_JARDUERAK-212x300.jpg 212w, http:\/\/www.malerrekakomankomunitatea.eus\/wp-content\/uploads\/2025\/11\/A25_2025_JARDUERAK-724x1024.jpg 724w, http:\/\/www.malerrekakomankomunitatea.eus\/wp-content\/uploads\/2025\/11\/A25_2025_JARDUERAK-768x1086.jpg 768w, http:\/\/www.malerrekakomankomunitatea.eus\/wp-content\/uploads\/2025\/11\/A25_2025_JARDUERAK-1086x1536.jpg 1086w, http:\/\/www.malerrekakomankomunitatea.eus\/wp-content\/uploads\/2025\/11\/A25_2025_JARDUERAK-780x1103.jpg 780w, http:\/\/www.malerrekakomankomunitatea.eus\/wp-content\/uploads\/2025\/11\/A25_2025_JARDUERAK-180x255.jpg 180w, http:\/\/www.malerrekakomankomunitatea.eus\/wp-content\/uploads\/2025\/11\/A25_2025_JARDUERAK-400x566.jpg 400w, http:\/\/www.malerrekakomankomunitatea.eus\/wp-content\/uploads\/2025\/11\/A25_2025_JARDUERAK.jpg 1448w\" sizes=\"auto, (max-width: 212px) 100vw, 212px\" \/><\/p>\n<table style=\"border-collapse: collapse; width: 100%;\" border=\"1\">\n<tbody>\n<tr>\n<td style=\"width: 100%;\"><strong>22 de noviembre, s\u00e1bado <\/strong><\/td>\n<\/tr>\n<\/tbody>\n<\/table>\n<p>&nbsp;<\/p>\n<p><strong>Eratsun contra la violencia machista<\/strong><\/p>\n<p>\ud83d\udd5b Hora<strong>:<\/strong><\/p>\n<ul>\n<li><strong>16:30 Talle de chapas. <\/strong>Se realizar\u00e1n chapas para sensibilizaci\u00f3n con la poblaci\u00f3n m\u00e1s joven.<\/li>\n<li><strong>18:00 Pel\u00edcula. <\/strong>Se proyectar\u00e1 una pel\u00edcula dirigida al p\u00fablico infantil.<\/li>\n<li><strong>21:00 Pel\u00edcula.<\/strong> Se proyectar\u00e1 una pel\u00edcula dirigida a j\u00f3venes y adultos.<\/li>\n<\/ul>\n<p>\ud83d\udccd Lugar: Eratsun.<\/p>\n<p>Organiza: Ayuntamiento de Eratsun<\/p>\n<p>&nbsp;<\/p>\n<table style=\"border-collapse: collapse; width: 100%;\" border=\"1\">\n<tbody>\n<tr>\n<td style=\"width: 100%;\" width=\"100%\"><strong>24 de noviembre, lunes<\/strong><\/td>\n<\/tr>\n<\/tbody>\n<\/table>\n<p>&nbsp;<\/p>\n<p><strong>CHARLA. \u201cLa\u00a0violencia\u00a0machista\u00a0hoy:\u00a0Retos\u201d<\/strong><\/p>\n<p><em>Se explicar\u00e1 qu\u00e9 es la violencia machista y se abordar\u00e1n los retos actuales, entre ellos la violencia econ\u00f3mica y la digital. Se explicar\u00e1n las actitudes de los hombres m\u00e1s j\u00f3venes ante el feminismo y c\u00f3mo se adapta el sistema patriarcal.<\/em><\/p>\n<p>\ud83d\udc69\ud83c\udffd\u200d\ud83c\udfeb Ponente:\u00a0Nagore P\u00e9rez Fern\u00e1ndez<\/p>\n<p>\ud83d\udd5b Hora: 17:30<\/p>\n<p>\ud83d\udccd Lugar: En el desv\u00e1n del Ayuntamiento de Ituren.<\/p>\n<p>\ud83d\udcac Idioma: Euskara<\/p>\n<p>Organiza: Servicio de Igualdad de la Mancomunidad de Malerreka.<\/p>\n<p>&nbsp;<\/p>\n<table style=\"border-collapse: collapse; width: 100%;\" border=\"1\">\n<tbody>\n<tr>\n<td style=\"width: 100%;\"><strong>25 de noviembre, martes<\/strong><\/td>\n<\/tr>\n<\/tbody>\n<\/table>\n<p>&nbsp;<\/p>\n<p><strong>CONCENTRACI\u00d3N INSTITUCIONAL <\/strong><\/p>\n<p>\ud83d\udd5b Hora: 12:00<\/p>\n<p>\ud83d\udccd Lugar: En la rotonda situada frente a la escuela San Miguel y el instituto Mendaur, Santesteban.<\/p>\n<p>Organiza: Mancomunidad de Malerreka<\/p>\n<p>&nbsp;<\/p>\n<table style=\"border-collapse: collapse; width: 100%;\" border=\"1\">\n<tbody>\n<tr>\n<td style=\"width: 100%;\"><strong>26 de noviembre, mi\u00e9rcoles<\/strong><\/td>\n<\/tr>\n<\/tbody>\n<\/table>\n<p>&nbsp;<\/p>\n<p><strong>\u201cHACIA UN FUTURO MEJOR\u201d. Scape Room.\u00a0<\/strong><\/p>\n<p><em>La participaci\u00f3n es para mayores de 12 a\u00f1os. Deben superar los desaf\u00edos relacionados con las diferentes formas de violencia para poder avanzar a trav\u00e9s del trabajo en equipo. La colaboraci\u00f3n en equipo, o las discrepancias que puedan surgir de diferentes opiniones pueden hacer el juego m\u00e1s corto o m\u00e1s largo.<\/em><\/p>\n<p>\ud83d\udcdd Ser\u00e1 necesaria la inscripci\u00f3n: <a href=\"https:\/\/labur.eus\/ihesgela26\">https:\/\/labur.eus\/ihesgela26<\/a><\/p>\n<p>\ud83d\udd5b Hora: 16:30-20:00<\/p>\n<p>\ud83d\udccd Lugar: Sede Galbaraialde, Santesteban.<\/p>\n<p>\ud83d\udcac Posibilidad de 2 idiomas.<\/p>\n<p>Organiza: Ayuntamiento de Santesteban eta asociaci\u00f3n ASKE.<\/p>\n<p>&nbsp;<\/p>\n<table style=\"border-collapse: collapse; width: 100%;\" border=\"1\">\n<tbody>\n<tr>\n<td style=\"width: 100%;\"><strong>28 de noviembre, viernes<\/strong><\/td>\n<\/tr>\n<\/tbody>\n<\/table>\n<p>&nbsp;<\/p>\n<p><strong>\u201cKontuk eta komerik\u201d cuentacuentos.<\/strong><\/p>\n<p><em>La violencia de g\u00e9nero aparece con normalidad en varias leyendas populares, pero \u00bfqui\u00e9n recogi\u00f3 y difundi\u00f3 esas leyendas? Es hora de cambiar este punto de vista. Contemos de la manera que queramos y hagamos nuestras propias historias.<\/em><\/p>\n<p>\ud83d\udcd6 Cuentacuentos: Ixabel Agirresarobe Arzallus<\/p>\n<p>\ud83d\udd5b Hora: 17:00<\/p>\n<p>\ud83d\udccd Lugar: Piso de arriba del Ayuntamiento de Narbarte<\/p>\n<p>\ud83d\udcac Euskara<\/p>\n<p>Organiza: Servicio de Igualdad de la Mancomunidad de Malerreka.<!--more--><\/p>\n<h4><\/h4>\n<h4><strong><u>15 DE OCTUBRE, D\u00cdA INTERNACIONAL DE LAS MUJERES RURALES<\/u><\/strong><\/h4>\n<p><strong>Actividades organizadas:<\/strong><\/p>\n<p><strong>EXPOSICI\u00d3N <\/strong>de fotograf\u00edas sobre<em> Los modos de vida y vestimenta tradicionales de las mujeres rurales en el siglo XX <\/em>del 9 al 30 de octubre en el centro de salud de Santesteban.<\/p>\n<figure id=\"attachment_2717\" aria-describedby=\"caption-attachment-2717\" style=\"width: 217px\" class=\"wp-caption alignnone\"><img loading=\"lazy\" decoding=\"async\" class=\"size-medium wp-image-2717\" src=\"http:\/\/www.malerrekakomankomunitatea.eus\/wp-content\/uploads\/2025\/10\/U15_Malerreka_kartela-217x300.jpg\" alt=\"Landa eremuko emakumeak, Nafarroako politikaren bazterretik erdigunera\" width=\"217\" height=\"300\" srcset=\"http:\/\/www.malerrekakomankomunitatea.eus\/wp-content\/uploads\/2025\/10\/U15_Malerreka_kartela-217x300.jpg 217w, http:\/\/www.malerrekakomankomunitatea.eus\/wp-content\/uploads\/2025\/10\/U15_Malerreka_kartela-740x1024.jpg 740w, http:\/\/www.malerrekakomankomunitatea.eus\/wp-content\/uploads\/2025\/10\/U15_Malerreka_kartela-768x1063.jpg 768w, http:\/\/www.malerrekakomankomunitatea.eus\/wp-content\/uploads\/2025\/10\/U15_Malerreka_kartela-1110x1536.jpg 1110w, http:\/\/www.malerrekakomankomunitatea.eus\/wp-content\/uploads\/2025\/10\/U15_Malerreka_kartela-780x1080.jpg 780w, http:\/\/www.malerrekakomankomunitatea.eus\/wp-content\/uploads\/2025\/10\/U15_Malerreka_kartela-180x249.jpg 180w, http:\/\/www.malerrekakomankomunitatea.eus\/wp-content\/uploads\/2025\/10\/U15_Malerreka_kartela-400x554.jpg 400w, http:\/\/www.malerrekakomankomunitatea.eus\/wp-content\/uploads\/2025\/10\/U15_Malerreka_kartela.jpg 1445w\" sizes=\"auto, (max-width: 217px) 100vw, 217px\" \/><figcaption id=\"caption-attachment-2717\" class=\"wp-caption-text\"><em>Mujeres rurales, del margen al centro de la pol\u00edtica en Navarra<\/em><\/figcaption><\/figure>\n","protected":false},"excerpt":{"rendered":"<p>8 DE MARZO, D\u00cdA INTERNACIONAL DE LAS MUJERES Actividades organizadas:\u00a0 27 de febrero, viernes &nbsp; Taller STEAM en homenaje a las mujeres cient\u00edficas \u2013 Ola Arafat. El taller est\u00e1 dirigido a ni\u00f1os y ni\u00f1as de entre 10 y 12 a\u00f1os con el objetivo de hacer visible la aportaci\u00f3n de las mujeres en el \u00e1mbito de [&hellip;]<\/p>\n","protected":false},"author":9,"featured_media":0,"parent":2586,"menu_order":0,"comment_status":"closed","ping_status":"closed","template":"","meta":{"footnotes":""},"class_list":["post-2613","page","type-page","status-publish","hentry"],"yoast_head":"<!-- This site is optimized with the Yoast SEO plugin v22.3 - https:\/\/yoast.com\/wordpress\/plugins\/seo\/ -->\r\n<title>Agenda - Mancomunidad de Malerreka<\/title>\r\n<meta name=\"robots\" content=\"index, follow, max-snippet:-1, max-image-preview:large, max-video-preview:-1\" \/>\r\n<link rel=\"canonical\" href=\"http:\/\/www.malerrekakomankomunitatea.eus\/es\/berdintasuna-2\/agenda-2\/\" \/>\r\n<meta property=\"og:locale\" content=\"es_ES\" \/>\r\n<meta property=\"og:type\" content=\"article\" \/>\r\n<meta property=\"og:title\" content=\"Agenda - Mancomunidad de Malerreka\" \/>\r\n<meta property=\"og:description\" content=\"8 DE MARZO, D\u00cdA INTERNACIONAL DE LAS MUJERES Actividades organizadas:\u00a0 27 de febrero, viernes &nbsp; Taller STEAM en homenaje a las mujeres cient\u00edficas \u2013 Ola Arafat. El taller est\u00e1 dirigido a ni\u00f1os y ni\u00f1as de entre 10 y 12 a\u00f1os con el objetivo de hacer visible la aportaci\u00f3n de las mujeres en el \u00e1mbito de [&hellip;]\" \/>\r\n<meta property=\"og:url\" content=\"http:\/\/www.malerrekakomankomunitatea.eus\/es\/berdintasuna-2\/agenda-2\/\" \/>\r\n<meta property=\"og:site_name\" content=\"Mancomunidad de Malerreka\" \/>\r\n<meta property=\"article:modified_time\" content=\"2026-02-25T12:34:29+00:00\" \/>\r\n<meta property=\"og:image\" content=\"http:\/\/www.malerrekakomankomunitatea.eus\/wp-content\/uploads\/2026\/02\/M8_jarduerak-212x300.jpg\" \/>\r\n<meta name=\"twitter:card\" content=\"summary_large_image\" \/>\r\n<meta name=\"twitter:label1\" content=\"Tiempo de lectura\" \/>\n\t<meta name=\"twitter:data1\" content=\"4 minutos\" \/>\r\n<script type=\"application\/ld+json\" class=\"yoast-schema-graph\">{\"@context\":\"https:\/\/schema.org\",\"@graph\":[{\"@type\":\"WebPage\",\"@id\":\"http:\/\/www.malerrekakomankomunitatea.eus\/es\/berdintasuna-2\/agenda-2\/\",\"url\":\"http:\/\/www.malerrekakomankomunitatea.eus\/es\/berdintasuna-2\/agenda-2\/\",\"name\":\"Agenda - Mancomunidad de Malerreka\",\"isPartOf\":{\"@id\":\"http:\/\/www.malerrekakomankomunitatea.eus\/es\/#website\"},\"primaryImageOfPage\":{\"@id\":\"http:\/\/www.malerrekakomankomunitatea.eus\/es\/berdintasuna-2\/agenda-2\/#primaryimage\"},\"image\":{\"@id\":\"http:\/\/www.malerrekakomankomunitatea.eus\/es\/berdintasuna-2\/agenda-2\/#primaryimage\"},\"thumbnailUrl\":\"http:\/\/www.malerrekakomankomunitatea.eus\/wp-content\/uploads\/2026\/02\/M8_jarduerak-212x300.jpg\",\"datePublished\":\"2025-10-07T08:56:59+00:00\",\"dateModified\":\"2026-02-25T12:34:29+00:00\",\"breadcrumb\":{\"@id\":\"http:\/\/www.malerrekakomankomunitatea.eus\/es\/berdintasuna-2\/agenda-2\/#breadcrumb\"},\"inLanguage\":\"es\",\"potentialAction\":[{\"@type\":\"ReadAction\",\"target\":[\"http:\/\/www.malerrekakomankomunitatea.eus\/es\/berdintasuna-2\/agenda-2\/\"]}]},{\"@type\":\"ImageObject\",\"inLanguage\":\"es\",\"@id\":\"http:\/\/www.malerrekakomankomunitatea.eus\/es\/berdintasuna-2\/agenda-2\/#primaryimage\",\"url\":\"http:\/\/www.malerrekakomankomunitatea.eus\/wp-content\/uploads\/2026\/02\/M8_jarduerak.jpg\",\"contentUrl\":\"http:\/\/www.malerrekakomankomunitatea.eus\/wp-content\/uploads\/2026\/02\/M8_jarduerak.jpg\",\"width\":596,\"height\":843},{\"@type\":\"BreadcrumbList\",\"@id\":\"http:\/\/www.malerrekakomankomunitatea.eus\/es\/berdintasuna-2\/agenda-2\/#breadcrumb\",\"itemListElement\":[{\"@type\":\"ListItem\",\"position\":1,\"name\":\"Home\",\"item\":\"http:\/\/www.malerrekakomankomunitatea.eus\/es\/\"},{\"@type\":\"ListItem\",\"position\":2,\"name\":\"Igualdad\",\"item\":\"http:\/\/www.malerrekakomankomunitatea.eus\/es\/berdintasuna-2\/\"},{\"@type\":\"ListItem\",\"position\":3,\"name\":\"Agenda\"}]},{\"@type\":\"WebSite\",\"@id\":\"http:\/\/www.malerrekakomankomunitatea.eus\/es\/#website\",\"url\":\"http:\/\/www.malerrekakomankomunitatea.eus\/es\/\",\"name\":\"Mancomunidad de Malerreka\",\"description\":\"P\u00e1gina principal de la Mancomunidad de Servicios Generales de Malerreka\",\"potentialAction\":[{\"@type\":\"SearchAction\",\"target\":{\"@type\":\"EntryPoint\",\"urlTemplate\":\"http:\/\/www.malerrekakomankomunitatea.eus\/es\/?s={search_term_string}\"},\"query-input\":\"required name=search_term_string\"}],\"inLanguage\":\"es\"}]}<\/script>\r\n<!-- \/ Yoast SEO plugin. -->","yoast_head_json":{"title":"Agenda - Mancomunidad de Malerreka","robots":{"index":"index","follow":"follow","max-snippet":"max-snippet:-1","max-image-preview":"max-image-preview:large","max-video-preview":"max-video-preview:-1"},"canonical":"http:\/\/www.malerrekakomankomunitatea.eus\/es\/berdintasuna-2\/agenda-2\/","og_locale":"es_ES","og_type":"article","og_title":"Agenda - Mancomunidad de Malerreka","og_description":"8 DE MARZO, D\u00cdA INTERNACIONAL DE LAS MUJERES Actividades organizadas:\u00a0 27 de febrero, viernes &nbsp; Taller STEAM en homenaje a las mujeres cient\u00edficas \u2013 Ola Arafat. El taller est\u00e1 dirigido a ni\u00f1os y ni\u00f1as de entre 10 y 12 a\u00f1os con el objetivo de hacer visible la aportaci\u00f3n de las mujeres en el \u00e1mbito de [&hellip;]","og_url":"http:\/\/www.malerrekakomankomunitatea.eus\/es\/berdintasuna-2\/agenda-2\/","og_site_name":"Mancomunidad de Malerreka","article_modified_time":"2026-02-25T12:34:29+00:00","og_image":[{"url":"http:\/\/www.malerrekakomankomunitatea.eus\/wp-content\/uploads\/2026\/02\/M8_jarduerak-212x300.jpg"}],"twitter_card":"summary_large_image","twitter_misc":{"Tiempo de lectura":"4 minutos"},"schema":{"@context":"https:\/\/schema.org","@graph":[{"@type":"WebPage","@id":"http:\/\/www.malerrekakomankomunitatea.eus\/es\/berdintasuna-2\/agenda-2\/","url":"http:\/\/www.malerrekakomankomunitatea.eus\/es\/berdintasuna-2\/agenda-2\/","name":"Agenda - Mancomunidad de Malerreka","isPartOf":{"@id":"http:\/\/www.malerrekakomankomunitatea.eus\/es\/#website"},"primaryImageOfPage":{"@id":"http:\/\/www.malerrekakomankomunitatea.eus\/es\/berdintasuna-2\/agenda-2\/#primaryimage"},"image":{"@id":"http:\/\/www.malerrekakomankomunitatea.eus\/es\/berdintasuna-2\/agenda-2\/#primaryimage"},"thumbnailUrl":"http:\/\/www.malerrekakomankomunitatea.eus\/wp-content\/uploads\/2026\/02\/M8_jarduerak-212x300.jpg","datePublished":"2025-10-07T08:56:59+00:00","dateModified":"2026-02-25T12:34:29+00:00","breadcrumb":{"@id":"http:\/\/www.malerrekakomankomunitatea.eus\/es\/berdintasuna-2\/agenda-2\/#breadcrumb"},"inLanguage":"es","potentialAction":[{"@type":"ReadAction","target":["http:\/\/www.malerrekakomankomunitatea.eus\/es\/berdintasuna-2\/agenda-2\/"]}]},{"@type":"ImageObject","inLanguage":"es","@id":"http:\/\/www.malerrekakomankomunitatea.eus\/es\/berdintasuna-2\/agenda-2\/#primaryimage","url":"http:\/\/www.malerrekakomankomunitatea.eus\/wp-content\/uploads\/2026\/02\/M8_jarduerak.jpg","contentUrl":"http:\/\/www.malerrekakomankomunitatea.eus\/wp-content\/uploads\/2026\/02\/M8_jarduerak.jpg","width":596,"height":843},{"@type":"BreadcrumbList","@id":"http:\/\/www.malerrekakomankomunitatea.eus\/es\/berdintasuna-2\/agenda-2\/#breadcrumb","itemListElement":[{"@type":"ListItem","position":1,"name":"Home","item":"http:\/\/www.malerrekakomankomunitatea.eus\/es\/"},{"@type":"ListItem","position":2,"name":"Igualdad","item":"http:\/\/www.malerrekakomankomunitatea.eus\/es\/berdintasuna-2\/"},{"@type":"ListItem","position":3,"name":"Agenda"}]},{"@type":"WebSite","@id":"http:\/\/www.malerrekakomankomunitatea.eus\/es\/#website","url":"http:\/\/www.malerrekakomankomunitatea.eus\/es\/","name":"Mancomunidad de Malerreka","description":"P\u00e1gina principal de la Mancomunidad de Servicios Generales de Malerreka","potentialAction":[{"@type":"SearchAction","target":{"@type":"EntryPoint","urlTemplate":"http:\/\/www.malerrekakomankomunitatea.eus\/es\/?s={search_term_string}"},"query-input":"required name=search_term_string"}],"inLanguage":"es"}]}},"_links":{"self":[{"href":"http:\/\/www.malerrekakomankomunitatea.eus\/es\/wp-json\/wp\/v2\/pages\/2613","targetHints":{"allow":["GET"]}}],"collection":[{"href":"http:\/\/www.malerrekakomankomunitatea.eus\/es\/wp-json\/wp\/v2\/pages"}],"about":[{"href":"http:\/\/www.malerrekakomankomunitatea.eus\/es\/wp-json\/wp\/v2\/types\/page"}],"author":[{"embeddable":true,"href":"http:\/\/www.malerrekakomankomunitatea.eus\/es\/wp-json\/wp\/v2\/users\/9"}],"replies":[{"embeddable":true,"href":"http:\/\/www.malerrekakomankomunitatea.eus\/es\/wp-json\/wp\/v2\/comments?post=2613"}],"version-history":[{"count":12,"href":"http:\/\/www.malerrekakomankomunitatea.eus\/es\/wp-json\/wp\/v2\/pages\/2613\/revisions"}],"predecessor-version":[{"id":2841,"href":"http:\/\/www.malerrekakomankomunitatea.eus\/es\/wp-json\/wp\/v2\/pages\/2613\/revisions\/2841"}],"up":[{"embeddable":true,"href":"http:\/\/www.malerrekakomankomunitatea.eus\/es\/wp-json\/wp\/v2\/pages\/2586"}],"wp:attachment":[{"href":"http:\/\/www.malerrekakomankomunitatea.eus\/es\/wp-json\/wp\/v2\/media?parent=2613"}],"curies":[{"name":"wp","href":"https:\/\/api.w.org\/{rel}","templated":true}]}}