{"id":2625,"date":"2025-10-07T11:00:14","date_gmt":"2025-10-07T09:00:14","guid":{"rendered":"http:\/\/www.malerrekakomankomunitatea.eus\/?page_id=2625"},"modified":"2025-10-08T09:13:10","modified_gmt":"2025-10-08T07:13:10","slug":"lotura-interesgarriak","status":"publish","type":"page","link":"http:\/\/www.malerrekakomankomunitatea.eus\/es\/berdintasuna-2\/lotura-interesgarriak\/","title":{"rendered":"Enlaces de inter\u00e9s"},"content":{"rendered":"<ul>\n<li style=\"list-style-type: none;\">\n<ul>\n<li><a href=\"https:\/\/www.igualdadnavarra.es\/\" target=\"_blank\" rel=\"noopener\">Instituto Navarro para la Igualdad (Gobierno de Navarra)<\/a><\/li>\n<li><a href=\"https:\/\/www.navarra.es\/es\/tramites\/on\/-\/line\/Equipo-de-atencion-integral-a-victimas-de-violencia-de-genero\" target=\"_blank\" rel=\"noopener\">Servicio de atenci\u00f3n integral a v\u00edctimas de violencia de g\u00e9nero<\/a><\/li>\n<li><a href=\"https:\/\/www.centrodeatencionintegralalasviolenciassexualesdenavarra.es\/\" target=\"_blank\" rel=\"noopener\">CAIVS<\/a> &#8211; Centro de atenci\u00f3n integral a las violencias sexuales.<\/li>\n<li><a href=\"https:\/\/www.emakunde.euskadi.eus\/inicio\/\" target=\"_blank\" rel=\"noopener\">Emakunde<\/a> (Gobierno Vasco)<\/li>\n<li><a href=\"https:\/\/www.inmujeres.gob.es\/\">Instituto de la Mujer y para la igualdad de g\u00e9nero<\/a><\/li>\n<li><a href=\"https:\/\/www.comfin.org\/\" target=\"_blank\" rel=\"noopener\">COMFIN<\/a>&#8211; Coordinadora de Organizaciones de Mujeres y\/ o Feministas de Navarra<\/li>\n<li><a href=\"https:\/\/feministas.org\/\" target=\"_blank\" rel=\"noopener\">Coordinadora Feminista<\/a>&#8211; Federaci\u00f3n Estatal de Organizaciones Feminista<\/li>\n<li><a href=\"https:\/\/feminicidio.net\/\" target=\"_blank\" rel=\"noopener\">Femenicidio.net<\/a><\/li>\n<\/ul>\n<\/li>\n<\/ul>\n<p>&nbsp;<\/p>\n","protected":false},"excerpt":{"rendered":"<p>Instituto Navarro para la Igualdad (Gobierno de Navarra) Servicio de atenci\u00f3n integral a v\u00edctimas de violencia de g\u00e9nero CAIVS &#8211; Centro de atenci\u00f3n integral a las violencias sexuales. Emakunde (Gobierno Vasco) Instituto de la Mujer y para la igualdad de g\u00e9nero COMFIN&#8211; Coordinadora de Organizaciones de Mujeres y\/ o Feministas de Navarra Coordinadora Feminista&#8211; Federaci\u00f3n [&hellip;]<\/p>\n","protected":false},"author":9,"featured_media":0,"parent":2586,"menu_order":0,"comment_status":"closed","ping_status":"closed","template":"","meta":{"footnotes":""},"class_list":["post-2625","page","type-page","status-publish","hentry"],"yoast_head":"<!-- This site is optimized with the Yoast SEO plugin v22.3 - https:\/\/yoast.com\/wordpress\/plugins\/seo\/ -->\r\n<title>Enlaces de inter\u00e9s - Mancomunidad de Malerreka<\/title>\r\n<meta name=\"robots\" content=\"index, follow, max-snippet:-1, max-image-preview:large, max-video-preview:-1\" \/>\r\n<link rel=\"canonical\" href=\"http:\/\/www.malerrekakomankomunitatea.eus\/es\/berdintasuna-2\/lotura-interesgarriak\/\" \/>\r\n<meta property=\"og:locale\" content=\"es_ES\" \/>\r\n<meta property=\"og:type\" content=\"article\" \/>\r\n<meta property=\"og:title\" content=\"Enlaces de inter\u00e9s - Mancomunidad de Malerreka\" \/>\r\n<meta property=\"og:description\" content=\"Instituto Navarro para la Igualdad (Gobierno de Navarra) Servicio de atenci\u00f3n integral a v\u00edctimas de violencia de g\u00e9nero CAIVS &#8211; Centro de atenci\u00f3n integral a las violencias sexuales. Emakunde (Gobierno Vasco) Instituto de la Mujer y para la igualdad de g\u00e9nero COMFIN&#8211; Coordinadora de Organizaciones de Mujeres y\/ o Feministas de Navarra Coordinadora Feminista&#8211; Federaci\u00f3n [&hellip;]\" \/>\r\n<meta property=\"og:url\" content=\"http:\/\/www.malerrekakomankomunitatea.eus\/es\/berdintasuna-2\/lotura-interesgarriak\/\" \/>\r\n<meta property=\"og:site_name\" content=\"Mancomunidad de Malerreka\" \/>\r\n<meta property=\"article:modified_time\" content=\"2025-10-08T07:13:10+00:00\" \/>\r\n<meta name=\"twitter:card\" content=\"summary_large_image\" \/>\r\n<meta name=\"twitter:label1\" content=\"Tiempo de lectura\" \/>\n\t<meta name=\"twitter:data1\" content=\"1 minuto\" \/>\r\n<script type=\"application\/ld+json\" class=\"yoast-schema-graph\">{\"@context\":\"https:\/\/schema.org\",\"@graph\":[{\"@type\":\"WebPage\",\"@id\":\"http:\/\/www.malerrekakomankomunitatea.eus\/es\/berdintasuna-2\/lotura-interesgarriak\/\",\"url\":\"http:\/\/www.malerrekakomankomunitatea.eus\/es\/berdintasuna-2\/lotura-interesgarriak\/\",\"name\":\"Enlaces de inter\u00e9s - Mancomunidad de Malerreka\",\"isPartOf\":{\"@id\":\"http:\/\/www.malerrekakomankomunitatea.eus\/es\/#website\"},\"datePublished\":\"2025-10-07T09:00:14+00:00\",\"dateModified\":\"2025-10-08T07:13:10+00:00\",\"breadcrumb\":{\"@id\":\"http:\/\/www.malerrekakomankomunitatea.eus\/es\/berdintasuna-2\/lotura-interesgarriak\/#breadcrumb\"},\"inLanguage\":\"es\",\"potentialAction\":[{\"@type\":\"ReadAction\",\"target\":[\"http:\/\/www.malerrekakomankomunitatea.eus\/es\/berdintasuna-2\/lotura-interesgarriak\/\"]}]},{\"@type\":\"BreadcrumbList\",\"@id\":\"http:\/\/www.malerrekakomankomunitatea.eus\/es\/berdintasuna-2\/lotura-interesgarriak\/#breadcrumb\",\"itemListElement\":[{\"@type\":\"ListItem\",\"position\":1,\"name\":\"Home\",\"item\":\"http:\/\/www.malerrekakomankomunitatea.eus\/es\/\"},{\"@type\":\"ListItem\",\"position\":2,\"name\":\"Igualdad\",\"item\":\"http:\/\/www.malerrekakomankomunitatea.eus\/es\/berdintasuna-2\/\"},{\"@type\":\"ListItem\",\"position\":3,\"name\":\"Enlaces de inter\u00e9s\"}]},{\"@type\":\"WebSite\",\"@id\":\"http:\/\/www.malerrekakomankomunitatea.eus\/es\/#website\",\"url\":\"http:\/\/www.malerrekakomankomunitatea.eus\/es\/\",\"name\":\"Mancomunidad de Malerreka\",\"description\":\"P\u00e1gina principal de la Mancomunidad de Servicios Generales de Malerreka\",\"potentialAction\":[{\"@type\":\"SearchAction\",\"target\":{\"@type\":\"EntryPoint\",\"urlTemplate\":\"http:\/\/www.malerrekakomankomunitatea.eus\/es\/?s={search_term_string}\"},\"query-input\":\"required name=search_term_string\"}],\"inLanguage\":\"es\"}]}<\/script>\r\n<!-- \/ Yoast SEO plugin. -->","yoast_head_json":{"title":"Enlaces de inter\u00e9s - Mancomunidad de Malerreka","robots":{"index":"index","follow":"follow","max-snippet":"max-snippet:-1","max-image-preview":"max-image-preview:large","max-video-preview":"max-video-preview:-1"},"canonical":"http:\/\/www.malerrekakomankomunitatea.eus\/es\/berdintasuna-2\/lotura-interesgarriak\/","og_locale":"es_ES","og_type":"article","og_title":"Enlaces de inter\u00e9s - Mancomunidad de Malerreka","og_description":"Instituto Navarro para la Igualdad (Gobierno de Navarra) Servicio de atenci\u00f3n integral a v\u00edctimas de violencia de g\u00e9nero CAIVS &#8211; Centro de atenci\u00f3n integral a las violencias sexuales. Emakunde (Gobierno Vasco) Instituto de la Mujer y para la igualdad de g\u00e9nero COMFIN&#8211; Coordinadora de Organizaciones de Mujeres y\/ o Feministas de Navarra Coordinadora Feminista&#8211; Federaci\u00f3n [&hellip;]","og_url":"http:\/\/www.malerrekakomankomunitatea.eus\/es\/berdintasuna-2\/lotura-interesgarriak\/","og_site_name":"Mancomunidad de Malerreka","article_modified_time":"2025-10-08T07:13:10+00:00","twitter_card":"summary_large_image","twitter_misc":{"Tiempo de lectura":"1 minuto"},"schema":{"@context":"https:\/\/schema.org","@graph":[{"@type":"WebPage","@id":"http:\/\/www.malerrekakomankomunitatea.eus\/es\/berdintasuna-2\/lotura-interesgarriak\/","url":"http:\/\/www.malerrekakomankomunitatea.eus\/es\/berdintasuna-2\/lotura-interesgarriak\/","name":"Enlaces de inter\u00e9s - Mancomunidad de Malerreka","isPartOf":{"@id":"http:\/\/www.malerrekakomankomunitatea.eus\/es\/#website"},"datePublished":"2025-10-07T09:00:14+00:00","dateModified":"2025-10-08T07:13:10+00:00","breadcrumb":{"@id":"http:\/\/www.malerrekakomankomunitatea.eus\/es\/berdintasuna-2\/lotura-interesgarriak\/#breadcrumb"},"inLanguage":"es","potentialAction":[{"@type":"ReadAction","target":["http:\/\/www.malerrekakomankomunitatea.eus\/es\/berdintasuna-2\/lotura-interesgarriak\/"]}]},{"@type":"BreadcrumbList","@id":"http:\/\/www.malerrekakomankomunitatea.eus\/es\/berdintasuna-2\/lotura-interesgarriak\/#breadcrumb","itemListElement":[{"@type":"ListItem","position":1,"name":"Home","item":"http:\/\/www.malerrekakomankomunitatea.eus\/es\/"},{"@type":"ListItem","position":2,"name":"Igualdad","item":"http:\/\/www.malerrekakomankomunitatea.eus\/es\/berdintasuna-2\/"},{"@type":"ListItem","position":3,"name":"Enlaces de inter\u00e9s"}]},{"@type":"WebSite","@id":"http:\/\/www.malerrekakomankomunitatea.eus\/es\/#website","url":"http:\/\/www.malerrekakomankomunitatea.eus\/es\/","name":"Mancomunidad de Malerreka","description":"P\u00e1gina principal de la Mancomunidad de Servicios Generales de Malerreka","potentialAction":[{"@type":"SearchAction","target":{"@type":"EntryPoint","urlTemplate":"http:\/\/www.malerrekakomankomunitatea.eus\/es\/?s={search_term_string}"},"query-input":"required name=search_term_string"}],"inLanguage":"es"}]}},"_links":{"self":[{"href":"http:\/\/www.malerrekakomankomunitatea.eus\/es\/wp-json\/wp\/v2\/pages\/2625","targetHints":{"allow":["GET"]}}],"collection":[{"href":"http:\/\/www.malerrekakomankomunitatea.eus\/es\/wp-json\/wp\/v2\/pages"}],"about":[{"href":"http:\/\/www.malerrekakomankomunitatea.eus\/es\/wp-json\/wp\/v2\/types\/page"}],"author":[{"embeddable":true,"href":"http:\/\/www.malerrekakomankomunitatea.eus\/es\/wp-json\/wp\/v2\/users\/9"}],"replies":[{"embeddable":true,"href":"http:\/\/www.malerrekakomankomunitatea.eus\/es\/wp-json\/wp\/v2\/comments?post=2625"}],"version-history":[{"count":4,"href":"http:\/\/www.malerrekakomankomunitatea.eus\/es\/wp-json\/wp\/v2\/pages\/2625\/revisions"}],"predecessor-version":[{"id":2705,"href":"http:\/\/www.malerrekakomankomunitatea.eus\/es\/wp-json\/wp\/v2\/pages\/2625\/revisions\/2705"}],"up":[{"embeddable":true,"href":"http:\/\/www.malerrekakomankomunitatea.eus\/es\/wp-json\/wp\/v2\/pages\/2586"}],"wp:attachment":[{"href":"http:\/\/www.malerrekakomankomunitatea.eus\/es\/wp-json\/wp\/v2\/media?parent=2625"}],"curies":[{"name":"wp","href":"https:\/\/api.w.org\/{rel}","templated":true}]}}