{"id":50,"date":"2021-01-13T13:03:17","date_gmt":"2021-01-13T12:03:17","guid":{"rendered":"http:\/\/www.malerreka.es\/?page_id=50"},"modified":"2021-01-14T13:34:14","modified_gmt":"2021-01-14T12:34:14","slug":"euskera","status":"publish","type":"page","link":"http:\/\/www.malerrekakomankomunitatea.eus\/es\/euskera\/","title":{"rendered":"Euskera"},"content":{"rendered":"<p>El Servicio de Euskera de la Mancomunidad se cre\u00f3 en 1989 con la finalidad de normalizar la utilizaci\u00f3n del euskera en todas las \u00e1reas de la sociedad (administraci\u00f3n, familia, comercio, medios de comunicaci\u00f3n, ocio y tiempo libre, mundo laboral\u2026). El Servicio de Euskera es un servicio p\u00fablico que forma parte de la Mancomunidad de Servicios Generales de Malerreka.<\/p>\n<p>Funciones del Servicio de Euskera: Planificar, organizar, coordinar e implementar las actividades para normalizar y fortalecer la utilizaci\u00f3n del euskera en el \u00e1mbito de la mancomunidad. Para llevar adelante este cometido el Servicio de Euskara trabaja con otros organismos, tanto de Malerreka como de fuera.<\/p>\n<p>Estas son las labores m\u00e1s rese\u00f1ables que realiza el Servicio de Euskera:<\/p>\n<ul>\n<li>Analisis de la situaci\u00f3n socioling\u00fc\u00edstica de Malerreka.<\/li>\n<li>Fomentar la transmisi\u00f3n familiar del euskera.<\/li>\n<li>Fomentar el aprendizaje de euskera de personas adultas.<\/li>\n<li>Fomentar la utilizaci\u00f3n del euskera en\u00a0<a href=\"https:\/\/www.youtube.com\/watch?v=0opbkt-YR3I\">comercios, locales de hosteler\u00eda y servicios<\/a>.<\/li>\n<li><a href=\"https:\/\/eranafarroa.eus\/es\/\">ERA<\/a>: Web con informaci\u00f3n y recursos para padres y madres de hijas\/os de entre 0 y 12 a\u00f1os.<\/li>\n<li>Gesti\u00f3n de cursos de euskera para trabajadores municipales.<\/li>\n<li><a href=\"http:\/\/solaslaguna.blogspot.com.es\/\" target=\"_blank\" rel=\"noopener\">Solaslaguna<\/a>: Grupos voluntarios para practicar el euskera. Se necesita tener un nivel m\u00ednimo de euskera para participar.<\/li>\n<li><a href=\"https:\/\/elaide.eus\/es\">ELAIDE.EUS<\/a>: Ayuda y recursos para personas adultas que aprendan euskera.<\/li>\n<li>Certificado\u00a0<a href=\"http:\/\/www.baieuskarari.org\/\" target=\"_blank\" rel=\"noopener\">Bai Euskarari<\/a>.<\/li>\n<li>Malerreka Kantuz.<\/li>\n<li>Potenciar el bertsolarismo en Malerreka.<\/li>\n<li>Katalogoa:\u00a0<a href=\"http:\/\/www.katalogoa.org\/\" target=\"_blank\" rel=\"noopener\">Cat\u00e1logo de productos en euskera<\/a>.<\/li>\n<li><a href=\"http:\/\/www.etxeparesaria.net\/index.asp\" target=\"_blank\" rel=\"noopener\">Etxepare Saria<\/a>: Premio para la creaci\u00f3n de \u00e1lbumes ilustrados.<\/li>\n<li>Convocatoria de subvenciones.<\/li>\n<\/ul>\n","protected":false},"excerpt":{"rendered":"<p>El Servicio de Euskera de la Mancomunidad se cre\u00f3 en 1989 con la finalidad de normalizar la utilizaci\u00f3n del euskera en todas las \u00e1reas de la sociedad (administraci\u00f3n, familia, comercio, medios de comunicaci\u00f3n, ocio y tiempo libre, mundo laboral\u2026). El Servicio de Euskera es un servicio p\u00fablico que forma parte de la Mancomunidad de Servicios [&hellip;]<\/p>\n","protected":false},"author":2,"featured_media":0,"parent":0,"menu_order":2,"comment_status":"closed","ping_status":"closed","template":"","meta":{"footnotes":""},"class_list":["post-50","page","type-page","status-publish","hentry"],"yoast_head":"<!-- This site is optimized with the Yoast SEO plugin v22.3 - https:\/\/yoast.com\/wordpress\/plugins\/seo\/ -->\r\n<title>Euskera - Mancomunidad de Malerreka<\/title>\r\n<meta name=\"robots\" content=\"index, follow, max-snippet:-1, max-image-preview:large, max-video-preview:-1\" \/>\r\n<link rel=\"canonical\" href=\"http:\/\/www.malerrekakomankomunitatea.eus\/es\/euskera\/\" \/>\r\n<meta property=\"og:locale\" content=\"es_ES\" \/>\r\n<meta property=\"og:type\" content=\"article\" \/>\r\n<meta property=\"og:title\" content=\"Euskera - Mancomunidad de Malerreka\" \/>\r\n<meta property=\"og:description\" content=\"El Servicio de Euskera de la Mancomunidad se cre\u00f3 en 1989 con la finalidad de normalizar la utilizaci\u00f3n del euskera en todas las \u00e1reas de la sociedad (administraci\u00f3n, familia, comercio, medios de comunicaci\u00f3n, ocio y tiempo libre, mundo laboral\u2026). El Servicio de Euskera es un servicio p\u00fablico que forma parte de la Mancomunidad de Servicios [&hellip;]\" \/>\r\n<meta property=\"og:url\" content=\"http:\/\/www.malerrekakomankomunitatea.eus\/es\/euskera\/\" \/>\r\n<meta property=\"og:site_name\" content=\"Mancomunidad de Malerreka\" \/>\r\n<meta property=\"article:modified_time\" content=\"2021-01-14T12:34:14+00:00\" \/>\r\n<meta name=\"twitter:card\" content=\"summary_large_image\" \/>\r\n<meta name=\"twitter:label1\" content=\"Tiempo de lectura\" \/>\n\t<meta name=\"twitter:data1\" content=\"1 minuto\" \/>\r\n<script type=\"application\/ld+json\" class=\"yoast-schema-graph\">{\"@context\":\"https:\/\/schema.org\",\"@graph\":[{\"@type\":\"WebPage\",\"@id\":\"http:\/\/www.malerrekakomankomunitatea.eus\/es\/euskera\/\",\"url\":\"http:\/\/www.malerrekakomankomunitatea.eus\/es\/euskera\/\",\"name\":\"Euskera - Mancomunidad de Malerreka\",\"isPartOf\":{\"@id\":\"http:\/\/www.malerrekakomankomunitatea.eus\/es\/#website\"},\"datePublished\":\"2021-01-13T12:03:17+00:00\",\"dateModified\":\"2021-01-14T12:34:14+00:00\",\"breadcrumb\":{\"@id\":\"http:\/\/www.malerrekakomankomunitatea.eus\/es\/euskera\/#breadcrumb\"},\"inLanguage\":\"es\",\"potentialAction\":[{\"@type\":\"ReadAction\",\"target\":[\"http:\/\/www.malerrekakomankomunitatea.eus\/es\/euskera\/\"]}]},{\"@type\":\"BreadcrumbList\",\"@id\":\"http:\/\/www.malerrekakomankomunitatea.eus\/es\/euskera\/#breadcrumb\",\"itemListElement\":[{\"@type\":\"ListItem\",\"position\":1,\"name\":\"Home\",\"item\":\"http:\/\/www.malerrekakomankomunitatea.eus\/es\/\"},{\"@type\":\"ListItem\",\"position\":2,\"name\":\"Euskera\"}]},{\"@type\":\"WebSite\",\"@id\":\"http:\/\/www.malerrekakomankomunitatea.eus\/es\/#website\",\"url\":\"http:\/\/www.malerrekakomankomunitatea.eus\/es\/\",\"name\":\"Mancomunidad de Malerreka\",\"description\":\"P\u00e1gina principal de la Mancomunidad de Servicios Generales de Malerreka\",\"potentialAction\":[{\"@type\":\"SearchAction\",\"target\":{\"@type\":\"EntryPoint\",\"urlTemplate\":\"http:\/\/www.malerrekakomankomunitatea.eus\/es\/?s={search_term_string}\"},\"query-input\":\"required name=search_term_string\"}],\"inLanguage\":\"es\"}]}<\/script>\r\n<!-- \/ Yoast SEO plugin. -->","yoast_head_json":{"title":"Euskera - Mancomunidad de Malerreka","robots":{"index":"index","follow":"follow","max-snippet":"max-snippet:-1","max-image-preview":"max-image-preview:large","max-video-preview":"max-video-preview:-1"},"canonical":"http:\/\/www.malerrekakomankomunitatea.eus\/es\/euskera\/","og_locale":"es_ES","og_type":"article","og_title":"Euskera - Mancomunidad de Malerreka","og_description":"El Servicio de Euskera de la Mancomunidad se cre\u00f3 en 1989 con la finalidad de normalizar la utilizaci\u00f3n del euskera en todas las \u00e1reas de la sociedad (administraci\u00f3n, familia, comercio, medios de comunicaci\u00f3n, ocio y tiempo libre, mundo laboral\u2026). El Servicio de Euskera es un servicio p\u00fablico que forma parte de la Mancomunidad de Servicios [&hellip;]","og_url":"http:\/\/www.malerrekakomankomunitatea.eus\/es\/euskera\/","og_site_name":"Mancomunidad de Malerreka","article_modified_time":"2021-01-14T12:34:14+00:00","twitter_card":"summary_large_image","twitter_misc":{"Tiempo de lectura":"1 minuto"},"schema":{"@context":"https:\/\/schema.org","@graph":[{"@type":"WebPage","@id":"http:\/\/www.malerrekakomankomunitatea.eus\/es\/euskera\/","url":"http:\/\/www.malerrekakomankomunitatea.eus\/es\/euskera\/","name":"Euskera - Mancomunidad de Malerreka","isPartOf":{"@id":"http:\/\/www.malerrekakomankomunitatea.eus\/es\/#website"},"datePublished":"2021-01-13T12:03:17+00:00","dateModified":"2021-01-14T12:34:14+00:00","breadcrumb":{"@id":"http:\/\/www.malerrekakomankomunitatea.eus\/es\/euskera\/#breadcrumb"},"inLanguage":"es","potentialAction":[{"@type":"ReadAction","target":["http:\/\/www.malerrekakomankomunitatea.eus\/es\/euskera\/"]}]},{"@type":"BreadcrumbList","@id":"http:\/\/www.malerrekakomankomunitatea.eus\/es\/euskera\/#breadcrumb","itemListElement":[{"@type":"ListItem","position":1,"name":"Home","item":"http:\/\/www.malerrekakomankomunitatea.eus\/es\/"},{"@type":"ListItem","position":2,"name":"Euskera"}]},{"@type":"WebSite","@id":"http:\/\/www.malerrekakomankomunitatea.eus\/es\/#website","url":"http:\/\/www.malerrekakomankomunitatea.eus\/es\/","name":"Mancomunidad de Malerreka","description":"P\u00e1gina principal de la Mancomunidad de Servicios Generales de Malerreka","potentialAction":[{"@type":"SearchAction","target":{"@type":"EntryPoint","urlTemplate":"http:\/\/www.malerrekakomankomunitatea.eus\/es\/?s={search_term_string}"},"query-input":"required name=search_term_string"}],"inLanguage":"es"}]}},"_links":{"self":[{"href":"http:\/\/www.malerrekakomankomunitatea.eus\/es\/wp-json\/wp\/v2\/pages\/50","targetHints":{"allow":["GET"]}}],"collection":[{"href":"http:\/\/www.malerrekakomankomunitatea.eus\/es\/wp-json\/wp\/v2\/pages"}],"about":[{"href":"http:\/\/www.malerrekakomankomunitatea.eus\/es\/wp-json\/wp\/v2\/types\/page"}],"author":[{"embeddable":true,"href":"http:\/\/www.malerrekakomankomunitatea.eus\/es\/wp-json\/wp\/v2\/users\/2"}],"replies":[{"embeddable":true,"href":"http:\/\/www.malerrekakomankomunitatea.eus\/es\/wp-json\/wp\/v2\/comments?post=50"}],"version-history":[{"count":3,"href":"http:\/\/www.malerrekakomankomunitatea.eus\/es\/wp-json\/wp\/v2\/pages\/50\/revisions"}],"predecessor-version":[{"id":490,"href":"http:\/\/www.malerrekakomankomunitatea.eus\/es\/wp-json\/wp\/v2\/pages\/50\/revisions\/490"}],"wp:attachment":[{"href":"http:\/\/www.malerrekakomankomunitatea.eus\/es\/wp-json\/wp\/v2\/media?parent=50"}],"curies":[{"name":"wp","href":"https:\/\/api.w.org\/{rel}","templated":true}]}}