{"id":54,"date":"2021-01-13T13:03:57","date_gmt":"2021-01-13T12:03:57","guid":{"rendered":"http:\/\/www.malerreka.es\/?page_id=54"},"modified":"2021-05-20T10:46:23","modified_gmt":"2021-05-20T08:46:23","slug":"actividades","status":"publish","type":"page","link":"http:\/\/www.malerrekakomankomunitatea.eus\/es\/euskera\/actividades\/","title":{"rendered":"Jarduerak"},"content":{"rendered":"<h3><strong>FAMILIA<\/strong><\/h3>\n<p>El \u00e1mbito de la familia es fundamental en la labor del Servicio de Euskera.<\/p>\n<p>Durante los primeros a\u00f1os de un beb\u00e9, la familia ser\u00e1 su principal espacio de socializaci\u00f3n, en el cual adquirir\u00e1 conocimientos, h\u00e1bitos y comportamientos en muchos \u00e1mbitos. Tambi\u00e9n en el ling\u00fc\u00edstico: adem\u00e1s de aprender el idioma\/los idiomas de la familia, interiorizar\u00e1 los h\u00e1bitos de uso y el valor que se les da. Para cualquier beb\u00e9 la madre, el padre o las personas adultas de casa son la principal referencia, el modelo a seguir, tambi\u00e9n en cuanto a las actitudes y comportamientos que se tomes respecto de las lenguas.<\/p>\n<p>Estas son las principales iniciativas en este \u00e1mbito:<\/p>\n<p><strong>ONGI ETORRI, JAIOBERRI<\/strong>: Publicaci\u00f3n para familias con reci\u00e9n nacidas.<\/p>\n<p><a href=\"https:\/\/eranafarroa.eus\/es\/\" target=\"_blank\" rel=\"noopener\"><strong>ERA.EUS:<\/strong><\/a> Informaci\u00f3n y recursos para familias con ni\u00f1as y ni\u00f1os hasta 12 a\u00f1os.<\/p>\n<h3><strong>SOLASLAGUNA<\/strong><\/h3>\n<p>Solaslaguna de Malerreka, Baztan y Bortziriak se cre\u00f3 en 2.007. En este programa participan personas que quieren mejorar su nivel hablado de euskera y personas que dominan el euskera. Las sesiones de conversaci\u00f3n duran alrededor de una hora y se celebran una vez por semana.<\/p>\n<p>Este programa es fundamental en una zona con muchas personas euskaldunes, ya que las personas que no tienen el nivel hablado de euskera que necesitan tienen opciones para conseguirlo y empezar a comunicarse en euskera con sus vecinos y vecinas, en las tiendas, bares\u2026.<\/p>\n<p><strong>Tel\u00e9fono<\/strong>: 610 920 673\u00a0 &#8211;\u00a0 <strong>Correo<\/strong>: solaslaguna@topagunea.eus<\/p>\n<p class=\"rteleft\"><strong>Web orria<\/strong>:\u00a0<a href=\"http:\/\/solaslaguna.blogspot.com\/\">http:\/\/solaslaguna.blogspot.com\/<\/a><\/p>\n<p><iframe loading=\"lazy\" title=\"Solaslaguna, euskararen erabilera indartzeko ekimena Malerrekan, Bortzirietan eta Baztanen\" width=\"500\" height=\"281\" src=\"https:\/\/www.youtube.com\/embed\/x9yCoQ9amHU?feature=oembed\" frameborder=\"0\" allow=\"accelerometer; autoplay; clipboard-write; encrypted-media; gyroscope; picture-in-picture; web-share\" referrerpolicy=\"strict-origin-when-cross-origin\" allowfullscreen><\/iframe><\/p>\n<h3><strong>BERTSOLARITZA EN MALERREKA<\/strong><\/h3>\n<p>Mediante el bertsolarismo se fomenta el uso l\u00fadico del idioma, la comunicaci\u00f1\u00f3n y la fluidez verbal.<\/p>\n<p>Actividad realizadas en colaboraci\u00f3n con <a href=\"https:\/\/www.bertsozale.eus\/eu\/nafarroa\" target=\"_blank\" rel=\"noopener\">Nafarroako Bertsozale Elkartea<\/a>.<\/p>\n<p><iframe loading=\"lazy\" title=\"Malerrekako Bertso Eskolak\" width=\"500\" height=\"281\" src=\"https:\/\/www.youtube.com\/embed\/mauMN6lU20o?feature=oembed\" frameborder=\"0\" allow=\"accelerometer; autoplay; clipboard-write; encrypted-media; gyroscope; picture-in-picture; web-share\" referrerpolicy=\"strict-origin-when-cross-origin\" allowfullscreen><\/iframe><\/p>\n","protected":false},"excerpt":{"rendered":"<p>FAMILIA El \u00e1mbito de la familia es fundamental en la labor del Servicio de Euskera. Durante los primeros a\u00f1os de un beb\u00e9, la familia ser\u00e1 su principal espacio de socializaci\u00f3n, en el cual adquirir\u00e1 conocimientos, h\u00e1bitos y comportamientos en muchos \u00e1mbitos. Tambi\u00e9n en el ling\u00fc\u00edstico: adem\u00e1s de aprender el idioma\/los idiomas de la familia, interiorizar\u00e1 [&hellip;]<\/p>\n","protected":false},"author":2,"featured_media":0,"parent":50,"menu_order":0,"comment_status":"closed","ping_status":"closed","template":"","meta":{"footnotes":""},"class_list":["post-54","page","type-page","status-publish","hentry"],"yoast_head":"<!-- This site is optimized with the Yoast SEO plugin v22.3 - https:\/\/yoast.com\/wordpress\/plugins\/seo\/ -->\r\n<title>Jarduerak - Mancomunidad de Malerreka<\/title>\r\n<meta name=\"robots\" content=\"index, follow, max-snippet:-1, max-image-preview:large, max-video-preview:-1\" \/>\r\n<link rel=\"canonical\" href=\"http:\/\/www.malerrekakomankomunitatea.eus\/es\/euskera\/actividades\/\" \/>\r\n<meta property=\"og:locale\" content=\"es_ES\" \/>\r\n<meta property=\"og:type\" content=\"article\" \/>\r\n<meta property=\"og:title\" content=\"Jarduerak - Mancomunidad de Malerreka\" \/>\r\n<meta property=\"og:description\" content=\"FAMILIA El \u00e1mbito de la familia es fundamental en la labor del Servicio de Euskera. Durante los primeros a\u00f1os de un beb\u00e9, la familia ser\u00e1 su principal espacio de socializaci\u00f3n, en el cual adquirir\u00e1 conocimientos, h\u00e1bitos y comportamientos en muchos \u00e1mbitos. Tambi\u00e9n en el ling\u00fc\u00edstico: adem\u00e1s de aprender el idioma\/los idiomas de la familia, interiorizar\u00e1 [&hellip;]\" \/>\r\n<meta property=\"og:url\" content=\"http:\/\/www.malerrekakomankomunitatea.eus\/es\/euskera\/actividades\/\" \/>\r\n<meta property=\"og:site_name\" content=\"Mancomunidad de Malerreka\" \/>\r\n<meta property=\"article:modified_time\" content=\"2021-05-20T08:46:23+00:00\" \/>\r\n<meta name=\"twitter:card\" content=\"summary_large_image\" \/>\r\n<meta name=\"twitter:label1\" content=\"Tiempo de lectura\" \/>\n\t<meta name=\"twitter:data1\" content=\"2 minutos\" \/>\r\n<script type=\"application\/ld+json\" class=\"yoast-schema-graph\">{\"@context\":\"https:\/\/schema.org\",\"@graph\":[{\"@type\":\"WebPage\",\"@id\":\"http:\/\/www.malerrekakomankomunitatea.eus\/es\/euskera\/actividades\/\",\"url\":\"http:\/\/www.malerrekakomankomunitatea.eus\/es\/euskera\/actividades\/\",\"name\":\"Jarduerak - Mancomunidad de Malerreka\",\"isPartOf\":{\"@id\":\"http:\/\/www.malerrekakomankomunitatea.eus\/es\/#website\"},\"datePublished\":\"2021-01-13T12:03:57+00:00\",\"dateModified\":\"2021-05-20T08:46:23+00:00\",\"breadcrumb\":{\"@id\":\"http:\/\/www.malerrekakomankomunitatea.eus\/es\/euskera\/actividades\/#breadcrumb\"},\"inLanguage\":\"es\",\"potentialAction\":[{\"@type\":\"ReadAction\",\"target\":[\"http:\/\/www.malerrekakomankomunitatea.eus\/es\/euskera\/actividades\/\"]}]},{\"@type\":\"BreadcrumbList\",\"@id\":\"http:\/\/www.malerrekakomankomunitatea.eus\/es\/euskera\/actividades\/#breadcrumb\",\"itemListElement\":[{\"@type\":\"ListItem\",\"position\":1,\"name\":\"Home\",\"item\":\"http:\/\/www.malerrekakomankomunitatea.eus\/es\/\"},{\"@type\":\"ListItem\",\"position\":2,\"name\":\"Euskera\",\"item\":\"http:\/\/www.malerrekakomankomunitatea.eus\/es\/euskera\/\"},{\"@type\":\"ListItem\",\"position\":3,\"name\":\"Jarduerak\"}]},{\"@type\":\"WebSite\",\"@id\":\"http:\/\/www.malerrekakomankomunitatea.eus\/es\/#website\",\"url\":\"http:\/\/www.malerrekakomankomunitatea.eus\/es\/\",\"name\":\"Mancomunidad de Malerreka\",\"description\":\"P\u00e1gina principal de la Mancomunidad de Servicios Generales de Malerreka\",\"potentialAction\":[{\"@type\":\"SearchAction\",\"target\":{\"@type\":\"EntryPoint\",\"urlTemplate\":\"http:\/\/www.malerrekakomankomunitatea.eus\/es\/?s={search_term_string}\"},\"query-input\":\"required name=search_term_string\"}],\"inLanguage\":\"es\"}]}<\/script>\r\n<!-- \/ Yoast SEO plugin. -->","yoast_head_json":{"title":"Jarduerak - Mancomunidad de Malerreka","robots":{"index":"index","follow":"follow","max-snippet":"max-snippet:-1","max-image-preview":"max-image-preview:large","max-video-preview":"max-video-preview:-1"},"canonical":"http:\/\/www.malerrekakomankomunitatea.eus\/es\/euskera\/actividades\/","og_locale":"es_ES","og_type":"article","og_title":"Jarduerak - Mancomunidad de Malerreka","og_description":"FAMILIA El \u00e1mbito de la familia es fundamental en la labor del Servicio de Euskera. Durante los primeros a\u00f1os de un beb\u00e9, la familia ser\u00e1 su principal espacio de socializaci\u00f3n, en el cual adquirir\u00e1 conocimientos, h\u00e1bitos y comportamientos en muchos \u00e1mbitos. Tambi\u00e9n en el ling\u00fc\u00edstico: adem\u00e1s de aprender el idioma\/los idiomas de la familia, interiorizar\u00e1 [&hellip;]","og_url":"http:\/\/www.malerrekakomankomunitatea.eus\/es\/euskera\/actividades\/","og_site_name":"Mancomunidad de Malerreka","article_modified_time":"2021-05-20T08:46:23+00:00","twitter_card":"summary_large_image","twitter_misc":{"Tiempo de lectura":"2 minutos"},"schema":{"@context":"https:\/\/schema.org","@graph":[{"@type":"WebPage","@id":"http:\/\/www.malerrekakomankomunitatea.eus\/es\/euskera\/actividades\/","url":"http:\/\/www.malerrekakomankomunitatea.eus\/es\/euskera\/actividades\/","name":"Jarduerak - Mancomunidad de Malerreka","isPartOf":{"@id":"http:\/\/www.malerrekakomankomunitatea.eus\/es\/#website"},"datePublished":"2021-01-13T12:03:57+00:00","dateModified":"2021-05-20T08:46:23+00:00","breadcrumb":{"@id":"http:\/\/www.malerrekakomankomunitatea.eus\/es\/euskera\/actividades\/#breadcrumb"},"inLanguage":"es","potentialAction":[{"@type":"ReadAction","target":["http:\/\/www.malerrekakomankomunitatea.eus\/es\/euskera\/actividades\/"]}]},{"@type":"BreadcrumbList","@id":"http:\/\/www.malerrekakomankomunitatea.eus\/es\/euskera\/actividades\/#breadcrumb","itemListElement":[{"@type":"ListItem","position":1,"name":"Home","item":"http:\/\/www.malerrekakomankomunitatea.eus\/es\/"},{"@type":"ListItem","position":2,"name":"Euskera","item":"http:\/\/www.malerrekakomankomunitatea.eus\/es\/euskera\/"},{"@type":"ListItem","position":3,"name":"Jarduerak"}]},{"@type":"WebSite","@id":"http:\/\/www.malerrekakomankomunitatea.eus\/es\/#website","url":"http:\/\/www.malerrekakomankomunitatea.eus\/es\/","name":"Mancomunidad de Malerreka","description":"P\u00e1gina principal de la Mancomunidad de Servicios Generales de Malerreka","potentialAction":[{"@type":"SearchAction","target":{"@type":"EntryPoint","urlTemplate":"http:\/\/www.malerrekakomankomunitatea.eus\/es\/?s={search_term_string}"},"query-input":"required name=search_term_string"}],"inLanguage":"es"}]}},"_links":{"self":[{"href":"http:\/\/www.malerrekakomankomunitatea.eus\/es\/wp-json\/wp\/v2\/pages\/54","targetHints":{"allow":["GET"]}}],"collection":[{"href":"http:\/\/www.malerrekakomankomunitatea.eus\/es\/wp-json\/wp\/v2\/pages"}],"about":[{"href":"http:\/\/www.malerrekakomankomunitatea.eus\/es\/wp-json\/wp\/v2\/types\/page"}],"author":[{"embeddable":true,"href":"http:\/\/www.malerrekakomankomunitatea.eus\/es\/wp-json\/wp\/v2\/users\/2"}],"replies":[{"embeddable":true,"href":"http:\/\/www.malerrekakomankomunitatea.eus\/es\/wp-json\/wp\/v2\/comments?post=54"}],"version-history":[{"count":9,"href":"http:\/\/www.malerrekakomankomunitatea.eus\/es\/wp-json\/wp\/v2\/pages\/54\/revisions"}],"predecessor-version":[{"id":1116,"href":"http:\/\/www.malerrekakomankomunitatea.eus\/es\/wp-json\/wp\/v2\/pages\/54\/revisions\/1116"}],"up":[{"embeddable":true,"href":"http:\/\/www.malerrekakomankomunitatea.eus\/es\/wp-json\/wp\/v2\/pages\/50"}],"wp:attachment":[{"href":"http:\/\/www.malerrekakomankomunitatea.eus\/es\/wp-json\/wp\/v2\/media?parent=54"}],"curies":[{"name":"wp","href":"https:\/\/api.w.org\/{rel}","templated":true}]}}