{"id":56,"date":"2021-01-13T13:04:09","date_gmt":"2021-01-13T12:04:09","guid":{"rendered":"http:\/\/www.malerreka.es\/?page_id=56"},"modified":"2021-01-14T13:37:27","modified_gmt":"2021-01-14T12:37:27","slug":"servicio-de-traduccion","status":"publish","type":"page","link":"http:\/\/www.malerrekakomankomunitatea.eus\/es\/euskera\/servicio-de-traduccion\/","title":{"rendered":"Servicio de traducci\u00f3n"},"content":{"rendered":"<p>El Servicio de Traducci\u00f3n de Malerreka puede ser utilizado por los ayuntamientos de Malerreka, as\u00ed como los por establecimientos comerciales, empresas y colectivos.<\/p>\n<ul>\n<li>Las traducciones podr\u00e1n encargarse durante todo el a\u00f1o.<\/li>\n<li>Es un servicio gratuito.<\/li>\n<li>\u00danicamente se traducir\u00e1n textos que vayan a ser expuestos p\u00fablicamente.<\/li>\n<li>El encargo de traducciones se realizar\u00e1 por tel\u00e9fono, fax o correo electr\u00f3nico:<\/li>\n<\/ul>\n<p>Malerrekako Mankomunitatea<br \/>\nZazpigurutze 2, behea \u2022 31740 Doneztebe<br \/>\n948 451746 \/\u00a0<a href=\"mailto:itzulpenak@sakana-mank.com\">euskarazerbitzua@malerreka.<\/a><a href=\"http:\/\/euskarazerbitzua@malerreka.eus\/\">eus<\/a><\/p>\n<ul>\n<li>No se traducir\u00e1n textos que vayan a publicarse en el Bolet\u00edn Oficial de Navarra.<\/li>\n<li>No se traducir\u00e1n convocatorias ni actas.<\/li>\n<li>Se traducir\u00e1n documentos de 5 p\u00e1ginas como m\u00e1ximo (5 p\u00e1ginas=9000 caracteres=150 l\u00edneas).<\/li>\n<\/ul>\n","protected":false},"excerpt":{"rendered":"<p>El Servicio de Traducci\u00f3n de Malerreka puede ser utilizado por los ayuntamientos de Malerreka, as\u00ed como los por establecimientos comerciales, empresas y colectivos. Las traducciones podr\u00e1n encargarse durante todo el a\u00f1o. Es un servicio gratuito. \u00danicamente se traducir\u00e1n textos que vayan a ser expuestos p\u00fablicamente. El encargo de traducciones se realizar\u00e1 por tel\u00e9fono, fax o [&hellip;]<\/p>\n","protected":false},"author":2,"featured_media":0,"parent":50,"menu_order":0,"comment_status":"closed","ping_status":"closed","template":"","meta":{"footnotes":""},"class_list":["post-56","page","type-page","status-publish","hentry"],"yoast_head":"<!-- This site is optimized with the Yoast SEO plugin v22.3 - https:\/\/yoast.com\/wordpress\/plugins\/seo\/ -->\r\n<title>Servicio de traducci\u00f3n - Mancomunidad de Malerreka<\/title>\r\n<meta name=\"robots\" content=\"index, follow, max-snippet:-1, max-image-preview:large, max-video-preview:-1\" \/>\r\n<link rel=\"canonical\" href=\"http:\/\/www.malerrekakomankomunitatea.eus\/es\/euskera\/servicio-de-traduccion\/\" \/>\r\n<meta property=\"og:locale\" content=\"es_ES\" \/>\r\n<meta property=\"og:type\" content=\"article\" \/>\r\n<meta property=\"og:title\" content=\"Servicio de traducci\u00f3n - Mancomunidad de Malerreka\" \/>\r\n<meta property=\"og:description\" content=\"El Servicio de Traducci\u00f3n de Malerreka puede ser utilizado por los ayuntamientos de Malerreka, as\u00ed como los por establecimientos comerciales, empresas y colectivos. Las traducciones podr\u00e1n encargarse durante todo el a\u00f1o. Es un servicio gratuito. \u00danicamente se traducir\u00e1n textos que vayan a ser expuestos p\u00fablicamente. El encargo de traducciones se realizar\u00e1 por tel\u00e9fono, fax o [&hellip;]\" \/>\r\n<meta property=\"og:url\" content=\"http:\/\/www.malerrekakomankomunitatea.eus\/es\/euskera\/servicio-de-traduccion\/\" \/>\r\n<meta property=\"og:site_name\" content=\"Mancomunidad de Malerreka\" \/>\r\n<meta property=\"article:modified_time\" content=\"2021-01-14T12:37:27+00:00\" \/>\r\n<meta name=\"twitter:card\" content=\"summary_large_image\" \/>\r\n<meta name=\"twitter:label1\" content=\"Tiempo de lectura\" \/>\n\t<meta name=\"twitter:data1\" content=\"1 minuto\" \/>\r\n<script type=\"application\/ld+json\" class=\"yoast-schema-graph\">{\"@context\":\"https:\/\/schema.org\",\"@graph\":[{\"@type\":\"WebPage\",\"@id\":\"http:\/\/www.malerrekakomankomunitatea.eus\/es\/euskera\/servicio-de-traduccion\/\",\"url\":\"http:\/\/www.malerrekakomankomunitatea.eus\/es\/euskera\/servicio-de-traduccion\/\",\"name\":\"Servicio de traducci\u00f3n - Mancomunidad de Malerreka\",\"isPartOf\":{\"@id\":\"http:\/\/www.malerrekakomankomunitatea.eus\/es\/#website\"},\"datePublished\":\"2021-01-13T12:04:09+00:00\",\"dateModified\":\"2021-01-14T12:37:27+00:00\",\"breadcrumb\":{\"@id\":\"http:\/\/www.malerrekakomankomunitatea.eus\/es\/euskera\/servicio-de-traduccion\/#breadcrumb\"},\"inLanguage\":\"es\",\"potentialAction\":[{\"@type\":\"ReadAction\",\"target\":[\"http:\/\/www.malerrekakomankomunitatea.eus\/es\/euskera\/servicio-de-traduccion\/\"]}]},{\"@type\":\"BreadcrumbList\",\"@id\":\"http:\/\/www.malerrekakomankomunitatea.eus\/es\/euskera\/servicio-de-traduccion\/#breadcrumb\",\"itemListElement\":[{\"@type\":\"ListItem\",\"position\":1,\"name\":\"Home\",\"item\":\"http:\/\/www.malerrekakomankomunitatea.eus\/es\/\"},{\"@type\":\"ListItem\",\"position\":2,\"name\":\"Euskera\",\"item\":\"http:\/\/www.malerrekakomankomunitatea.eus\/es\/euskera\/\"},{\"@type\":\"ListItem\",\"position\":3,\"name\":\"Servicio de traducci\u00f3n\"}]},{\"@type\":\"WebSite\",\"@id\":\"http:\/\/www.malerrekakomankomunitatea.eus\/es\/#website\",\"url\":\"http:\/\/www.malerrekakomankomunitatea.eus\/es\/\",\"name\":\"Mancomunidad de Malerreka\",\"description\":\"P\u00e1gina principal de la Mancomunidad de Servicios Generales de Malerreka\",\"potentialAction\":[{\"@type\":\"SearchAction\",\"target\":{\"@type\":\"EntryPoint\",\"urlTemplate\":\"http:\/\/www.malerrekakomankomunitatea.eus\/es\/?s={search_term_string}\"},\"query-input\":\"required name=search_term_string\"}],\"inLanguage\":\"es\"}]}<\/script>\r\n<!-- \/ Yoast SEO plugin. -->","yoast_head_json":{"title":"Servicio de traducci\u00f3n - Mancomunidad de Malerreka","robots":{"index":"index","follow":"follow","max-snippet":"max-snippet:-1","max-image-preview":"max-image-preview:large","max-video-preview":"max-video-preview:-1"},"canonical":"http:\/\/www.malerrekakomankomunitatea.eus\/es\/euskera\/servicio-de-traduccion\/","og_locale":"es_ES","og_type":"article","og_title":"Servicio de traducci\u00f3n - Mancomunidad de Malerreka","og_description":"El Servicio de Traducci\u00f3n de Malerreka puede ser utilizado por los ayuntamientos de Malerreka, as\u00ed como los por establecimientos comerciales, empresas y colectivos. Las traducciones podr\u00e1n encargarse durante todo el a\u00f1o. Es un servicio gratuito. \u00danicamente se traducir\u00e1n textos que vayan a ser expuestos p\u00fablicamente. El encargo de traducciones se realizar\u00e1 por tel\u00e9fono, fax o [&hellip;]","og_url":"http:\/\/www.malerrekakomankomunitatea.eus\/es\/euskera\/servicio-de-traduccion\/","og_site_name":"Mancomunidad de Malerreka","article_modified_time":"2021-01-14T12:37:27+00:00","twitter_card":"summary_large_image","twitter_misc":{"Tiempo de lectura":"1 minuto"},"schema":{"@context":"https:\/\/schema.org","@graph":[{"@type":"WebPage","@id":"http:\/\/www.malerrekakomankomunitatea.eus\/es\/euskera\/servicio-de-traduccion\/","url":"http:\/\/www.malerrekakomankomunitatea.eus\/es\/euskera\/servicio-de-traduccion\/","name":"Servicio de traducci\u00f3n - Mancomunidad de Malerreka","isPartOf":{"@id":"http:\/\/www.malerrekakomankomunitatea.eus\/es\/#website"},"datePublished":"2021-01-13T12:04:09+00:00","dateModified":"2021-01-14T12:37:27+00:00","breadcrumb":{"@id":"http:\/\/www.malerrekakomankomunitatea.eus\/es\/euskera\/servicio-de-traduccion\/#breadcrumb"},"inLanguage":"es","potentialAction":[{"@type":"ReadAction","target":["http:\/\/www.malerrekakomankomunitatea.eus\/es\/euskera\/servicio-de-traduccion\/"]}]},{"@type":"BreadcrumbList","@id":"http:\/\/www.malerrekakomankomunitatea.eus\/es\/euskera\/servicio-de-traduccion\/#breadcrumb","itemListElement":[{"@type":"ListItem","position":1,"name":"Home","item":"http:\/\/www.malerrekakomankomunitatea.eus\/es\/"},{"@type":"ListItem","position":2,"name":"Euskera","item":"http:\/\/www.malerrekakomankomunitatea.eus\/es\/euskera\/"},{"@type":"ListItem","position":3,"name":"Servicio de traducci\u00f3n"}]},{"@type":"WebSite","@id":"http:\/\/www.malerrekakomankomunitatea.eus\/es\/#website","url":"http:\/\/www.malerrekakomankomunitatea.eus\/es\/","name":"Mancomunidad de Malerreka","description":"P\u00e1gina principal de la Mancomunidad de Servicios Generales de Malerreka","potentialAction":[{"@type":"SearchAction","target":{"@type":"EntryPoint","urlTemplate":"http:\/\/www.malerrekakomankomunitatea.eus\/es\/?s={search_term_string}"},"query-input":"required name=search_term_string"}],"inLanguage":"es"}]}},"_links":{"self":[{"href":"http:\/\/www.malerrekakomankomunitatea.eus\/es\/wp-json\/wp\/v2\/pages\/56","targetHints":{"allow":["GET"]}}],"collection":[{"href":"http:\/\/www.malerrekakomankomunitatea.eus\/es\/wp-json\/wp\/v2\/pages"}],"about":[{"href":"http:\/\/www.malerrekakomankomunitatea.eus\/es\/wp-json\/wp\/v2\/types\/page"}],"author":[{"embeddable":true,"href":"http:\/\/www.malerrekakomankomunitatea.eus\/es\/wp-json\/wp\/v2\/users\/2"}],"replies":[{"embeddable":true,"href":"http:\/\/www.malerrekakomankomunitatea.eus\/es\/wp-json\/wp\/v2\/comments?post=56"}],"version-history":[{"count":2,"href":"http:\/\/www.malerrekakomankomunitatea.eus\/es\/wp-json\/wp\/v2\/pages\/56\/revisions"}],"predecessor-version":[{"id":501,"href":"http:\/\/www.malerrekakomankomunitatea.eus\/es\/wp-json\/wp\/v2\/pages\/56\/revisions\/501"}],"up":[{"embeddable":true,"href":"http:\/\/www.malerrekakomankomunitatea.eus\/es\/wp-json\/wp\/v2\/pages\/50"}],"wp:attachment":[{"href":"http:\/\/www.malerrekakomankomunitatea.eus\/es\/wp-json\/wp\/v2\/media?parent=56"}],"curies":[{"name":"wp","href":"https:\/\/api.w.org\/{rel}","templated":true}]}}