{"id":64,"date":"2021-01-13T13:04:55","date_gmt":"2021-01-13T12:04:55","guid":{"rendered":"http:\/\/www.malerreka.es\/?page_id=64"},"modified":"2021-01-15T12:45:30","modified_gmt":"2021-01-15T11:45:30","slug":"residuos-urbanos","status":"publish","type":"page","link":"http:\/\/www.malerrekakomankomunitatea.eus\/es\/servicios\/residuos-urbanos\/","title":{"rendered":"Residuos urbanos"},"content":{"rendered":"<p>Entre los servicios que presta la Mancomunidad de Servicios Generales de Malerreka se incluye\u00a0<strong>la recogida y el tratamiento de los residuos s\u00f3lidos urbanos de Malerreka<\/strong>. \u00a0El objetivo final de este proceso es la recogida y el reciclaje de los residuos urbanos generados en las viviendas, comercios, bares, restaurantes, talleres etc. de la comarca.<\/p>\n<p>El sistema de recogida se implanta mediante la recogida de diferentes tipos de contenedores: la recogida selectiva (vidrio, papel y cart\u00f3n, y envases) y la recogida de la fracci\u00f3n resto. Para la fracci\u00f3n org\u00e1nica realizamos compost (compostaje individiual y comunitario), adem\u00e1s de la recogida puerta a puerta a grandes genereadores. A todo ello se le suma la recogida a domicilio de residuos voluminosos, recogida a domicilio de grandes cantidades de papel-cart\u00f3n o los peque\u00f1os puntos limpios y el m\u00f3vil para los residuos especiales. Para prestar estos servicios la Mancomunidad de Malerreka colabora activamente con el Ayuntamiento de Bazt\u00e1n y la Mancomunidad de Residuos Urbanos de Bortziriak.<\/p>\n<p>Por otra parte, entre los objetivos del servicio se incluyen\u00a0<strong>el reciclaje y el impulso del respeto al medio ambiente<\/strong>. Hemos de comprender que la implicaci\u00f3n en la sostenibilidad ambiental debe ser compartida por toda la sociedad. El deber de la mancomunidad es ofrecer y prestar el servicio, dejando a disposici\u00f3n de la ciudadan\u00eda las herramientas necesarias para su cumplimiento.\u00a0 Es la sociedad la que utilizando y respetando el sistema de recogida selectiva de residuos contribuir\u00e1 en el aumento de los \u00edndices de reciclaje.<\/p>\n<p>Como administraci\u00f3n p\u00fablica es nuestra responsabilidad gestionar dicha situaci\u00f3n de forma sostenible, ofreciendo un servicio adecuado, impulsando la recogida selectiva de residuos e influyendo en la reducci\u00f3n de los mismos. Hemos de recordar que con peque\u00f1os esfuerzos individuales podemos lograr importantes avances y logros colectivos.<\/p>\n","protected":false},"excerpt":{"rendered":"<p>Entre los servicios que presta la Mancomunidad de Servicios Generales de Malerreka se incluye\u00a0la recogida y el tratamiento de los residuos s\u00f3lidos urbanos de Malerreka. \u00a0El objetivo final de este proceso es la recogida y el reciclaje de los residuos urbanos generados en las viviendas, comercios, bares, restaurantes, talleres etc. de la comarca. El sistema [&hellip;]<\/p>\n","protected":false},"author":2,"featured_media":0,"parent":215,"menu_order":1,"comment_status":"closed","ping_status":"closed","template":"","meta":{"footnotes":""},"class_list":["post-64","page","type-page","status-publish","hentry"],"yoast_head":"<!-- This site is optimized with the Yoast SEO plugin v22.3 - https:\/\/yoast.com\/wordpress\/plugins\/seo\/ -->\r\n<title>Residuos urbanos - Mancomunidad de Malerreka<\/title>\r\n<meta name=\"robots\" content=\"index, follow, max-snippet:-1, max-image-preview:large, max-video-preview:-1\" \/>\r\n<link rel=\"canonical\" href=\"http:\/\/www.malerrekakomankomunitatea.eus\/es\/servicios\/residuos-urbanos\/\" \/>\r\n<meta property=\"og:locale\" content=\"es_ES\" \/>\r\n<meta property=\"og:type\" content=\"article\" \/>\r\n<meta property=\"og:title\" content=\"Residuos urbanos - Mancomunidad de Malerreka\" \/>\r\n<meta property=\"og:description\" content=\"Entre los servicios que presta la Mancomunidad de Servicios Generales de Malerreka se incluye\u00a0la recogida y el tratamiento de los residuos s\u00f3lidos urbanos de Malerreka. \u00a0El objetivo final de este proceso es la recogida y el reciclaje de los residuos urbanos generados en las viviendas, comercios, bares, restaurantes, talleres etc. de la comarca. El sistema [&hellip;]\" \/>\r\n<meta property=\"og:url\" content=\"http:\/\/www.malerrekakomankomunitatea.eus\/es\/servicios\/residuos-urbanos\/\" \/>\r\n<meta property=\"og:site_name\" content=\"Mancomunidad de Malerreka\" \/>\r\n<meta property=\"article:modified_time\" content=\"2021-01-15T11:45:30+00:00\" \/>\r\n<meta name=\"twitter:card\" content=\"summary_large_image\" \/>\r\n<meta name=\"twitter:label1\" content=\"Tiempo de lectura\" \/>\n\t<meta name=\"twitter:data1\" content=\"2 minutos\" \/>\r\n<script type=\"application\/ld+json\" class=\"yoast-schema-graph\">{\"@context\":\"https:\/\/schema.org\",\"@graph\":[{\"@type\":\"WebPage\",\"@id\":\"http:\/\/www.malerrekakomankomunitatea.eus\/es\/servicios\/residuos-urbanos\/\",\"url\":\"http:\/\/www.malerrekakomankomunitatea.eus\/es\/servicios\/residuos-urbanos\/\",\"name\":\"Residuos urbanos - Mancomunidad de Malerreka\",\"isPartOf\":{\"@id\":\"http:\/\/www.malerrekakomankomunitatea.eus\/es\/#website\"},\"datePublished\":\"2021-01-13T12:04:55+00:00\",\"dateModified\":\"2021-01-15T11:45:30+00:00\",\"breadcrumb\":{\"@id\":\"http:\/\/www.malerrekakomankomunitatea.eus\/es\/servicios\/residuos-urbanos\/#breadcrumb\"},\"inLanguage\":\"es\",\"potentialAction\":[{\"@type\":\"ReadAction\",\"target\":[\"http:\/\/www.malerrekakomankomunitatea.eus\/es\/servicios\/residuos-urbanos\/\"]}]},{\"@type\":\"BreadcrumbList\",\"@id\":\"http:\/\/www.malerrekakomankomunitatea.eus\/es\/servicios\/residuos-urbanos\/#breadcrumb\",\"itemListElement\":[{\"@type\":\"ListItem\",\"position\":1,\"name\":\"Home\",\"item\":\"http:\/\/www.malerrekakomankomunitatea.eus\/es\/\"},{\"@type\":\"ListItem\",\"position\":2,\"name\":\"Servicios\",\"item\":\"http:\/\/www.malerrekakomankomunitatea.eus\/es\/servicios\/\"},{\"@type\":\"ListItem\",\"position\":3,\"name\":\"Residuos urbanos\"}]},{\"@type\":\"WebSite\",\"@id\":\"http:\/\/www.malerrekakomankomunitatea.eus\/es\/#website\",\"url\":\"http:\/\/www.malerrekakomankomunitatea.eus\/es\/\",\"name\":\"Mancomunidad de Malerreka\",\"description\":\"P\u00e1gina principal de la Mancomunidad de Servicios Generales de Malerreka\",\"potentialAction\":[{\"@type\":\"SearchAction\",\"target\":{\"@type\":\"EntryPoint\",\"urlTemplate\":\"http:\/\/www.malerrekakomankomunitatea.eus\/es\/?s={search_term_string}\"},\"query-input\":\"required name=search_term_string\"}],\"inLanguage\":\"es\"}]}<\/script>\r\n<!-- \/ Yoast SEO plugin. -->","yoast_head_json":{"title":"Residuos urbanos - Mancomunidad de Malerreka","robots":{"index":"index","follow":"follow","max-snippet":"max-snippet:-1","max-image-preview":"max-image-preview:large","max-video-preview":"max-video-preview:-1"},"canonical":"http:\/\/www.malerrekakomankomunitatea.eus\/es\/servicios\/residuos-urbanos\/","og_locale":"es_ES","og_type":"article","og_title":"Residuos urbanos - Mancomunidad de Malerreka","og_description":"Entre los servicios que presta la Mancomunidad de Servicios Generales de Malerreka se incluye\u00a0la recogida y el tratamiento de los residuos s\u00f3lidos urbanos de Malerreka. \u00a0El objetivo final de este proceso es la recogida y el reciclaje de los residuos urbanos generados en las viviendas, comercios, bares, restaurantes, talleres etc. de la comarca. El sistema [&hellip;]","og_url":"http:\/\/www.malerrekakomankomunitatea.eus\/es\/servicios\/residuos-urbanos\/","og_site_name":"Mancomunidad de Malerreka","article_modified_time":"2021-01-15T11:45:30+00:00","twitter_card":"summary_large_image","twitter_misc":{"Tiempo de lectura":"2 minutos"},"schema":{"@context":"https:\/\/schema.org","@graph":[{"@type":"WebPage","@id":"http:\/\/www.malerrekakomankomunitatea.eus\/es\/servicios\/residuos-urbanos\/","url":"http:\/\/www.malerrekakomankomunitatea.eus\/es\/servicios\/residuos-urbanos\/","name":"Residuos urbanos - Mancomunidad de Malerreka","isPartOf":{"@id":"http:\/\/www.malerrekakomankomunitatea.eus\/es\/#website"},"datePublished":"2021-01-13T12:04:55+00:00","dateModified":"2021-01-15T11:45:30+00:00","breadcrumb":{"@id":"http:\/\/www.malerrekakomankomunitatea.eus\/es\/servicios\/residuos-urbanos\/#breadcrumb"},"inLanguage":"es","potentialAction":[{"@type":"ReadAction","target":["http:\/\/www.malerrekakomankomunitatea.eus\/es\/servicios\/residuos-urbanos\/"]}]},{"@type":"BreadcrumbList","@id":"http:\/\/www.malerrekakomankomunitatea.eus\/es\/servicios\/residuos-urbanos\/#breadcrumb","itemListElement":[{"@type":"ListItem","position":1,"name":"Home","item":"http:\/\/www.malerrekakomankomunitatea.eus\/es\/"},{"@type":"ListItem","position":2,"name":"Servicios","item":"http:\/\/www.malerrekakomankomunitatea.eus\/es\/servicios\/"},{"@type":"ListItem","position":3,"name":"Residuos urbanos"}]},{"@type":"WebSite","@id":"http:\/\/www.malerrekakomankomunitatea.eus\/es\/#website","url":"http:\/\/www.malerrekakomankomunitatea.eus\/es\/","name":"Mancomunidad de Malerreka","description":"P\u00e1gina principal de la Mancomunidad de Servicios Generales de Malerreka","potentialAction":[{"@type":"SearchAction","target":{"@type":"EntryPoint","urlTemplate":"http:\/\/www.malerrekakomankomunitatea.eus\/es\/?s={search_term_string}"},"query-input":"required name=search_term_string"}],"inLanguage":"es"}]}},"_links":{"self":[{"href":"http:\/\/www.malerrekakomankomunitatea.eus\/es\/wp-json\/wp\/v2\/pages\/64","targetHints":{"allow":["GET"]}}],"collection":[{"href":"http:\/\/www.malerrekakomankomunitatea.eus\/es\/wp-json\/wp\/v2\/pages"}],"about":[{"href":"http:\/\/www.malerrekakomankomunitatea.eus\/es\/wp-json\/wp\/v2\/types\/page"}],"author":[{"embeddable":true,"href":"http:\/\/www.malerrekakomankomunitatea.eus\/es\/wp-json\/wp\/v2\/users\/2"}],"replies":[{"embeddable":true,"href":"http:\/\/www.malerrekakomankomunitatea.eus\/es\/wp-json\/wp\/v2\/comments?post=64"}],"version-history":[{"count":3,"href":"http:\/\/www.malerrekakomankomunitatea.eus\/es\/wp-json\/wp\/v2\/pages\/64\/revisions"}],"predecessor-version":[{"id":894,"href":"http:\/\/www.malerrekakomankomunitatea.eus\/es\/wp-json\/wp\/v2\/pages\/64\/revisions\/894"}],"up":[{"embeddable":true,"href":"http:\/\/www.malerrekakomankomunitatea.eus\/es\/wp-json\/wp\/v2\/pages\/215"}],"wp:attachment":[{"href":"http:\/\/www.malerrekakomankomunitatea.eus\/es\/wp-json\/wp\/v2\/media?parent=64"}],"curies":[{"name":"wp","href":"https:\/\/api.w.org\/{rel}","templated":true}]}}