{"id":817,"date":"2021-01-15T12:12:10","date_gmt":"2021-01-15T11:12:10","guid":{"rendered":"http:\/\/www.malerreka.es\/?page_id=817"},"modified":"2023-01-27T13:10:22","modified_gmt":"2023-01-27T12:10:22","slug":"politica-de-privacidad","status":"publish","type":"page","link":"http:\/\/www.malerrekakomankomunitatea.eus\/es\/politica-de-privacidad\/","title":{"rendered":"Pol\u00edtica de privacidad"},"content":{"rendered":"<div class=\"col-12 col-lg-9 pr-0 pr-lg-3\">\n<div class=\"seccion\">\n<h2><strong>\u00a0<\/strong><strong><u>Pol\u00edtica de Privacidad &#8211; Protecci\u00f3n de datos personales<\/u><\/strong><\/h2>\n<p><strong>\u00a0<\/strong><\/p>\n<p><strong>\u00a01. <\/strong><strong><u>Introducci\u00f3n<\/u><\/strong><\/p>\n<p>En cumplimiento de la normativa vigente sobre Protecci\u00f3n de Datos Personales, con especial referencia al Reglamento UE 2016\/679 del Parlamento Europeo y del Consejo de 27 de abril de 2016 relativo a la protecci\u00f3n de las personas f\u00edsicas en lo que respecta al tratamiento de datos personales y a la libre circulaci\u00f3n de estos datos (\u201cRGPD\u201d) y a la Ley Org\u00e1nica 3\/2018, de 5 de diciembre, de Protecci\u00f3n de Datos Personales y garant\u00eda de los derechos digitales (\u201cLOPDGDD\u201d), se informa a las personas usuarias que los datos personales que faciliten mediante correo electr\u00f3nico, enviados a trav\u00e9s de formularios o por cualquier otro medio ubicado en este sitio web ser\u00e1n incorporados a los sistemas de tratamiento de datos de <strong>Mancomunidad de Servicios Generales de Malerreka<\/strong>, Responsable del Tratamiento (NIF: P3147827D), con la finalidad de atender a las consultas y solicitudes recibidas, contactar con usted, gestionar los servicios solicitados y las funciones leg\u00edtimas propias de su actividad.<\/p>\n<p><strong><u>2. Bases jur\u00eddicas y legitimadoras<\/u><\/strong><\/p>\n<p>Las bases jur\u00eddicas de los tratamientos de datos descritos son, en los t\u00e9rminos establecidos por la normativa sobre protecci\u00f3n de datos, su consentimiento para el tratamiento de los datos (por ejemplo, formularios de contacto), la necesidad del tratamiento de sus datos para la ejecuci\u00f3n de los servicios solicitados por usted (por ejemplo, navegaci\u00f3n y utilizaci\u00f3n de nuestro sitio web o solicitud de nuestros servicios), la necesidad del tratamiento para la ejecuci\u00f3n de una misi\u00f3n de inter\u00e9s p\u00fablico (en la prestaci\u00f3n de ciertos servicios que gestiona la Mancomunidad), el cumplimiento de obligaciones legales (por ejemplo, comunicaciones obligatorias a administraciones p\u00fablicas) y\/o el inter\u00e9s leg\u00edtimo del Responsable del Tratamiento (por ejemplo, a efectos de enviarle comunicaciones electr\u00f3nicas).<\/p>\n<p>El tratamiento de sus datos personales se realizar\u00e1 de manera confidencial. La Mancomunidad est\u00e1 comprometida con la privacidad y la protecci\u00f3n de los datos personales de las personas usuarias y utiliza todos los recursos a su alcance para garantizar la seguridad y privacidad de las personas interesadas. Sus datos podr\u00e1n ser conservados sin limitaci\u00f3n en el tiempo, a menos que nos indique lo contrario.<\/p>\n<p><strong>\u00a03. <\/strong><strong><u>Recogida de datos personales<\/u><\/strong><\/p>\n<p>La Mancomunidad no requiere que proporcione datos de car\u00e1cter personal para acceder al sitio web, no obstante, existen una serie de formularios y servicios (por ejemplo, la sede electr\u00f3nica), cuyo uso requiere que la persona usuaria facilite datos personales. La persona usuaria aporta sus datos personales de forma libre y voluntaria. La Mancomunidad no solicita m\u00e1s informaci\u00f3n personal que la que es necesaria para recibir el servicio solicitado.<\/p>\n<p>La persona usuaria que incluya en este sitio web cualquier tipo de contenido (datos, textos, v\u00eddeos, sonido, fotograf\u00edas, gr\u00e1ficos, mensajes u otro material) declara y garantiza hacerlo de modo que se ajuste a las condiciones aqu\u00ed expresadas.<\/p>\n<p>La persona usuaria que incluya datos personales de terceros declara que cuenta con el consentimiento y permiso de estos para la publicaci\u00f3n de los mismos. La persona usuaria es la \u00fanica responsable de la veracidad y correcci\u00f3n de los datos incluidos, exoner\u00e1ndose la Mancomunidad de cualquier responsabilidad al respecto. Las personas usuarias garantizan y responden, en cualquier caso, de la exactitud, vigencia y autenticidad de los datos personales facilitados, y se comprometen a mantenerlos debidamente actualizados.<\/p>\n<p>La Mancomunidad de Malerreka, a trav\u00e9s del sitio web, ofrece informaci\u00f3n sobre numerosos eventos, actividades, etc. que suponen la participaci\u00f3n de la ciudadan\u00eda. En algunas ocasiones, la informaci\u00f3n facilitada se acompa\u00f1a de fotograf\u00edas o videos en los que aparecen personas identificadas o identificables. En caso de que la persona usuaria se reconozca en alguna de estas fotograf\u00edas y no desee aparecer en las mismas, rogamos nos lo comunique a trav\u00e9s de la direcci\u00f3n de correo, <a href=\"mailto:mankomunitatea@malerreka.eus\">mankomunitatea@malerreka.eus<\/a> adjuntando copia de documento acreditativo de su identidad, y referenciando el apartado del sitio web en el que se encuentra la imagen o video en el que aparece. En el caso de menores de 14 a\u00f1os, la solicitud debe realizarla el padre, la madre o un tutor legal.<\/p>\n<p>El env\u00edo de informaci\u00f3n a trav\u00e9s de este sitio web conlleva necesariamente la autorizaci\u00f3n expresa para los tratamientos de datos descritos en esta pol\u00edtica de privacidad y en las condiciones generales del sitio web.<\/p>\n<p><strong><u>4. Recogida de datos de menores<\/u><\/strong><\/p>\n<p><strong>\u00a0<\/strong>La Mancomunidad de Malerreka no autoriza a menores de 14 a\u00f1os a facilitar sus datos personales, ya sea mediante la cumplimentaci\u00f3n de los formularios web habilitados para la solicitud de servicios, los formularios de contacto, o mediante el env\u00edo de correos electr\u00f3nicos.<\/p>\n<p>Por tanto, quienes faciliten datos personales utilizando dichos medios manifiestan formalmente ser mayores de 14 a\u00f1os o en su defecto que cuenten con la pertinente autorizaci\u00f3n de su padre\/madre y\/o tutores legales.<\/p>\n<p><strong>\u00a05. <\/strong><strong><u>Derechos de las personas interesadas<\/u><\/strong><\/p>\n<p><strong>\u00a0<\/strong>Puede ejercer los derechos de acceso, rectificaci\u00f3n, cancelaci\u00f3n, limitaci\u00f3n, oposici\u00f3n y portabilidad, as\u00ed como retirar su consentimiento o realizar cualquier otra solicitud sobre esta materia dirigi\u00e9ndose por escrito a la Mancomunidad, en la siguiente direcci\u00f3n: Mancomunidad de Servicios Generales de Malerreka, Zazpigurutze, 2, bajo, 31740 Doneztebe\/Santesteban (Nafarroa) o a trav\u00e9s de la direcci\u00f3n de correo electr\u00f3nico <a href=\"mailto:mankomunitatea@malerreka.eus\">mankomunitatea@malerreka.eus<\/a>.<\/p>\n<p>La solicitud deber\u00e1 llevar adjunta una copia de su DNI o documento identificativo equivalente. En caso de realizar la solicitud en su condici\u00f3n de representante legal, deber\u00e1 adjuntar, adem\u00e1s de la copia del Documento de Identidad, un documento acreditativo de tal representaci\u00f3n. La autoridad de control a la que usted puede dirigirse en caso de no estar de acuerdo con la resoluci\u00f3n de las solicitudes o para presentar una reclamaci\u00f3n es la Agencia Espa\u00f1ola de Protecci\u00f3n de Datos (C\/ Jorge Juan, 6 &#8211; 28001 Madrid \/ www.aepd.es).<\/p>\n<p><strong>\u00a06. <\/strong><strong><u>Medidas de seguridad<\/u><\/strong><\/p>\n<p>La Mancomunidad tratar\u00e1 los datos personales contenidos en sus sistemas de tratamiento de datos adoptando las medidas de \u00edndole t\u00e9cnica y organizativa que sean necesarias para garantizar su seguridad y evitar su alteraci\u00f3n, p\u00e9rdida, tratamiento o acceso no autorizado, habida cuenta del estado de la tecnolog\u00eda, la naturaleza de los datos almacenados y los riesgos a que est\u00e1n expuestos, ya provengan de la acci\u00f3n humana o del medio f\u00edsico o natural, de acuerdo con la legislaci\u00f3n vigente que resulte de aplicaci\u00f3n en materia de medidas de seguridad de los datos de car\u00e1cter personal. Sin embargo, las personas usuarias son informadas de que las medidas de seguridad inform\u00e1tica no son inexpugnables y no se est\u00e1 a salvo de posibles intromisiones ilegales e indebidas, que no ser\u00edan responsabilidad de la Mancomunidad.<\/p>\n<p>Las medidas t\u00e9cnicas y organizativas que aplica la Mancomunidad de Malerreka corresponden a las aplicadas de acuerdo al Anexo II (Medidas de seguridad) del Real Decreto 3\/2010, de 8 de enero, por el que se regula el Esquema Nacional de Seguridad en el \u00e1mbito de la Administraci\u00f3n Electr\u00f3nica.<\/p>\n<p><strong><u>7. Brechas de Seguridad<\/u><\/strong><\/p>\n<p>La persona usuaria deber\u00e1 comunicar inmediatamente a la Mancomunidad de Malerreka cualquier incidencia, brecha de seguridad, acceso indebido o no autorizado detectado en relaci\u00f3n con el sitio web, \u00e1rea privada, sede electr\u00f3nica, claves de acceso o cualquier otra circunstancia que ponga en peligro la seguridad y confidencialidad de la informaci\u00f3n o el adecuado funcionamiento del sitio web. Como mecanismos de aviso preferentes se establecen el tel\u00e9fono 948451746 y la direcci\u00f3n de correo electr\u00f3nico <a href=\"mailto:mankomunitatea@malerreka.eus\">mankomunitatea@malerreka.eus<\/a>.<\/p>\n<p><strong><u>8. Vigencia<\/u><\/strong><\/p>\n<p>La Mancomunidad se reserva el derecho de modificar su pol\u00edtica de privacidad de acuerdo a su criterio, a cambios legislativos o jurisprudenciales. Si la Mancomunidad introdujera alguna modificaci\u00f3n, el nuevo texto ser\u00e1 publicado en este mismo sitio web, donde la persona usuaria podr\u00e1 tener conocimiento de la misma. En cualquier caso, la relaci\u00f3n con las personas usuarias se regir\u00e1 por las normas previstas en el momento preciso en que se accede al sitio web. Es por ello que la Mancomunidad le recomienda visitar esta pol\u00edtica de privacidad cada vez que se conecte al sitio web.<\/p>\n<p><strong><u>9. Jurisdicci\u00f3n<\/u><\/strong><\/p>\n<p><strong>\u00a0<\/strong>Las relaciones establecidas entre la Mancomunidad y la persona usuaria se regir\u00e1n por lo dispuesto en la normativa vigente acerca de la legislaci\u00f3n aplicable y la jurisdicci\u00f3n competente. No obstante, para los casos en los que la normativa prevea la posibilidad a las partes de someterse a un fuero, la Mancomunidad y la persona usuaria, con renuncia expresa a cualquier otro fuero que pudiera corresponderles, se someten a los Juzgados y Tribunales de Navarra.<\/p>\n<p>La Mancomunidad perseguir\u00e1 el incumplimiento de esta Pol\u00edtica de Privacidad, as\u00ed como cualquier utilizaci\u00f3n indebida de los contenidos presentados en este sitio web ejerciendo todas las acciones civiles y penales que le puedan corresponder en Derecho, incluyendo las de naturaleza econ\u00f3mica.<\/p>\n<p>&nbsp;<\/p>\n<\/div>\n<\/div>\n","protected":false},"excerpt":{"rendered":"<p>\u00a0Pol\u00edtica de Privacidad &#8211; Protecci\u00f3n de datos personales \u00a0 \u00a01. Introducci\u00f3n En cumplimiento de la normativa vigente sobre Protecci\u00f3n de Datos Personales, con especial referencia al Reglamento UE 2016\/679 del Parlamento Europeo y del Consejo de 27 de abril de 2016 relativo a la protecci\u00f3n de las personas f\u00edsicas en lo que respecta al tratamiento [&hellip;]<\/p>\n","protected":false},"author":2,"featured_media":0,"parent":0,"menu_order":2,"comment_status":"closed","ping_status":"closed","template":"","meta":{"footnotes":""},"class_list":["post-817","page","type-page","status-publish","hentry"],"yoast_head":"<!-- This site is optimized with the Yoast SEO plugin v22.3 - https:\/\/yoast.com\/wordpress\/plugins\/seo\/ -->\r\n<title>Pol\u00edtica de privacidad - Mancomunidad de Malerreka<\/title>\r\n<meta name=\"robots\" content=\"index, follow, max-snippet:-1, max-image-preview:large, max-video-preview:-1\" \/>\r\n<link rel=\"canonical\" href=\"http:\/\/www.malerrekakomankomunitatea.eus\/es\/politica-de-privacidad\/\" \/>\r\n<meta property=\"og:locale\" content=\"es_ES\" \/>\r\n<meta property=\"og:type\" content=\"article\" \/>\r\n<meta property=\"og:title\" content=\"Pol\u00edtica de privacidad - Mancomunidad de Malerreka\" \/>\r\n<meta property=\"og:description\" content=\"\u00a0Pol\u00edtica de Privacidad &#8211; Protecci\u00f3n de datos personales \u00a0 \u00a01. Introducci\u00f3n En cumplimiento de la normativa vigente sobre Protecci\u00f3n de Datos Personales, con especial referencia al Reglamento UE 2016\/679 del Parlamento Europeo y del Consejo de 27 de abril de 2016 relativo a la protecci\u00f3n de las personas f\u00edsicas en lo que respecta al tratamiento [&hellip;]\" \/>\r\n<meta property=\"og:url\" content=\"http:\/\/www.malerrekakomankomunitatea.eus\/es\/politica-de-privacidad\/\" \/>\r\n<meta property=\"og:site_name\" content=\"Mancomunidad de Malerreka\" \/>\r\n<meta property=\"article:modified_time\" content=\"2023-01-27T12:10:22+00:00\" \/>\r\n<meta name=\"twitter:card\" content=\"summary_large_image\" \/>\r\n<meta name=\"twitter:label1\" content=\"Tiempo de lectura\" \/>\n\t<meta name=\"twitter:data1\" content=\"7 minutos\" \/>\r\n<script type=\"application\/ld+json\" class=\"yoast-schema-graph\">{\"@context\":\"https:\/\/schema.org\",\"@graph\":[{\"@type\":\"WebPage\",\"@id\":\"http:\/\/www.malerrekakomankomunitatea.eus\/es\/politica-de-privacidad\/\",\"url\":\"http:\/\/www.malerrekakomankomunitatea.eus\/es\/politica-de-privacidad\/\",\"name\":\"Pol\u00edtica de privacidad - Mancomunidad de Malerreka\",\"isPartOf\":{\"@id\":\"http:\/\/www.malerrekakomankomunitatea.eus\/es\/#website\"},\"datePublished\":\"2021-01-15T11:12:10+00:00\",\"dateModified\":\"2023-01-27T12:10:22+00:00\",\"breadcrumb\":{\"@id\":\"http:\/\/www.malerrekakomankomunitatea.eus\/es\/politica-de-privacidad\/#breadcrumb\"},\"inLanguage\":\"es\",\"potentialAction\":[{\"@type\":\"ReadAction\",\"target\":[\"http:\/\/www.malerrekakomankomunitatea.eus\/es\/politica-de-privacidad\/\"]}]},{\"@type\":\"BreadcrumbList\",\"@id\":\"http:\/\/www.malerrekakomankomunitatea.eus\/es\/politica-de-privacidad\/#breadcrumb\",\"itemListElement\":[{\"@type\":\"ListItem\",\"position\":1,\"name\":\"Home\",\"item\":\"http:\/\/www.malerrekakomankomunitatea.eus\/es\/\"},{\"@type\":\"ListItem\",\"position\":2,\"name\":\"Pol\u00edtica de privacidad\"}]},{\"@type\":\"WebSite\",\"@id\":\"http:\/\/www.malerrekakomankomunitatea.eus\/es\/#website\",\"url\":\"http:\/\/www.malerrekakomankomunitatea.eus\/es\/\",\"name\":\"Mancomunidad de Malerreka\",\"description\":\"P\u00e1gina principal de la Mancomunidad de Servicios Generales de Malerreka\",\"potentialAction\":[{\"@type\":\"SearchAction\",\"target\":{\"@type\":\"EntryPoint\",\"urlTemplate\":\"http:\/\/www.malerrekakomankomunitatea.eus\/es\/?s={search_term_string}\"},\"query-input\":\"required name=search_term_string\"}],\"inLanguage\":\"es\"}]}<\/script>\r\n<!-- \/ Yoast SEO plugin. -->","yoast_head_json":{"title":"Pol\u00edtica de privacidad - Mancomunidad de Malerreka","robots":{"index":"index","follow":"follow","max-snippet":"max-snippet:-1","max-image-preview":"max-image-preview:large","max-video-preview":"max-video-preview:-1"},"canonical":"http:\/\/www.malerrekakomankomunitatea.eus\/es\/politica-de-privacidad\/","og_locale":"es_ES","og_type":"article","og_title":"Pol\u00edtica de privacidad - Mancomunidad de Malerreka","og_description":"\u00a0Pol\u00edtica de Privacidad &#8211; Protecci\u00f3n de datos personales \u00a0 \u00a01. Introducci\u00f3n En cumplimiento de la normativa vigente sobre Protecci\u00f3n de Datos Personales, con especial referencia al Reglamento UE 2016\/679 del Parlamento Europeo y del Consejo de 27 de abril de 2016 relativo a la protecci\u00f3n de las personas f\u00edsicas en lo que respecta al tratamiento [&hellip;]","og_url":"http:\/\/www.malerrekakomankomunitatea.eus\/es\/politica-de-privacidad\/","og_site_name":"Mancomunidad de Malerreka","article_modified_time":"2023-01-27T12:10:22+00:00","twitter_card":"summary_large_image","twitter_misc":{"Tiempo de lectura":"7 minutos"},"schema":{"@context":"https:\/\/schema.org","@graph":[{"@type":"WebPage","@id":"http:\/\/www.malerrekakomankomunitatea.eus\/es\/politica-de-privacidad\/","url":"http:\/\/www.malerrekakomankomunitatea.eus\/es\/politica-de-privacidad\/","name":"Pol\u00edtica de privacidad - Mancomunidad de Malerreka","isPartOf":{"@id":"http:\/\/www.malerrekakomankomunitatea.eus\/es\/#website"},"datePublished":"2021-01-15T11:12:10+00:00","dateModified":"2023-01-27T12:10:22+00:00","breadcrumb":{"@id":"http:\/\/www.malerrekakomankomunitatea.eus\/es\/politica-de-privacidad\/#breadcrumb"},"inLanguage":"es","potentialAction":[{"@type":"ReadAction","target":["http:\/\/www.malerrekakomankomunitatea.eus\/es\/politica-de-privacidad\/"]}]},{"@type":"BreadcrumbList","@id":"http:\/\/www.malerrekakomankomunitatea.eus\/es\/politica-de-privacidad\/#breadcrumb","itemListElement":[{"@type":"ListItem","position":1,"name":"Home","item":"http:\/\/www.malerrekakomankomunitatea.eus\/es\/"},{"@type":"ListItem","position":2,"name":"Pol\u00edtica de privacidad"}]},{"@type":"WebSite","@id":"http:\/\/www.malerrekakomankomunitatea.eus\/es\/#website","url":"http:\/\/www.malerrekakomankomunitatea.eus\/es\/","name":"Mancomunidad de Malerreka","description":"P\u00e1gina principal de la Mancomunidad de Servicios Generales de Malerreka","potentialAction":[{"@type":"SearchAction","target":{"@type":"EntryPoint","urlTemplate":"http:\/\/www.malerrekakomankomunitatea.eus\/es\/?s={search_term_string}"},"query-input":"required name=search_term_string"}],"inLanguage":"es"}]}},"_links":{"self":[{"href":"http:\/\/www.malerrekakomankomunitatea.eus\/es\/wp-json\/wp\/v2\/pages\/817","targetHints":{"allow":["GET"]}}],"collection":[{"href":"http:\/\/www.malerrekakomankomunitatea.eus\/es\/wp-json\/wp\/v2\/pages"}],"about":[{"href":"http:\/\/www.malerrekakomankomunitatea.eus\/es\/wp-json\/wp\/v2\/types\/page"}],"author":[{"embeddable":true,"href":"http:\/\/www.malerrekakomankomunitatea.eus\/es\/wp-json\/wp\/v2\/users\/2"}],"replies":[{"embeddable":true,"href":"http:\/\/www.malerrekakomankomunitatea.eus\/es\/wp-json\/wp\/v2\/comments?post=817"}],"version-history":[{"count":6,"href":"http:\/\/www.malerrekakomankomunitatea.eus\/es\/wp-json\/wp\/v2\/pages\/817\/revisions"}],"predecessor-version":[{"id":1686,"href":"http:\/\/www.malerrekakomankomunitatea.eus\/es\/wp-json\/wp\/v2\/pages\/817\/revisions\/1686"}],"wp:attachment":[{"href":"http:\/\/www.malerrekakomankomunitatea.eus\/es\/wp-json\/wp\/v2\/media?parent=817"}],"curies":[{"name":"wp","href":"https:\/\/api.w.org\/{rel}","templated":true}]}}