{"id":91,"date":"2021-01-13T13:07:36","date_gmt":"2021-01-13T12:07:36","guid":{"rendered":"http:\/\/www.malerreka.es\/?page_id=91"},"modified":"2026-02-17T12:05:36","modified_gmt":"2026-02-17T11:05:36","slug":"tasas","status":"publish","type":"page","link":"http:\/\/www.malerrekakomankomunitatea.eus\/es\/servicios\/residuos-urbanos\/tasas\/","title":{"rendered":"Tasas"},"content":{"rendered":"<p>La tasa de basuras est\u00e1 compuesto por dos conceptos, la perteneciente a la recogida de la Mancomunidad y la de tratamiento del Consorcio de Residuos de Navarra<\/p>\n<h3>Tasas de recogida de residuos s\u00f3lidos urbanos de la Mancomunidad de Malerreka (2026):<\/h3>\n<p>1.a)\u00a0<strong>Viviendas y caser\u00edos a menos de 500 metros del contenedor:<\/strong><\/p>\n<ul>\n<li>93.02 euros.<\/li>\n<\/ul>\n<p>1.b) <strong>Viviendas y caser\u00edos a m\u00e1s de 500 metros del contenedor:<\/strong><\/p>\n<ul>\n<li>46.50 euros.<\/li>\n<\/ul>\n<p>2. <strong>Oficinas, despachos y servicios profesionales:\u00a0<\/strong><\/p>\n<ul>\n<li>158.12 euros.<\/li>\n<\/ul>\n<p>3. a)\u00a0<strong>Peque\u00f1os establecimientos comerciales:<\/strong><\/p>\n<ul>\n<li>166.02 euros.<\/li>\n<\/ul>\n<p>3. b) <strong>Peque\u00f1os establecimientos comerciales dedicados a la alimentaci\u00f3n:<\/strong><\/p>\n<ul>\n<li>237.18 euros.<\/li>\n<\/ul>\n<p>3. c) <strong>Supermercados peque\u00f1os o autoservicios:<\/strong><\/p>\n<ul>\n<li>355.76 euros.<\/li>\n<\/ul>\n<p>3. d) <strong>Grandes superficies comerciales:<\/strong><\/p>\n<ul>\n<li>474.36 euros.<\/li>\n<\/ul>\n<p>4.\u00a0<strong>Bares:<\/strong><\/p>\n<ul>\n<li>281.54 euros.<\/li>\n<\/ul>\n<p>5.\u00a0<strong>Discotecas:<\/strong><\/p>\n<ul>\n<li>309.68 euros.<\/li>\n<\/ul>\n<p>6.a)\u00a0<strong>Restaurantes con 10 o menos mesas:<\/strong><\/p>\n<ul>\n<li>309.68 euros.<\/li>\n<\/ul>\n<p>6.b) <strong>Restaurantes con entre 10 y 20 mesas:<\/strong><\/p>\n<ul>\n<li>337.84 euros.<\/li>\n<\/ul>\n<p>6.c) <strong>Restaurantes con m\u00e1s de 20 mesas:<\/strong><\/p>\n<ul>\n<li>380.06 euros.<\/li>\n<\/ul>\n<p>7.a)\u00a0<strong>Casas rurales con menos de 7 plazas de alojamiento:<\/strong><\/p>\n<ul>\n<li>112.62 euros.<\/li>\n<\/ul>\n<p>7.b)\u00a0<strong>Casas rurales con entre 7 y 12 plazas de alojamiento:\u00a0<\/strong><\/p>\n<ul>\n<li>154.84 euros.<\/li>\n<\/ul>\n<p>7.c)\u00a0<strong>Casas rurales con mas de 12 plazas de alojamiento:<\/strong><\/p>\n<ul>\n<li>197.08 euros.<\/li>\n<\/ul>\n<p>8.a)\u00a0<strong>Hostales con menos de 10 plazas de alojamiento:<\/strong><\/p>\n<ul>\n<li>112.62 euros.<\/li>\n<\/ul>\n<p>8.b)\u00a0<strong>Hostales con entre 10 y 20 plazas de alojamiento:<\/strong><\/p>\n<ul>\n<li>154.84 euros.<\/li>\n<\/ul>\n<p>8.c)\u00a0<strong>Hostales con m\u00e1s de 20 plazas de alojamiento:<\/strong><\/p>\n<ul>\n<li>197.08 euros.<\/li>\n<\/ul>\n<p>9.a) <strong>Industrias y talleres de hasta 9 operarios:<\/strong><\/p>\n<ul>\n<li>171.62 euros.<\/li>\n<\/ul>\n<p>9.b) <strong>Industrias y talleres de 10 a 30 operarios:<\/strong><\/p>\n<ul>\n<li>343.20 euros.<\/li>\n<\/ul>\n<p>9.c) <strong>Industrias y talleres de m\u00e1s de 30 operarios:<\/strong><\/p>\n<ul>\n<li>686.42 euros.<\/li>\n<\/ul>\n<p>10.a) <strong>Escuelas o colegios de hasta 20 alumnos:<\/strong><\/p>\n<ul>\n<li>63.82 euros.<\/li>\n<\/ul>\n<p>10.b) <strong>Escuelas o colegios de m\u00e1s de 20 alumnos:<\/strong><\/p>\n<ul>\n<li>127.64 euros.<\/li>\n<\/ul>\n<p>10.c) <strong>Escuelas o colegios con comedor escolar:<\/strong><\/p>\n<ul>\n<li>255.26 euros.<\/li>\n<\/ul>\n<p>11. <strong>Espacios naturales:<\/strong><\/p>\n<ul>\n<li>408.98 euros.<\/li>\n<\/ul>\n<p>12. <strong>Camping:<\/strong><\/p>\n<ul>\n<li>272.66 euros.<\/li>\n<\/ul>\n<p>13. <strong>Polideportivos:<\/strong><\/p>\n<ul>\n<li>79.06 euros.<\/li>\n<\/ul>\n<p>14. <strong>Consultorios:<\/strong><\/p>\n<ul>\n<li>79.06 euros.<\/li>\n<\/ul>\n<p>15. <strong>Centros de salud:<\/strong><\/p>\n<ul>\n<li>158.12 euros.<\/li>\n<\/ul>\n<p>16. <strong>Casas consistoriales y oficinas municipales:<\/strong><\/p>\n<ul>\n<li>158.12 euros.<\/li>\n<\/ul>\n<p>17. <strong>Granjas:<\/strong><\/p>\n<ul>\n<li>85.82 euros.<\/li>\n<\/ul>\n<p>18. <strong>Edificios de culto:<\/strong><\/p>\n<ul>\n<li>93.02 euros.<\/li>\n<\/ul>\n<p>19. <strong>Conventos:\u00a0<\/strong><\/p>\n<ul>\n<li>154.84 euros.<\/li>\n<\/ul>\n<p>20. <strong>Sociedades gastron\u00f3micas:<\/strong><\/p>\n<ul>\n<li>237.18 euros.<\/li>\n<\/ul>\n<p>21. <strong>Contenedores de uso exclusivo:<\/strong><\/p>\n<ul>\n<li>162.22 euros por contenedor.<\/li>\n<\/ul>\n<p><a href=\"https:\/\/bon.navarra.es\/es\/anuncio\/-\/texto\/2026\/34\/57\">https:\/\/bon.navarra.es\/es\/anuncio\/-\/texto\/2026\/34\/57<\/a><\/p>\n<p>&nbsp;<\/p>\n<p><strong>Tasa por la prestaci\u00f3n del Servicio de Transferencia, Clasificaci\u00f3n, Tratamiento, Valorizaci\u00f3n y, en su caso, Eliminaci\u00f3n de Residuos Urbanos del Consorcio para el Tratamiento de Residuos Urbanos de Navarra (2026):<\/strong><\/p>\n<p><a href=\"https:\/\/bon.navarra.es\/es\/anuncio\/-\/texto\/2026\/19\/64\">https:\/\/bon.navarra.es\/es\/anuncio\/-\/texto\/2026\/19\/64<\/a><\/p>\n<p>&nbsp;<\/p>\n","protected":false},"excerpt":{"rendered":"<p>La tasa de basuras est\u00e1 compuesto por dos conceptos, la perteneciente a la recogida de la Mancomunidad y la de tratamiento del Consorcio de Residuos de Navarra Tasas de recogida de residuos s\u00f3lidos urbanos de la Mancomunidad de Malerreka (2026): 1.a)\u00a0Viviendas y caser\u00edos a menos de 500 metros del contenedor: 93.02 euros. 1.b) Viviendas y [&hellip;]<\/p>\n","protected":false},"author":2,"featured_media":0,"parent":64,"menu_order":10,"comment_status":"closed","ping_status":"closed","template":"","meta":{"footnotes":""},"class_list":["post-91","page","type-page","status-publish","hentry"],"yoast_head":"<!-- This site is optimized with the Yoast SEO plugin v22.3 - https:\/\/yoast.com\/wordpress\/plugins\/seo\/ -->\r\n<title>Tasas - Mancomunidad de Malerreka<\/title>\r\n<meta name=\"robots\" content=\"index, follow, max-snippet:-1, max-image-preview:large, max-video-preview:-1\" \/>\r\n<link rel=\"canonical\" href=\"http:\/\/www.malerrekakomankomunitatea.eus\/es\/servicios\/residuos-urbanos\/tasas\/\" \/>\r\n<meta property=\"og:locale\" content=\"es_ES\" \/>\r\n<meta property=\"og:type\" content=\"article\" \/>\r\n<meta property=\"og:title\" content=\"Tasas - Mancomunidad de Malerreka\" \/>\r\n<meta property=\"og:description\" content=\"La tasa de basuras est\u00e1 compuesto por dos conceptos, la perteneciente a la recogida de la Mancomunidad y la de tratamiento del Consorcio de Residuos de Navarra Tasas de recogida de residuos s\u00f3lidos urbanos de la Mancomunidad de Malerreka (2026): 1.a)\u00a0Viviendas y caser\u00edos a menos de 500 metros del contenedor: 93.02 euros. 1.b) Viviendas y [&hellip;]\" \/>\r\n<meta property=\"og:url\" content=\"http:\/\/www.malerrekakomankomunitatea.eus\/es\/servicios\/residuos-urbanos\/tasas\/\" \/>\r\n<meta property=\"og:site_name\" content=\"Mancomunidad de Malerreka\" \/>\r\n<meta property=\"article:modified_time\" content=\"2026-02-17T11:05:36+00:00\" \/>\r\n<meta name=\"twitter:card\" content=\"summary_large_image\" \/>\r\n<meta name=\"twitter:label1\" content=\"Tiempo de lectura\" \/>\n\t<meta name=\"twitter:data1\" content=\"2 minutos\" \/>\r\n<script type=\"application\/ld+json\" class=\"yoast-schema-graph\">{\"@context\":\"https:\/\/schema.org\",\"@graph\":[{\"@type\":\"WebPage\",\"@id\":\"http:\/\/www.malerrekakomankomunitatea.eus\/es\/servicios\/residuos-urbanos\/tasas\/\",\"url\":\"http:\/\/www.malerrekakomankomunitatea.eus\/es\/servicios\/residuos-urbanos\/tasas\/\",\"name\":\"Tasas - Mancomunidad de Malerreka\",\"isPartOf\":{\"@id\":\"http:\/\/www.malerrekakomankomunitatea.eus\/es\/#website\"},\"datePublished\":\"2021-01-13T12:07:36+00:00\",\"dateModified\":\"2026-02-17T11:05:36+00:00\",\"breadcrumb\":{\"@id\":\"http:\/\/www.malerrekakomankomunitatea.eus\/es\/servicios\/residuos-urbanos\/tasas\/#breadcrumb\"},\"inLanguage\":\"es\",\"potentialAction\":[{\"@type\":\"ReadAction\",\"target\":[\"http:\/\/www.malerrekakomankomunitatea.eus\/es\/servicios\/residuos-urbanos\/tasas\/\"]}]},{\"@type\":\"BreadcrumbList\",\"@id\":\"http:\/\/www.malerrekakomankomunitatea.eus\/es\/servicios\/residuos-urbanos\/tasas\/#breadcrumb\",\"itemListElement\":[{\"@type\":\"ListItem\",\"position\":1,\"name\":\"Home\",\"item\":\"http:\/\/www.malerrekakomankomunitatea.eus\/es\/\"},{\"@type\":\"ListItem\",\"position\":2,\"name\":\"Servicios\",\"item\":\"http:\/\/www.malerrekakomankomunitatea.eus\/es\/servicios\/\"},{\"@type\":\"ListItem\",\"position\":3,\"name\":\"Residuos urbanos\",\"item\":\"http:\/\/www.malerrekakomankomunitatea.eus\/es\/servicios\/residuos-urbanos\/\"},{\"@type\":\"ListItem\",\"position\":4,\"name\":\"Tasas\"}]},{\"@type\":\"WebSite\",\"@id\":\"http:\/\/www.malerrekakomankomunitatea.eus\/es\/#website\",\"url\":\"http:\/\/www.malerrekakomankomunitatea.eus\/es\/\",\"name\":\"Mancomunidad de Malerreka\",\"description\":\"P\u00e1gina principal de la Mancomunidad de Servicios Generales de Malerreka\",\"potentialAction\":[{\"@type\":\"SearchAction\",\"target\":{\"@type\":\"EntryPoint\",\"urlTemplate\":\"http:\/\/www.malerrekakomankomunitatea.eus\/es\/?s={search_term_string}\"},\"query-input\":\"required name=search_term_string\"}],\"inLanguage\":\"es\"}]}<\/script>\r\n<!-- \/ Yoast SEO plugin. -->","yoast_head_json":{"title":"Tasas - Mancomunidad de Malerreka","robots":{"index":"index","follow":"follow","max-snippet":"max-snippet:-1","max-image-preview":"max-image-preview:large","max-video-preview":"max-video-preview:-1"},"canonical":"http:\/\/www.malerrekakomankomunitatea.eus\/es\/servicios\/residuos-urbanos\/tasas\/","og_locale":"es_ES","og_type":"article","og_title":"Tasas - Mancomunidad de Malerreka","og_description":"La tasa de basuras est\u00e1 compuesto por dos conceptos, la perteneciente a la recogida de la Mancomunidad y la de tratamiento del Consorcio de Residuos de Navarra Tasas de recogida de residuos s\u00f3lidos urbanos de la Mancomunidad de Malerreka (2026): 1.a)\u00a0Viviendas y caser\u00edos a menos de 500 metros del contenedor: 93.02 euros. 1.b) Viviendas y [&hellip;]","og_url":"http:\/\/www.malerrekakomankomunitatea.eus\/es\/servicios\/residuos-urbanos\/tasas\/","og_site_name":"Mancomunidad de Malerreka","article_modified_time":"2026-02-17T11:05:36+00:00","twitter_card":"summary_large_image","twitter_misc":{"Tiempo de lectura":"2 minutos"},"schema":{"@context":"https:\/\/schema.org","@graph":[{"@type":"WebPage","@id":"http:\/\/www.malerrekakomankomunitatea.eus\/es\/servicios\/residuos-urbanos\/tasas\/","url":"http:\/\/www.malerrekakomankomunitatea.eus\/es\/servicios\/residuos-urbanos\/tasas\/","name":"Tasas - Mancomunidad de Malerreka","isPartOf":{"@id":"http:\/\/www.malerrekakomankomunitatea.eus\/es\/#website"},"datePublished":"2021-01-13T12:07:36+00:00","dateModified":"2026-02-17T11:05:36+00:00","breadcrumb":{"@id":"http:\/\/www.malerrekakomankomunitatea.eus\/es\/servicios\/residuos-urbanos\/tasas\/#breadcrumb"},"inLanguage":"es","potentialAction":[{"@type":"ReadAction","target":["http:\/\/www.malerrekakomankomunitatea.eus\/es\/servicios\/residuos-urbanos\/tasas\/"]}]},{"@type":"BreadcrumbList","@id":"http:\/\/www.malerrekakomankomunitatea.eus\/es\/servicios\/residuos-urbanos\/tasas\/#breadcrumb","itemListElement":[{"@type":"ListItem","position":1,"name":"Home","item":"http:\/\/www.malerrekakomankomunitatea.eus\/es\/"},{"@type":"ListItem","position":2,"name":"Servicios","item":"http:\/\/www.malerrekakomankomunitatea.eus\/es\/servicios\/"},{"@type":"ListItem","position":3,"name":"Residuos urbanos","item":"http:\/\/www.malerrekakomankomunitatea.eus\/es\/servicios\/residuos-urbanos\/"},{"@type":"ListItem","position":4,"name":"Tasas"}]},{"@type":"WebSite","@id":"http:\/\/www.malerrekakomankomunitatea.eus\/es\/#website","url":"http:\/\/www.malerrekakomankomunitatea.eus\/es\/","name":"Mancomunidad de Malerreka","description":"P\u00e1gina principal de la Mancomunidad de Servicios Generales de Malerreka","potentialAction":[{"@type":"SearchAction","target":{"@type":"EntryPoint","urlTemplate":"http:\/\/www.malerrekakomankomunitatea.eus\/es\/?s={search_term_string}"},"query-input":"required name=search_term_string"}],"inLanguage":"es"}]}},"_links":{"self":[{"href":"http:\/\/www.malerrekakomankomunitatea.eus\/es\/wp-json\/wp\/v2\/pages\/91","targetHints":{"allow":["GET"]}}],"collection":[{"href":"http:\/\/www.malerrekakomankomunitatea.eus\/es\/wp-json\/wp\/v2\/pages"}],"about":[{"href":"http:\/\/www.malerrekakomankomunitatea.eus\/es\/wp-json\/wp\/v2\/types\/page"}],"author":[{"embeddable":true,"href":"http:\/\/www.malerrekakomankomunitatea.eus\/es\/wp-json\/wp\/v2\/users\/2"}],"replies":[{"embeddable":true,"href":"http:\/\/www.malerrekakomankomunitatea.eus\/es\/wp-json\/wp\/v2\/comments?post=91"}],"version-history":[{"count":11,"href":"http:\/\/www.malerrekakomankomunitatea.eus\/es\/wp-json\/wp\/v2\/pages\/91\/revisions"}],"predecessor-version":[{"id":1128,"href":"http:\/\/www.malerrekakomankomunitatea.eus\/es\/wp-json\/wp\/v2\/pages\/91\/revisions\/1128"}],"up":[{"embeddable":true,"href":"http:\/\/www.malerrekakomankomunitatea.eus\/es\/wp-json\/wp\/v2\/pages\/64"}],"wp:attachment":[{"href":"http:\/\/www.malerrekakomankomunitatea.eus\/es\/wp-json\/wp\/v2\/media?parent=91"}],"curies":[{"name":"wp","href":"https:\/\/api.w.org\/{rel}","templated":true}]}}