{"id":93,"date":"2021-01-13T13:07:48","date_gmt":"2021-01-13T12:07:48","guid":{"rendered":"http:\/\/www.malerreka.es\/?page_id=93"},"modified":"2021-01-15T09:34:59","modified_gmt":"2021-01-15T08:34:59","slug":"compostaje","status":"publish","type":"page","link":"http:\/\/www.malerrekakomankomunitatea.eus\/es\/servicios\/residuos-urbanos\/compostaje\/","title":{"rendered":"Compostaje"},"content":{"rendered":"<p>El compostaje es el s\u00edstema utilizado en la comarca de Malerreka para el reciclaje y tratamiento de la materia org\u00e1nica del residuo dom\u00e9stico.<\/p>\n<p>El 30-40% de los residuos que generamos son de materia org\u00e1nica que puede ser reciclada a trav\u00e9s del compostaje en su lugar de origen.<\/p>\n<p>Disponemos de dos opciones:<\/p>\n<ul>\n<li>Compostaje dom\u00e9stico:<\/li>\n<\/ul>\n<p>Se trata de realizar el compostaje en la propia vivienda, colocando el compostador en el terreno o jard\u00edn de la casa. Para ello la mancomunidad ayuda repartiendo el material necesario. Incluye los siguientes elementos:<\/p>\n<p>&#8211; El compostador<\/p>\n<p>&#8211; El volteador<\/p>\n<p>&#8211; El cubo para transportar los residuos org\u00e1nicos desde la cocina al compostador.<\/p>\n<p>&#8211; Un folleto informativo<\/p>\n<ul>\n<li>Compostaje comunitario:<\/li>\n<\/ul>\n<p>En algunos municipios de la comarca se han instalado compostadores comunitarios. Se ha hecho pensando en los vecinos que no disponen de un lugar donde colocar su compostador, compartan uno ubicado en el espacio p\u00fablico. En este caso la mancomunidad tambi\u00e9n reparte el material necesario:<\/p>\n<ul>\n<li>El cubo para transportar los residuos org\u00e1nicos desde la vivienda al compostador.<\/li>\n<li>Un folleto informativo<\/li>\n<\/ul>\n<p>Las zonas de compostaje comunitario las podemos encontrar en Doneztebe, Sunbilla, Ituren, Zubieta y Legasa. En el apartado RECOGIDAS \/ COMPOSTAJE COMUNITARIO pueden encontrar la ubicaci\u00f3n exacta.<\/p>\n<p>El material que reparte la Mancomunidad es gratuito, una s\u00f3la vez. En caso de rotura el usuario deber\u00e1 de costearse uno nuevo.\u00a0Para la supervisi\u00f3n del proceso, tambi\u00e9n se ofrece una visita t\u00e9cnica. En el caso del compostaje comunitario, la Mancomunidad realiza un seguimiento semanal del compostaje.<\/p>\n<p>Las personas interesadas pueden llamar al 948451746 para pedir informaci\u00f3n o apuntarse para reciclar la materia org\u00e1nica.<\/p>\n<p><u><strong>Antecedentes:<\/strong><\/u><\/p>\n<p>En el a\u00f1o 2011 la Mancomunidad puso en marcha un\u00a0<strong>proyecto piloto de compostaje dom\u00e9stico.<\/strong><\/p>\n<p>Es un proyecto com\u00fan con el Consorcio de Residuos Urbanos de Navarra. El objetivo principal de la actuaci\u00f3n consiste en disminuir el volumen de\u00a0<strong>Residuos S\u00f3lidos Urbanos (RSU)<\/strong>\u00a0generados.<\/p>\n<div class=\"field field-type-filefield field-field-img-atala\">\n<div class=\"field-items\">\n<div class=\"field-item odd\"><img loading=\"lazy\" decoding=\"async\" class=\"size-full wp-image-644 aligncenter\" src=\"http:\/\/www.malerreka.es\/wp-content\/uploads\/2021\/01\/irudia_konposta_0.jpg\" alt=\"\" width=\"650\" height=\"188\" srcset=\"http:\/\/www.malerrekakomankomunitatea.eus\/wp-content\/uploads\/2021\/01\/irudia_konposta_0.jpg 650w, http:\/\/www.malerrekakomankomunitatea.eus\/wp-content\/uploads\/2021\/01\/irudia_konposta_0-300x87.jpg 300w, http:\/\/www.malerrekakomankomunitatea.eus\/wp-content\/uploads\/2021\/01\/irudia_konposta_0-180x52.jpg 180w\" sizes=\"auto, (max-width: 650px) 100vw, 650px\" \/><\/div>\n<\/div>\n<\/div>\n","protected":false},"excerpt":{"rendered":"<p>El compostaje es el s\u00edstema utilizado en la comarca de Malerreka para el reciclaje y tratamiento de la materia org\u00e1nica del residuo dom\u00e9stico. El 30-40% de los residuos que generamos son de materia org\u00e1nica que puede ser reciclada a trav\u00e9s del compostaje en su lugar de origen. Disponemos de dos opciones: Compostaje dom\u00e9stico: Se trata [&hellip;]<\/p>\n","protected":false},"author":2,"featured_media":0,"parent":64,"menu_order":20,"comment_status":"closed","ping_status":"closed","template":"","meta":{"footnotes":""},"class_list":["post-93","page","type-page","status-publish","hentry"],"yoast_head":"<!-- This site is optimized with the Yoast SEO plugin v22.3 - https:\/\/yoast.com\/wordpress\/plugins\/seo\/ -->\r\n<title>Compostaje - Mancomunidad de Malerreka<\/title>\r\n<meta name=\"robots\" content=\"index, follow, max-snippet:-1, max-image-preview:large, max-video-preview:-1\" \/>\r\n<link rel=\"canonical\" href=\"http:\/\/www.malerrekakomankomunitatea.eus\/es\/servicios\/residuos-urbanos\/compostaje\/\" \/>\r\n<meta property=\"og:locale\" content=\"es_ES\" \/>\r\n<meta property=\"og:type\" content=\"article\" \/>\r\n<meta property=\"og:title\" content=\"Compostaje - Mancomunidad de Malerreka\" \/>\r\n<meta property=\"og:description\" content=\"El compostaje es el s\u00edstema utilizado en la comarca de Malerreka para el reciclaje y tratamiento de la materia org\u00e1nica del residuo dom\u00e9stico. El 30-40% de los residuos que generamos son de materia org\u00e1nica que puede ser reciclada a trav\u00e9s del compostaje en su lugar de origen. Disponemos de dos opciones: Compostaje dom\u00e9stico: Se trata [&hellip;]\" \/>\r\n<meta property=\"og:url\" content=\"http:\/\/www.malerrekakomankomunitatea.eus\/es\/servicios\/residuos-urbanos\/compostaje\/\" \/>\r\n<meta property=\"og:site_name\" content=\"Mancomunidad de Malerreka\" \/>\r\n<meta property=\"article:modified_time\" content=\"2021-01-15T08:34:59+00:00\" \/>\r\n<meta property=\"og:image\" content=\"http:\/\/www.malerreka.es\/wp-content\/uploads\/2021\/01\/irudia_konposta_0.jpg\" \/>\r\n<meta name=\"twitter:card\" content=\"summary_large_image\" \/>\r\n<meta name=\"twitter:label1\" content=\"Tiempo de lectura\" \/>\n\t<meta name=\"twitter:data1\" content=\"2 minutos\" \/>\r\n<script type=\"application\/ld+json\" class=\"yoast-schema-graph\">{\"@context\":\"https:\/\/schema.org\",\"@graph\":[{\"@type\":\"WebPage\",\"@id\":\"http:\/\/www.malerrekakomankomunitatea.eus\/es\/servicios\/residuos-urbanos\/compostaje\/\",\"url\":\"http:\/\/www.malerrekakomankomunitatea.eus\/es\/servicios\/residuos-urbanos\/compostaje\/\",\"name\":\"Compostaje - Mancomunidad de Malerreka\",\"isPartOf\":{\"@id\":\"http:\/\/www.malerrekakomankomunitatea.eus\/es\/#website\"},\"primaryImageOfPage\":{\"@id\":\"http:\/\/www.malerrekakomankomunitatea.eus\/es\/servicios\/residuos-urbanos\/compostaje\/#primaryimage\"},\"image\":{\"@id\":\"http:\/\/www.malerrekakomankomunitatea.eus\/es\/servicios\/residuos-urbanos\/compostaje\/#primaryimage\"},\"thumbnailUrl\":\"http:\/\/www.malerreka.es\/wp-content\/uploads\/2021\/01\/irudia_konposta_0.jpg\",\"datePublished\":\"2021-01-13T12:07:48+00:00\",\"dateModified\":\"2021-01-15T08:34:59+00:00\",\"breadcrumb\":{\"@id\":\"http:\/\/www.malerrekakomankomunitatea.eus\/es\/servicios\/residuos-urbanos\/compostaje\/#breadcrumb\"},\"inLanguage\":\"es\",\"potentialAction\":[{\"@type\":\"ReadAction\",\"target\":[\"http:\/\/www.malerrekakomankomunitatea.eus\/es\/servicios\/residuos-urbanos\/compostaje\/\"]}]},{\"@type\":\"ImageObject\",\"inLanguage\":\"es\",\"@id\":\"http:\/\/www.malerrekakomankomunitatea.eus\/es\/servicios\/residuos-urbanos\/compostaje\/#primaryimage\",\"url\":\"http:\/\/www.malerrekakomankomunitatea.eus\/wp-content\/uploads\/2021\/01\/irudia_konposta_0.jpg\",\"contentUrl\":\"http:\/\/www.malerrekakomankomunitatea.eus\/wp-content\/uploads\/2021\/01\/irudia_konposta_0.jpg\",\"width\":650,\"height\":188},{\"@type\":\"BreadcrumbList\",\"@id\":\"http:\/\/www.malerrekakomankomunitatea.eus\/es\/servicios\/residuos-urbanos\/compostaje\/#breadcrumb\",\"itemListElement\":[{\"@type\":\"ListItem\",\"position\":1,\"name\":\"Home\",\"item\":\"http:\/\/www.malerrekakomankomunitatea.eus\/es\/\"},{\"@type\":\"ListItem\",\"position\":2,\"name\":\"Servicios\",\"item\":\"http:\/\/www.malerrekakomankomunitatea.eus\/es\/servicios\/\"},{\"@type\":\"ListItem\",\"position\":3,\"name\":\"Residuos urbanos\",\"item\":\"http:\/\/www.malerrekakomankomunitatea.eus\/es\/servicios\/residuos-urbanos\/\"},{\"@type\":\"ListItem\",\"position\":4,\"name\":\"Compostaje\"}]},{\"@type\":\"WebSite\",\"@id\":\"http:\/\/www.malerrekakomankomunitatea.eus\/es\/#website\",\"url\":\"http:\/\/www.malerrekakomankomunitatea.eus\/es\/\",\"name\":\"Mancomunidad de Malerreka\",\"description\":\"P\u00e1gina principal de la Mancomunidad de Servicios Generales de Malerreka\",\"potentialAction\":[{\"@type\":\"SearchAction\",\"target\":{\"@type\":\"EntryPoint\",\"urlTemplate\":\"http:\/\/www.malerrekakomankomunitatea.eus\/es\/?s={search_term_string}\"},\"query-input\":\"required name=search_term_string\"}],\"inLanguage\":\"es\"}]}<\/script>\r\n<!-- \/ Yoast SEO plugin. -->","yoast_head_json":{"title":"Compostaje - Mancomunidad de Malerreka","robots":{"index":"index","follow":"follow","max-snippet":"max-snippet:-1","max-image-preview":"max-image-preview:large","max-video-preview":"max-video-preview:-1"},"canonical":"http:\/\/www.malerrekakomankomunitatea.eus\/es\/servicios\/residuos-urbanos\/compostaje\/","og_locale":"es_ES","og_type":"article","og_title":"Compostaje - Mancomunidad de Malerreka","og_description":"El compostaje es el s\u00edstema utilizado en la comarca de Malerreka para el reciclaje y tratamiento de la materia org\u00e1nica del residuo dom\u00e9stico. El 30-40% de los residuos que generamos son de materia org\u00e1nica que puede ser reciclada a trav\u00e9s del compostaje en su lugar de origen. Disponemos de dos opciones: Compostaje dom\u00e9stico: Se trata [&hellip;]","og_url":"http:\/\/www.malerrekakomankomunitatea.eus\/es\/servicios\/residuos-urbanos\/compostaje\/","og_site_name":"Mancomunidad de Malerreka","article_modified_time":"2021-01-15T08:34:59+00:00","og_image":[{"url":"http:\/\/www.malerreka.es\/wp-content\/uploads\/2021\/01\/irudia_konposta_0.jpg"}],"twitter_card":"summary_large_image","twitter_misc":{"Tiempo de lectura":"2 minutos"},"schema":{"@context":"https:\/\/schema.org","@graph":[{"@type":"WebPage","@id":"http:\/\/www.malerrekakomankomunitatea.eus\/es\/servicios\/residuos-urbanos\/compostaje\/","url":"http:\/\/www.malerrekakomankomunitatea.eus\/es\/servicios\/residuos-urbanos\/compostaje\/","name":"Compostaje - Mancomunidad de Malerreka","isPartOf":{"@id":"http:\/\/www.malerrekakomankomunitatea.eus\/es\/#website"},"primaryImageOfPage":{"@id":"http:\/\/www.malerrekakomankomunitatea.eus\/es\/servicios\/residuos-urbanos\/compostaje\/#primaryimage"},"image":{"@id":"http:\/\/www.malerrekakomankomunitatea.eus\/es\/servicios\/residuos-urbanos\/compostaje\/#primaryimage"},"thumbnailUrl":"http:\/\/www.malerreka.es\/wp-content\/uploads\/2021\/01\/irudia_konposta_0.jpg","datePublished":"2021-01-13T12:07:48+00:00","dateModified":"2021-01-15T08:34:59+00:00","breadcrumb":{"@id":"http:\/\/www.malerrekakomankomunitatea.eus\/es\/servicios\/residuos-urbanos\/compostaje\/#breadcrumb"},"inLanguage":"es","potentialAction":[{"@type":"ReadAction","target":["http:\/\/www.malerrekakomankomunitatea.eus\/es\/servicios\/residuos-urbanos\/compostaje\/"]}]},{"@type":"ImageObject","inLanguage":"es","@id":"http:\/\/www.malerrekakomankomunitatea.eus\/es\/servicios\/residuos-urbanos\/compostaje\/#primaryimage","url":"http:\/\/www.malerrekakomankomunitatea.eus\/wp-content\/uploads\/2021\/01\/irudia_konposta_0.jpg","contentUrl":"http:\/\/www.malerrekakomankomunitatea.eus\/wp-content\/uploads\/2021\/01\/irudia_konposta_0.jpg","width":650,"height":188},{"@type":"BreadcrumbList","@id":"http:\/\/www.malerrekakomankomunitatea.eus\/es\/servicios\/residuos-urbanos\/compostaje\/#breadcrumb","itemListElement":[{"@type":"ListItem","position":1,"name":"Home","item":"http:\/\/www.malerrekakomankomunitatea.eus\/es\/"},{"@type":"ListItem","position":2,"name":"Servicios","item":"http:\/\/www.malerrekakomankomunitatea.eus\/es\/servicios\/"},{"@type":"ListItem","position":3,"name":"Residuos urbanos","item":"http:\/\/www.malerrekakomankomunitatea.eus\/es\/servicios\/residuos-urbanos\/"},{"@type":"ListItem","position":4,"name":"Compostaje"}]},{"@type":"WebSite","@id":"http:\/\/www.malerrekakomankomunitatea.eus\/es\/#website","url":"http:\/\/www.malerrekakomankomunitatea.eus\/es\/","name":"Mancomunidad de Malerreka","description":"P\u00e1gina principal de la Mancomunidad de Servicios Generales de Malerreka","potentialAction":[{"@type":"SearchAction","target":{"@type":"EntryPoint","urlTemplate":"http:\/\/www.malerrekakomankomunitatea.eus\/es\/?s={search_term_string}"},"query-input":"required name=search_term_string"}],"inLanguage":"es"}]}},"_links":{"self":[{"href":"http:\/\/www.malerrekakomankomunitatea.eus\/es\/wp-json\/wp\/v2\/pages\/93","targetHints":{"allow":["GET"]}}],"collection":[{"href":"http:\/\/www.malerrekakomankomunitatea.eus\/es\/wp-json\/wp\/v2\/pages"}],"about":[{"href":"http:\/\/www.malerrekakomankomunitatea.eus\/es\/wp-json\/wp\/v2\/types\/page"}],"author":[{"embeddable":true,"href":"http:\/\/www.malerrekakomankomunitatea.eus\/es\/wp-json\/wp\/v2\/users\/2"}],"replies":[{"embeddable":true,"href":"http:\/\/www.malerrekakomankomunitatea.eus\/es\/wp-json\/wp\/v2\/comments?post=93"}],"version-history":[{"count":4,"href":"http:\/\/www.malerrekakomankomunitatea.eus\/es\/wp-json\/wp\/v2\/pages\/93\/revisions"}],"predecessor-version":[{"id":646,"href":"http:\/\/www.malerrekakomankomunitatea.eus\/es\/wp-json\/wp\/v2\/pages\/93\/revisions\/646"}],"up":[{"embeddable":true,"href":"http:\/\/www.malerrekakomankomunitatea.eus\/es\/wp-json\/wp\/v2\/pages\/64"}],"wp:attachment":[{"href":"http:\/\/www.malerrekakomankomunitatea.eus\/es\/wp-json\/wp\/v2\/media?parent=93"}],"curies":[{"name":"wp","href":"https:\/\/api.w.org\/{rel}","templated":true}]}}