{"id":95,"date":"2021-01-13T13:08:05","date_gmt":"2021-01-13T12:08:05","guid":{"rendered":"http:\/\/www.malerreka.es\/?page_id=95"},"modified":"2021-01-14T15:34:54","modified_gmt":"2021-01-14T14:34:54","slug":"el-compostaje-y-el-compost","status":"publish","type":"page","link":"http:\/\/www.malerrekakomankomunitatea.eus\/es\/servicios\/residuos-urbanos\/compostaje\/el-compostaje-y-el-compost\/","title":{"rendered":"El compostaje y el compost"},"content":{"rendered":"<p>El compostaje pretende imitar el proceso natural de formaci\u00f3n de humus, obteni\u00e9ndose un producto llamado compost.<br \/>\nEl compost es el producto de la descomposici\u00f3n aerobia (en presencia de ox\u00edgeno) de la materia org\u00e1nica hecha por microorganismos descomponedores (bacterias, hongos\u2026) y por peque\u00f1os organismos (como lombrices y escarabajos).<br \/>\nLos beneficios del compost son muchos y muy diversos: permite retener los nutrientes y los elementos fertilizantes, mejora la estructura f\u00edsica del suelo y reduce su erosi\u00f3n. Tambi\u00e9n regula los intercambios del aire, el agua y el calor, entre la tierra, el aire y las plantas. Adem\u00e1s, mejora y aumenta la disponibilidad de nutrientes para las plantas y regula el pH del suelo.<\/p>\n<p><img loading=\"lazy\" decoding=\"async\" class=\"size-full wp-image-651 aligncenter\" src=\"http:\/\/www.malerreka.es\/wp-content\/uploads\/2021\/01\/konposta_0.jpg\" alt=\"\" width=\"425\" height=\"319\" srcset=\"http:\/\/www.malerrekakomankomunitatea.eus\/wp-content\/uploads\/2021\/01\/konposta_0.jpg 425w, http:\/\/www.malerrekakomankomunitatea.eus\/wp-content\/uploads\/2021\/01\/konposta_0-300x225.jpg 300w, http:\/\/www.malerrekakomankomunitatea.eus\/wp-content\/uploads\/2021\/01\/konposta_0-180x135.jpg 180w\" sizes=\"auto, (max-width: 425px) 100vw, 425px\" \/><\/p>\n","protected":false},"excerpt":{"rendered":"<p>El compostaje pretende imitar el proceso natural de formaci\u00f3n de humus, obteni\u00e9ndose un producto llamado compost. El compost es el producto de la descomposici\u00f3n aerobia (en presencia de ox\u00edgeno) de la materia org\u00e1nica hecha por microorganismos descomponedores (bacterias, hongos\u2026) y por peque\u00f1os organismos (como lombrices y escarabajos). Los beneficios del compost son muchos y muy [&hellip;]<\/p>\n","protected":false},"author":2,"featured_media":0,"parent":93,"menu_order":0,"comment_status":"closed","ping_status":"closed","template":"","meta":{"footnotes":""},"class_list":["post-95","page","type-page","status-publish","hentry"],"yoast_head":"<!-- This site is optimized with the Yoast SEO plugin v22.3 - https:\/\/yoast.com\/wordpress\/plugins\/seo\/ -->\r\n<title>El compostaje y el compost - Mancomunidad de Malerreka<\/title>\r\n<meta name=\"robots\" content=\"index, follow, max-snippet:-1, max-image-preview:large, max-video-preview:-1\" \/>\r\n<link rel=\"canonical\" href=\"http:\/\/www.malerrekakomankomunitatea.eus\/es\/servicios\/residuos-urbanos\/compostaje\/el-compostaje-y-el-compost\/\" \/>\r\n<meta property=\"og:locale\" content=\"es_ES\" \/>\r\n<meta property=\"og:type\" content=\"article\" \/>\r\n<meta property=\"og:title\" content=\"El compostaje y el compost - Mancomunidad de Malerreka\" \/>\r\n<meta property=\"og:description\" content=\"El compostaje pretende imitar el proceso natural de formaci\u00f3n de humus, obteni\u00e9ndose un producto llamado compost. El compost es el producto de la descomposici\u00f3n aerobia (en presencia de ox\u00edgeno) de la materia org\u00e1nica hecha por microorganismos descomponedores (bacterias, hongos\u2026) y por peque\u00f1os organismos (como lombrices y escarabajos). Los beneficios del compost son muchos y muy [&hellip;]\" \/>\r\n<meta property=\"og:url\" content=\"http:\/\/www.malerrekakomankomunitatea.eus\/es\/servicios\/residuos-urbanos\/compostaje\/el-compostaje-y-el-compost\/\" \/>\r\n<meta property=\"og:site_name\" content=\"Mancomunidad de Malerreka\" \/>\r\n<meta property=\"article:modified_time\" content=\"2021-01-14T14:34:54+00:00\" \/>\r\n<meta property=\"og:image\" content=\"http:\/\/www.malerreka.es\/wp-content\/uploads\/2021\/01\/konposta_0.jpg\" \/>\r\n<meta name=\"twitter:card\" content=\"summary_large_image\" \/>\r\n<meta name=\"twitter:label1\" content=\"Tiempo de lectura\" \/>\n\t<meta name=\"twitter:data1\" content=\"1 minuto\" \/>\r\n<script type=\"application\/ld+json\" class=\"yoast-schema-graph\">{\"@context\":\"https:\/\/schema.org\",\"@graph\":[{\"@type\":\"WebPage\",\"@id\":\"http:\/\/www.malerrekakomankomunitatea.eus\/es\/servicios\/residuos-urbanos\/compostaje\/el-compostaje-y-el-compost\/\",\"url\":\"http:\/\/www.malerrekakomankomunitatea.eus\/es\/servicios\/residuos-urbanos\/compostaje\/el-compostaje-y-el-compost\/\",\"name\":\"El compostaje y el compost - Mancomunidad de Malerreka\",\"isPartOf\":{\"@id\":\"http:\/\/www.malerrekakomankomunitatea.eus\/es\/#website\"},\"primaryImageOfPage\":{\"@id\":\"http:\/\/www.malerrekakomankomunitatea.eus\/es\/servicios\/residuos-urbanos\/compostaje\/el-compostaje-y-el-compost\/#primaryimage\"},\"image\":{\"@id\":\"http:\/\/www.malerrekakomankomunitatea.eus\/es\/servicios\/residuos-urbanos\/compostaje\/el-compostaje-y-el-compost\/#primaryimage\"},\"thumbnailUrl\":\"http:\/\/www.malerreka.es\/wp-content\/uploads\/2021\/01\/konposta_0.jpg\",\"datePublished\":\"2021-01-13T12:08:05+00:00\",\"dateModified\":\"2021-01-14T14:34:54+00:00\",\"breadcrumb\":{\"@id\":\"http:\/\/www.malerrekakomankomunitatea.eus\/es\/servicios\/residuos-urbanos\/compostaje\/el-compostaje-y-el-compost\/#breadcrumb\"},\"inLanguage\":\"es\",\"potentialAction\":[{\"@type\":\"ReadAction\",\"target\":[\"http:\/\/www.malerrekakomankomunitatea.eus\/es\/servicios\/residuos-urbanos\/compostaje\/el-compostaje-y-el-compost\/\"]}]},{\"@type\":\"ImageObject\",\"inLanguage\":\"es\",\"@id\":\"http:\/\/www.malerrekakomankomunitatea.eus\/es\/servicios\/residuos-urbanos\/compostaje\/el-compostaje-y-el-compost\/#primaryimage\",\"url\":\"http:\/\/www.malerrekakomankomunitatea.eus\/wp-content\/uploads\/2021\/01\/konposta_0.jpg\",\"contentUrl\":\"http:\/\/www.malerrekakomankomunitatea.eus\/wp-content\/uploads\/2021\/01\/konposta_0.jpg\",\"width\":425,\"height\":319},{\"@type\":\"BreadcrumbList\",\"@id\":\"http:\/\/www.malerrekakomankomunitatea.eus\/es\/servicios\/residuos-urbanos\/compostaje\/el-compostaje-y-el-compost\/#breadcrumb\",\"itemListElement\":[{\"@type\":\"ListItem\",\"position\":1,\"name\":\"Home\",\"item\":\"http:\/\/www.malerrekakomankomunitatea.eus\/es\/\"},{\"@type\":\"ListItem\",\"position\":2,\"name\":\"Servicios\",\"item\":\"http:\/\/www.malerrekakomankomunitatea.eus\/es\/servicios\/\"},{\"@type\":\"ListItem\",\"position\":3,\"name\":\"Residuos urbanos\",\"item\":\"http:\/\/www.malerrekakomankomunitatea.eus\/es\/servicios\/residuos-urbanos\/\"},{\"@type\":\"ListItem\",\"position\":4,\"name\":\"Compostaje\",\"item\":\"http:\/\/www.malerrekakomankomunitatea.eus\/es\/servicios\/residuos-urbanos\/compostaje\/\"},{\"@type\":\"ListItem\",\"position\":5,\"name\":\"El compostaje y el compost\"}]},{\"@type\":\"WebSite\",\"@id\":\"http:\/\/www.malerrekakomankomunitatea.eus\/es\/#website\",\"url\":\"http:\/\/www.malerrekakomankomunitatea.eus\/es\/\",\"name\":\"Mancomunidad de Malerreka\",\"description\":\"P\u00e1gina principal de la Mancomunidad de Servicios Generales de Malerreka\",\"potentialAction\":[{\"@type\":\"SearchAction\",\"target\":{\"@type\":\"EntryPoint\",\"urlTemplate\":\"http:\/\/www.malerrekakomankomunitatea.eus\/es\/?s={search_term_string}\"},\"query-input\":\"required name=search_term_string\"}],\"inLanguage\":\"es\"}]}<\/script>\r\n<!-- \/ Yoast SEO plugin. -->","yoast_head_json":{"title":"El compostaje y el compost - Mancomunidad de Malerreka","robots":{"index":"index","follow":"follow","max-snippet":"max-snippet:-1","max-image-preview":"max-image-preview:large","max-video-preview":"max-video-preview:-1"},"canonical":"http:\/\/www.malerrekakomankomunitatea.eus\/es\/servicios\/residuos-urbanos\/compostaje\/el-compostaje-y-el-compost\/","og_locale":"es_ES","og_type":"article","og_title":"El compostaje y el compost - Mancomunidad de Malerreka","og_description":"El compostaje pretende imitar el proceso natural de formaci\u00f3n de humus, obteni\u00e9ndose un producto llamado compost. El compost es el producto de la descomposici\u00f3n aerobia (en presencia de ox\u00edgeno) de la materia org\u00e1nica hecha por microorganismos descomponedores (bacterias, hongos\u2026) y por peque\u00f1os organismos (como lombrices y escarabajos). Los beneficios del compost son muchos y muy [&hellip;]","og_url":"http:\/\/www.malerrekakomankomunitatea.eus\/es\/servicios\/residuos-urbanos\/compostaje\/el-compostaje-y-el-compost\/","og_site_name":"Mancomunidad de Malerreka","article_modified_time":"2021-01-14T14:34:54+00:00","og_image":[{"url":"http:\/\/www.malerreka.es\/wp-content\/uploads\/2021\/01\/konposta_0.jpg"}],"twitter_card":"summary_large_image","twitter_misc":{"Tiempo de lectura":"1 minuto"},"schema":{"@context":"https:\/\/schema.org","@graph":[{"@type":"WebPage","@id":"http:\/\/www.malerrekakomankomunitatea.eus\/es\/servicios\/residuos-urbanos\/compostaje\/el-compostaje-y-el-compost\/","url":"http:\/\/www.malerrekakomankomunitatea.eus\/es\/servicios\/residuos-urbanos\/compostaje\/el-compostaje-y-el-compost\/","name":"El compostaje y el compost - Mancomunidad de Malerreka","isPartOf":{"@id":"http:\/\/www.malerrekakomankomunitatea.eus\/es\/#website"},"primaryImageOfPage":{"@id":"http:\/\/www.malerrekakomankomunitatea.eus\/es\/servicios\/residuos-urbanos\/compostaje\/el-compostaje-y-el-compost\/#primaryimage"},"image":{"@id":"http:\/\/www.malerrekakomankomunitatea.eus\/es\/servicios\/residuos-urbanos\/compostaje\/el-compostaje-y-el-compost\/#primaryimage"},"thumbnailUrl":"http:\/\/www.malerreka.es\/wp-content\/uploads\/2021\/01\/konposta_0.jpg","datePublished":"2021-01-13T12:08:05+00:00","dateModified":"2021-01-14T14:34:54+00:00","breadcrumb":{"@id":"http:\/\/www.malerrekakomankomunitatea.eus\/es\/servicios\/residuos-urbanos\/compostaje\/el-compostaje-y-el-compost\/#breadcrumb"},"inLanguage":"es","potentialAction":[{"@type":"ReadAction","target":["http:\/\/www.malerrekakomankomunitatea.eus\/es\/servicios\/residuos-urbanos\/compostaje\/el-compostaje-y-el-compost\/"]}]},{"@type":"ImageObject","inLanguage":"es","@id":"http:\/\/www.malerrekakomankomunitatea.eus\/es\/servicios\/residuos-urbanos\/compostaje\/el-compostaje-y-el-compost\/#primaryimage","url":"http:\/\/www.malerrekakomankomunitatea.eus\/wp-content\/uploads\/2021\/01\/konposta_0.jpg","contentUrl":"http:\/\/www.malerrekakomankomunitatea.eus\/wp-content\/uploads\/2021\/01\/konposta_0.jpg","width":425,"height":319},{"@type":"BreadcrumbList","@id":"http:\/\/www.malerrekakomankomunitatea.eus\/es\/servicios\/residuos-urbanos\/compostaje\/el-compostaje-y-el-compost\/#breadcrumb","itemListElement":[{"@type":"ListItem","position":1,"name":"Home","item":"http:\/\/www.malerrekakomankomunitatea.eus\/es\/"},{"@type":"ListItem","position":2,"name":"Servicios","item":"http:\/\/www.malerrekakomankomunitatea.eus\/es\/servicios\/"},{"@type":"ListItem","position":3,"name":"Residuos urbanos","item":"http:\/\/www.malerrekakomankomunitatea.eus\/es\/servicios\/residuos-urbanos\/"},{"@type":"ListItem","position":4,"name":"Compostaje","item":"http:\/\/www.malerrekakomankomunitatea.eus\/es\/servicios\/residuos-urbanos\/compostaje\/"},{"@type":"ListItem","position":5,"name":"El compostaje y el compost"}]},{"@type":"WebSite","@id":"http:\/\/www.malerrekakomankomunitatea.eus\/es\/#website","url":"http:\/\/www.malerrekakomankomunitatea.eus\/es\/","name":"Mancomunidad de Malerreka","description":"P\u00e1gina principal de la Mancomunidad de Servicios Generales de Malerreka","potentialAction":[{"@type":"SearchAction","target":{"@type":"EntryPoint","urlTemplate":"http:\/\/www.malerrekakomankomunitatea.eus\/es\/?s={search_term_string}"},"query-input":"required name=search_term_string"}],"inLanguage":"es"}]}},"_links":{"self":[{"href":"http:\/\/www.malerrekakomankomunitatea.eus\/es\/wp-json\/wp\/v2\/pages\/95","targetHints":{"allow":["GET"]}}],"collection":[{"href":"http:\/\/www.malerrekakomankomunitatea.eus\/es\/wp-json\/wp\/v2\/pages"}],"about":[{"href":"http:\/\/www.malerrekakomankomunitatea.eus\/es\/wp-json\/wp\/v2\/types\/page"}],"author":[{"embeddable":true,"href":"http:\/\/www.malerrekakomankomunitatea.eus\/es\/wp-json\/wp\/v2\/users\/2"}],"replies":[{"embeddable":true,"href":"http:\/\/www.malerrekakomankomunitatea.eus\/es\/wp-json\/wp\/v2\/comments?post=95"}],"version-history":[{"count":2,"href":"http:\/\/www.malerrekakomankomunitatea.eus\/es\/wp-json\/wp\/v2\/pages\/95\/revisions"}],"predecessor-version":[{"id":653,"href":"http:\/\/www.malerrekakomankomunitatea.eus\/es\/wp-json\/wp\/v2\/pages\/95\/revisions\/653"}],"up":[{"embeddable":true,"href":"http:\/\/www.malerrekakomankomunitatea.eus\/es\/wp-json\/wp\/v2\/pages\/93"}],"wp:attachment":[{"href":"http:\/\/www.malerrekakomankomunitatea.eus\/es\/wp-json\/wp\/v2\/media?parent=95"}],"curies":[{"name":"wp","href":"https:\/\/api.w.org\/{rel}","templated":true}]}}