{"id":97,"date":"2021-01-13T13:08:21","date_gmt":"2021-01-13T12:08:21","guid":{"rendered":"http:\/\/www.malerreka.es\/?page_id=97"},"modified":"2021-01-14T15:37:02","modified_gmt":"2021-01-14T14:37:02","slug":"beneficios-del-compostaje","status":"publish","type":"page","link":"http:\/\/www.malerrekakomankomunitatea.eus\/es\/servicios\/residuos-urbanos\/compostaje\/beneficios-del-compostaje\/","title":{"rendered":"Beneficios del compostaje"},"content":{"rendered":"<p>Gran parte de los residuos que generamos en nuestra casa es materia org\u00e1nica, que puede ser aprovechada, previo tratamiento, como enmienda org\u00e1nica en huertas y jardines.<br \/>\nRealizar compostaje dom\u00e9stico tiene muchos beneficios para todos:<\/p>\n<ul>\n<li>Reduce la cantidad de materia org\u00e1nica que va a los vertederos.<\/li>\n<li>Reduce el uso de fertilizantes inorg\u00e1nicos, a los que sustituye.<\/li>\n<li>Ahorra agua de riego debido a la capacidad de retenci\u00f3n del agua del compost.<\/li>\n<li>Aporta los nutrientes necesarios para el desarrollo de las plantas de forma natural.<\/li>\n<li>Reduce los costes de transporte de los residuos con los consiguientes beneficios para los ciudadanos.<\/li>\n<\/ul>\n<ul>\n<li><strong>7% Varios;<\/strong>\u00a0pilas, textil, voluminosos&#8230;<\/li>\n<li><strong>8% Vidrio;<\/strong>\u00a0botellas, frascos&#8230;<\/li>\n<li><strong>15% Envases;<\/strong>\u00a0envases, botellas y bolsas de pl\u00e1stico&#8230;<\/li>\n<li><strong>20% Papel;<\/strong> peri\u00f3dicos, revistas, envases y cajas de cart\u00f3n&#8230;<\/li>\n<li><strong>50% Materia<\/strong>\u00a0<strong>org\u00e1nica<\/strong>: Restos de alimentos, animales y plantas.<\/li>\n<\/ul>\n<p>&nbsp;<\/p>\n<p><img loading=\"lazy\" decoding=\"async\" class=\"size-full wp-image-656 aligncenter\" src=\"http:\/\/www.malerreka.es\/wp-content\/uploads\/2021\/01\/konpostatzearen_onurak.jpg\" alt=\"\" width=\"198\" height=\"128\" srcset=\"http:\/\/www.malerrekakomankomunitatea.eus\/wp-content\/uploads\/2021\/01\/konpostatzearen_onurak.jpg 198w, http:\/\/www.malerrekakomankomunitatea.eus\/wp-content\/uploads\/2021\/01\/konpostatzearen_onurak-180x116.jpg 180w\" sizes=\"auto, (max-width: 198px) 100vw, 198px\" \/><\/p>\n","protected":false},"excerpt":{"rendered":"<p>Gran parte de los residuos que generamos en nuestra casa es materia org\u00e1nica, que puede ser aprovechada, previo tratamiento, como enmienda org\u00e1nica en huertas y jardines. Realizar compostaje dom\u00e9stico tiene muchos beneficios para todos: Reduce la cantidad de materia org\u00e1nica que va a los vertederos. Reduce el uso de fertilizantes inorg\u00e1nicos, a los que sustituye. [&hellip;]<\/p>\n","protected":false},"author":2,"featured_media":0,"parent":93,"menu_order":10,"comment_status":"closed","ping_status":"closed","template":"","meta":{"footnotes":""},"class_list":["post-97","page","type-page","status-publish","hentry"],"yoast_head":"<!-- This site is optimized with the Yoast SEO plugin v22.3 - https:\/\/yoast.com\/wordpress\/plugins\/seo\/ -->\r\n<title>Beneficios del compostaje - Mancomunidad de Malerreka<\/title>\r\n<meta name=\"robots\" content=\"index, follow, max-snippet:-1, max-image-preview:large, max-video-preview:-1\" \/>\r\n<link rel=\"canonical\" href=\"http:\/\/www.malerrekakomankomunitatea.eus\/es\/servicios\/residuos-urbanos\/compostaje\/beneficios-del-compostaje\/\" \/>\r\n<meta property=\"og:locale\" content=\"es_ES\" \/>\r\n<meta property=\"og:type\" content=\"article\" \/>\r\n<meta property=\"og:title\" content=\"Beneficios del compostaje - Mancomunidad de Malerreka\" \/>\r\n<meta property=\"og:description\" content=\"Gran parte de los residuos que generamos en nuestra casa es materia org\u00e1nica, que puede ser aprovechada, previo tratamiento, como enmienda org\u00e1nica en huertas y jardines. Realizar compostaje dom\u00e9stico tiene muchos beneficios para todos: Reduce la cantidad de materia org\u00e1nica que va a los vertederos. Reduce el uso de fertilizantes inorg\u00e1nicos, a los que sustituye. [&hellip;]\" \/>\r\n<meta property=\"og:url\" content=\"http:\/\/www.malerrekakomankomunitatea.eus\/es\/servicios\/residuos-urbanos\/compostaje\/beneficios-del-compostaje\/\" \/>\r\n<meta property=\"og:site_name\" content=\"Mancomunidad de Malerreka\" \/>\r\n<meta property=\"article:modified_time\" content=\"2021-01-14T14:37:02+00:00\" \/>\r\n<meta property=\"og:image\" content=\"http:\/\/www.malerreka.es\/wp-content\/uploads\/2021\/01\/konpostatzearen_onurak.jpg\" \/>\r\n<meta name=\"twitter:card\" content=\"summary_large_image\" \/>\r\n<meta name=\"twitter:label1\" content=\"Tiempo de lectura\" \/>\n\t<meta name=\"twitter:data1\" content=\"1 minuto\" \/>\r\n<script type=\"application\/ld+json\" class=\"yoast-schema-graph\">{\"@context\":\"https:\/\/schema.org\",\"@graph\":[{\"@type\":\"WebPage\",\"@id\":\"http:\/\/www.malerrekakomankomunitatea.eus\/es\/servicios\/residuos-urbanos\/compostaje\/beneficios-del-compostaje\/\",\"url\":\"http:\/\/www.malerrekakomankomunitatea.eus\/es\/servicios\/residuos-urbanos\/compostaje\/beneficios-del-compostaje\/\",\"name\":\"Beneficios del compostaje - Mancomunidad de Malerreka\",\"isPartOf\":{\"@id\":\"http:\/\/www.malerrekakomankomunitatea.eus\/es\/#website\"},\"primaryImageOfPage\":{\"@id\":\"http:\/\/www.malerrekakomankomunitatea.eus\/es\/servicios\/residuos-urbanos\/compostaje\/beneficios-del-compostaje\/#primaryimage\"},\"image\":{\"@id\":\"http:\/\/www.malerrekakomankomunitatea.eus\/es\/servicios\/residuos-urbanos\/compostaje\/beneficios-del-compostaje\/#primaryimage\"},\"thumbnailUrl\":\"http:\/\/www.malerreka.es\/wp-content\/uploads\/2021\/01\/konpostatzearen_onurak.jpg\",\"datePublished\":\"2021-01-13T12:08:21+00:00\",\"dateModified\":\"2021-01-14T14:37:02+00:00\",\"breadcrumb\":{\"@id\":\"http:\/\/www.malerrekakomankomunitatea.eus\/es\/servicios\/residuos-urbanos\/compostaje\/beneficios-del-compostaje\/#breadcrumb\"},\"inLanguage\":\"es\",\"potentialAction\":[{\"@type\":\"ReadAction\",\"target\":[\"http:\/\/www.malerrekakomankomunitatea.eus\/es\/servicios\/residuos-urbanos\/compostaje\/beneficios-del-compostaje\/\"]}]},{\"@type\":\"ImageObject\",\"inLanguage\":\"es\",\"@id\":\"http:\/\/www.malerrekakomankomunitatea.eus\/es\/servicios\/residuos-urbanos\/compostaje\/beneficios-del-compostaje\/#primaryimage\",\"url\":\"http:\/\/www.malerrekakomankomunitatea.eus\/wp-content\/uploads\/2021\/01\/konpostatzearen_onurak.jpg\",\"contentUrl\":\"http:\/\/www.malerrekakomankomunitatea.eus\/wp-content\/uploads\/2021\/01\/konpostatzearen_onurak.jpg\",\"width\":198,\"height\":128},{\"@type\":\"BreadcrumbList\",\"@id\":\"http:\/\/www.malerrekakomankomunitatea.eus\/es\/servicios\/residuos-urbanos\/compostaje\/beneficios-del-compostaje\/#breadcrumb\",\"itemListElement\":[{\"@type\":\"ListItem\",\"position\":1,\"name\":\"Home\",\"item\":\"http:\/\/www.malerrekakomankomunitatea.eus\/es\/\"},{\"@type\":\"ListItem\",\"position\":2,\"name\":\"Servicios\",\"item\":\"http:\/\/www.malerrekakomankomunitatea.eus\/es\/servicios\/\"},{\"@type\":\"ListItem\",\"position\":3,\"name\":\"Residuos urbanos\",\"item\":\"http:\/\/www.malerrekakomankomunitatea.eus\/es\/servicios\/residuos-urbanos\/\"},{\"@type\":\"ListItem\",\"position\":4,\"name\":\"Compostaje\",\"item\":\"http:\/\/www.malerrekakomankomunitatea.eus\/es\/servicios\/residuos-urbanos\/compostaje\/\"},{\"@type\":\"ListItem\",\"position\":5,\"name\":\"Beneficios del compostaje\"}]},{\"@type\":\"WebSite\",\"@id\":\"http:\/\/www.malerrekakomankomunitatea.eus\/es\/#website\",\"url\":\"http:\/\/www.malerrekakomankomunitatea.eus\/es\/\",\"name\":\"Mancomunidad de Malerreka\",\"description\":\"P\u00e1gina principal de la Mancomunidad de Servicios Generales de Malerreka\",\"potentialAction\":[{\"@type\":\"SearchAction\",\"target\":{\"@type\":\"EntryPoint\",\"urlTemplate\":\"http:\/\/www.malerrekakomankomunitatea.eus\/es\/?s={search_term_string}\"},\"query-input\":\"required name=search_term_string\"}],\"inLanguage\":\"es\"}]}<\/script>\r\n<!-- \/ Yoast SEO plugin. -->","yoast_head_json":{"title":"Beneficios del compostaje - Mancomunidad de Malerreka","robots":{"index":"index","follow":"follow","max-snippet":"max-snippet:-1","max-image-preview":"max-image-preview:large","max-video-preview":"max-video-preview:-1"},"canonical":"http:\/\/www.malerrekakomankomunitatea.eus\/es\/servicios\/residuos-urbanos\/compostaje\/beneficios-del-compostaje\/","og_locale":"es_ES","og_type":"article","og_title":"Beneficios del compostaje - Mancomunidad de Malerreka","og_description":"Gran parte de los residuos que generamos en nuestra casa es materia org\u00e1nica, que puede ser aprovechada, previo tratamiento, como enmienda org\u00e1nica en huertas y jardines. Realizar compostaje dom\u00e9stico tiene muchos beneficios para todos: Reduce la cantidad de materia org\u00e1nica que va a los vertederos. Reduce el uso de fertilizantes inorg\u00e1nicos, a los que sustituye. [&hellip;]","og_url":"http:\/\/www.malerrekakomankomunitatea.eus\/es\/servicios\/residuos-urbanos\/compostaje\/beneficios-del-compostaje\/","og_site_name":"Mancomunidad de Malerreka","article_modified_time":"2021-01-14T14:37:02+00:00","og_image":[{"url":"http:\/\/www.malerreka.es\/wp-content\/uploads\/2021\/01\/konpostatzearen_onurak.jpg"}],"twitter_card":"summary_large_image","twitter_misc":{"Tiempo de lectura":"1 minuto"},"schema":{"@context":"https:\/\/schema.org","@graph":[{"@type":"WebPage","@id":"http:\/\/www.malerrekakomankomunitatea.eus\/es\/servicios\/residuos-urbanos\/compostaje\/beneficios-del-compostaje\/","url":"http:\/\/www.malerrekakomankomunitatea.eus\/es\/servicios\/residuos-urbanos\/compostaje\/beneficios-del-compostaje\/","name":"Beneficios del compostaje - Mancomunidad de Malerreka","isPartOf":{"@id":"http:\/\/www.malerrekakomankomunitatea.eus\/es\/#website"},"primaryImageOfPage":{"@id":"http:\/\/www.malerrekakomankomunitatea.eus\/es\/servicios\/residuos-urbanos\/compostaje\/beneficios-del-compostaje\/#primaryimage"},"image":{"@id":"http:\/\/www.malerrekakomankomunitatea.eus\/es\/servicios\/residuos-urbanos\/compostaje\/beneficios-del-compostaje\/#primaryimage"},"thumbnailUrl":"http:\/\/www.malerreka.es\/wp-content\/uploads\/2021\/01\/konpostatzearen_onurak.jpg","datePublished":"2021-01-13T12:08:21+00:00","dateModified":"2021-01-14T14:37:02+00:00","breadcrumb":{"@id":"http:\/\/www.malerrekakomankomunitatea.eus\/es\/servicios\/residuos-urbanos\/compostaje\/beneficios-del-compostaje\/#breadcrumb"},"inLanguage":"es","potentialAction":[{"@type":"ReadAction","target":["http:\/\/www.malerrekakomankomunitatea.eus\/es\/servicios\/residuos-urbanos\/compostaje\/beneficios-del-compostaje\/"]}]},{"@type":"ImageObject","inLanguage":"es","@id":"http:\/\/www.malerrekakomankomunitatea.eus\/es\/servicios\/residuos-urbanos\/compostaje\/beneficios-del-compostaje\/#primaryimage","url":"http:\/\/www.malerrekakomankomunitatea.eus\/wp-content\/uploads\/2021\/01\/konpostatzearen_onurak.jpg","contentUrl":"http:\/\/www.malerrekakomankomunitatea.eus\/wp-content\/uploads\/2021\/01\/konpostatzearen_onurak.jpg","width":198,"height":128},{"@type":"BreadcrumbList","@id":"http:\/\/www.malerrekakomankomunitatea.eus\/es\/servicios\/residuos-urbanos\/compostaje\/beneficios-del-compostaje\/#breadcrumb","itemListElement":[{"@type":"ListItem","position":1,"name":"Home","item":"http:\/\/www.malerrekakomankomunitatea.eus\/es\/"},{"@type":"ListItem","position":2,"name":"Servicios","item":"http:\/\/www.malerrekakomankomunitatea.eus\/es\/servicios\/"},{"@type":"ListItem","position":3,"name":"Residuos urbanos","item":"http:\/\/www.malerrekakomankomunitatea.eus\/es\/servicios\/residuos-urbanos\/"},{"@type":"ListItem","position":4,"name":"Compostaje","item":"http:\/\/www.malerrekakomankomunitatea.eus\/es\/servicios\/residuos-urbanos\/compostaje\/"},{"@type":"ListItem","position":5,"name":"Beneficios del compostaje"}]},{"@type":"WebSite","@id":"http:\/\/www.malerrekakomankomunitatea.eus\/es\/#website","url":"http:\/\/www.malerrekakomankomunitatea.eus\/es\/","name":"Mancomunidad de Malerreka","description":"P\u00e1gina principal de la Mancomunidad de Servicios Generales de Malerreka","potentialAction":[{"@type":"SearchAction","target":{"@type":"EntryPoint","urlTemplate":"http:\/\/www.malerrekakomankomunitatea.eus\/es\/?s={search_term_string}"},"query-input":"required name=search_term_string"}],"inLanguage":"es"}]}},"_links":{"self":[{"href":"http:\/\/www.malerrekakomankomunitatea.eus\/es\/wp-json\/wp\/v2\/pages\/97","targetHints":{"allow":["GET"]}}],"collection":[{"href":"http:\/\/www.malerrekakomankomunitatea.eus\/es\/wp-json\/wp\/v2\/pages"}],"about":[{"href":"http:\/\/www.malerrekakomankomunitatea.eus\/es\/wp-json\/wp\/v2\/types\/page"}],"author":[{"embeddable":true,"href":"http:\/\/www.malerrekakomankomunitatea.eus\/es\/wp-json\/wp\/v2\/users\/2"}],"replies":[{"embeddable":true,"href":"http:\/\/www.malerrekakomankomunitatea.eus\/es\/wp-json\/wp\/v2\/comments?post=97"}],"version-history":[{"count":3,"href":"http:\/\/www.malerrekakomankomunitatea.eus\/es\/wp-json\/wp\/v2\/pages\/97\/revisions"}],"predecessor-version":[{"id":658,"href":"http:\/\/www.malerrekakomankomunitatea.eus\/es\/wp-json\/wp\/v2\/pages\/97\/revisions\/658"}],"up":[{"embeddable":true,"href":"http:\/\/www.malerrekakomankomunitatea.eus\/es\/wp-json\/wp\/v2\/pages\/93"}],"wp:attachment":[{"href":"http:\/\/www.malerrekakomankomunitatea.eus\/es\/wp-json\/wp\/v2\/media?parent=97"}],"curies":[{"name":"wp","href":"https:\/\/api.w.org\/{rel}","templated":true}]}}